{"id":9685,"date":"2024-07-26T13:41:02","date_gmt":"2024-07-26T17:41:02","guid":{"rendered":"https:\/\/fiamtl.com\/?page_id=9685"},"modified":"2025-10-01T14:15:40","modified_gmt":"2025-10-01T18:15:40","slug":"ambassadeurs","status":"publish","type":"page","link":"https:\/\/fiamtl.com\/fr\/ambassadeurs\/","title":{"rendered":"Ambassadeurs"},"content":{"rendered":"<section class=\"wpb-content-wrapper\"><p>[vc_row full_width=\u00a0\u00bbstretch_row\u00a0\u00bb overlay_dotted=\u00a0\u00bb\u00a0\u00bb css=\u00a0\u00bb.vc_custom_1722015435269{margin-bottom: 25px !important;padding-top: 50px !important;padding-bottom: 50px !important;}\u00a0\u00bb el_class=\u00a0\u00bbgradient-bg txt-secondary banner-text\u00a0\u00bb][vc_column][vc_custom_heading text=\u00a0\u00bbClub des Ambassadeurs de FIAM\u00a0\u00bb use_theme_fonts=\u00a0\u00bbyes\u00a0\u00bb][\/vc_column][\/vc_row][vc_row][vc_column][vc_column_text]La richesse et la croissance de l&rsquo;\u00e9cosyst\u00e8me de FIAM reposent sur la pertinence de sa mission et sur la qualit\u00e9 ainsi que la valeur ajout\u00e9e de ses initiatives et \u00e9v\u00e9nements. Dans cette optique, FIAM invite des personnalit\u00e9s partageant sa vision et ses valeurs \u00e0 contribuer, selon leur int\u00e9r\u00eat et leur disponibilit\u00e9, \u00e0 la r\u00e9alisation de cette vision.<\/p>\n<p>Ces personnes ont des profils, int\u00e9r\u00eats et expertises compl\u00e9mentaires. Ils sont actifs dans divers milieux, institutionnels, acad\u00e9miques ou industriels, tant au Qu\u00e9bec qu&rsquo;\u00e0 l&rsquo;international. Ils consid\u00e8rent leur appartenance \u00e0 l&rsquo;\u00e9cosyst\u00e8me de FIAM comme une occasion pr\u00e9cieuse de redonner et de contribuer \u00e0 leurs objectifs personnels et\/ou professionnels. Certains parmi ce groupe pourraient faire partie de la gouvernance \u00e9ventuelle de FIAM.[\/vc_column_text][vc_row_inner][vc_column_inner width=\u00a0\u00bb1\/3&Prime;][vc_separator color=\u00a0\u00bbcustom\u00a0\u00bb accent_color=\u00a0\u00bbrgba(0,84,198,0.5)\u00a0\u00bb][\/vc_column_inner][vc_column_inner width=\u00a0\u00bb2\/3&Prime;][\/vc_column_inner][\/vc_row_inner][vc_column_text]C&rsquo;est ainsi que FIAM a le plaisir d&rsquo;annoncer la nomination de Fran\u00e7ois Melan\u00e7on en tant que premier membre du <strong>Club des Ambassadeurs de FIAM<\/strong>.<\/p>\n<p><a href=\"https:\/\/www.linkedin.com\/in\/claude-perron-a845578\/\" target=\"_blank\" rel=\"noopener\">Claude Perron<\/a>, pr\u00e9sident fondateur de FIAM, est ravi d&rsquo;annoncer l&rsquo;arriv\u00e9e de <a href=\"https:\/\/www.linkedin.com\/in\/fran%C3%A7ois-melan%C3%A7on-cfa-frm-caia-fcsi-659a0921\/\" target=\"_blank\" rel=\"noopener\">Fran\u00e7ois Melan\u00e7on, CFA, FRM, CAIA, FCSI<\/a> en tant qu&rsquo;Ambassadeur de FIAM. \u00c0 ce titre, Fran\u00e7ois occupera un r\u00f4le de conseil et de coordination, notamment en ce qui concerne la participation de l&rsquo;industrie dans la mise en \u0153uvre des initiatives et \u00e9v\u00e9nements de FIAM.[\/vc_column_text][\/vc_column][\/vc_row][vc_row equal_height=\u00a0\u00bbyes\u00a0\u00bb content_placement=\u00a0\u00bbtop\u00a0\u00bb overlay_dotted=\u00a0\u00bb\u00a0\u00bb css=\u00a0\u00bb.vc_custom_1752591583450{padding-top: 25px !important;}\u00a0\u00bb el_class=\u00a0\u00bbpfp ambassador-block\u00a0\u00bb][vc_column width=\u00a0\u00bb1\/3&Prime; css=\u00a0\u00bb.vc_custom_1752591681589{padding-bottom: 35px !important;}\u00a0\u00bb][vc_single_image image=\u00a0\u00bb9680&Prime; img_size=\u00a0\u00bbfull\u00a0\u00bb css=\u00a0\u00bb.vc_custom_1752593058552{margin-bottom: 20px !important;}\u00a0\u00bb el_id=\u00a0\u00bbambassadeur-francois-melancon\u00a0\u00bb][vc_custom_heading text=\u00a0\u00bbFran\u00e7ois Melan\u00e7on\u00a0\u00bb font_container=\u00a0\u00bbtag:h5|text_align:left|color:%23505050&Prime; use_theme_fonts=\u00a0\u00bbyes\u00a0\u00bb css=\u00a0\u00bb.vc_custom_1722004505477{margin-bottom: 0px !important;}\u00a0\u00bb][vc_custom_heading text=\u00a0\u00bbCFA, FRM, CAIA, FCSI\u00a0\u00bb font_container=\u00a0\u00bbtag:p|text_align:left|color:%23505050&Prime; use_theme_fonts=\u00a0\u00bbyes\u00a0\u00bb el_class=\u00a0\u00bbcaption\u00a0\u00bb css=\u00a0\u00bb.vc_custom_1722024176489{margin-bottom: 0px !important;}\u00a0\u00bb][vc_custom_heading text=\u00a0\u00bbAmbassadeur de FIAM\u00a0\u00bb font_container=\u00a0\u00bbtag:p|text_align:left|color:%23505050&Prime; use_theme_fonts=\u00a0\u00bbyes\u00a0\u00bb el_class=\u00a0\u00bbcaption\u00a0\u00bb][\/vc_column][vc_column width=\u00a0\u00bb1\/3&Prime; css=\u00a0\u00bb.vc_custom_1752591674422{padding-bottom: 35px !important;}\u00a0\u00bb][vc_single_image image=\u00a0\u00bb9728&Prime; img_size=\u00a0\u00bbfull\u00a0\u00bb css=\u00a0\u00bb.vc_custom_1752593053548{margin-bottom: 20px !important;}\u00a0\u00bb el_id=\u00a0\u00bbambassadeur-pierre-philippe-ste-marie\u00a0\u00bb][vc_custom_heading text=\u00a0\u00bbPierre-Philippe Ste-Marie\u00a0\u00bb font_container=\u00a0\u00bbtag:h5|text_align:left|color:%23505050&Prime; use_theme_fonts=\u00a0\u00bbyes\u00a0\u00bb css=\u00a0\u00bb.vc_custom_1723491692884{margin-bottom: 0px !important;}\u00a0\u00bb][vc_custom_heading text=\u00a0\u00bbChercheur invit\u00e9, Bodhi Research Group\u00a0\u00bb font_container=\u00a0\u00bbtag:p|text_align:left|color:%23505050&Prime; use_theme_fonts=\u00a0\u00bbyes\u00a0\u00bb el_class=\u00a0\u00bbcaption\u00a0\u00bb css=\u00a0\u00bb.vc_custom_1723492880894{margin-bottom: 0px !important;}\u00a0\u00bb][vc_custom_heading text=\u00a0\u00bbAmbassadeur de FIAM\u00a0\u00bb font_container=\u00a0\u00bbtag:p|text_align:left|color:%23505050&Prime; use_theme_fonts=\u00a0\u00bbyes\u00a0\u00bb el_class=\u00a0\u00bbcaption\u00a0\u00bb][\/vc_column][vc_column width=\u00a0\u00bb1\/3&Prime; css=\u00a0\u00bb.vc_custom_1752591667979{padding-bottom: 35px !important;}\u00a0\u00bb][vc_single_image image=\u00a0\u00bb9730&Prime; img_size=\u00a0\u00bbfull\u00a0\u00bb css=\u00a0\u00bb.vc_custom_1752593080418{margin-bottom: 20px !important;}\u00a0\u00bb el_id=\u00a0\u00bbambassadeur-cordell-l-tanny\u00a0\u00bb][vc_custom_heading text=\u00a0\u00bbCordell L. Tanny\u00a0\u00bb font_container=\u00a0\u00bbtag:h5|text_align:left|color:%23505050&Prime; use_theme_fonts=\u00a0\u00bbyes\u00a0\u00bb css=\u00a0\u00bb.vc_custom_1723491915702{margin-bottom: 0px !important;}\u00a0\u00bb][vc_custom_heading text=\u00a0\u00bbCFA, FRM, FDP<br \/>\nFondateur et PDG, Trend Prophets\u00a0\u00bb font_container=\u00a0\u00bbtag:p|text_align:left|color:%23505050&Prime; use_theme_fonts=\u00a0\u00bbyes\u00a0\u00bb el_class=\u00a0\u00bbcaption\u00a0\u00bb css=\u00a0\u00bb.vc_custom_1723492743044{margin-bottom: 0px !important;}\u00a0\u00bb][vc_custom_heading text=\u00a0\u00bbAmbassadeur de FIAM\u00a0\u00bb font_container=\u00a0\u00bbtag:p|text_align:left|color:%23505050&Prime; use_theme_fonts=\u00a0\u00bbyes\u00a0\u00bb el_class=\u00a0\u00bbcaption\u00a0\u00bb][\/vc_column][vc_column width=\u00a0\u00bb1\/3&Prime; css=\u00a0\u00bb.vc_custom_1752591686279{padding-bottom: 35px !important;}\u00a0\u00bb][vc_single_image image=\u00a0\u00bb11514&Prime; img_size=\u00a0\u00bbfull\u00a0\u00bb css=\u00a0\u00bb.vc_custom_1752593088676{margin-bottom: 20px !important;}\u00a0\u00bb el_id=\u00a0\u00bbambassadeur-francis-sabourin\u00a0\u00bb][vc_custom_heading text=\u00a0\u00bbFrancis Sabourin\u00a0\u00bb font_container=\u00a0\u00bbtag:h5|text_align:left|color:%23505050&Prime; use_theme_fonts=\u00a0\u00bbyes\u00a0\u00bb css=\u00a0\u00bb.vc_custom_1752590936324{margin-bottom: 0px !important;}\u00a0\u00bb][vc_custom_heading text=\u00a0\u00bbRIS<br \/>\nGestionnaire de portefeuille principal, Conseiller en placement principal\u00a0\u00bb font_container=\u00a0\u00bbtag:p|text_align:left|color:%23505050&Prime; use_theme_fonts=\u00a0\u00bbyes\u00a0\u00bb el_class=\u00a0\u00bbcaption\u00a0\u00bb css=\u00a0\u00bb.vc_custom_1752593145849{margin-bottom: 0px !important;}\u00a0\u00bb][vc_custom_heading text=\u00a0\u00bbAmbassadeur de FIAM\u00a0\u00bb font_container=\u00a0\u00bbtag:p|text_align:left|color:%23505050&Prime; use_theme_fonts=\u00a0\u00bbyes\u00a0\u00bb el_class=\u00a0\u00bbcaption\u00a0\u00bb][\/vc_column][vc_column width=\u00a0\u00bb1\/3&Prime; css=\u00a0\u00bb.vc_custom_1752591691370{padding-bottom: 35px !important;}\u00a0\u00bb][vc_single_image image=\u00a0\u00bb11516&Prime; img_size=\u00a0\u00bbfull\u00a0\u00bb css=\u00a0\u00bb.vc_custom_1756303124251{margin-bottom: 20px !important;}\u00a0\u00bb el_id=\u00a0\u00bbambassadeur-julie-ducharme\u00a0\u00bb][vc_custom_heading text=\u00a0\u00bbJulie Ducharme\u00a0\u00bb font_container=\u00a0\u00bbtag:h5|text_align:left|color:%23505050&Prime; use_theme_fonts=\u00a0\u00bbyes\u00a0\u00bb css=\u00a0\u00bb.vc_custom_1752590918994{margin-bottom: 0px !important;}\u00a0\u00bb][vc_custom_heading text=\u00a0\u00bbVice-Pr\u00e9sidente et gestionnaire de portefeuille, PH&amp;N Institutionnel<br \/>\nRBC Gestion mondiale d&rsquo;actifs\u00a0\u00bb font_container=\u00a0\u00bbtag:p|text_align:left|color:%23505050&Prime; use_theme_fonts=\u00a0\u00bbyes\u00a0\u00bb el_class=\u00a0\u00bbcaption\u00a0\u00bb css=\u00a0\u00bb.vc_custom_1752593115821{margin-bottom: 0px !important;}\u00a0\u00bb][vc_custom_heading text=\u00a0\u00bbAmbassadeur de FIAM\u00a0\u00bb font_container=\u00a0\u00bbtag:p|text_align:left|color:%23505050&Prime; use_theme_fonts=\u00a0\u00bbyes\u00a0\u00bb el_class=\u00a0\u00bbcaption\u00a0\u00bb][\/vc_column][vc_column width=\u00a0\u00bb1\/3&Prime; css=\u00a0\u00bb.vc_custom_1759249291189{padding-bottom: 35px !important;}\u00a0\u00bb][vc_single_image image=\u00a0\u00bb11518&Prime; img_size=\u00a0\u00bbfull\u00a0\u00bb css=\u00a0\u00bb.vc_custom_1759248262899{margin-bottom: 20px !important;}\u00a0\u00bb el_id=\u00a0\u00bbambassadeur-james-burron\u00a0\u00bb][vc_custom_heading text=\u00a0\u00bbJames Burron\u00a0\u00bb font_container=\u00a0\u00bbtag:h5|text_align:left|color:%23505050&Prime; use_theme_fonts=\u00a0\u00bbyes\u00a0\u00bb css=\u00a0\u00bb.vc_custom_1752590908890{margin-bottom: 0px !important;}\u00a0\u00bb][vc_custom_heading text=\u00a0\u00bbCAIA\u00a0\u00bb font_container=\u00a0\u00bbtag:p|text_align:left|color:%23505050&Prime; use_theme_fonts=\u00a0\u00bbyes\u00a0\u00bb el_class=\u00a0\u00bbcaption\u00a0\u00bb css=\u00a0\u00bb.vc_custom_1752590973785{margin-bottom: 0px !important;}\u00a0\u00bb][vc_custom_heading text=\u00a0\u00bbAmbassadeur de FIAM\u00a0\u00bb font_container=\u00a0\u00bbtag:p|text_align:left|color:%23505050&Prime; use_theme_fonts=\u00a0\u00bbyes\u00a0\u00bb el_class=\u00a0\u00bbcaption\u00a0\u00bb][\/vc_column][vc_column width=\u00a0\u00bb1\/3&Prime;][vc_single_image image=\u00a0\u00bb11643&Prime; img_size=\u00a0\u00bbfull\u00a0\u00bb css=\u00a0\u00bb.vc_custom_1756303145602{margin-bottom: 20px !important;}\u00a0\u00bb el_id=\u00a0\u00bbambassadeur-claire-van-wyk-allan\u00a0\u00bb][vc_custom_heading text=\u00a0\u00bbClaire Van Wyk-Allan\u00a0\u00bb font_container=\u00a0\u00bbtag:h5|text_align:left|color:%23505050&Prime; use_theme_fonts=\u00a0\u00bbyes\u00a0\u00bb css=\u00a0\u00bb.vc_custom_1755278604976{margin-bottom: 0px !important;}\u00a0\u00bb][vc_custom_heading text=\u00a0\u00bbCAIA<br \/>\nManaging Director, Head of Canada and Investor Engagement, Americas<br \/>\nAIMA\u00a0\u00bb font_container=\u00a0\u00bbtag:p|text_align:left|color:%23505050&Prime; use_theme_fonts=\u00a0\u00bbyes\u00a0\u00bb el_class=\u00a0\u00bbcaption\u00a0\u00bb css=\u00a0\u00bb.vc_custom_1755278616465{margin-bottom: 0px !important;}\u00a0\u00bb][vc_custom_heading text=\u00a0\u00bbAmbassadeur de FIAM\u00a0\u00bb font_container=\u00a0\u00bbtag:p|text_align:left|color:%23505050&Prime; use_theme_fonts=\u00a0\u00bbyes\u00a0\u00bb el_class=\u00a0\u00bbcaption\u00a0\u00bb][\/vc_column][vc_column width=\u00a0\u00bb1\/3&Prime;][vc_single_image image=\u00a0\u00bb11685&Prime; img_size=\u00a0\u00bbfull\u00a0\u00bb css=\u00a0\u00bb.vc_custom_1759342536463{margin-bottom: 20px !important;}\u00a0\u00bb el_id=\u00a0\u00bbambassadeur-charles-lemay\u00a0\u00bb][vc_custom_heading text=\u00a0\u00bbCharles Lemay\u00a0\u00bb font_container=\u00a0\u00bbtag:h5|text_align:left|color:%23505050&Prime; use_theme_fonts=\u00a0\u00bbyes\u00a0\u00bb css=\u00a0\u00bb.vc_custom_1755625289129{margin-bottom: 0px !important;}\u00a0\u00bb][vc_custom_heading text=\u00a0\u00bbAssoci\u00e9, Walter Global Asset Management<br \/>\nPr\u00e9sident de CGE-EMB\u00a0\u00bb font_container=\u00a0\u00bbtag:p|text_align:left|color:%23505050&Prime; use_theme_fonts=\u00a0\u00bbyes\u00a0\u00bb el_class=\u00a0\u00bbcaption\u00a0\u00bb css=\u00a0\u00bb.vc_custom_1755625337185{margin-bottom: 0px !important;}\u00a0\u00bb][vc_custom_heading text=\u00a0\u00bbAmbassadeur de FIAM\u00a0\u00bb font_container=\u00a0\u00bbtag:p|text_align:left|color:%23505050&Prime; use_theme_fonts=\u00a0\u00bbyes\u00a0\u00bb el_class=\u00a0\u00bbcaption\u00a0\u00bb][\/vc_column][vc_column width=\u00a0\u00bb1\/3&Prime;][vc_single_image image=\u00a0\u00bb12135&Prime; img_size=\u00a0\u00bbfull\u00a0\u00bb css=\u00a0\u00bb.vc_custom_1759253851831{margin-bottom: 20px !important;}\u00a0\u00bb el_id=\u00a0\u00bbambassadeur-william-kelly\u00a0\u00bb][vc_custom_heading text=\u00a0\u00bbWilliam (Bill) J Kelly\u00a0\u00bb font_container=\u00a0\u00bbtag:h5|text_align:left|color:%23505050&Prime; use_theme_fonts=\u00a0\u00bbyes\u00a0\u00bb css=\u00a0\u00bb.vc_custom_1759254340835{margin-bottom: 0px !important;}\u00a0\u00bb][vc_custom_heading text=\u00a0\u00bbPr\u00e9sident-directeur g\u00e9n\u00e9ral, CAIA Association\u00a0\u00bb font_container=\u00a0\u00bbtag:p|text_align:left|color:%23505050&Prime; use_theme_fonts=\u00a0\u00bbyes\u00a0\u00bb el_class=\u00a0\u00bbcaption\u00a0\u00bb css=\u00a0\u00bb.vc_custom_1759253822537{margin-bottom: 0px !important;}\u00a0\u00bb][vc_custom_heading text=\u00a0\u00bbAmbassadeur de FIAM\u00a0\u00bb font_container=\u00a0\u00bbtag:p|text_align:left|color:%23505050&Prime; use_theme_fonts=\u00a0\u00bbyes\u00a0\u00bb el_class=\u00a0\u00bbcaption\u00a0\u00bb][\/vc_column][\/vc_row]<\/p>\n<\/section>","protected":false},"excerpt":{"rendered":"[vc_row full_width=\u00a0\u00bbstretch_row\u00a0\u00bb overlay_dotted=\u00a0\u00bb\u00a0\u00bb css=\u00a0\u00bb.vc_custom_1722015435269{margin-bottom: 25px !important;padding-top: 50px !important;padding-bottom: 50px !important;}\u00a0\u00bb el_class=\u00a0\u00bbgradient-bg txt-secondary banner-text\u00a0\u00bb][vc_column][vc_custom_heading text=\u00a0\u00bbClub des Ambassadeurs de FIAM\u00a0\u00bb use_theme_fonts=\u00a0\u00bbyes\u00a0\u00bb][\/vc_column][\/vc_row][vc_row][vc_column][vc_column_text]La richesse et la croissance de l&rsquo;\u00e9cosyst\u00e8me de FIAM reposent sur la [&#8230;]","protected":false},"author":3,"featured_media":0,"parent":0,"menu_order":0,"comment_status":"closed","ping_status":"closed","template":"","meta":{"_eb_attr":"","footnotes":""},"class_list":["post-9685","page","type-page","status-publish","hentry"],"_links":{"self":[{"href":"https:\/\/fiamtl.com\/fr\/wp-json\/wp\/v2\/pages\/9685","targetHints":{"allow":["GET"]}}],"collection":[{"href":"https:\/\/fiamtl.com\/fr\/wp-json\/wp\/v2\/pages"}],"about":[{"href":"https:\/\/fiamtl.com\/fr\/wp-json\/wp\/v2\/types\/page"}],"author":[{"embeddable":true,"href":"https:\/\/fiamtl.com\/fr\/wp-json\/wp\/v2\/users\/3"}],"replies":[{"embeddable":true,"href":"https:\/\/fiamtl.com\/fr\/wp-json\/wp\/v2\/comments?post=9685"}],"version-history":[{"count":0,"href":"https:\/\/fiamtl.com\/fr\/wp-json\/wp\/v2\/pages\/9685\/revisions"}],"wp:attachment":[{"href":"https:\/\/fiamtl.com\/fr\/wp-json\/wp\/v2\/media?parent=9685"}],"curies":[{"name":"wp","href":"https:\/\/api.w.org\/{rel}","templated":true}]}}