{"id":9511,"date":"2024-07-11T13:34:52","date_gmt":"2024-07-11T17:34:52","guid":{"rendered":"https:\/\/fiamtl.com\/?page_id=9511"},"modified":"2024-07-11T14:07:39","modified_gmt":"2024-07-11T18:07:39","slug":"notre-mission","status":"publish","type":"page","link":"https:\/\/fiamtl.com\/fr\/a-propos\/notre-mission\/","title":{"rendered":"Notre mission"},"content":{"rendered":"<section class=\"wpb-content-wrapper\"><p>[vc_row full_width=\u00a0\u00bbstretch_row\u00a0\u00bb overlay_dotted=\u00a0\u00bb\u00a0\u00bb el_class=\u00a0\u00bbgradient-bg txt-secondary banner-text\u00a0\u00bb css=\u00a0\u00bb.vc_custom_1720635262227{margin-bottom: 50px !important;padding-top: 50px !important;padding-bottom: 50px !important;}\u00a0\u00bb][vc_column width=\u00a0\u00bb1\/3&Prime;][vc_custom_heading text=\u00a0\u00bbNotre mission\u00a0\u00bb use_theme_fonts=\u00a0\u00bbyes\u00a0\u00bb css=\u00a0\u00bb.vc_custom_1720637866831{margin-bottom: 0px !important;}\u00a0\u00bb][\/vc_column][vc_column width=\u00a0\u00bb2\/3&Prime;][\/vc_column][\/vc_row][vc_row][vc_column][vc_column_text]La mission de FIAM est de contribuer \u00e0 l&rsquo;\u00e9mergence de Montr\u00e9al en tant que plaque tournante du r\u00e9seau mondial d&rsquo;innovation, en mettant l&rsquo;accent sur l&rsquo;avancement et l&rsquo;application de l&rsquo;intelligence artificielle et de l&rsquo;apprentissage automatique en finance et gestion d&rsquo;actifs. FIAM cherchera \u00e0 unir la contribution des universitaires, des professionnels de l&rsquo;industrie, des organisations et des entit\u00e9s gouvernementales, en favorisant un \u00e9cosyst\u00e8me qui encourage la collaboration vers cet objectif.[\/vc_column_text][\/vc_column][\/vc_row][vc_row][vc_column width=\u00a0\u00bb1\/3&Prime;][vc_custom_heading text=\u00a0\u00bbPourquoi cette mission &#8211; le cha\u00eenon manquant de l&rsquo;\u00e9cosyst\u00e8me de l\u2019IA qu\u00e9b\u00e9cois\u00a0\u00bb font_container=\u00a0\u00bbtag:h3|text_align:left|color:%230054c6&Prime; use_theme_fonts=\u00a0\u00bbyes\u00a0\u00bb][\/vc_column][vc_column width=\u00a0\u00bb2\/3&Prime;][vc_column_text]Le domaine de la finance et de la gestion d&rsquo;actifs est actuellement au c\u0153ur d&rsquo;une r\u00e9volution majeure, port\u00e9e par le d\u00e9ploiement exponentiel de l&rsquo;intelligence artificielle et d&rsquo;autres technologies. Ces d\u00e9veloppements ont un impact sur tous les secteurs de la soci\u00e9t\u00e9, comme en t\u00e9moigne l&rsquo;\u00e9cosyst\u00e8me florissant de l&rsquo;IA \u00e0 l&rsquo;\u00e9chelle mondiale. Plus pr\u00e8s de nous, l&rsquo;\u00e9cosyst\u00e8me de l&rsquo;IA au Qu\u00e9bec est florissant avec la pr\u00e9sence de trois acteurs majeurs : Mila, IVADO et Scale AI. Ces organisations desservent un large \u00e9ventail de secteurs et d&rsquo;industries, mais se concentrent peu sur la finance, et encore moins sur la gestion d&rsquo;actifs &#8211; le cha\u00eenon manquant.[\/vc_column_text][\/vc_column][\/vc_row][vc_row][vc_column width=\u00a0\u00bb1\/3&Prime;][vc_custom_heading text=\u00a0\u00bbR\u00e9aliser la mission\u00a0\u00bb font_container=\u00a0\u00bbtag:h3|text_align:left|color:%230054c6&Prime; use_theme_fonts=\u00a0\u00bbyes\u00a0\u00bb][\/vc_column][vc_column width=\u00a0\u00bb2\/3&Prime;][vc_column_text]Compte tenu de ses ressources limit\u00e9es, la FIAM concentre ses efforts pour 2024 sur trois fronts strat\u00e9giques : 1) Confirmer et valider la valeur du design de la Journ\u00e9e M\u00e9choui, une nouvelle initiative de marque qui combine un contenu engageant avec un segment social estival. 2) D\u00e9veloppement d&rsquo;une communaut\u00e9 de talents &#8211; Cr\u00e9er une communaut\u00e9 de talents dans le secteur de la nouvelle finance gr\u00e2ce \u00e0 son partenariat avec l&rsquo;Universit\u00e9 McGill. 3) \u00c9tablir la r\u00e9silience organisationnelle \u2013 Faire reconna\u00eetre FIAM comme une organisation r\u00e9siliente en \u00e9tablissant une gouvernance cr\u00e9dible et efficace.[\/vc_column_text][\/vc_column][\/vc_row][vc_row full_width=\u00a0\u00bbstretch_row\u00a0\u00bb overlay_dotted=\u00a0\u00bb\u00a0\u00bb el_class=\u00a0\u00bbgradient-bg\u00a0\u00bb css=\u00a0\u00bb.vc_custom_1720636794996{margin-bottom: 50px !important;padding-top: 50px !important;padding-bottom: 50px !important;}\u00a0\u00bb][vc_column][vc_column_text]<\/p>\n<p style=\"color: white;\">L&rsquo;\u00e9v\u00e9nement phare de FIAM, soit \u00ab Les rencontres FIAM \u00bb qui a toujours lieu \u00e0 la fin du mois d&rsquo;ao\u00fbt, est un \u00e9v\u00e9nement exceptionnel qui combine un contenu opportun et pertinent pour l&rsquo;industrie avec des occasions uniques d&rsquo;initier et de renforcer les relations et le r\u00e9seautage avec des coll\u00e8gues de l&rsquo;industrie \u00e0 travers le Canada et d&rsquo;ailleurs. La vision de FIAM est de cr\u00e9er un \u00e9v\u00e9nement de classe mondiale qui s&rsquo;appuie sur le succ\u00e8s de dix ans de l\u2019\u00e9v\u00e9nement \u00ab M\u00e9choui \u00bb.<\/p>\n<p>[\/vc_column_text][vc_column_text css=\u00a0\u00bb.vc_custom_1720707398113{margin-bottom: 0px !important;}\u00a0\u00bb]<\/p>\n<p style=\"color: white;\">Cet \u00e9v\u00e9nement se distingue au Canada par son cadre estival unique, son contenu riche et son format distinctif. Les rencontres FIAM continuent d&rsquo;enrichir les principaux atouts de l\u2019organisation : son r\u00e9seau local et mondial de relations au sein de son \u00e9cosyst\u00e8me, les communaut\u00e9s universitaires et industrielles, les organisations gouvernementales et paragouvernementales. Ces relations sont vitales pour la g\u00e9n\u00e9ration d&rsquo;id\u00e9es et les capacit\u00e9s d&rsquo;ex\u00e9cution, y compris le r\u00f4le de FIAM dans son r\u00e9cent partenariat avec la Facult\u00e9 de gestion Desautels \u2013 d\u00e9partement de Finance.<\/p>\n<p>[\/vc_column_text][\/vc_column][\/vc_row][vc_row overlay_dotted=\u00a0\u00bb\u00a0\u00bb css=\u00a0\u00bb.vc_custom_1720721257143{margin-bottom: 100px !important;}\u00a0\u00bb][vc_column width=\u00a0\u00bb1\/3&Prime;][vc_custom_heading text=\u00a0\u00bbLe pilier de la mission principale\u00a0\u00bb font_container=\u00a0\u00bbtag:h3|text_align:left|color:%230054c6&Prime; use_theme_fonts=\u00a0\u00bbyes\u00a0\u00bb][\/vc_column][vc_column width=\u00a0\u00bb2\/3&Prime;][vc_column_text]D\u00e9velopper la prochaine g\u00e9n\u00e9ration de talents en finance : Fusionner la finance et la science des donn\u00e9es, avec la finance au premier plan.<\/p>\n<p>Cette initiative est au c\u0153ur de la mission principale de FIAM, qui consiste \u00e0 nourrir une nouvelle g\u00e9n\u00e9ration de talents dans le paysage \u00e9volutif de la <em>Nouvelle Finance<\/em>. Pour ce faire, <span style=\"text-decoration: underline;\">FIAM a choisi d&rsquo;organiser un Hackathon de la gestion d&rsquo;actifs comme principal v\u00e9hicule.<\/span> Cette initiative sera soutenue par une s\u00e9rie d&rsquo;\u00e9v\u00e9nements compl\u00e9mentaires, y compris des sessions de sensibilisation et de r\u00e9seautage, des conf\u00e9rences, des webinaires, des ateliers et des collaborations entre l&rsquo;industrie et le monde universitaire visant \u00e0 promouvoir la recherche et l&rsquo;innovation.[\/vc_column_text][vc_custom_heading text=\u00a0\u00bbLe Hackathon en gestion d&rsquo;actifs McGill-FIAM\u00a0\u00bb font_container=\u00a0\u00bbtag:h4|text_align:left|color:%230054c6&Prime; use_theme_fonts=\u00a0\u00bbyes\u00a0\u00bb][vc_column_text]FIAM a consacr\u00e9 plusieurs mois, avec la participation d&rsquo;un groupe de travail compos\u00e9 de collaborateurs universitaires et industriels, \u00e0 identifier l&rsquo;approche la plus efficace pour organiser un Hackathon annuel ax\u00e9 sur les d\u00e9fis de la gestion d&rsquo;actifs.<\/p>\n<p>Cette recherche diligente a permis \u00e0 FIAM de recruter Russ Goyenko (<a href=\"https:\/\/ruslangoyenko.com\/fr\/\">cliquer pour voir bio<\/a>), professeur associ\u00e9 \u00e0 la Facult\u00e9 de gestion Desautels de l&rsquo;Universit\u00e9 McGill, pour diriger la conception et la mise en \u0153uvre d&rsquo;un Hackathon innovant et percutant. En s&rsquo;appuyant sur son expertise et son leadership, Russ a r\u00e9ussi \u00e0 obtenir le soutien de la Facult\u00e9 de gestion Desautels &#8211; D\u00e9partementdes finances (avec le soutien spontan\u00e9 du d\u00e9partement de l&rsquo;innovation et du d\u00e9veloppement) pour accueillir le Hackathon en tant qu&rsquo;\u00e9v\u00e9nement annuel.[\/vc_column_text]<div class=\"clearfix vc_custom_1720707745608 lvsy-btn-69d07c40c9d7e btn-hover-one \" ><a href=\"https:\/\/mcgilluniversity.cventevents.com\/event\/491dd94b-1ad3-4bd1-b5b4-1806fb11ffca\/summary\" target=\"_blank\" class=\"lvsy-btn lvsy-btn-black\">INFO SUR LE HACKATHON<\/a><\/div>[\/vc_column][\/vc_row]<\/p>\n<\/section>","protected":false},"excerpt":{"rendered":"[vc_row full_width=\u00a0\u00bbstretch_row\u00a0\u00bb overlay_dotted=\u00a0\u00bb\u00a0\u00bb el_class=\u00a0\u00bbgradient-bg txt-secondary banner-text\u00a0\u00bb css=\u00a0\u00bb.vc_custom_1720635262227{margin-bottom: 50px !important;padding-top: 50px !important;padding-bottom: 50px !important;}\u00a0\u00bb][vc_column width=\u00a0\u00bb1\/3&Prime;][vc_custom_heading text=\u00a0\u00bbNotre mission\u00a0\u00bb use_theme_fonts=\u00a0\u00bbyes\u00a0\u00bb css=\u00a0\u00bb.vc_custom_1720637866831{margin-bottom: 0px !important;}\u00a0\u00bb][\/vc_column][vc_column width=\u00a0\u00bb2\/3&Prime;][\/vc_column][\/vc_row][vc_row][vc_column][vc_column_text]La mission de FIAM est de contribuer \u00e0 l&rsquo;\u00e9mergence de [&#8230;]","protected":false},"author":3,"featured_media":0,"parent":6667,"menu_order":0,"comment_status":"closed","ping_status":"closed","template":"","meta":{"_eb_attr":"","footnotes":""},"class_list":["post-9511","page","type-page","status-publish","hentry"],"_links":{"self":[{"href":"https:\/\/fiamtl.com\/fr\/wp-json\/wp\/v2\/pages\/9511","targetHints":{"allow":["GET"]}}],"collection":[{"href":"https:\/\/fiamtl.com\/fr\/wp-json\/wp\/v2\/pages"}],"about":[{"href":"https:\/\/fiamtl.com\/fr\/wp-json\/wp\/v2\/types\/page"}],"author":[{"embeddable":true,"href":"https:\/\/fiamtl.com\/fr\/wp-json\/wp\/v2\/users\/3"}],"replies":[{"embeddable":true,"href":"https:\/\/fiamtl.com\/fr\/wp-json\/wp\/v2\/comments?post=9511"}],"version-history":[{"count":0,"href":"https:\/\/fiamtl.com\/fr\/wp-json\/wp\/v2\/pages\/9511\/revisions"}],"up":[{"embeddable":true,"href":"https:\/\/fiamtl.com\/fr\/wp-json\/wp\/v2\/pages\/6667"}],"wp:attachment":[{"href":"https:\/\/fiamtl.com\/fr\/wp-json\/wp\/v2\/media?parent=9511"}],"curies":[{"name":"wp","href":"https:\/\/api.w.org\/{rel}","templated":true}]}}