{"id":9380,"date":"2024-06-26T11:13:38","date_gmt":"2024-06-26T15:13:38","guid":{"rendered":"https:\/\/fiamtl.com\/?page_id=9380"},"modified":"2024-09-19T17:17:41","modified_gmt":"2024-09-19T21:17:41","slug":"conference-mechoui-2024","status":"publish","type":"page","link":"https:\/\/fiamtl.com\/fr\/evenements-2024\/conference-mechoui-2024\/","title":{"rendered":"Conf\u00e9rence-M\u00e9choui 2024"},"content":{"rendered":"<section class=\"wpb-content-wrapper\"><p>[vc_row full_width=\u00a0\u00bbstretch_row\u00a0\u00bb overlay_dotted=\u00a0\u00bb\u00a0\u00bb el_class=\u00a0\u00bbcustom-banner\u00a0\u00bb css=\u00a0\u00bb.vc_custom_1718737723590{background-image: url(https:\/\/fiamtl.com\/wp-content\/uploads\/2024\/06\/15331_FIAM_ME\u0301CHOUI_PHOTO_THEMATIQUE_WEB_COMP.jpg?id=9210) !important;background-position: center !important;background-repeat: no-repeat !important;background-size: cover !important;}\u00a0\u00bb][vc_column][vc_single_image image=\u00a0\u00bb9206&Prime; img_size=\u00a0\u00bbfull\u00a0\u00bb alignment=\u00a0\u00bbright\u00a0\u00bb css=\u00a0\u00bb.vc_custom_1718737758087{margin-top: 0px !important;margin-bottom: 0px !important;}\u00a0\u00bb][\/vc_column][\/vc_row][vc_row full_width=\u00a0\u00bbstretch_row\u00a0\u00bb equal_height=\u00a0\u00bbyes\u00a0\u00bb overlay_dotted=\u00a0\u00bb\u00a0\u00bb el_class=\u00a0\u00bbgradient-bg txt-secondary banner-text\u00a0\u00bb css=\u00a0\u00bb.vc_custom_1719496268949{margin-bottom: 50px !important;padding-top: 50px !important;padding-bottom: 50px !important;}\u00a0\u00bb][vc_column width=\u00a0\u00bb1\/2&Prime;][vc_column_text]<\/p>\n<h4>Jeudi le 22 ao\u00fbt 2024<\/h4>\n<p>14h00 \u00e0 22h00 (ET)[\/vc_column_text][\/vc_column][vc_column width=\u00a0\u00bb1\/2&Prime;][vc_column_text css=\u00a0\u00bb.vc_custom_1719600593628{margin-bottom: 0px !important;}\u00a0\u00bb]<\/p>\n<h4>Le Belv\u00e9d\u00e8re du Paddock du Parc Jean-Drapeau<\/h4>\n<p>260 Circuit Gilles Villeneuve, Montr\u00e9al, QC H3C 6A1[\/vc_column_text][\/vc_column][\/vc_row][vc_row overlay_dotted=\u00a0\u00bb\u00a0\u00bb css=\u00a0\u00bb.vc_custom_1719603957050{margin-bottom: 100px !important;}\u00a0\u00bb][vc_column][vc_row_inner css=\u00a0\u00bb.vc_custom_1726780659239{margin-bottom: 50px !important;}\u00a0\u00bb][vc_column_inner][vc_column_text]<\/p>\n<div style=\"width: 1170px;\" class=\"wp-video\"><video class=\"wp-video-shortcode\" id=\"video-9380-1\" width=\"1170\" height=\"658\" poster=\"https:\/\/fiamtl.com\/wp-content\/uploads\/2024\/09\/mechoui-2024-poster-fr-scaled.jpg\" preload=\"metadata\" controls=\"controls\"><source type=\"video\/mp4\" src=\"https:\/\/fiamtl.com\/wp-content\/uploads\/2024\/09\/FIAM-Mechoui_2024_fr.mp4?_=1\" \/><source type=\"video\/webm\" src=\"https:\/\/fiamtl.com\/wp-content\/uploads\/2024\/09\/15331_FIAM_ME\u0301CHOUI_2024_VIDE\u0301O_FR.webmhd.webm?_=1\" \/><a href=\"https:\/\/fiamtl.com\/wp-content\/uploads\/2024\/09\/FIAM-Mechoui_2024_fr.mp4\">https:\/\/fiamtl.com\/wp-content\/uploads\/2024\/09\/FIAM-Mechoui_2024_fr.mp4<\/a><\/video><\/div>\n<p>[\/vc_column_text][\/vc_column_inner][\/vc_row_inner][vc_row_inner][vc_column_inner width=\u00a0\u00bb1\/3&Prime;][vc_custom_heading text=\u00a0\u00bbL&rsquo;\u00e9v\u00e9nement\u00a0\u00bb font_container=\u00a0\u00bbtag:h4|text_align:left|color:%230054c6&Prime; use_theme_fonts=\u00a0\u00bbyes\u00a0\u00bb][\/vc_column_inner][vc_column_inner width=\u00a0\u00bb2\/3&Prime;][vc_column_text css=\u00a0\u00bb.vc_custom_1721395510645{margin-bottom: 0px !important;}\u00a0\u00bb]Notre vision est de cr\u00e9er un \u00e9v\u00e9nement de classe mondiale, en nous appuyant sur le succ\u00e8s et la reconnaissance des rencontres M\u00e9choui depuis une d\u00e9cennie. Au fil des ans, elle est devenue le plus grand rassemblement estival de la communaut\u00e9 financi\u00e8re. \u00c0 sa 10<sup>e<\/sup> \u00e9dition, en ao\u00fbt l&rsquo;ann\u00e9e derni\u00e8re, nous avons accueilli plus de 320 personnes, un juste \u00e9quilibre dans la composition des participants \u00e0 l\u2019\u00e9cosyst\u00e8me d\u2019investissement de Montr\u00e9al, Toronto et au-del\u00e0.<\/p>\n<p>Cet \u00e9v\u00e9nement est d\u00e9sormais un point fort au Canada, connu pour son cadre estival unique, son contenu riche et son format distinctif.<\/p>\n<p>La 11<sup>e<\/sup> \u00e9dition comprendra deux segments distincts. Le premier segment se concentrera sur des enjeux et sujets actuels et pertinents, fournissant aux participants des informations pr\u00e9cieuses.<\/p>\n<p>Le deuxi\u00e8me segment mettra en vedette le traditionnel M\u00e9choui, ax\u00e9 sur le d\u00e9veloppement et le renforcement des \u00e9changes entre les professionnels de l&rsquo;industrie.<\/p>\n<p>Merci \u00e0 nos commanditaires pour leur contribution au succ\u00e8s de cet \u00e9v\u00e9nement.[\/vc_column_text]<div class=\"lvsy-donors lvsy-donors-style-two\"><div class=\"lvsy-donor-category  lvsy-donor-69dee447c25d6\"><div class=\"lvsy-donor-item\"><a href=\"https:\/\/www.desjardins.com\/entreprises\/investissement-placements\/gestion-internationale-actifs\/index.jsp\" target=\"_blank\"><img decoding=\"async\" src=\"https:\/\/fiamtl.com\/wp-content\/uploads\/2024\/06\/desjardins-logo.png\" alt=\"Sponso\"><\/a><\/div><div class=\"lvsy-donor-item\"><a href=\"https:\/\/globalalphacapital.cclgroup.com\/fr\/\" target=\"_blank\"><img decoding=\"async\" src=\"https:\/\/fiamtl.com\/wp-content\/uploads\/2024\/06\/global-alpha-logo.png\" alt=\"Sponso\"><\/a><\/div><div class=\"lvsy-donor-item\"><a href=\"https:\/\/www.hedgefacts.com\/\" target=\"_blank\"><img decoding=\"async\" src=\"https:\/\/fiamtl.com\/wp-content\/uploads\/2024\/06\/hedge-facts-logo.png\" alt=\"Sponso\"><\/a><\/div><div class=\"lvsy-donor-item\"><a href=\"https:\/\/www.innocap.com\/fr\/\" target=\"_blank\"><img decoding=\"async\" src=\"https:\/\/fiamtl.com\/wp-content\/uploads\/2024\/06\/innocap-logo.png\" alt=\"Sponso\"><\/a><\/div><div class=\"lvsy-donor-item\"><a href=\"https:\/\/www.lseg.com\/en\" target=\"_blank\"><img decoding=\"async\" src=\"https:\/\/fiamtl.com\/wp-content\/uploads\/2024\/06\/lseg-logo.png\" alt=\"Sponso\"><\/a><\/div><div class=\"lvsy-donor-item\"><a href=\"https:\/\/powersustainable.com\/fr\/\" target=\"_blank\"><img decoding=\"async\" src=\"https:\/\/fiamtl.com\/wp-content\/uploads\/2024\/07\/power-sustainable-logo.png\" alt=\"Sponso\"><\/a><\/div><\/div><\/div>[\/vc_column_inner][\/vc_row_inner][vc_row_inner][vc_column_inner width=\u00a0\u00bb1\/3&Prime;][\/vc_column_inner][vc_column_inner width=\u00a0\u00bb2\/3&Prime; offset=\u00a0\u00bbvc_col-xs-12&Prime;]<div class=\"clearfix vc_custom_1720799949940 lvsy-btn-69dee447c2c0a btn-hover-one \" ><a href=\"\/fr\/evenements-2024\/commanditaires\" class=\"lvsy-btn lvsy-btn-black\">TOUS LES COMMANDITAIRES<\/a><\/div>[\/vc_column_inner][\/vc_row_inner][vc_row_inner el_class=\u00a0\u00bbconf-partners\u00a0\u00bb][vc_column_inner width=\u00a0\u00bb1\/3&Prime;][vc_custom_heading text=\u00a0\u00bbLa conf\u00e9rence\u00a0\u00bb font_container=\u00a0\u00bbtag:h4|text_align:left|color:%230054c6&Prime; use_theme_fonts=\u00a0\u00bbyes\u00a0\u00bb][\/vc_column_inner][vc_column_inner width=\u00a0\u00bb2\/3&Prime;][vc_column_text css=\u00a0\u00bb.vc_custom_1723836061548{margin-bottom: 0px !important;}\u00a0\u00bb]L&rsquo;ann\u00e9e derni\u00e8re, FIAM a introduit un segment de contenu avant la partie sociale de la journ\u00e9e. Ce segment a mis en vedette Shawn Edward, Chef de la Technologie directeur technique de Bloomberg, qui a pr\u00e9sent\u00e9 leurs recherches avanc\u00e9es et les applications des mod\u00e8les GPT\/LLM. <a style=\"text-decoration: none; color: #0054c6;\" href=\"https:\/\/fiamtl.com\/fr\/evenements-2023\/cdpq-conference-2023\/\" target=\"_blank\" rel=\"noopener\">L&rsquo;\u00e9v\u00e9nement<\/a>, tenu \u00e0 la CDPQ, a \u00e9t\u00e9 suivi d&rsquo;une table ronde avec des cadres sup\u00e9rieurs des partenaires de l&rsquo;\u00e9v\u00e9nement, y compris la CDPQ, le PSP et Bodhi Research.<\/p>\n<p>Cette ann\u00e9e, notre \u00e9v\u00e9nement de contenu, dont le th\u00e8me est \u00ab Int\u00e9grer la r\u00e9silience dans les portefeuilles institutionnels \u00bb, se concentrera sur l&rsquo;engagement des Chefs d\u2019Investissement des grandes institutions. La discussion portera sur leurs pr\u00e9occupations et \u00e9valuations de la r\u00e9silience des portefeuilles face aux tendances g\u00e9opolitiques et technologiques significatives, en particulier le d\u00e9ploiement exponentiel de l\u2019IA dans la soci\u00e9t\u00e9 et son impact dans le paysage mondial des investissements.<\/p>\n<h6>Conf\u00e9rence \u00e0 partir de 14h45<\/h6>\n<p>[\/vc_column_text]<div class=\"lvsy-donors lvsy-donors-style-two\"><div class=\"lvsy-donor-category fourth-row lvsy-donor-69dee447c2c49\"><div class=\"lvsy-donor-item\"><a href=\"https:\/\/www.bodhiresearchgroup.com\/\" target=\"_blank\"><img decoding=\"async\" src=\"https:\/\/fiamtl.com\/wp-content\/uploads\/2024\/06\/bodhi-logo.png\" alt=\"Sponso\"><\/a><\/div><div class=\"lvsy-donor-item\"><a href=\"https:\/\/caia.org\/\" target=\"_blank\"><img decoding=\"async\" src=\"https:\/\/fiamtl.com\/wp-content\/uploads\/2024\/06\/caia-logo.png\" alt=\"Sponso\"><\/a><\/div><div class=\"lvsy-donor-item\"><a href=\"https:\/\/www.cdpq.com\/fr\" target=\"_blank\"><img decoding=\"async\" src=\"https:\/\/fiamtl.com\/wp-content\/uploads\/2024\/06\/cdpq-logo.png\" alt=\"Sponso\"><\/a><\/div><div class=\"lvsy-donor-item\"><a href=\"https:\/\/www.investpsp.com\/fr\/\" target=\"_blank\"><img decoding=\"async\" src=\"https:\/\/fiamtl.com\/wp-content\/uploads\/2024\/06\/psp-investments-logo.png\" alt=\"Sponso\"><\/a><\/div><div class=\"lvsy-donor-item\"><a href=\"https:\/\/www.sbai.org\/\" target=\"_blank\"><img decoding=\"async\" src=\"https:\/\/fiamtl.com\/wp-content\/uploads\/2024\/06\/sbai-logo.png\" alt=\"Sponso\"><\/a><\/div><div class=\"lvsy-donor-item\"><a href=\"https:\/\/vascodesign.com\/\" target=\"_blank\"><img decoding=\"async\" src=\"https:\/\/fiamtl.com\/wp-content\/uploads\/2024\/06\/vasco-design-logo.png\" alt=\"Sponso\"><\/a><\/div><\/div><\/div>[\/vc_column_inner][\/vc_row_inner][vc_row_inner css=\u00a0\u00bb.vc_custom_1720805695950{margin-bottom: 50px !important;}\u00a0\u00bb][vc_column_inner width=\u00a0\u00bb1\/3&Prime;][\/vc_column_inner][vc_column_inner width=\u00a0\u00bb1\/3&Prime; offset=\u00a0\u00bbvc_col-md-3&Prime;]<div class=\"clearfix vc_custom_1720805681636 lvsy-btn-69dee447c34d1 btn-hover-one \" ><a href=\"\/fr\/evenements-2024\/conferenciers\" class=\"lvsy-btn lvsy-btn-black\">CONF\u00c9RENCIERS<\/a><\/div>[\/vc_column_inner][vc_column_inner width=\u00a0\u00bb1\/3&Prime; offset=\u00a0\u00bbvc_col-md-3&Prime;]<div class=\"clearfix vc_custom_1720805689096 lvsy-btn-69dee447c3509 btn-hover-one \" ><a href=\"\/fr\/evenements-2024\/programme\" class=\"lvsy-btn lvsy-btn-black\">PROGRAMME<\/a><\/div>[\/vc_column_inner][\/vc_row_inner][vc_row_inner][vc_column_inner width=\u00a0\u00bb1\/3&Prime;][vc_custom_heading text=\u00a0\u00bbLe r\u00e9seautage-M\u00e9choui\u00a0\u00bb font_container=\u00a0\u00bbtag:h4|text_align:left|color:%230054c6&Prime; use_theme_fonts=\u00a0\u00bbyes\u00a0\u00bb][\/vc_column_inner][vc_column_inner width=\u00a0\u00bb2\/3&Prime;][vc_column_text css=\u00a0\u00bb.vc_custom_1721935471471{margin-bottom: 0px !important;}\u00a0\u00bb]Apr\u00e8s la conf\u00e9rence, d\u00e9tendez-vous en participant au plus grand rassemblement estival de FIAM, le M\u00e9choui, qui en est \u00e0 sa 11<sup>e<\/sup> \u00e9dition. Cet \u00e9v\u00e9nement incontournable continue de renforcer les liens entre les professionnels de la finance de Montr\u00e9al, Toronto et d\u2019ailleurs, dans une atmosph\u00e8re amicale et festive.<\/p>\n<h6>R\u00e9seautage \u00e0 partir de 17h00<\/h6>\n<h6>Service M\u00e9choui \u00e0 partir de 18h00<\/h6>\n<p>[\/vc_column_text][\/vc_column_inner][\/vc_row_inner][vc_row_inner css=\u00a0\u00bb.vc_custom_1720805787199{margin-bottom: 100px !important;}\u00a0\u00bb][vc_column_inner width=\u00a0\u00bb1\/3&Prime;][\/vc_column_inner][vc_column_inner width=\u00a0\u00bb1\/3&Prime; offset=\u00a0\u00bbvc_col-md-3&Prime;]<div class=\"clearfix vc_custom_1724943110453 lvsy-btn-69dee447c3532 btn-hover-one \" ><a href=\"\/fr\/evenements-2024\/mechoui-2024-galerie\/\" class=\"lvsy-btn lvsy-btn-black\">VOIR GALERIE PHOTOS<\/a><\/div>[\/vc_column_inner][vc_column_inner width=\u00a0\u00bb1\/3&Prime; offset=\u00a0\u00bbvc_col-md-3&Prime;]<div class=\"clearfix vc_custom_1719603141716 lvsy-btn-69dee447c3559 btn-hover-one \" ><a href=\"\/fr\/evenements-2024\/directions\" class=\"lvsy-btn lvsy-btn-black\">DIRECTIONS<\/a><\/div>[\/vc_column_inner][\/vc_row_inner][\/vc_column][\/vc_row]<\/p>\n<\/section>","protected":false},"excerpt":{"rendered":"[vc_row full_width=\u00a0\u00bbstretch_row\u00a0\u00bb overlay_dotted=\u00a0\u00bb\u00a0\u00bb el_class=\u00a0\u00bbcustom-banner\u00a0\u00bb css=\u00a0\u00bb.vc_custom_1718737723590{background-image: url(https:\/\/fiamtl.com\/wp-content\/uploads\/2024\/06\/15331_FIAM_ME\u0301CHOUI_PHOTO_THEMATIQUE_WEB_COMP.jpg?id=9210) !important;background-position: center !important;background-repeat: no-repeat !important;background-size: cover !important;}\u00a0\u00bb][vc_column][vc_single_image image=\u00a0\u00bb9206&Prime; img_size=\u00a0\u00bbfull\u00a0\u00bb alignment=\u00a0\u00bbright\u00a0\u00bb css=\u00a0\u00bb.vc_custom_1718737758087{margin-top: 0px !important;margin-bottom: 0px !important;}\u00a0\u00bb][\/vc_column][\/vc_row][vc_row full_width=\u00a0\u00bbstretch_row\u00a0\u00bb equal_height=\u00a0\u00bbyes\u00a0\u00bb overlay_dotted=\u00a0\u00bb\u00a0\u00bb el_class=\u00a0\u00bbgradient-bg txt-secondary banner-text\u00a0\u00bb css=\u00a0\u00bb.vc_custom_1719496268949{margin-bottom: 50px !important;padding-top: [&#8230;]","protected":false},"author":3,"featured_media":0,"parent":8267,"menu_order":0,"comment_status":"closed","ping_status":"closed","template":"","meta":{"_eb_attr":"","footnotes":""},"class_list":["post-9380","page","type-page","status-publish","hentry"],"_links":{"self":[{"href":"https:\/\/fiamtl.com\/fr\/wp-json\/wp\/v2\/pages\/9380","targetHints":{"allow":["GET"]}}],"collection":[{"href":"https:\/\/fiamtl.com\/fr\/wp-json\/wp\/v2\/pages"}],"about":[{"href":"https:\/\/fiamtl.com\/fr\/wp-json\/wp\/v2\/types\/page"}],"author":[{"embeddable":true,"href":"https:\/\/fiamtl.com\/fr\/wp-json\/wp\/v2\/users\/3"}],"replies":[{"embeddable":true,"href":"https:\/\/fiamtl.com\/fr\/wp-json\/wp\/v2\/comments?post=9380"}],"version-history":[{"count":0,"href":"https:\/\/fiamtl.com\/fr\/wp-json\/wp\/v2\/pages\/9380\/revisions"}],"up":[{"embeddable":true,"href":"https:\/\/fiamtl.com\/fr\/wp-json\/wp\/v2\/pages\/8267"}],"wp:attachment":[{"href":"https:\/\/fiamtl.com\/fr\/wp-json\/wp\/v2\/media?parent=9380"}],"curies":[{"name":"wp","href":"https:\/\/api.w.org\/{rel}","templated":true}]}}