{"id":8748,"date":"2024-06-10T12:05:39","date_gmt":"2024-06-10T16:05:39","guid":{"rendered":"https:\/\/fiamtl.com\/?page_id=8748"},"modified":"2024-08-29T10:52:22","modified_gmt":"2024-08-29T14:52:22","slug":"programme","status":"publish","type":"page","link":"https:\/\/fiamtl.com\/fr\/evenements-2024\/programme\/","title":{"rendered":"Programme"},"content":{"rendered":"<section class=\"wpb-content-wrapper\"><p>[vc_row full_width=\u00a0\u00bbstretch_row\u00a0\u00bb overlay_dotted=\u00a0\u00bb\u00a0\u00bb el_class=\u00a0\u00bbcustom-banner\u00a0\u00bb css=\u00a0\u00bb.vc_custom_1718737723590{background-image: url(https:\/\/fiamtl.com\/wp-content\/uploads\/2024\/06\/15331_FIAM_ME\u0301CHOUI_PHOTO_THEMATIQUE_WEB_COMP.jpg?id=9210) !important;background-position: center !important;background-repeat: no-repeat !important;background-size: cover !important;}\u00a0\u00bb][vc_column][vc_single_image image=\u00a0\u00bb9206&Prime; img_size=\u00a0\u00bbfull\u00a0\u00bb alignment=\u00a0\u00bbright\u00a0\u00bb css=\u00a0\u00bb.vc_custom_1718737758087{margin-top: 0px !important;margin-bottom: 0px !important;}\u00a0\u00bb][\/vc_column][\/vc_row][vc_row full_width=\u00a0\u00bbstretch_row\u00a0\u00bb equal_height=\u00a0\u00bbyes\u00a0\u00bb content_placement=\u00a0\u00bbmiddle\u00a0\u00bb overlay_dotted=\u00a0\u00bb\u00a0\u00bb el_class=\u00a0\u00bbgradient-bg txt-secondary banner-text\u00a0\u00bb css=\u00a0\u00bb.vc_custom_1719496469718{margin-bottom: 50px !important;padding-top: 50px !important;padding-bottom: 50px !important;}\u00a0\u00bb][vc_column width=\u00a0\u00bb1\/2&Prime;][vc_custom_heading text=\u00a0\u00bbProgramme\u00a0\u00bb font_container=\u00a0\u00bbtag:h2|text_align:left|color:%239be8ff\u00a0\u00bb use_theme_fonts=\u00a0\u00bbyes\u00a0\u00bb css=\u00a0\u00bb.vc_custom_1718649514772{margin-bottom: 0px !important;}\u00a0\u00bb][vc_custom_heading text=\u00a0\u00bbde l&rsquo;\u00e9v\u00e9nement\u00a0\u00bb font_container=\u00a0\u00bbtag:h2|text_align:left|color:%239be8ff\u00a0\u00bb use_theme_fonts=\u00a0\u00bbyes\u00a0\u00bb css=\u00a0\u00bb.vc_custom_1718649519921{margin-bottom: 0px !important;}\u00a0\u00bb][\/vc_column][vc_column width=\u00a0\u00bb1\/2&Prime;][\/vc_column][\/vc_row][vc_row overlay_dotted=\u00a0\u00bb\u00a0\u00bb css=\u00a0\u00bb.vc_custom_1719496509055{padding-right: 0px !important;padding-left: 0px !important;}\u00a0\u00bb][vc_column][vc_row_inner equal_height=\u00a0\u00bbyes\u00a0\u00bb content_placement=\u00a0\u00bbmiddle\u00a0\u00bb css=\u00a0\u00bb.vc_custom_1719496525715{margin-bottom: 35px !important;padding-right: 0px !important;padding-left: 0px !important;}\u00a0\u00bb][vc_column_inner width=\u00a0\u00bb1\/4&Prime;][vc_custom_heading text=\u00a0\u00bb14h00&Prime; font_container=\u00a0\u00bbtag:h2|text_align:center|color:%2301013e\u00a0\u00bb use_theme_fonts=\u00a0\u00bbyes\u00a0\u00bb el_class=\u00a0\u00bbfs-46&Prime;][\/vc_column_inner][vc_column_inner width=\u00a0\u00bb3\/4&Prime;][vc_column_text el_class=\u00a0\u00bbfs-18&Prime; css=\u00a0\u00bb.vc_custom_1717700827167{margin-bottom: 0px !important;}\u00a0\u00bb]<\/p>\n<p style=\"color: #01013e;\">Inscription.<\/p>\n<p>[\/vc_column_text][\/vc_column_inner][\/vc_row_inner][vc_row_inner css=\u00a0\u00bb.vc_custom_1717700278415{margin-right: 0px !important;margin-left: 0px !important;padding-top: 16px !important;padding-bottom: 16px !important;}\u00a0\u00bb el_class=\u00a0\u00bbcustom-gradient-bg-1&Prime;][vc_column_inner][vc_custom_heading text=\u00a0\u00bbConf\u00e9rence\u00a0\u00bb font_container=\u00a0\u00bbtag:h2|text_align:center|color:%23ffffff\u00a0\u00bb use_theme_fonts=\u00a0\u00bbyes\u00a0\u00bb el_class=\u00a0\u00bbfs-40&Prime; css=\u00a0\u00bb.vc_custom_1718649831152{margin-bottom: 0px !important;}\u00a0\u00bb][\/vc_column_inner][\/vc_row_inner][vc_row_inner equal_height=\u00a0\u00bbyes\u00a0\u00bb content_placement=\u00a0\u00bbmiddle\u00a0\u00bb css=\u00a0\u00bb.vc_custom_1719496552331{margin-top: 35px !important;margin-bottom: 35px !important;padding-right: 0px !important;padding-left: 0px !important;}\u00a0\u00bb][vc_column_inner width=\u00a0\u00bb1\/4&Prime;][vc_custom_heading text=\u00a0\u00bb14h45&Prime; font_container=\u00a0\u00bbtag:h2|text_align:center|color:%2301013e\u00a0\u00bb use_theme_fonts=\u00a0\u00bbyes\u00a0\u00bb el_class=\u00a0\u00bbfs-46&Prime;][\/vc_column_inner][vc_column_inner width=\u00a0\u00bb3\/4&Prime;][vc_column_text el_class=\u00a0\u00bbfs-18&Prime; css=\u00a0\u00bb.vc_custom_1717699624263{margin-bottom: 0px !important;}\u00a0\u00bb]<\/p>\n<p style=\"color: #01013e;\"><span class=\"fw-smbold\">Mario Therrien<\/span>, pr\u00e9sident de l\u2019\u00e9v\u00e9nement, d\u00e9voile le th\u00e8me central et pr\u00e9sente les conf\u00e9renciers principaux ainsi que tous les pan\u00e9listes.<\/p>\n<p>[\/vc_column_text][\/vc_column_inner][\/vc_row_inner][vc_separator color=\u00a0\u00bbcustom\u00a0\u00bb accent_color=\u00a0\u00bbrgba(1,1,62,0.35)\u00a0\u00bb css=\u00a0\u00bb.vc_custom_1717700106614{margin-top: 0px !important;margin-bottom: 0px !important;padding-right: 0px !important;padding-left: 0px !important;}\u00a0\u00bb][vc_row_inner equal_height=\u00a0\u00bbyes\u00a0\u00bb content_placement=\u00a0\u00bbmiddle\u00a0\u00bb css=\u00a0\u00bb.vc_custom_1719496566765{margin-top: 35px !important;margin-bottom: 35px !important;padding-right: 0px !important;padding-left: 0px !important;}\u00a0\u00bb][vc_column_inner width=\u00a0\u00bb1\/4&Prime;][vc_custom_heading text=\u00a0\u00bb15h15&Prime; font_container=\u00a0\u00bbtag:h2|text_align:center|color:%2301013e\u00a0\u00bb use_theme_fonts=\u00a0\u00bbyes\u00a0\u00bb el_class=\u00a0\u00bbfs-46&Prime;][\/vc_column_inner][vc_column_inner width=\u00a0\u00bb3\/4&Prime;][vc_column_text el_class=\u00a0\u00bbfs-18&Prime; css=\u00a0\u00bb.vc_custom_1717700536041{margin-bottom: 0px !important;}\u00a0\u00bb]<\/p>\n<p style=\"color: #01013e;\">Pr\u00e9sentation de la premi\u00e8re conf\u00e9renci\u00e8re, <span class=\"fw-smbold\">Michelle DiGruttolo \u00ab Perspectives g\u00e9opolitiques mondiales pour les investissements strat\u00e9giques \u00bb<\/span>.<\/p>\n<p>[\/vc_column_text][\/vc_column_inner][\/vc_row_inner][vc_separator color=\u00a0\u00bbcustom\u00a0\u00bb accent_color=\u00a0\u00bbrgba(1,1,62,0.35)\u00a0\u00bb css=\u00a0\u00bb.vc_custom_1717700106614{margin-top: 0px !important;margin-bottom: 0px !important;padding-right: 0px !important;padding-left: 0px !important;}\u00a0\u00bb][vc_row_inner equal_height=\u00a0\u00bbyes\u00a0\u00bb content_placement=\u00a0\u00bbmiddle\u00a0\u00bb css=\u00a0\u00bb.vc_custom_1719496582481{margin-top: 35px !important;margin-bottom: 35px !important;padding-right: 0px !important;padding-left: 0px !important;}\u00a0\u00bb][vc_column_inner width=\u00a0\u00bb1\/4&Prime;][vc_custom_heading text=\u00a0\u00bb15h45&Prime; font_container=\u00a0\u00bbtag:h2|text_align:center|color:%2301013e\u00a0\u00bb use_theme_fonts=\u00a0\u00bbyes\u00a0\u00bb el_class=\u00a0\u00bbfs-46&Prime;][\/vc_column_inner][vc_column_inner width=\u00a0\u00bb3\/4&Prime;][vc_column_text el_class=\u00a0\u00bbfs-18&Prime; css=\u00a0\u00bb.vc_custom_1717700897953{margin-bottom: 0px !important;}\u00a0\u00bb]<\/p>\n<p style=\"color: #01013e;\">Pr\u00e9sentation du deuxi\u00e8me conf\u00e9rencier, <span class=\"fw-smbold\">William J. Kelly \u00ab Le dividende de la curiosit\u00e9 : Une ann\u00e9e d\u2019entretiens mondiaux : Perspectives et enseignements \u00bb<\/span>.<\/p>\n<p>[\/vc_column_text][\/vc_column_inner][\/vc_row_inner][vc_separator color=\u00a0\u00bbcustom\u00a0\u00bb accent_color=\u00a0\u00bbrgba(1,1,62,0.35)\u00a0\u00bb css=\u00a0\u00bb.vc_custom_1717700106614{margin-top: 0px !important;margin-bottom: 0px !important;padding-right: 0px !important;padding-left: 0px !important;}\u00a0\u00bb][vc_row_inner equal_height=\u00a0\u00bbyes\u00a0\u00bb content_placement=\u00a0\u00bbmiddle\u00a0\u00bb css=\u00a0\u00bb.vc_custom_1719496591230{margin-top: 35px !important;margin-bottom: 35px !important;padding-right: 0px !important;padding-left: 0px !important;}\u00a0\u00bb][vc_column_inner width=\u00a0\u00bb1\/4&Prime;][vc_custom_heading text=\u00a0\u00bb16h05&Prime; font_container=\u00a0\u00bbtag:h2|text_align:center|color:%2301013e\u00a0\u00bb use_theme_fonts=\u00a0\u00bbyes\u00a0\u00bb el_class=\u00a0\u00bbfs-46&Prime;][\/vc_column_inner][vc_column_inner width=\u00a0\u00bb3\/4&Prime;][vc_column_text el_class=\u00a0\u00bbfs-18&Prime; css=\u00a0\u00bb.vc_custom_1718035535537{margin-bottom: 0px !important;}\u00a0\u00bb]<\/p>\n<p style=\"color: #01013e;\">Discussion des pan\u00e9listes<br \/>\n<span class=\"fw-smbold\">Ranjan Bhaduri<\/span> (Bodhi Research Group), <span class=\"fw-smbold\">mod\u00e9rateur<\/span><br \/>\n<span class=\"fw-smbold\">Fran\u00e7ois Rivard<\/span> (Innocap), <span class=\"fw-smbold\">pan\u00e9liste<\/span><br \/>\n<span class=\"fw-smbold\">Dr Anne-Sophie Van Royen<\/span> (One USA Inc.), <span class=\"fw-smbold\">pan\u00e9liste<\/span><br \/>\n<span class=\"fw-smbold\">Eduard van Gelderen<\/span> (PSP Investments), <span class=\"fw-smbold\">pan\u00e9liste<\/span><\/p>\n<p>[\/vc_column_text][\/vc_column_inner][\/vc_row_inner][vc_separator color=\u00a0\u00bbcustom\u00a0\u00bb accent_color=\u00a0\u00bbrgba(1,1,62,0.35)\u00a0\u00bb css=\u00a0\u00bb.vc_custom_1717700106614{margin-top: 0px !important;margin-bottom: 0px !important;padding-right: 0px !important;padding-left: 0px !important;}\u00a0\u00bb][vc_row_inner equal_height=\u00a0\u00bbyes\u00a0\u00bb content_placement=\u00a0\u00bbmiddle\u00a0\u00bb css=\u00a0\u00bb.vc_custom_1719496602816{margin-top: 35px !important;margin-bottom: 35px !important;padding-right: 0px !important;padding-left: 0px !important;}\u00a0\u00bb][vc_column_inner width=\u00a0\u00bb1\/4&Prime;][vc_custom_heading text=\u00a0\u00bb16h45&Prime; font_container=\u00a0\u00bbtag:h2|text_align:center|color:%2301013e\u00a0\u00bb use_theme_fonts=\u00a0\u00bbyes\u00a0\u00bb el_class=\u00a0\u00bbfs-46&Prime;][\/vc_column_inner][vc_column_inner width=\u00a0\u00bb3\/4&Prime;][vc_column_text el_class=\u00a0\u00bbfs-18&Prime; css=\u00a0\u00bb.vc_custom_1717702716414{margin-bottom: 0px !important;}\u00a0\u00bb]<\/p>\n<p style=\"color: #01013e; margin-bottom: 15px;\">P\u00e9riode de questions et r\u00e9ponses<\/p>\n<p style=\"color: #01013e;\">L\u2019\u00e9v\u00e9nement se terminera par un mot de la fin de <span class=\"fw-smbold\">Mario Therrien<\/span> et une invitation de <span class=\"fw-smbold\">Claude Perron<\/span> \u00e0 se rendre \u00e0 l\u2019\u00e9v\u00e9nement de r\u00e9seautage M\u00e9choui.<\/p>\n<p>[\/vc_column_text][\/vc_column_inner][\/vc_row_inner][vc_row_inner css=\u00a0\u00bb.vc_custom_1717702757688{margin-right: 0px !important;margin-left: 0px !important;padding-top: 16px !important;padding-bottom: 16px !important;}\u00a0\u00bb el_class=\u00a0\u00bbcustom-gradient-bg-2&Prime;][vc_column_inner][vc_custom_heading text=\u00a0\u00bbR\u00e9seautage et M\u00e9choui\u00a0\u00bb font_container=\u00a0\u00bbtag:h2|text_align:center|color:%23ffffff\u00a0\u00bb use_theme_fonts=\u00a0\u00bbyes\u00a0\u00bb el_class=\u00a0\u00bbfs-40&Prime; css=\u00a0\u00bb.vc_custom_1718649872268{margin-bottom: 0px !important;}\u00a0\u00bb][\/vc_column_inner][\/vc_row_inner][vc_row_inner equal_height=\u00a0\u00bbyes\u00a0\u00bb content_placement=\u00a0\u00bbmiddle\u00a0\u00bb css=\u00a0\u00bb.vc_custom_1719496616513{margin-top: 35px !important;margin-bottom: 35px !important;padding-right: 0px !important;padding-left: 0px !important;}\u00a0\u00bb][vc_column_inner width=\u00a0\u00bb1\/4&Prime;][vc_custom_heading text=\u00a0\u00bb17h00&Prime; font_container=\u00a0\u00bbtag:h2|text_align:center|color:%2301013e\u00a0\u00bb use_theme_fonts=\u00a0\u00bbyes\u00a0\u00bb el_class=\u00a0\u00bbfs-46&Prime;][\/vc_column_inner][vc_column_inner width=\u00a0\u00bb3\/4&Prime;][vc_column_text el_class=\u00a0\u00bbfs-18&Prime; css=\u00a0\u00bb.vc_custom_1717705707430{margin-bottom: 0px !important;}\u00a0\u00bb]<\/p>\n<p style=\"color: #01013e;\">D\u00e9but du cocktail de r\u00e9seautage.<\/p>\n<p>[\/vc_column_text][\/vc_column_inner][\/vc_row_inner][vc_separator color=\u00a0\u00bbcustom\u00a0\u00bb accent_color=\u00a0\u00bbrgba(1,1,62,0.35)\u00a0\u00bb css=\u00a0\u00bb.vc_custom_1717700106614{margin-top: 0px !important;margin-bottom: 0px !important;padding-right: 0px !important;padding-left: 0px !important;}\u00a0\u00bb][vc_row_inner equal_height=\u00a0\u00bbyes\u00a0\u00bb content_placement=\u00a0\u00bbmiddle\u00a0\u00bb css=\u00a0\u00bb.vc_custom_1719496625194{margin-top: 35px !important;margin-bottom: 35px !important;padding-right: 0px !important;padding-left: 0px !important;}\u00a0\u00bb][vc_column_inner width=\u00a0\u00bb1\/4&Prime;][vc_custom_heading text=\u00a0\u00bb18h00&Prime; font_container=\u00a0\u00bbtag:h2|text_align:center|color:%2301013e\u00a0\u00bb use_theme_fonts=\u00a0\u00bbyes\u00a0\u00bb el_class=\u00a0\u00bbfs-46&Prime;][\/vc_column_inner][vc_column_inner width=\u00a0\u00bb3\/4&Prime;][vc_column_text el_class=\u00a0\u00bbfs-18&Prime; css=\u00a0\u00bb.vc_custom_1717707159407{margin-bottom: 0px !important;}\u00a0\u00bb]<\/p>\n<p style=\"color: #01013e;\">D\u00e9but du service du M\u00e9choui.<\/p>\n<p>[\/vc_column_text][\/vc_column_inner][\/vc_row_inner][vc_separator color=\u00a0\u00bbcustom\u00a0\u00bb accent_color=\u00a0\u00bbrgba(1,1,62,0.35)\u00a0\u00bb css=\u00a0\u00bb.vc_custom_1717700106614{margin-top: 0px !important;margin-bottom: 0px !important;padding-right: 0px !important;padding-left: 0px !important;}\u00a0\u00bb][vc_row_inner equal_height=\u00a0\u00bbyes\u00a0\u00bb content_placement=\u00a0\u00bbmiddle\u00a0\u00bb css=\u00a0\u00bb.vc_custom_1719496632029{margin-top: 35px !important;margin-bottom: 35px !important;padding-right: 0px !important;padding-left: 0px !important;}\u00a0\u00bb][vc_column_inner width=\u00a0\u00bb1\/4&Prime;][vc_custom_heading text=\u00a0\u00bb22h00&Prime; font_container=\u00a0\u00bbtag:h2|text_align:center|color:%2301013e\u00a0\u00bb use_theme_fonts=\u00a0\u00bbyes\u00a0\u00bb el_class=\u00a0\u00bbfs-46&Prime;][\/vc_column_inner][vc_column_inner width=\u00a0\u00bb3\/4&Prime;][vc_column_text el_class=\u00a0\u00bbfs-18&Prime; css=\u00a0\u00bb.vc_custom_1717707357774{margin-bottom: 0px !important;}\u00a0\u00bb]<\/p>\n<p style=\"color: #01013e;\">Fin de la soir\u00e9e.<\/p>\n<p>[\/vc_column_text][\/vc_column_inner][\/vc_row_inner][vc_separator color=\u00a0\u00bbcustom\u00a0\u00bb accent_color=\u00a0\u00bbrgba(1,1,62,0.35)\u00a0\u00bb css=\u00a0\u00bb.vc_custom_1717700106614{margin-top: 0px !important;margin-bottom: 0px !important;padding-right: 0px !important;padding-left: 0px !important;}\u00a0\u00bb][vc_custom_heading text=\u00a0\u00bb*Sujet \u00e0 des changements sans pr\u00e9avis.\u00a0\u00bb font_container=\u00a0\u00bbtag:p|text_align:left|color:%2301013e\u00a0\u00bb use_theme_fonts=\u00a0\u00bbyes\u00a0\u00bb el_class=\u00a0\u00bbcaption\u00a0\u00bb css=\u00a0\u00bb.vc_custom_1719496643748{margin-top: 25px !important;}\u00a0\u00bb][\/vc_column][\/vc_row][vc_row overlay_dotted=\u00a0\u00bb\u00a0\u00bb css=\u00a0\u00bb.vc_custom_1719497295660{margin-top: 50px !important;margin-bottom: 100px !important;}\u00a0\u00bb][vc_column text_alignment=\u00a0\u00bbtext-center\u00a0\u00bb]<div class=\"clearfix lvsy-btn-69fa385d6bdd2 btn-hover-one \" ><a href=\"\/fr\/evenements-2024\/mechoui-2024-galerie\/\" class=\"lvsy-btn lvsy-btn-black\">VOIR GALERIE PHOTOS<\/a><\/div>[\/vc_column][\/vc_row]<\/p>\n<\/section>","protected":false},"excerpt":{"rendered":"[vc_row full_width=\u00a0\u00bbstretch_row\u00a0\u00bb overlay_dotted=\u00a0\u00bb\u00a0\u00bb el_class=\u00a0\u00bbcustom-banner\u00a0\u00bb css=\u00a0\u00bb.vc_custom_1718737723590{background-image: url(https:\/\/fiamtl.com\/wp-content\/uploads\/2024\/06\/15331_FIAM_ME\u0301CHOUI_PHOTO_THEMATIQUE_WEB_COMP.jpg?id=9210) !important;background-position: center !important;background-repeat: no-repeat !important;background-size: cover !important;}\u00a0\u00bb][vc_column][vc_single_image image=\u00a0\u00bb9206&Prime; img_size=\u00a0\u00bbfull\u00a0\u00bb alignment=\u00a0\u00bbright\u00a0\u00bb css=\u00a0\u00bb.vc_custom_1718737758087{margin-top: 0px !important;margin-bottom: 0px !important;}\u00a0\u00bb][\/vc_column][\/vc_row][vc_row full_width=\u00a0\u00bbstretch_row\u00a0\u00bb equal_height=\u00a0\u00bbyes\u00a0\u00bb content_placement=\u00a0\u00bbmiddle\u00a0\u00bb overlay_dotted=\u00a0\u00bb\u00a0\u00bb el_class=\u00a0\u00bbgradient-bg txt-secondary banner-text\u00a0\u00bb css=\u00a0\u00bb.vc_custom_1719496469718{margin-bottom: 50px [&#8230;]","protected":false},"author":3,"featured_media":0,"parent":8267,"menu_order":0,"comment_status":"closed","ping_status":"closed","template":"","meta":{"_eb_attr":"","footnotes":""},"class_list":["post-8748","page","type-page","status-publish","hentry"],"_links":{"self":[{"href":"https:\/\/fiamtl.com\/fr\/wp-json\/wp\/v2\/pages\/8748","targetHints":{"allow":["GET"]}}],"collection":[{"href":"https:\/\/fiamtl.com\/fr\/wp-json\/wp\/v2\/pages"}],"about":[{"href":"https:\/\/fiamtl.com\/fr\/wp-json\/wp\/v2\/types\/page"}],"author":[{"embeddable":true,"href":"https:\/\/fiamtl.com\/fr\/wp-json\/wp\/v2\/users\/3"}],"replies":[{"embeddable":true,"href":"https:\/\/fiamtl.com\/fr\/wp-json\/wp\/v2\/comments?post=8748"}],"version-history":[{"count":0,"href":"https:\/\/fiamtl.com\/fr\/wp-json\/wp\/v2\/pages\/8748\/revisions"}],"up":[{"embeddable":true,"href":"https:\/\/fiamtl.com\/fr\/wp-json\/wp\/v2\/pages\/8267"}],"wp:attachment":[{"href":"https:\/\/fiamtl.com\/fr\/wp-json\/wp\/v2\/media?parent=8748"}],"curies":[{"name":"wp","href":"https:\/\/api.w.org\/{rel}","templated":true}]}}