{"id":8735,"date":"2024-06-13T15:12:35","date_gmt":"2024-06-13T19:12:35","guid":{"rendered":"https:\/\/fiamtl.com\/?page_id=8735"},"modified":"2024-08-13T15:14:10","modified_gmt":"2024-08-13T19:14:10","slug":"directions","status":"publish","type":"page","link":"https:\/\/fiamtl.com\/fr\/evenements-2024\/directions\/","title":{"rendered":"Directions"},"content":{"rendered":"<section class=\"wpb-content-wrapper\"><p>[vc_row full_width=\u00a0\u00bbstretch_row\u00a0\u00bb overlay_dotted=\u00a0\u00bb\u00a0\u00bb el_class=\u00a0\u00bbcustom-banner\u00a0\u00bb css=\u00a0\u00bb.vc_custom_1718286428439{background-image: url(https:\/\/fiamtl.com\/wp-content\/uploads\/2024\/06\/Screenshot-2024-06-12-at-11.45.14\u202fAM.png?id=8940) !important;background-position: center !important;background-repeat: no-repeat !important;background-size: cover !important;}\u00a0\u00bb][vc_column][\/vc_column][\/vc_row][vc_row full_width=\u00a0\u00bbstretch_row\u00a0\u00bb equal_height=\u00a0\u00bbyes\u00a0\u00bb content_placement=\u00a0\u00bbmiddle\u00a0\u00bb overlay_dotted=\u00a0\u00bb\u00a0\u00bb el_class=\u00a0\u00bbgradient-bg txt-secondary banner-text\u00a0\u00bb css=\u00a0\u00bb.vc_custom_1719497477941{margin-bottom: 50px !important;padding-top: 50px !important;padding-bottom: 50px !important;}\u00a0\u00bb][vc_column width=\u00a0\u00bb1\/2&Prime;][vc_custom_heading text=\u00a0\u00bbDirections\u00a0\u00bb font_container=\u00a0\u00bbtag:h2|text_align:left|color:%239be8ff\u00a0\u00bb use_theme_fonts=\u00a0\u00bbyes\u00a0\u00bb][\/vc_column][vc_column width=\u00a0\u00bb1\/2&Prime;][\/vc_column][\/vc_row][vc_row overlay_dotted=\u00a0\u00bb\u00a0\u00bb css=\u00a0\u00bb.vc_custom_1719497496135{margin-bottom: 100px !important;}\u00a0\u00bb][vc_column][vc_custom_heading text=\u00a0\u00bbLieu de l&rsquo;\u00e9v\u00e9nement\u00a0\u00bb font_container=\u00a0\u00bbtag:h3|text_align:left|color:%230054c6&Prime; use_theme_fonts=\u00a0\u00bbyes\u00a0\u00bb el_class=\u00a0\u00bbfs-24 fw-smbold\u00a0\u00bb css=\u00a0\u00bb.vc_custom_1719512859764{margin-bottom: 25px !important;}\u00a0\u00bb][vc_column_text el_class=\u00a0\u00bbfs-18&Prime; css=\u00a0\u00bb.vc_custom_1719512825749{margin-bottom: 50px !important;}\u00a0\u00bb]<\/p>\n<p class=\"p1\"><b>Le Belv\u00e9d\u00e8re du Paddock du Parc Jean-Drapeau<\/b><\/p>\n<p class=\"p1\">260 Circuit Gilles Villeneuve, Montr\u00e9al, QC H3C 6A1<\/p>\n<p>[\/vc_column_text][vc_custom_heading text=\u00a0\u00bbComment se rendre\u00a0\u00bb font_container=\u00a0\u00bbtag:h3|text_align:left|color:%230054c6&Prime; use_theme_fonts=\u00a0\u00bbyes\u00a0\u00bb el_class=\u00a0\u00bbfs-24 fw-smbold\u00a0\u00bb css=\u00a0\u00bb.vc_custom_1723570065600{margin-bottom: 25px !important;}\u00a0\u00bb][vc_column_text el_class=\u00a0\u00bbfs-18&Prime; css=\u00a0\u00bb.vc_custom_1721395778999{margin-bottom: 50px !important;}\u00a0\u00bb]<\/p>\n<p class=\"p1\">Prenez le boulevanrd Robert-Bourassa en direction Sud. Prendre la sortie 2 de l&rsquo;Autoroute Bonaventure (10 Est). Suivre la route vers l&rsquo;avenue Pierre-Dupuy en direction du Circuit Gilles-Villeneuve. Dirigez-vous vers le stationnement P4 pr\u00e8s de l&rsquo;entr\u00e9e du Paddock.<\/p>\n<p class=\"p1\">L&rsquo;\u00e9v\u00e9nement est au 3<sup>e<\/sup> \u00e9tage. Suivre les indications sur place.<\/p>\n<p>[\/vc_column_text][vc_single_image image=\u00a0\u00bb9734&Prime; img_size=\u00a0\u00bbfull\u00a0\u00bb alignment=\u00a0\u00bbcenter\u00a0\u00bb css=\u00a0\u00bb.vc_custom_1723570041131{margin-bottom: 50px !important;}\u00a0\u00bb][vc_custom_heading text=\u00a0\u00bbSi vous devez retourner entre 19 h et 21 h\u00a0\u00bb font_container=\u00a0\u00bbtag:h3|text_align:left|color:%230054c6&Prime; use_theme_fonts=\u00a0\u00bbyes\u00a0\u00bb el_class=\u00a0\u00bbfs-24 fw-smbold\u00a0\u00bb css=\u00a0\u00bb.vc_custom_1723571843041{margin-bottom: 25px !important;}\u00a0\u00bb][vc_column_text el_class=\u00a0\u00bbfs-18&Prime; css=\u00a0\u00bb.vc_custom_1723571849690{margin-bottom: 50px !important;}\u00a0\u00bb]<\/p>\n<p class=\"p1\">Apr\u00e8s 21 h le retour se fait via le Circuit Gilles-Villeneuve.<\/p>\n<p>[\/vc_column_text][vc_single_image image=\u00a0\u00bb9736&Prime; img_size=\u00a0\u00bbfull\u00a0\u00bb alignment=\u00a0\u00bbcenter\u00a0\u00bb css=\u00a0\u00bb.vc_custom_1723570259006{margin-bottom: 50px !important;}\u00a0\u00bb][vc_custom_heading text=\u00a0\u00bbVoiture \/ Taxi \/ Uber\u00a0\u00bb font_container=\u00a0\u00bbtag:h3|text_align:left|color:%230054c6&Prime; use_theme_fonts=\u00a0\u00bbyes\u00a0\u00bb el_class=\u00a0\u00bbfs-24 fw-smbold\u00a0\u00bb css=\u00a0\u00bb.vc_custom_1717773972350{margin-bottom: 25px !important;}\u00a0\u00bb][vc_column_text el_class=\u00a0\u00bbfs-18&Prime; css=\u00a0\u00bb.vc_custom_1718206911302{margin-bottom: 50px !important;}\u00a0\u00bb]Pour vous rendre, choisissez plut\u00f4t le confort et la praticit\u00e9 de la voiture, du taxi ou du Uber pour votre trajet vers l\u2019\u00e9v\u00e9nement.[\/vc_column_text][vc_custom_heading text=\u00a0\u00bbStation de m\u00e9tro\u00a0\u00bb font_container=\u00a0\u00bbtag:h3|text_align:left|color:%230054c6&Prime; use_theme_fonts=\u00a0\u00bbyes\u00a0\u00bb el_class=\u00a0\u00bbfs-24 fw-smbold\u00a0\u00bb css=\u00a0\u00bb.vc_custom_1717696669370{margin-bottom: 25px !important;}\u00a0\u00bb][vc_column_text el_class=\u00a0\u00bbfs-18&Prime; css=\u00a0\u00bb.vc_custom_1717774004149{margin-bottom: 0px !important;}\u00a0\u00bb]Nous vous recommandons d\u2019\u00e9viter l\u2019utilisation du m\u00e9tro, car vous devrez marcher pendant environ 30 minutes pour vous rendre \u00e0 l\u2019\u00e9v\u00e9nement. Pour \u00e9viter toute surprise, veuillez planifier votre itin\u00e9raire \u00e0 l\u2019avance.[\/vc_column_text][\/vc_column][\/vc_row]<\/p>\n<\/section>","protected":false},"excerpt":{"rendered":"[vc_row full_width=\u00a0\u00bbstretch_row\u00a0\u00bb overlay_dotted=\u00a0\u00bb\u00a0\u00bb el_class=\u00a0\u00bbcustom-banner\u00a0\u00bb css=\u00a0\u00bb.vc_custom_1718286428439{background-image: url(https:\/\/fiamtl.com\/wp-content\/uploads\/2024\/06\/Screenshot-2024-06-12-at-11.45.14\u202fAM.png?id=8940) !important;background-position: center !important;background-repeat: no-repeat !important;background-size: cover !important;}\u00a0\u00bb][vc_column][\/vc_column][\/vc_row][vc_row full_width=\u00a0\u00bbstretch_row\u00a0\u00bb equal_height=\u00a0\u00bbyes\u00a0\u00bb content_placement=\u00a0\u00bbmiddle\u00a0\u00bb overlay_dotted=\u00a0\u00bb\u00a0\u00bb el_class=\u00a0\u00bbgradient-bg txt-secondary banner-text\u00a0\u00bb css=\u00a0\u00bb.vc_custom_1719497477941{margin-bottom: 50px !important;padding-top: 50px !important;padding-bottom: 50px !important;}\u00a0\u00bb][vc_column width=\u00a0\u00bb1\/2&Prime;][vc_custom_heading text=\u00a0\u00bbDirections\u00a0\u00bb font_container=\u00a0\u00bbtag:h2|text_align:left|color:%239be8ff\u00a0\u00bb [&#8230;]","protected":false},"author":3,"featured_media":0,"parent":8267,"menu_order":0,"comment_status":"closed","ping_status":"closed","template":"","meta":{"_eb_attr":"","footnotes":""},"class_list":["post-8735","page","type-page","status-publish","hentry"],"_links":{"self":[{"href":"https:\/\/fiamtl.com\/fr\/wp-json\/wp\/v2\/pages\/8735","targetHints":{"allow":["GET"]}}],"collection":[{"href":"https:\/\/fiamtl.com\/fr\/wp-json\/wp\/v2\/pages"}],"about":[{"href":"https:\/\/fiamtl.com\/fr\/wp-json\/wp\/v2\/types\/page"}],"author":[{"embeddable":true,"href":"https:\/\/fiamtl.com\/fr\/wp-json\/wp\/v2\/users\/3"}],"replies":[{"embeddable":true,"href":"https:\/\/fiamtl.com\/fr\/wp-json\/wp\/v2\/comments?post=8735"}],"version-history":[{"count":0,"href":"https:\/\/fiamtl.com\/fr\/wp-json\/wp\/v2\/pages\/8735\/revisions"}],"up":[{"embeddable":true,"href":"https:\/\/fiamtl.com\/fr\/wp-json\/wp\/v2\/pages\/8267"}],"wp:attachment":[{"href":"https:\/\/fiamtl.com\/fr\/wp-json\/wp\/v2\/media?parent=8735"}],"curies":[{"name":"wp","href":"https:\/\/api.w.org\/{rel}","templated":true}]}}