{"id":7555,"date":"2023-08-30T10:34:35","date_gmt":"2023-08-30T14:34:35","guid":{"rendered":"https:\/\/fiamtl.com\/?page_id=7555"},"modified":"2024-06-17T11:41:39","modified_gmt":"2024-06-17T15:41:39","slug":"recognition-2023","status":"publish","type":"page","link":"https:\/\/fiamtl.com\/fr\/reconnaissance-et-engagement\/recognition-2023\/","title":{"rendered":"R\u00e9cipiendaire 2023"},"content":{"rendered":"<section class=\"wpb-content-wrapper\"><p>[vc_row][vc_column][vc_custom_heading text=\u00a0\u00bbR\u00e9cipiendaire 2023&Prime; font_container=\u00a0\u00bbtag:h3|text_align:left|color:%230054c6&Prime; use_theme_fonts=\u00a0\u00bbyes\u00a0\u00bb css=\u00a0\u00bb.vc_custom_1718637727269{margin-top: 15px !important;margin-bottom: 30px !important;}\u00a0\u00bb][\/vc_column][\/vc_row][vc_row equal_height=\u00a0\u00bbyes\u00a0\u00bb overlay_dotted=\u00a0\u00bb\u00a0\u00bb][vc_column width=\u00a0\u00bb1\/3&Prime;][vc_custom_heading text=\u00a0\u00bbCFA Montr\u00e9al honore Julie Ducharme et applaudit son implication d\u00e9vou\u00e9e au sein de la communaut\u00e9 financi\u00e8re et de l\u2019investissement de Montr\u00e9al\u00a0\u00bb font_container=\u00a0\u00bbtag:h4|text_align:left\u00a0\u00bb use_theme_fonts=\u00a0\u00bbyes\u00a0\u00bb][vc_row_inner][vc_column_inner width=\u00a0\u00bb1\/2&Prime; offset=\u00a0\u00bbvc_col-md-6 vc_col-xs-6&Prime;][vc_single_image image=\u00a0\u00bb7549&Prime; img_size=\u00a0\u00bbfull\u00a0\u00bb style=\u00a0\u00bbvc_box_rounded\u00a0\u00bb][\/vc_column_inner][vc_column_inner width=\u00a0\u00bb1\/2&Prime; offset=\u00a0\u00bbvc_col-md-6 vc_col-xs-6&Prime;][vc_single_image image=\u00a0\u00bb7547&Prime; img_size=\u00a0\u00bbfull\u00a0\u00bb style=\u00a0\u00bbvc_box_rounded\u00a0\u00bb][\/vc_column_inner][\/vc_row_inner][vc_row_inner css=\u00a0\u00bb.vc_custom_1718379614453{margin-bottom: 35px !important;}\u00a0\u00bb][vc_column_inner][vc_custom_heading text=\u00a0\u00bbJulie Ducharme\u00a0\u00bb font_container=\u00a0\u00bbtag:h5|text_align:left|color:%23505050&Prime; use_theme_fonts=\u00a0\u00bbyes\u00a0\u00bb][vc_custom_heading text=\u00a0\u00bbVice-Pr\u00e9sidente et gestionnaire de portefeuille, PH&amp;N Institutionnel\u00a0\u00bb font_container=\u00a0\u00bbtag:p|text_align:left|color:%23505050&Prime; use_theme_fonts=\u00a0\u00bbyes\u00a0\u00bb el_class=\u00a0\u00bbcaption\u00a0\u00bb][\/vc_column_inner][\/vc_row_inner][\/vc_column][vc_column width=\u00a0\u00bb2\/3&Prime;][vc_column_text el_class=\u00a0\u00bbfs-14&Prime;]Le 24 ao\u00fbt dernier avait lieu la 10e \u00e9dition du M\u00e9choui annuel, organis\u00e9e par FIAMtl, au cours de laquelle CFA Montr\u00e9al a remis le prix <em><strong>Femme qui s\u2019est le plus distingu\u00e9e par son implication \u00e9m\u00e9rite au sein de la communaut\u00e9 financi\u00e8re et de l\u2019investissement de Montr\u00e9al<\/strong><\/em> \u00e0 Julie Ducharme, CFA. Cette distinction vient reconna\u00eetre sa contribution au rayonnement des professions en finance, et plus particuli\u00e8rement de la d\u00e9signation CFA, aupr\u00e8s de la rel\u00e8ve et de la future g\u00e9n\u00e9ration en finance.<\/p>\n<p>Si\u00e9geant comme administratrice au Conseil d\u2019administration de CFA Montr\u00e9al depuis 4 ans, Mme Ducharme est une conseill\u00e8re judicieuse et tr\u00e8s investie. Membre du Comit\u00e9 de planification strat\u00e9gique de l\u2019Association, elle s\u2019est \u00e9galement impliqu\u00e9e dans le Programme mentorat depuis plusieurs ann\u00e9es, d\u2019abord \u00e0 titre de coresponsable du programme, puis au niveau du jumelage des dyades et souvent comme mentor. Elle croit fermement \u00e0 la notion de redonner au suivant. Avide d\u00e9fenseure de la diversit\u00e9, en particulier au niveau de la place des femmes en finance, cette femme de t\u00eate qui incarne assur\u00e9ment les valeurs d\u2019\u00e9thique et de professionnalisme qui font la marque CFA, est une b\u00e9n\u00e9vole remarquable et on-ne-peut-plus engag\u00e9e. Si vous la cherchez, il y a de bonnes chances que vous la croisiez r\u00e9guli\u00e8rement dans un \u00e9tablissement acad\u00e9mique, tant au niveau secondaire, coll\u00e9gial ou universitaire, o\u00f9 elle saisit toutes les occasions de partager sa passion aupr\u00e8s des \u00e9tudiantes pour les inspirer et leur faire conna\u00eetre notre profession.<\/p>\n<p>\u00ab Je suis reconnaissante de faire partie de cette communaut\u00e9 et d&rsquo;avoir pu contribuer \u00e0 la mission de CFA Montr\u00e9al, qui est de favoriser la progression de carri\u00e8re de ses membres. Que ce soit par le biais du Programme mentorat ou de l&rsquo;importance accord\u00e9e par notre Conseil d&rsquo;administration au soutien de nos membres, j&rsquo;ai toujours senti que j&rsquo;avais un endroit o\u00f9 je pouvais \u00eatre moi-m\u00eame et participer \u00e0 l&rsquo;enrichissement de notre Association locale \u00bb a d\u00e9clar\u00e9 Mme Ducharme.<\/p>\n<p>Sa vision actuelle de l\u2019industrie de la finance et plus sp\u00e9cifiquement du point de vue de la diversit\u00e9 est tr\u00e8s claire. \u00ab De la m\u00eame mani\u00e8re dont les march\u00e9s \u00e9voluent rapidement, la communaut\u00e9 financi\u00e8re doit rester pertinente. Les leaders devront faire preuve d&rsquo;audace pour changer le visage de notre industrie afin de refl\u00e9ter celui de nos clients, en particulier en ce qui concerne la diversit\u00e9, et particuli\u00e8rement \u00e0 Montr\u00e9al ! Bien que 40 % des candidat(e)s au titre de CFA dans le monde soient des femmes, ce chiffre tombe \u00e0 26 % \u00e0 Montr\u00e9al \u00bb indique-t-elle.<\/p>\n<p>Enthousiaste pour la prochaine g\u00e9n\u00e9ration, elle souhaite d\u2019ailleurs que les femmes de l\u2019industrie de la finance se joignent \u00e0 elle pour continuer de faire conna\u00eetre les opportunit\u00e9s de carri\u00e8re du milieu aupr\u00e8s des \u00e9tudiantes afin d\u2019assurer une rel\u00e8ve diversifi\u00e9e de leaders en finance.<\/p>\n<p>Dans le cadre de cette distinction d\u00e9cern\u00e9e lors du M\u00e9choui annuel de FIAMtl, son pr\u00e9sident, M. Claude Perron, a soulign\u00e9 que: \u00ab Julie laisse une empreinte durable dans notre communaut\u00e9 financi\u00e8re, en particulier par sa passion pour le d\u00e9veloppement de jeunes talents au sein du Programme de mentorat de CFA Montr\u00e9al, dont elle aura \u00e9t\u00e9 un des piliers depuis plusieurs ann\u00e9es. Fi\u00e8re ambassadrice de la mission de l\u2019Association et de ses valeurs, son d\u00e9vouement sans rel\u00e2che pour l\u2019avancement des femmes dans le secteur financier joue un r\u00f4le important pour encourager et inspirer de nombreuses \u00e9tudiantes \u00e0 poursuivre des carri\u00e8res dans ce domaine. \u00bb<\/p>\n<p>La grande cr\u00e9dibilit\u00e9 de Julie Ducharme dans l\u2019industrie de la finance a ind\u00e9niablement fait ses preuves et au nom de toute la communaut\u00e9 de CFA Montr\u00e9al, nous la f\u00e9licitons sinc\u00e8rement pour cette reconnaissance hautement m\u00e9rit\u00e9e![\/vc_column_text][\/vc_column][\/vc_row]<\/p>\n<\/section>","protected":false},"excerpt":{"rendered":"[vc_row][vc_column][vc_custom_heading text=\u00a0\u00bbR\u00e9cipiendaire 2023&Prime; font_container=\u00a0\u00bbtag:h3|text_align:left|color:%230054c6&Prime; use_theme_fonts=\u00a0\u00bbyes\u00a0\u00bb css=\u00a0\u00bb.vc_custom_1718637727269{margin-top: 15px !important;margin-bottom: 30px !important;}\u00a0\u00bb][\/vc_column][\/vc_row][vc_row equal_height=\u00a0\u00bbyes\u00a0\u00bb overlay_dotted=\u00a0\u00bb\u00a0\u00bb][vc_column width=\u00a0\u00bb1\/3&Prime;][vc_custom_heading text=\u00a0\u00bbCFA Montr\u00e9al honore Julie Ducharme et applaudit son implication d\u00e9vou\u00e9e au sein de la communaut\u00e9 financi\u00e8re et [&#8230;]","protected":false},"author":1,"featured_media":0,"parent":6734,"menu_order":0,"comment_status":"closed","ping_status":"closed","template":"","meta":{"_eb_attr":"","footnotes":""},"class_list":["post-7555","page","type-page","status-publish","hentry"],"_links":{"self":[{"href":"https:\/\/fiamtl.com\/fr\/wp-json\/wp\/v2\/pages\/7555","targetHints":{"allow":["GET"]}}],"collection":[{"href":"https:\/\/fiamtl.com\/fr\/wp-json\/wp\/v2\/pages"}],"about":[{"href":"https:\/\/fiamtl.com\/fr\/wp-json\/wp\/v2\/types\/page"}],"author":[{"embeddable":true,"href":"https:\/\/fiamtl.com\/fr\/wp-json\/wp\/v2\/users\/1"}],"replies":[{"embeddable":true,"href":"https:\/\/fiamtl.com\/fr\/wp-json\/wp\/v2\/comments?post=7555"}],"version-history":[{"count":0,"href":"https:\/\/fiamtl.com\/fr\/wp-json\/wp\/v2\/pages\/7555\/revisions"}],"up":[{"embeddable":true,"href":"https:\/\/fiamtl.com\/fr\/wp-json\/wp\/v2\/pages\/6734"}],"wp:attachment":[{"href":"https:\/\/fiamtl.com\/fr\/wp-json\/wp\/v2\/media?parent=7555"}],"curies":[{"name":"wp","href":"https:\/\/api.w.org\/{rel}","templated":true}]}}