{"id":7542,"date":"2023-08-30T10:34:44","date_gmt":"2023-08-30T14:34:44","guid":{"rendered":"https:\/\/fiamtl.com\/?page_id=7542"},"modified":"2024-06-17T11:43:34","modified_gmt":"2024-06-17T15:43:34","slug":"reconnaissance-2019","status":"publish","type":"page","link":"https:\/\/fiamtl.com\/fr\/reconnaissance-et-engagement\/reconnaissance-2019\/","title":{"rendered":"R\u00e9cipiendaire 2019"},"content":{"rendered":"<section class=\"wpb-content-wrapper\"><p>[vc_row][vc_column][vc_custom_heading text=\u00a0\u00bbR\u00e9cipiendaire 2019&Prime; font_container=\u00a0\u00bbtag:h3|text_align:left|color:%230054c6&Prime; use_theme_fonts=\u00a0\u00bbyes\u00a0\u00bb css=\u00a0\u00bb.vc_custom_1718638959698{margin-top: 15px !important;margin-bottom: 30px !important;}\u00a0\u00bb][\/vc_column][\/vc_row][vc_row equal_height=\u00a0\u00bbyes\u00a0\u00bb overlay_dotted=\u00a0\u00bb\u00a0\u00bb][vc_column width=\u00a0\u00bb1\/3&Prime;][vc_custom_heading text=\u00a0\u00bbFIAM et CFA MONTR\u00c9AL, partenaires dans la valorisation de la profession\u00a0\u00bb font_container=\u00a0\u00bbtag:h4|text_align:left\u00a0\u00bb use_theme_fonts=\u00a0\u00bbyes\u00a0\u00bb][vc_row_inner][vc_column_inner width=\u00a0\u00bb1\/2&Prime; offset=\u00a0\u00bbvc_col-md-6 vc_col-xs-6&Prime;][vc_single_image image=\u00a0\u00bb2556&Prime; img_size=\u00a0\u00bbfull\u00a0\u00bb][\/vc_column_inner][vc_column_inner width=\u00a0\u00bb1\/2&Prime; offset=\u00a0\u00bbvc_col-md-6 vc_col-xs-6&Prime;][vc_single_image image=\u00a0\u00bb2555&Prime; img_size=\u00a0\u00bbfull\u00a0\u00bb][\/vc_column_inner][\/vc_row_inner][vc_row_inner css=\u00a0\u00bb.vc_custom_1718380153475{margin-bottom: 35px !important;}\u00a0\u00bb][vc_column_inner offset=\u00a0\u00bbvc_col-md-12&Prime;][vc_custom_heading text=\u00a0\u00bbSophie Palmer\u00a0\u00bb font_container=\u00a0\u00bbtag:h5|text_align:left|color:%23505050&Prime; use_theme_fonts=\u00a0\u00bbyes\u00a0\u00bb][vc_custom_heading text=\u00a0\u00bbDirectrice r\u00e9gionale et gestionnaire de portefeuille, Gestion priv\u00e9e de patrimoine, Qu\u00e9bec, Jarislowsky, Fraser Limit\u00e9e\u00a0\u00bb font_container=\u00a0\u00bbtag:p|text_align:left|color:%23505050&Prime; use_theme_fonts=\u00a0\u00bbyes\u00a0\u00bb el_class=\u00a0\u00bbcaption\u00a0\u00bb][\/vc_column_inner][\/vc_row_inner][\/vc_column][vc_column width=\u00a0\u00bb2\/3&Prime;][vc_column_text el_class=\u00a0\u00bbfs-14&Prime;]En cette ann\u00e9e o\u00f9 la diversit\u00e9 est \u00e0 l\u2019honneur, FIAM a choisi de souligner l\u2019apport des femmes dans l\u2019industrie. Pour ce faire, il s\u2019est associ\u00e9 \u00e0 CFA Montr\u00e9al et \u00e0 son comit\u00e9 Femmes en investissement afin de d\u00e9terminer les laur\u00e9ates des prix EXCELLENCE et DISTINCTION.<\/p>\n<p>De plus, dans une volont\u00e9 d\u2019\u00eatre dans l\u2019esprit du th\u00e8me choisi, nous sugg\u00e9rons \u00e0 nos partenaires ainsi qu\u2019\u00e0 nos commanditaires d\u2019inviter une cons\u0153ur afin d\u2019affirmer la pr\u00e9sence f\u00e9minine dans le milieu de l\u2019investissement.<\/p>\n<p>Pour la 6e \u00e9dition du M\u00e9choui annuel, le comit\u00e9 de s\u00e9lection de CFA Montr\u00e9al a choisi une laur\u00e9ate qui se m\u00e9rite le PRIX EXCELLENCE FIAM pour le caract\u00e8re exceptionnel de sa contribution \u00e0 l\u2019exercice et \u00e0 l\u2019essor de sa profession.<\/p>\n<p>Le prix DISTINCTION sera remis en 2020 \u00e0 une aspirante au titre CFA et sera accompagn\u00e9 d\u2019une bourse d\u2019\u00e9tude. Le but \u00e9tant de favoriser l\u2019\u00e9mergence de nouveaux talents (option : le d\u00e9veloppement professionnel).<\/p>\n<p>Consultez nos futures infolettres pour plus de d\u00e9tails.[\/vc_column_text][\/vc_column][\/vc_row]<\/p>\n<\/section>","protected":false},"excerpt":{"rendered":"[vc_row][vc_column][vc_custom_heading text=\u00a0\u00bbR\u00e9cipiendaire 2019&Prime; font_container=\u00a0\u00bbtag:h3|text_align:left|color:%230054c6&Prime; use_theme_fonts=\u00a0\u00bbyes\u00a0\u00bb css=\u00a0\u00bb.vc_custom_1718638959698{margin-top: 15px !important;margin-bottom: 30px !important;}\u00a0\u00bb][\/vc_column][\/vc_row][vc_row equal_height=\u00a0\u00bbyes\u00a0\u00bb overlay_dotted=\u00a0\u00bb\u00a0\u00bb][vc_column width=\u00a0\u00bb1\/3&Prime;][vc_custom_heading text=\u00a0\u00bbFIAM et CFA MONTR\u00c9AL, partenaires dans la valorisation de la profession\u00a0\u00bb font_container=\u00a0\u00bbtag:h4|text_align:left\u00a0\u00bb use_theme_fonts=\u00a0\u00bbyes\u00a0\u00bb][vc_row_inner][vc_column_inner width=\u00a0\u00bb1\/2&Prime; offset=\u00a0\u00bbvc_col-md-6 vc_col-xs-6&Prime;][vc_single_image image=\u00a0\u00bb2556&Prime; [&#8230;]","protected":false},"author":1,"featured_media":0,"parent":6734,"menu_order":0,"comment_status":"closed","ping_status":"closed","template":"","meta":{"_eb_attr":"","footnotes":""},"class_list":["post-7542","page","type-page","status-publish","hentry"],"_links":{"self":[{"href":"https:\/\/fiamtl.com\/fr\/wp-json\/wp\/v2\/pages\/7542","targetHints":{"allow":["GET"]}}],"collection":[{"href":"https:\/\/fiamtl.com\/fr\/wp-json\/wp\/v2\/pages"}],"about":[{"href":"https:\/\/fiamtl.com\/fr\/wp-json\/wp\/v2\/types\/page"}],"author":[{"embeddable":true,"href":"https:\/\/fiamtl.com\/fr\/wp-json\/wp\/v2\/users\/1"}],"replies":[{"embeddable":true,"href":"https:\/\/fiamtl.com\/fr\/wp-json\/wp\/v2\/comments?post=7542"}],"version-history":[{"count":0,"href":"https:\/\/fiamtl.com\/fr\/wp-json\/wp\/v2\/pages\/7542\/revisions"}],"up":[{"embeddable":true,"href":"https:\/\/fiamtl.com\/fr\/wp-json\/wp\/v2\/pages\/6734"}],"wp:attachment":[{"href":"https:\/\/fiamtl.com\/fr\/wp-json\/wp\/v2\/media?parent=7542"}],"curies":[{"name":"wp","href":"https:\/\/api.w.org\/{rel}","templated":true}]}}