{"id":7540,"date":"2023-08-30T10:34:34","date_gmt":"2023-08-30T14:34:34","guid":{"rendered":"https:\/\/fiamtl.com\/?page_id=7540"},"modified":"2024-06-17T11:39:01","modified_gmt":"2024-06-17T15:39:01","slug":"reconnaissance-2022","status":"publish","type":"page","link":"https:\/\/fiamtl.com\/fr\/reconnaissance-et-engagement\/reconnaissance-2022\/","title":{"rendered":"R\u00e9cipiendaire 2022"},"content":{"rendered":"<section class=\"wpb-content-wrapper\"><p>[vc_row][vc_column][vc_custom_heading text=\u00a0\u00bbR\u00e9cipiendaire 2022&Prime; font_container=\u00a0\u00bbtag:h3|text_align:left|color:%230054c6&Prime; use_theme_fonts=\u00a0\u00bbyes\u00a0\u00bb css=\u00a0\u00bb.vc_custom_1718638277016{margin-top: 15px !important;margin-bottom: 30px !important;}\u00a0\u00bb][\/vc_column][\/vc_row][vc_row equal_height=\u00a0\u00bbyes\u00a0\u00bb overlay_dotted=\u00a0\u00bb\u00a0\u00bb][vc_column width=\u00a0\u00bb1\/3&Prime;][vc_custom_heading text=\u00a0\u00bbCFA Montr\u00e9al applaudit l\u2019implication d\u00e9vou\u00e9e de Danielle Filistin aupr\u00e8s de la communaut\u00e9 universitaire\u00a0\u00bb font_container=\u00a0\u00bbtag:h4|text_align:left\u00a0\u00bb use_theme_fonts=\u00a0\u00bbyes\u00a0\u00bb][vc_row_inner][vc_column_inner width=\u00a0\u00bb1\/2&Prime; offset=\u00a0\u00bbvc_col-xs-6&Prime;][vc_single_image image=\u00a0\u00bb2543&Prime; img_size=\u00a0\u00bbfull\u00a0\u00bb][\/vc_column_inner][vc_column_inner width=\u00a0\u00bb1\/2&Prime; offset=\u00a0\u00bbvc_col-xs-6&Prime;][vc_single_image image=\u00a0\u00bb2542&Prime; img_size=\u00a0\u00bbfull\u00a0\u00bb][\/vc_column_inner][\/vc_row_inner][vc_row_inner css=\u00a0\u00bb.vc_custom_1718379986046{margin-bottom: 35px !important;}\u00a0\u00bb][vc_column_inner][vc_custom_heading text=\u00a0\u00bbDanielle Filistin\u00a0\u00bb font_container=\u00a0\u00bbtag:h5|text_align:left|color:%23505050&Prime; use_theme_fonts=\u00a0\u00bbyes\u00a0\u00bb][vc_custom_heading text=\u00a0\u00bbCFA, PRM<br \/>\nResponsable du comit\u00e9 relations universitaires, CFA Montr\u00e9al\u00a0\u00bb font_container=\u00a0\u00bbtag:p|text_align:left|color:%23505050&Prime; use_theme_fonts=\u00a0\u00bbyes\u00a0\u00bb el_class=\u00a0\u00bbcaption\u00a0\u00bb][\/vc_column_inner][\/vc_row_inner][\/vc_column][vc_column width=\u00a0\u00bb2\/3&Prime;][vc_column_text el_class=\u00a0\u00bbfs-14&Prime;]Le 25 ao\u00fbt dernier avait lieu la 9e \u00e9dition du M\u00e9choui annuel organis\u00e9 par FIAMtl au cours duquel CFA Montr\u00e9al a remis le prix <strong>Femme qui s\u2019est le plus distingu\u00e9e par son implication \u00e9m\u00e9rite au sein de la communaut\u00e9 financi\u00e8re et de l\u2019investissement de Montr\u00e9al<\/strong> \u00e0 Danielle Filistin, CFA, PRM. Cette distinction vient reconna\u00eetre sa contribution au rayonnement des professions en finance, et plus particuli\u00e8rement de la d\u00e9signation CFA, aupr\u00e8s de la grande communaut\u00e9 universitaire.<\/p>\n<p>Si\u00e9geant \u00e0 la t\u00eate du comit\u00e9 des relations universitaires de CFA Montr\u00e9al, Mme Filistin est d\u00e9termin\u00e9e \u00e0 offrir tous les outils possibles aux \u00e9tudiants afin qu\u2019ils parviennent \u00e0 d\u00e9mystifier l\u2019industrie financi\u00e8re et qu\u2019ils puissent y \u00e9voluer.<\/p>\n<p>Mme Filistin tient \u00e0 rappeler que cette r\u00e9compense t\u00e9moigne de l\u2019importance des b\u00e9n\u00e9voles et des partenaires de CFA Montr\u00e9al, sans qui elle n\u2019aurait \u00e9t\u00e9 en mesure d\u2019accomplir cette t\u00e2che colossale: r\u00e9unir \u00e9tudiants, professeurs et professionnels afin qu\u2019ils puissent partager leurs exp\u00e9riences et connaissances en toute humilit\u00e9.<\/p>\n<p>\u00ab Redonner aux b\u00e2tisseurs de demain de cette communaut\u00e9 exemplaire m\u2019inspire \u00e0 relever des d\u00e9fis aux quotidiens. Je remercie Claude Perron et toute l\u2019\u00e9quipe de FIAMtl pour leur d\u00e9vouement continu au rayonnement de l\u2019expertise locale et \u00e0 la croissance de notre r\u00e9seau au niveau mondial. Merci \u00e0 tous pour cette honorable reconnaissance. \u00bb<\/p>\n<p><strong>Dans le cadre de cette distinction d\u00e9cern\u00e9e lors du M\u00e9choui annuel de FIAM<\/strong>, son pr\u00e9sident, Claude Perron, a soulign\u00e9 que: \u00abInformer, inspirer, partager son exp\u00e9rience et faciliter le maillage; tout cela est au c\u0153ur de la mission du comit\u00e9 relations universitaires de CFA Montr\u00e9al que dirige Danielle. Sa contribution exceptionnelle au d\u00e9veloppement d\u2019une communaut\u00e9 de jeunes talents est un apport significatif au rayonnement de notre communaut\u00e9 financi\u00e8re au Qu\u00e9bec et m\u00eame \u00e0 l\u2019\u00e9tranger. Nous f\u00e9licitons Danielle pour son leadership !\u00bb[\/vc_column_text][\/vc_column][\/vc_row]<\/p>\n<\/section>","protected":false},"excerpt":{"rendered":"[vc_row][vc_column][vc_custom_heading text=\u00a0\u00bbR\u00e9cipiendaire 2022&Prime; font_container=\u00a0\u00bbtag:h3|text_align:left|color:%230054c6&Prime; use_theme_fonts=\u00a0\u00bbyes\u00a0\u00bb css=\u00a0\u00bb.vc_custom_1718638277016{margin-top: 15px !important;margin-bottom: 30px !important;}\u00a0\u00bb][\/vc_column][\/vc_row][vc_row equal_height=\u00a0\u00bbyes\u00a0\u00bb overlay_dotted=\u00a0\u00bb\u00a0\u00bb][vc_column width=\u00a0\u00bb1\/3&Prime;][vc_custom_heading text=\u00a0\u00bbCFA Montr\u00e9al applaudit l\u2019implication d\u00e9vou\u00e9e de Danielle Filistin aupr\u00e8s de la communaut\u00e9 universitaire\u00a0\u00bb font_container=\u00a0\u00bbtag:h4|text_align:left\u00a0\u00bb use_theme_fonts=\u00a0\u00bbyes\u00a0\u00bb][vc_row_inner][vc_column_inner width=\u00a0\u00bb1\/2&Prime; offset=\u00a0\u00bbvc_col-xs-6&Prime;][vc_single_image [&#8230;]","protected":false},"author":1,"featured_media":0,"parent":6734,"menu_order":0,"comment_status":"closed","ping_status":"closed","template":"","meta":{"_eb_attr":"","footnotes":""},"class_list":["post-7540","page","type-page","status-publish","hentry"],"_links":{"self":[{"href":"https:\/\/fiamtl.com\/fr\/wp-json\/wp\/v2\/pages\/7540","targetHints":{"allow":["GET"]}}],"collection":[{"href":"https:\/\/fiamtl.com\/fr\/wp-json\/wp\/v2\/pages"}],"about":[{"href":"https:\/\/fiamtl.com\/fr\/wp-json\/wp\/v2\/types\/page"}],"author":[{"embeddable":true,"href":"https:\/\/fiamtl.com\/fr\/wp-json\/wp\/v2\/users\/1"}],"replies":[{"embeddable":true,"href":"https:\/\/fiamtl.com\/fr\/wp-json\/wp\/v2\/comments?post=7540"}],"version-history":[{"count":0,"href":"https:\/\/fiamtl.com\/fr\/wp-json\/wp\/v2\/pages\/7540\/revisions"}],"up":[{"embeddable":true,"href":"https:\/\/fiamtl.com\/fr\/wp-json\/wp\/v2\/pages\/6734"}],"wp:attachment":[{"href":"https:\/\/fiamtl.com\/fr\/wp-json\/wp\/v2\/media?parent=7540"}],"curies":[{"name":"wp","href":"https:\/\/api.w.org\/{rel}","templated":true}]}}