{"id":7153,"date":"2023-08-09T16:17:54","date_gmt":"2023-08-09T20:17:54","guid":{"rendered":"https:\/\/fiamtl.com\/biographie\/"},"modified":"2023-08-10T09:10:48","modified_gmt":"2023-08-10T13:10:48","slug":"biographie","status":"publish","type":"page","link":"https:\/\/fiamtl.com\/fr\/evenements-2023\/cdpq-conference-2023\/biographie\/","title":{"rendered":"biographie"},"content":{"rendered":"<section class=\"wpb-content-wrapper\"><p>[vc_row full_width=\u00a0\u00bbstretch_row\u00a0\u00bb overlay_dotted=\u00a0\u00bb\u00a0\u00bb el_class=\u00a0\u00bbgradient-bg txt-secondary banner-text\u00a0\u00bb css=\u00a0\u00bb.vc_custom_1691614226551{margin-bottom: 50px !important;padding-top: 58px !important;padding-bottom: 58px !important;}\u00a0\u00bb][vc_column width=\u00a0\u00bb1\/4&Prime; offset=\u00a0\u00bbvc_col-sm-offset-1&Prime;][vc_custom_heading text=\u00a0\u00bbDiscussion<br \/>\nexclusive<br \/>\nau CDPQ\u00a0\u00bb font_container=\u00a0\u00bbtag:h3|text_align:left|color:%239be8ff\u00a0\u00bb use_theme_fonts=\u00a0\u00bbyes\u00a0\u00bb css=\u00a0\u00bb.vc_custom_1691673023909{margin-bottom: 15px !important;}\u00a0\u00bb][\/vc_column][vc_column width=\u00a0\u00bb7\/12&Prime;][vc_column_text el_class=\u00a0\u00bbfs-19&Prime; css=\u00a0\u00bb.vc_custom_1691673014706{margin-bottom: 0px !important;}\u00a0\u00bb]FIAM et ses partenaires ont l\u2019honneur d\u2019organiser une discussion priv\u00e9e avec des participants de renomm\u00e9e.<\/p>\n<p>D\u00e9couvrez la biographie de chacun des participants.[\/vc_column_text][\/vc_column][\/vc_row][vc_row overlay_dotted=\u00a0\u00bb\u00a0\u00bb css=\u00a0\u00bb.vc_custom_1691614523044{padding-top: 25px !important;}\u00a0\u00bb el_id=\u00a0\u00bbperron\u00a0\u00bb][vc_column width=\u00a0\u00bb1\/12&Prime; css=\u00a0\u00bb.vc_custom_1687888316853{padding-top: 0px !important;}\u00a0\u00bb][\/vc_column][vc_column width=\u00a0\u00bb5\/12&Prime; css=\u00a0\u00bb.vc_custom_1688138490044{padding-top: 10px !important;}\u00a0\u00bb offset=\u00a0\u00bbvc_col-md-2&Prime;][vc_single_image image=\u00a0\u00bb2256&Prime; img_size=\u00a0\u00bbfull\u00a0\u00bb css=\u00a0\u00bb.vc_custom_1688138522919{margin-bottom: 20px !important;}\u00a0\u00bb][vc_custom_heading text=\u00a0\u00bbClaude Perron\u00a0\u00bb font_container=\u00a0\u00bbtag:h6|text_align:left|color:%23505050&Prime; use_theme_fonts=\u00a0\u00bbyes\u00a0\u00bb css=\u00a0\u00bb.vc_custom_1688138582559{margin-bottom: 0px !important;}\u00a0\u00bb el_class=\u00a0\u00bbfs-16&Prime;][vc_custom_heading text=\u00a0\u00bbFounder of FIAM and Emeritus Chairman, Crystalline Management\u00a0\u00bb font_container=\u00a0\u00bbtag:p|font_size:13px|text_align:left|color:%23505050|line_height:20px\u00a0\u00bb use_theme_fonts=\u00a0\u00bbyes\u00a0\u00bb][\/vc_column][vc_column width=\u00a0\u00bb1\/12&Prime; css=\u00a0\u00bb.vc_custom_1687888321475{padding-top: 0px !important;}\u00a0\u00bb][\/vc_column][vc_column width=\u00a0\u00bb11\/12&Prime; css=\u00a0\u00bb.vc_custom_1688138558029{padding-top: 10px !important;}\u00a0\u00bb offset=\u00a0\u00bbvc_col-md-offset-0 vc_col-md-7 vc_col-sm-offset-1&Prime;][vc_column_text el_class=\u00a0\u00bbfs-16&Prime;]Claude Perron is President and Founder of FIAM and President Emeritus of Gestion Cristallin, a company specializing in arbitrage strategies for fixed-income securities, convertible bonds and market events, mainly mergers and acquisitions.<\/p>\n<p>His professional career has been concentrated in three sectors \u2013 academic: head of the administration department\/faculty at Universit\u00e9 du Qu\u00e9bec \u00e0 Montr\u00e9al, co-founder of CIREM (now CIREM-HEC), corporate: CN Express (CEO) Dominion Textile (Sr. VP Development) and capital markets: Co-Head of Institutional Sales at Marleau Lemire Securities (Dundee), Senior VP. Investment Banking at Midland \/ Merrill Lynch and for 25 years at Gestion Cristallin. A well-known figure in the Quebec asset management community, he is actively involved in Cristallin\u2019s business development and strategic initiatives.<\/p>\n<p>The creation of FIAM is a natural extension of Claude\u2019s legacy, encompassing over 15 years of orchestrating noteworthy events. His impact has been keenly felt as the Vice-Chairman of AIMA Canada, where he led the organization of its flagship event fondly known as the M\u00e9choui. Additionally, Claude\u2019s commitment reverberates in FIAM\u2019s mission at the crossroads of data science, AI\/ML technology, and finance, particularly in the dynamic realm of asset management.[\/vc_column_text][\/vc_column][\/vc_row][vc_row overlay_dotted=\u00a0\u00bb\u00a0\u00bb css=\u00a0\u00bb.vc_custom_1691614504990{padding-top: 25px !important;}\u00a0\u00bb el_id=\u00a0\u00bbberube\u00a0\u00bb][vc_column width=\u00a0\u00bb1\/12&Prime; css=\u00a0\u00bb.vc_custom_1687888316853{padding-top: 0px !important;}\u00a0\u00bb][\/vc_column][vc_column width=\u00a0\u00bb5\/12&Prime; css=\u00a0\u00bb.vc_custom_1688138490044{padding-top: 10px !important;}\u00a0\u00bb offset=\u00a0\u00bbvc_col-md-2&Prime;][vc_single_image image=\u00a0\u00bb7077&Prime; img_size=\u00a0\u00bbfull\u00a0\u00bb css=\u00a0\u00bb.vc_custom_1691614065827{margin-bottom: 20px !important;}\u00a0\u00bb][vc_custom_heading text=\u00a0\u00bbJean-Fran\u00e7ois B\u00e9rub\u00e9\u00a0\u00bb font_container=\u00a0\u00bbtag:h6|text_align:left|color:%23505050&Prime; use_theme_fonts=\u00a0\u00bbyes\u00a0\u00bb css=\u00a0\u00bb.vc_custom_1691672909102{margin-bottom: 0px !important;}\u00a0\u00bb el_class=\u00a0\u00bbfs-16&Prime;][vc_custom_heading text=\u00a0\u00bbVice President, Quantative Strategies and Data Science, CDPQ\u00a0\u00bb font_container=\u00a0\u00bbtag:p|font_size:13px|text_align:left|color:%23505050|line_height:20px\u00a0\u00bb use_theme_fonts=\u00a0\u00bbyes\u00a0\u00bb][\/vc_column][vc_column width=\u00a0\u00bb1\/12&Prime; css=\u00a0\u00bb.vc_custom_1687888321475{padding-top: 0px !important;}\u00a0\u00bb][\/vc_column][vc_column width=\u00a0\u00bb11\/12&Prime; css=\u00a0\u00bb.vc_custom_1688138558029{padding-top: 10px !important;}\u00a0\u00bb offset=\u00a0\u00bbvc_col-md-offset-0 vc_col-md-7 vc_col-sm-offset-1&Prime;][vc_column_text el_class=\u00a0\u00bbfs-16&Prime;]Jean-Fran\u00e7ois holds a PhD and Master\u2019s degree in computer science from University of Montreal (2008 and 2004), as well as a Master\u2019s and Bachelor\u2019s in Economics from University of Montreal (2000 and 1999). In addition to his experience at Hexavest and Desjardins International Asset Management, Jean-Fran\u00e7ois served as Quantitative Analyst at CDPQ from 2007 to 2009 and was a Research Professional at CIRANO from 2000 to 2003.<\/p>\n<p>Jean-Fran\u00e7ois has over 16 years of professional experience in digital technology and quantitative investment. He held various leadership roles at Hexavest and Desjardins International Asset Management before joining CDPQ in January 2022.<\/p>\n<p>As Vice-President, Quantitative Strategies and Data Science, Jean-Fran\u00e7ois is responsible for developing and managing systematic and quantitative investment strategies. He is also responsible for pre- and post-investment analytics on liquid and illiquid CDPQ\u2019s portfolios. Lastly, he has the mandate to accelerate and expand the integration of data science into the organization\u2019s investment processes.[\/vc_column_text][\/vc_column][\/vc_row][vc_row overlay_dotted=\u00a0\u00bb\u00a0\u00bb css=\u00a0\u00bb.vc_custom_1691614483429{padding-top: 25px !important;}\u00a0\u00bb el_id=\u00a0\u00bbouellet\u00a0\u00bb][vc_column width=\u00a0\u00bb1\/12&Prime; css=\u00a0\u00bb.vc_custom_1687888316853{padding-top: 0px !important;}\u00a0\u00bb][\/vc_column][vc_column width=\u00a0\u00bb5\/12&Prime; css=\u00a0\u00bb.vc_custom_1688138490044{padding-top: 10px !important;}\u00a0\u00bb offset=\u00a0\u00bbvc_col-md-2&Prime;][vc_single_image image=\u00a0\u00bb7069&Prime; img_size=\u00a0\u00bbfull\u00a0\u00bb css=\u00a0\u00bb.vc_custom_1691614073875{margin-bottom: 20px !important;}\u00a0\u00bb][vc_custom_heading text=\u00a0\u00bbDavid Ouellet\u00a0\u00bb font_container=\u00a0\u00bbtag:h6|text_align:left|color:%23505050&Prime; use_theme_fonts=\u00a0\u00bbyes\u00a0\u00bb css=\u00a0\u00bb.vc_custom_1691672919218{margin-bottom: 0px !important;}\u00a0\u00bb el_class=\u00a0\u00bbfs-16&Prime;][vc_custom_heading text=\u00a0\u00bbSenior Vice President<br \/>\nand Chief Technology,<br \/>\nData and Operations Officer, PSP Investments\u00a0\u00bb font_container=\u00a0\u00bbtag:p|font_size:13px|text_align:left|color:%23505050|line_height:20px\u00a0\u00bb use_theme_fonts=\u00a0\u00bbyes\u00a0\u00bb][\/vc_column][vc_column width=\u00a0\u00bb1\/12&Prime; css=\u00a0\u00bb.vc_custom_1687888321475{padding-top: 0px !important;}\u00a0\u00bb][\/vc_column][vc_column width=\u00a0\u00bb11\/12&Prime; css=\u00a0\u00bb.vc_custom_1688138558029{padding-top: 10px !important;}\u00a0\u00bb offset=\u00a0\u00bbvc_col-md-offset-0 vc_col-md-7 vc_col-sm-offset-1&Prime;][vc_column_text el_class=\u00a0\u00bbfs-16&Prime;]David Ouellet is Senior Vice President and Chief Technology, Data and Operations Officer at the Public Sector Pension Investment Board (PSP Investments). In this role, David focuses on sustaining PSP Investments\u2019 growth with effective tools and technologies that meet and exceed the future of technological trends, including digital, cloud and artificial intelligence solutions. He also oversees Business Information Security, Business Governance, Data Management and Digital Innovation.<\/p>\n<p>Prior to his appointment in 2023, David was Senior Vice president and Chief Technology and Data Officer. He also served as Vice President and Head of Technology and Digital Strategy from 2019 to 2020. Between 2016 and 2019, he was Vice President and Head of Strategic and Business Planning. David led PSP Investments\u2019 five-year strategic planning, including the monitoring of strategic initiatives and key performance indicators and metrics. He also participated in the development of the annual strategic review processes for PSP Investments\u2019 management team and Board of Directors.<\/p>\n<p>Prior to joining PSP in 2012, David worked in Technology and Risk Consulting at KPMG for over 10 years. He spent two years of his mandate in China, where he managed the information technology aspect of the liquidation of Lehman Brothers Hong Kong entities, a project where IT played a significant role.<\/p>\n<p>David holds a Bachelor of Commerce from McGill University and is a Chartered Professional Accountant (CPA).[\/vc_column_text][\/vc_column][\/vc_row][vc_row overlay_dotted=\u00a0\u00bb\u00a0\u00bb css=\u00a0\u00bb.vc_custom_1691614462885{padding-top: 25px !important;}\u00a0\u00bb el_id=\u00a0\u00bbedwards\u00a0\u00bb][vc_column width=\u00a0\u00bb1\/12&Prime; css=\u00a0\u00bb.vc_custom_1687888316853{padding-top: 0px !important;}\u00a0\u00bb][\/vc_column][vc_column width=\u00a0\u00bb5\/12&Prime; css=\u00a0\u00bb.vc_custom_1688138490044{padding-top: 10px !important;}\u00a0\u00bb offset=\u00a0\u00bbvc_col-md-2&Prime;][vc_single_image image=\u00a0\u00bb7079&Prime; img_size=\u00a0\u00bbfull\u00a0\u00bb css=\u00a0\u00bb.vc_custom_1691614086492{margin-bottom: 20px !important;}\u00a0\u00bb][vc_custom_heading text=\u00a0\u00bbShawn Edwards\u00a0\u00bb font_container=\u00a0\u00bbtag:h6|text_align:left|color:%23505050&Prime; use_theme_fonts=\u00a0\u00bbyes\u00a0\u00bb css=\u00a0\u00bb.vc_custom_1691672936923{margin-bottom: 0px !important;}\u00a0\u00bb el_class=\u00a0\u00bbfs-16&Prime;][vc_custom_heading text=\u00a0\u00bbChief Technology Officer,<br \/>\nBloomberg\u00a0\u00bb font_container=\u00a0\u00bbtag:p|font_size:13px|text_align:left|color:%23505050|line_height:20px\u00a0\u00bb use_theme_fonts=\u00a0\u00bbyes\u00a0\u00bb][\/vc_column][vc_column width=\u00a0\u00bb1\/12&Prime; css=\u00a0\u00bb.vc_custom_1687888321475{padding-top: 0px !important;}\u00a0\u00bb][\/vc_column][vc_column width=\u00a0\u00bb11\/12&Prime; css=\u00a0\u00bb.vc_custom_1688138558029{padding-top: 10px !important;}\u00a0\u00bb offset=\u00a0\u00bbvc_col-md-offset-0 vc_col-md-7 vc_col-sm-offset-1&Prime;][vc_column_text el_class=\u00a0\u00bbfs-16&Prime;]Shawn Edwards is Bloomberg\u2019s Chief Technology Officer. Based in New York, he oversees the development of Bloomberg\u2019s global technology strategy, including enhancements to the company\u2019s core business, the Bloomberg Professional service.<\/p>\n<p>Shawn and his team, in partnership with Bloomberg\u2019s global Engineering team, are instrumental in the ongoing development of Bloomberg\u2019s leading market data, analytics, news and community products. The team researches existing and emerging technologies, architects solutions in strategic areas and sets the technology direction for the company.<\/p>\n<p>In his role, Shawn advances the company\u2019s engagement with academia, including research fellowships, grants and sponsorships, and also leads engagement with the open source community and the broader developer community in general.<br \/>\nIn 2017, Shawn was named to the top ten of the Institutional Investor Tech 40 \u2013 an annual ranking of financial industry technology leaders. He was previously included in the top ten of the Institutional Investor Tech 50 in both 2015 and 2016.<br \/>\nPreviously, Shawn ran Bloomberg\u2019s global Engineering group where he helped streamline the product development process, bolster the Bloomberg network\u2019s technical infrastructure and create a user-experience design team, which now influences product development company-wide.<\/p>\n<p>Prior to joining Bloomberg in 2003, Shawn worked for Bear Stearns &amp; Co. where he was a managing director in the company\u2019s fixed income trading group. He has also held positions at Mentor Graphics and IBM.<br \/>\nShawn is Vice Chairman of Latino U College Access (LUCA), a nonprofit that helps Latino youth enroll and succeed in college.<br \/>\nShawn received a Bachelor\u2019s of Science and a Master\u2019s degree from the Fu Foundation School of Engineering and Applied Science at Columbia University.[\/vc_column_text][\/vc_column][\/vc_row][vc_row overlay_dotted=\u00a0\u00bb\u00a0\u00bb css=\u00a0\u00bb.vc_custom_1691614448101{padding-top: 25px !important;}\u00a0\u00bb el_id=\u00a0\u00bbkazemi\u00a0\u00bb][vc_column width=\u00a0\u00bb1\/12&Prime; css=\u00a0\u00bb.vc_custom_1687888316853{padding-top: 0px !important;}\u00a0\u00bb][\/vc_column][vc_column width=\u00a0\u00bb5\/12&Prime; css=\u00a0\u00bb.vc_custom_1688138490044{padding-top: 10px !important;}\u00a0\u00bb offset=\u00a0\u00bbvc_col-md-2&Prime;][vc_single_image image=\u00a0\u00bb7071&Prime; img_size=\u00a0\u00bbfull\u00a0\u00bb css=\u00a0\u00bb.vc_custom_1691614177921{margin-bottom: 20px !important;}\u00a0\u00bb][vc_custom_heading text=\u00a0\u00bbDr. Hossein Kazemi\u00a0\u00bb font_container=\u00a0\u00bbtag:h6|text_align:left|color:%23505050&Prime; use_theme_fonts=\u00a0\u00bbyes\u00a0\u00bb css=\u00a0\u00bb.vc_custom_1691672946154{margin-bottom: 0px !important;}\u00a0\u00bb el_class=\u00a0\u00bbfs-16&Prime;][vc_custom_heading text=\u00a0\u00bbSenior Adviser to the CAIA Association<br \/>\nand FDP Institute\u00a0\u00bb font_container=\u00a0\u00bbtag:p|font_size:13px|text_align:left|color:%23505050|line_height:20px\u00a0\u00bb use_theme_fonts=\u00a0\u00bbyes\u00a0\u00bb][\/vc_column][vc_column width=\u00a0\u00bb1\/12&Prime; css=\u00a0\u00bb.vc_custom_1687888321475{padding-top: 0px !important;}\u00a0\u00bb][\/vc_column][vc_column width=\u00a0\u00bb11\/12&Prime; css=\u00a0\u00bb.vc_custom_1688138558029{padding-top: 10px !important;}\u00a0\u00bb offset=\u00a0\u00bbvc_col-md-offset-0 vc_col-md-7 vc_col-sm-offset-1&Prime;][vc_column_text el_class=\u00a0\u00bbfs-16&Prime;]Hossein Kazemi, Ph.D., CFA, is the Senior Adviser to the CAIA Association and its financial data science program, the FDP Charter. He is one of the CAIA Association\u2019s founders and has played various roles in the Association since its inception. Hossein is Michael and Cheryl Philipp Distinguished Professor of Finance at the Isenberg School of Management, the University of Massachusetts \u2013 Amherst, and directs the Center for International Securities &amp; Derivatives Markets, a nonprofit organization, the home to CISDM Hedge Fund\/CTA Database and the Journal of Alternative Investments. He serves on the editorial board of the Journal of Financial Data Science. Hossein has over 25 years of experience in the financial industry and has worked as a consultant to major financial institutions. He has a Ph.D. in finance from the University of Michigan.[\/vc_column_text][\/vc_column][\/vc_row][vc_row overlay_dotted=\u00a0\u00bb\u00a0\u00bb css=\u00a0\u00bb.vc_custom_1691614433471{padding-top: 25px !important;}\u00a0\u00bb el_id=\u00a0\u00bbgoyenko\u00a0\u00bb][vc_column width=\u00a0\u00bb1\/12&Prime; css=\u00a0\u00bb.vc_custom_1687888316853{padding-top: 0px !important;}\u00a0\u00bb][\/vc_column][vc_column width=\u00a0\u00bb5\/12&Prime; css=\u00a0\u00bb.vc_custom_1688138490044{padding-top: 10px !important;}\u00a0\u00bb offset=\u00a0\u00bbvc_col-md-2&Prime;][vc_single_image image=\u00a0\u00bb7075&Prime; img_size=\u00a0\u00bbfull\u00a0\u00bb css=\u00a0\u00bb.vc_custom_1691614186819{margin-bottom: 20px !important;}\u00a0\u00bb][vc_custom_heading text=\u00a0\u00bbDr. Russ Goyenko\u00a0\u00bb font_container=\u00a0\u00bbtag:h6|text_align:left|color:%23505050&Prime; use_theme_fonts=\u00a0\u00bbyes\u00a0\u00bb css=\u00a0\u00bb.vc_custom_1691672955173{margin-bottom: 0px !important;}\u00a0\u00bb el_class=\u00a0\u00bbfs-16&Prime;][vc_custom_heading text=\u00a0\u00bbAssociate professor of finance, McGill University\u00a0\u00bb font_container=\u00a0\u00bbtag:p|font_size:13px|text_align:left|color:%23505050|line_height:20px\u00a0\u00bb use_theme_fonts=\u00a0\u00bbyes\u00a0\u00bb][\/vc_column][vc_column width=\u00a0\u00bb1\/12&Prime; css=\u00a0\u00bb.vc_custom_1687888321475{padding-top: 0px !important;}\u00a0\u00bb][\/vc_column][vc_column width=\u00a0\u00bb11\/12&Prime; css=\u00a0\u00bb.vc_custom_1688138558029{padding-top: 10px !important;}\u00a0\u00bb offset=\u00a0\u00bbvc_col-md-offset-0 vc_col-md-7 vc_col-sm-offset-1&Prime;][vc_column_text el_class=\u00a0\u00bbfs-16&Prime;]Russ Goyenko is an Associate Professor of Finance at McGill University\u2019s Desautels Faculty of Management. He also held faculty appointments at the University of Toronto, Notre Dame University, and most recently a visiting position at the Yale School of Management. His industry experience includes consultant appointments with KPMG\u2019s risk management group, private asset management companies, and equity options market making firms. Russ has more than 20 years of quantitative research experience in financial markets and his research has been published in the most prestigious finance peer-reviewed journals. He is also a founder of AI in Finance initiative: Financial Innovations and Risk Management Labs &#8211; FIRM Labs &#8211; a research tank bridging the gap between \ufb01nancial economics and computer science. Its objective is to develop fundamental and practical applications of ML\/AI in Asset Management and \ufb01nance in general.[\/vc_column_text][\/vc_column][\/vc_row][vc_row overlay_dotted=\u00a0\u00bb\u00a0\u00bb css=\u00a0\u00bb.vc_custom_1691614420680{padding-top: 25px !important;}\u00a0\u00bb el_id=\u00a0\u00bbbhaduri\u00a0\u00bb][vc_column width=\u00a0\u00bb1\/12&Prime; css=\u00a0\u00bb.vc_custom_1687888316853{padding-top: 0px !important;}\u00a0\u00bb][\/vc_column][vc_column width=\u00a0\u00bb5\/12&Prime; css=\u00a0\u00bb.vc_custom_1688138490044{padding-top: 10px !important;}\u00a0\u00bb offset=\u00a0\u00bbvc_col-md-2&Prime;][vc_single_image image=\u00a0\u00bb7073&Prime; img_size=\u00a0\u00bbfull\u00a0\u00bb css=\u00a0\u00bb.vc_custom_1691614198243{margin-bottom: 20px !important;}\u00a0\u00bb][vc_custom_heading text=\u00a0\u00bbDr. Ranjan Bhaduri\u00a0\u00bb font_container=\u00a0\u00bbtag:h6|text_align:left|color:%23505050&Prime; use_theme_fonts=\u00a0\u00bbyes\u00a0\u00bb css=\u00a0\u00bb.vc_custom_1691672965869{margin-bottom: 0px !important;}\u00a0\u00bb el_class=\u00a0\u00bbfs-16&Prime;][vc_custom_heading text=\u00a0\u00bbFounder and CEO<br \/>\nof Bodhi Research Group\u00a0\u00bb font_container=\u00a0\u00bbtag:p|font_size:13px|text_align:left|color:%23505050|line_height:20px\u00a0\u00bb use_theme_fonts=\u00a0\u00bbyes\u00a0\u00bb][\/vc_column][vc_column width=\u00a0\u00bb1\/12&Prime; css=\u00a0\u00bb.vc_custom_1687888321475{padding-top: 0px !important;}\u00a0\u00bb][\/vc_column][vc_column width=\u00a0\u00bb11\/12&Prime; css=\u00a0\u00bb.vc_custom_1688138558029{padding-top: 10px !important;}\u00a0\u00bb offset=\u00a0\u00bbvc_col-md-offset-0 vc_col-md-7 vc_col-sm-offset-1&Prime;][vc_column_text el_class=\u00a0\u00bbfs-16&Prime;]Dr. Ranjan Bhaduri is the Founder and CEO of Bodhi Research Group, an advisory firm in alternative investments that has served clients in five of the seven continents. Dr. Bhaduri has over twenty years of experience in manager research, due diligence, portfolio construction, and structuring. Dr. Bhaduri was formerly the lead investment analyst for Global Macro, Convertible Arbitrage, Statistical Arbitrage, Volatility Arbitrage, Equity Market-Neutral and Managed Futures strategies within Morgan Stanley\u2019s Graystone Research Group. Moreover, Dr. Bhaduri was also part of the portfolio construction team that designed customized portfolios of alternatives and a member of the Investment Committee. Dr. Bhaduri has held an advisory role at the East-West Center, a leading think tank on the Asia-Pacific region. He has taught finance and mathematics at several universities and lectured on Derivatives for the Montreal Exchange. Dr. Bhaduri has published papers on and been invited to speak worldwide regarding advanced portfolio management techniques. Dr. Bhaduri holds a PhD in Mathematics from the University of Hawaii and a M.Math in Combinatorics &amp; Optimization from the University of Waterloo. Dr. Bhaduri is both a CFA and CAIA charterholder.[\/vc_column_text][\/vc_column][\/vc_row]<\/p>\n<\/section>","protected":false},"excerpt":{"rendered":"[vc_row full_width=\u00a0\u00bbstretch_row\u00a0\u00bb overlay_dotted=\u00a0\u00bb\u00a0\u00bb el_class=\u00a0\u00bbgradient-bg txt-secondary banner-text\u00a0\u00bb css=\u00a0\u00bb.vc_custom_1691614226551{margin-bottom: 50px !important;padding-top: 58px !important;padding-bottom: 58px !important;}\u00a0\u00bb][vc_column width=\u00a0\u00bb1\/4&Prime; offset=\u00a0\u00bbvc_col-sm-offset-1&Prime;][vc_custom_heading text=\u00a0\u00bbDiscussion exclusive au CDPQ\u00a0\u00bb font_container=\u00a0\u00bbtag:h3|text_align:left|color:%239be8ff\u00a0\u00bb use_theme_fonts=\u00a0\u00bbyes\u00a0\u00bb css=\u00a0\u00bb.vc_custom_1691673023909{margin-bottom: 15px !important;}\u00a0\u00bb][\/vc_column][vc_column width=\u00a0\u00bb7\/12&Prime;][vc_column_text el_class=\u00a0\u00bbfs-19&Prime; css=\u00a0\u00bb.vc_custom_1691673014706{margin-bottom: 0px !important;}\u00a0\u00bb]FIAM et [&#8230;]","protected":false},"author":1,"featured_media":0,"parent":7139,"menu_order":0,"comment_status":"closed","ping_status":"closed","template":"","meta":{"_eb_attr":"","footnotes":""},"class_list":["post-7153","page","type-page","status-publish","hentry"],"_links":{"self":[{"href":"https:\/\/fiamtl.com\/fr\/wp-json\/wp\/v2\/pages\/7153","targetHints":{"allow":["GET"]}}],"collection":[{"href":"https:\/\/fiamtl.com\/fr\/wp-json\/wp\/v2\/pages"}],"about":[{"href":"https:\/\/fiamtl.com\/fr\/wp-json\/wp\/v2\/types\/page"}],"author":[{"embeddable":true,"href":"https:\/\/fiamtl.com\/fr\/wp-json\/wp\/v2\/users\/1"}],"replies":[{"embeddable":true,"href":"https:\/\/fiamtl.com\/fr\/wp-json\/wp\/v2\/comments?post=7153"}],"version-history":[{"count":0,"href":"https:\/\/fiamtl.com\/fr\/wp-json\/wp\/v2\/pages\/7153\/revisions"}],"up":[{"embeddable":true,"href":"https:\/\/fiamtl.com\/fr\/wp-json\/wp\/v2\/pages\/7139"}],"wp:attachment":[{"href":"https:\/\/fiamtl.com\/fr\/wp-json\/wp\/v2\/media?parent=7153"}],"curies":[{"name":"wp","href":"https:\/\/api.w.org\/{rel}","templated":true}]}}