{"id":7139,"date":"2023-08-09T13:45:19","date_gmt":"2023-08-09T17:45:19","guid":{"rendered":"https:\/\/fiamtl.com\/archives\/evenements-2021\/cdpq-conference-2023\/"},"modified":"2023-10-03T16:17:59","modified_gmt":"2023-10-03T20:17:59","slug":"cdpq-conference-2023","status":"publish","type":"page","link":"https:\/\/fiamtl.com\/fr\/evenements-2023\/cdpq-conference-2023\/","title":{"rendered":"CDPQ Conference 2023"},"content":{"rendered":"<section class=\"wpb-content-wrapper\"><p>[vc_row full_width=\u00a0\u00bbstretch_row\u00a0\u00bb overlay_dotted=\u00a0\u00bb\u00a0\u00bb el_class=\u00a0\u00bbgradient-bg txt-secondary banner-text\u00a0\u00bb css=\u00a0\u00bb.vc_custom_1688060194870{margin-bottom: 84px !important;padding-top: 58px !important;padding-bottom: 0px !important;}\u00a0\u00bb][vc_column width=\u00a0\u00bb5\/12&Prime;][vc_custom_heading text=\u00a0\u00bbDiscussion exclusive\u00a0\u00bb font_container=\u00a0\u00bbtag:h3|text_align:left|color:%239be8ff\u00a0\u00bb use_theme_fonts=\u00a0\u00bbyes\u00a0\u00bb][\/vc_column][vc_column width=\u00a0\u00bb1\/2&Prime; offset=\u00a0\u00bbvc_col-md-offset-1&Prime;][vc_column_text el_class=\u00a0\u00bbfs-19&Prime;]Une opportunit\u00e9 exceptionnelle de participer \u00e0 une discussion entre des personnalit\u00e9s de premier plan du secteur de la recherche et des applications en finance.[\/vc_column_text][\/vc_column][\/vc_row][vc_row overlay_dotted=\u00a0\u00bb\u00a0\u00bb css=\u00a0\u00bb.vc_custom_1687281947567{margin-bottom: 20px !important;}\u00a0\u00bb][vc_column width=\u00a0\u00bb5\/12&Prime;][vc_custom_heading text=\u00a0\u00bbLes grands mod\u00e8les de langage \u00abex. GPT\u00bb peuvent-ils transformer l&rsquo;industrie financi\u00e8re ?\u00a0\u00bb font_container=\u00a0\u00bbtag:h2|text_align:left|color:%230054c6&Prime; use_theme_fonts=\u00a0\u00bbyes\u00a0\u00bb css=\u00a0\u00bb.vc_custom_1691765234144{margin-bottom: 22px !important;}\u00a0\u00bb el_class=\u00a0\u00bbfs-35&Prime;][vc_column_text el_class=\u00a0\u00bbfs-18 d-none d-md-block\u00a0\u00bb css=\u00a0\u00bb.vc_custom_1691611779543{margin-bottom: 20px !important;}\u00a0\u00bb]<strong>Date<\/strong><br \/>\nJeudi 24 ao\u00fbt 2023<br \/>\n14h00 &#8211; 16h00 (ET)[\/vc_column_text][vc_column_text el_class=\u00a0\u00bbfs-18 d-none d-md-block\u00a0\u00bb css=\u00a0\u00bb.vc_custom_1691611880902{margin-bottom: 20px !important;}\u00a0\u00bb]<strong>Lieu<\/strong><br \/>\nCDPQ<br \/>\n\u00c9difice Jacques-Parizeau<br \/>\n1000, place Jean-Paul-Riopelle, Montr\u00e9al[\/vc_column_text][vc_row_inner equal_height=\u00a0\u00bbyes\u00a0\u00bb content_placement=\u00a0\u00bbmiddle\u00a0\u00bb el_class=\u00a0\u00bbd-md-none\u00a0\u00bb][vc_column_inner width=\u00a0\u00bb1\/2&Prime; offset=\u00a0\u00bbvc_col-xs-6&Prime; css=\u00a0\u00bb.vc_custom_1688060365245{padding-left: 0px !important;}\u00a0\u00bb][vc_column_text el_class=\u00a0\u00bbfs-18&Prime; css=\u00a0\u00bb.vc_custom_1691611790472{margin-bottom: 20px !important;}\u00a0\u00bb]<strong>Date<\/strong><br \/>\nJeudi 24 ao\u00fbt 2023<br \/>\n14h00 &#8211; 16h00 (ET)[\/vc_column_text][\/vc_column_inner][vc_column_inner width=\u00a0\u00bb1\/2&Prime; offset=\u00a0\u00bbvc_col-xs-6&Prime; css=\u00a0\u00bb.vc_custom_1688060372208{padding-right: 0px !important;padding-left: 0px !important;}\u00a0\u00bb][vc_column_text el_class=\u00a0\u00bbfs-18&Prime; css=\u00a0\u00bb.vc_custom_1691611888734{margin-bottom: 20px !important;}\u00a0\u00bb]<strong>Lieu<\/strong><br \/>\nCDPQ<br \/>\n\u00c9difice Jacques-Parizeau<br \/>\n1000, place Jean-Paul-Riopelle, Montr\u00e9al[\/vc_column_text][\/vc_column_inner][\/vc_row_inner][vc_column_text el_class=\u00a0\u00bbfs-18 d-none d-md-block\u00a0\u00bb css=\u00a0\u00bb.vc_custom_1691612136047{margin-bottom: 20px !important;}\u00a0\u00bb]\u00c9v\u00e9nement exclusif<br \/>\nPlaces limit\u00e9es[\/vc_column_text][\/vc_column][vc_column width=\u00a0\u00bb1\/2&Prime; offset=\u00a0\u00bbvc_col-sm-offset-1&Prime; el_class=\u00a0\u00bbfw-smbold\u00a0\u00bb][vc_column_text el_class=\u00a0\u00bbfs-28 mb-2&Prime;]RAPPORT SUR LA CONF\u00c9RENCE[\/vc_column_text][vc_column_text el_class=\u00a0\u00bbfs-18&Prime;]<span style=\"font-weight: 500;\">T\u00e9l\u00e9charger le rapport<br \/>\n(version anglaise)<\/span>[\/vc_column_text]<div class=\"clearfix lvsy-btn-69df23046096c btn-hover-one fs-14\" ><a href=\"https:\/\/fiamtl.com\/wp-content\/uploads\/2023\/10\/FIAMxPRESS_Vol-1_No2_FR.pdf\" class=\"lvsy-btn lvsy-btn-black\">T\u00c9L\u00c9CHARGER<\/a><\/div>[\/vc_column][\/vc_row][vc_row disable_element=\u00a0\u00bbyes\u00a0\u00bb overlay_dotted=\u00a0\u00bb\u00a0\u00bb][vc_column]<div class=\"clearfix lvsy-btn-69df2304609c5 btn-hover-one popmake-7147\" ><span class=\"lvsy-btn lvsy-btn-black\">S\u2019INSCRIRE<\/span><\/div><div class=\"clearfix lvsy-btn-69df2304609f4 btn-hover-one popmake-7147\" ><span class=\"lvsy-btn lvsy-btn-black\">INSCRIVEZ-VOUS \u00c0 LA LISTE D'ATTENTE<\/span><\/div>[\/vc_column][\/vc_row][vc_section full_width=\u00a0\u00bbstretch_row\u00a0\u00bb el_class=\u00a0\u00bbgradient-bg\u00a0\u00bb css=\u00a0\u00bb.vc_custom_1687267355887{padding-top: 75px !important;padding-bottom: 75px !important;}\u00a0\u00bb][vc_row][vc_column][vc_custom_heading text=\u00a0\u00bbParticipants\u00a0\u00bb font_container=\u00a0\u00bbtag:h5|text_align:left|color:%23ffffff\u00a0\u00bb use_theme_fonts=\u00a0\u00bbyes\u00a0\u00bb el_class=\u00a0\u00bbfs-24 pl-3 pl-md-0&Prime; css=\u00a0\u00bb.vc_custom_1691603229482{margin-bottom: 38px !important;}\u00a0\u00bb][\/vc_column][\/vc_row][vc_row equal_height=\u00a0\u00bbyes\u00a0\u00bb overlay_dotted=\u00a0\u00bb\u00a0\u00bb css=\u00a0\u00bb.vc_custom_1691603836375{margin-bottom: 20px !important;}\u00a0\u00bb][vc_column width=\u00a0\u00bb1\/4&Prime; offset=\u00a0\u00bbvc_col-md-offset-0 vc_col-xs-6&Prime; el_class=\u00a0\u00bbpr-0&Prime; css=\u00a0\u00bb.vc_custom_1691784791208{margin-bottom: 40px !important;}\u00a0\u00bb][vc_row_inner][vc_column_inner][vc_single_image image=\u00a0\u00bb7077&Prime; img_size=\u00a0\u00bbfull\u00a0\u00bb onclick=\u00a0\u00bbcustom_link\u00a0\u00bb img_link_target=\u00a0\u00bb_blank\u00a0\u00bb css=\u00a0\u00bb.vc_custom_1691674421732{margin-bottom: 20px !important;border-radius: 10px !important;}\u00a0\u00bb el_class=\u00a0\u00bbimg-hover\u00a0\u00bb link=\u00a0\u00bbhttps:\/\/fiamtl.com\/fr\/evenements-2023\/cdpq-conference-2023\/biographie\/#berube\u00a0\u00bb][vc_custom_heading text=\u00a0\u00bbJean-Fran\u00e7ois B\u00e9rub\u00e9\u00a0\u00bb font_container=\u00a0\u00bbtag:h6|text_align:left|color:%23ffffff\u00a0\u00bb use_theme_fonts=\u00a0\u00bbyes\u00a0\u00bb el_class=\u00a0\u00bbfs-16&Prime; css=\u00a0\u00bb.vc_custom_1691606563542{margin-bottom: 0px !important;}\u00a0\u00bb][vc_custom_heading text=\u00a0\u00bbVice-pr\u00e9sident, Strat\u00e9gies quantitatives et Sciences de donn\u00e9es, CDPQ\u00a0\u00bb font_container=\u00a0\u00bbtag:p|text_align:left|color:%23ffffff\u00a0\u00bb use_theme_fonts=\u00a0\u00bbyes\u00a0\u00bb el_class=\u00a0\u00bbfs-13 mb-3 mb-lg-0&Prime;][\/vc_column_inner][\/vc_row_inner][\/vc_column][vc_column width=\u00a0\u00bb1\/4&Prime; offset=\u00a0\u00bbvc_col-md-offset-0 vc_col-xs-6&Prime; el_class=\u00a0\u00bbpr-0&Prime;][vc_row_inner][vc_column_inner][vc_single_image image=\u00a0\u00bb7067&Prime; img_size=\u00a0\u00bbfull\u00a0\u00bb onclick=\u00a0\u00bbcustom_link\u00a0\u00bb img_link_target=\u00a0\u00bb_blank\u00a0\u00bb css=\u00a0\u00bb.vc_custom_1691674398443{margin-bottom: 20px !important;border-radius: 10px !important;}\u00a0\u00bb el_class=\u00a0\u00bbimg-hover\u00a0\u00bb link=\u00a0\u00bbhttps:\/\/fiamtl.com\/fr\/evenements-2023\/cdpq-conference-2023\/biographie\/#perron\u00a0\u00bb][vc_custom_heading text=\u00a0\u00bbClaude Perron\u00a0\u00bb font_container=\u00a0\u00bbtag:h6|text_align:left|color:%23ffffff\u00a0\u00bb use_theme_fonts=\u00a0\u00bbyes\u00a0\u00bb el_class=\u00a0\u00bbfs-16&Prime; css=\u00a0\u00bb.vc_custom_1691604930907{margin-bottom: 0px !important;}\u00a0\u00bb][vc_custom_heading text=\u00a0\u00bbFondateur de FIAM et Pr\u00e9sident \u00e9m\u00e9rite, Gestion Cristallin\u00a0\u00bb font_container=\u00a0\u00bbtag:p|text_align:left|color:%23ffffff\u00a0\u00bb use_theme_fonts=\u00a0\u00bbyes\u00a0\u00bb el_class=\u00a0\u00bbfs-13 mb-3 mb-lg-0&Prime;][\/vc_column_inner][\/vc_row_inner][\/vc_column][vc_column width=\u00a0\u00bb1\/4&Prime; offset=\u00a0\u00bbvc_col-md-offset-0 vc_col-xs-6&Prime; el_class=\u00a0\u00bbpr-0&Prime;][vc_row_inner][vc_column_inner][vc_single_image image=\u00a0\u00bb7079&Prime; img_size=\u00a0\u00bbfull\u00a0\u00bb onclick=\u00a0\u00bbcustom_link\u00a0\u00bb img_link_target=\u00a0\u00bb_blank\u00a0\u00bb css=\u00a0\u00bb.vc_custom_1691674432810{margin-bottom: 20px !important;border-radius: 10px !important;}\u00a0\u00bb el_class=\u00a0\u00bbimg-hover\u00a0\u00bb link=\u00a0\u00bbhttps:\/\/fiamtl.com\/fr\/evenements-2023\/cdpq-conference-2023\/biographie\/#edwards\u00a0\u00bb][vc_custom_heading text=\u00a0\u00bbShawn Edwards\u00a0\u00bb font_container=\u00a0\u00bbtag:h6|text_align:left|color:%23ffffff\u00a0\u00bb use_theme_fonts=\u00a0\u00bbyes\u00a0\u00bb el_class=\u00a0\u00bbfs-16&Prime; css=\u00a0\u00bb.vc_custom_1691606600178{margin-bottom: 0px !important;}\u00a0\u00bb][vc_custom_heading text=\u00a0\u00bbDirecteur de la technologie,<br \/>\nBloomberg\u00a0\u00bb font_container=\u00a0\u00bbtag:p|text_align:left|color:%23ffffff\u00a0\u00bb use_theme_fonts=\u00a0\u00bbyes\u00a0\u00bb el_class=\u00a0\u00bbfs-13 mb-3 mb-lg-0&Prime;][vc_custom_heading text=\u00a0\u00bbConf\u00e9rencier invit\u00e9\u00a0\u00bb font_container=\u00a0\u00bbtag:p|text_align:left|color:%239be8ff\u00a0\u00bb use_theme_fonts=\u00a0\u00bbyes\u00a0\u00bb el_class=\u00a0\u00bbfs-13 mb-3 mb-lg-0&Prime;][\/vc_column_inner][\/vc_row_inner][\/vc_column][vc_column width=\u00a0\u00bb1\/4&Prime; offset=\u00a0\u00bbvc_col-md-offset-0 vc_col-xs-6&Prime; el_class=\u00a0\u00bbpr-0&Prime;][vc_row_inner][vc_column_inner][vc_single_image image=\u00a0\u00bb7069&Prime; img_size=\u00a0\u00bbfull\u00a0\u00bb onclick=\u00a0\u00bbcustom_link\u00a0\u00bb img_link_target=\u00a0\u00bb_blank\u00a0\u00bb css=\u00a0\u00bb.vc_custom_1691674427186{margin-bottom: 20px !important;border-radius: 10px !important;}\u00a0\u00bb el_class=\u00a0\u00bbimg-hover\u00a0\u00bb link=\u00a0\u00bbhttps:\/\/fiamtl.com\/fr\/evenements-2023\/cdpq-conference-2023\/biographie\/#ouellet\u00a0\u00bb][vc_custom_heading text=\u00a0\u00bbDavid Ouellet\u00a0\u00bb font_container=\u00a0\u00bbtag:h6|text_align:left|color:%23ffffff\u00a0\u00bb use_theme_fonts=\u00a0\u00bbyes\u00a0\u00bb el_class=\u00a0\u00bbfs-16&Prime; css=\u00a0\u00bb.vc_custom_1691606584150{margin-bottom: 0px !important;}\u00a0\u00bb][vc_custom_heading text=\u00a0\u00bbPremier vice-pr\u00e9sident et chef des Technologies, donn\u00e9es et op\u00e9rations, PSP\u00a0\u00bb font_container=\u00a0\u00bbtag:p|text_align:left|color:%23ffffff\u00a0\u00bb use_theme_fonts=\u00a0\u00bbyes\u00a0\u00bb el_class=\u00a0\u00bbfs-13 mb-3 mb-lg-0&Prime;][\/vc_column_inner][\/vc_row_inner][\/vc_column][vc_column width=\u00a0\u00bb1\/4&Prime; offset=\u00a0\u00bbvc_col-md-offset-0 vc_col-xs-6&Prime; el_class=\u00a0\u00bbpr-0&Prime;][vc_row_inner][vc_column_inner][vc_single_image image=\u00a0\u00bb7071&Prime; img_size=\u00a0\u00bbfull\u00a0\u00bb onclick=\u00a0\u00bbcustom_link\u00a0\u00bb img_link_target=\u00a0\u00bb_blank\u00a0\u00bb css=\u00a0\u00bb.vc_custom_1691674440284{margin-bottom: 20px !important;border-radius: 10px !important;}\u00a0\u00bb el_class=\u00a0\u00bbimg-hover\u00a0\u00bb link=\u00a0\u00bbhttps:\/\/fiamtl.com\/fr\/evenements-2023\/cdpq-conference-2023\/biographie\/#kazemi\u00a0\u00bb][vc_custom_heading text=\u00a0\u00bbDr. Hossein Kazemi\u00a0\u00bb font_container=\u00a0\u00bbtag:h6|text_align:left|color:%23ffffff\u00a0\u00bb use_theme_fonts=\u00a0\u00bbyes\u00a0\u00bb el_class=\u00a0\u00bbfs-16&Prime; css=\u00a0\u00bb.vc_custom_1691606644426{margin-bottom: 0px !important;}\u00a0\u00bb][vc_custom_heading text=\u00a0\u00bbConseiller principal aupr\u00e8s de l\u2019Association CAIA et de l\u2019Institut FDP\u00a0\u00bb font_container=\u00a0\u00bbtag:p|text_align:left|color:%23ffffff\u00a0\u00bb use_theme_fonts=\u00a0\u00bbyes\u00a0\u00bb el_class=\u00a0\u00bbfs-13 mb-3 mb-lg-0&Prime;][\/vc_column_inner][\/vc_row_inner][\/vc_column][vc_column width=\u00a0\u00bb1\/4&Prime; offset=\u00a0\u00bbvc_col-md-offset-0 vc_col-xs-6&Prime; el_class=\u00a0\u00bbpr-0&Prime;][vc_row_inner][vc_column_inner][vc_single_image image=\u00a0\u00bb7075&Prime; img_size=\u00a0\u00bbfull\u00a0\u00bb onclick=\u00a0\u00bbcustom_link\u00a0\u00bb img_link_target=\u00a0\u00bb_blank\u00a0\u00bb css=\u00a0\u00bb.vc_custom_1691674446484{margin-bottom: 20px !important;border-radius: 10px !important;}\u00a0\u00bb el_class=\u00a0\u00bbimg-hover\u00a0\u00bb link=\u00a0\u00bbhttps:\/\/fiamtl.com\/fr\/evenements-2023\/cdpq-conference-2023\/biographie\/#goyenko\u00a0\u00bb][vc_custom_heading text=\u00a0\u00bbDr. Russ Goyenko\u00a0\u00bb font_container=\u00a0\u00bbtag:h6|text_align:left|color:%23ffffff\u00a0\u00bb use_theme_fonts=\u00a0\u00bbyes\u00a0\u00bb el_class=\u00a0\u00bbfs-16&Prime; css=\u00a0\u00bb.vc_custom_1691606663813{margin-bottom: 0px !important;}\u00a0\u00bb][vc_custom_heading text=\u00a0\u00bbProfesseur associ\u00e9 de finance, Universit\u00e9 McGill\u00a0\u00bb font_container=\u00a0\u00bbtag:p|text_align:left|color:%23ffffff\u00a0\u00bb use_theme_fonts=\u00a0\u00bbyes\u00a0\u00bb el_class=\u00a0\u00bbfs-13 mb-3 mb-lg-0&Prime;][\/vc_column_inner][\/vc_row_inner][\/vc_column][vc_column width=\u00a0\u00bb1\/4&Prime; offset=\u00a0\u00bbvc_col-md-offset-0 vc_col-xs-6&Prime; el_class=\u00a0\u00bbpr-0&Prime;][vc_row_inner][vc_column_inner][vc_single_image image=\u00a0\u00bb7073&Prime; img_size=\u00a0\u00bbfull\u00a0\u00bb onclick=\u00a0\u00bbcustom_link\u00a0\u00bb img_link_target=\u00a0\u00bb_blank\u00a0\u00bb css=\u00a0\u00bb.vc_custom_1691674453631{margin-bottom: 20px !important;border-radius: 10px !important;}\u00a0\u00bb el_class=\u00a0\u00bbimg-hover\u00a0\u00bb link=\u00a0\u00bbhttps:\/\/fiamtl.com\/fr\/evenements-2023\/cdpq-conference-2023\/biographie\/#bhaduri\u00a0\u00bb][vc_custom_heading text=\u00a0\u00bbDr. Ranjan Bhaduri\u00a0\u00bb font_container=\u00a0\u00bbtag:h6|text_align:left|color:%23ffffff\u00a0\u00bb use_theme_fonts=\u00a0\u00bbyes\u00a0\u00bb el_class=\u00a0\u00bbfs-16&Prime; css=\u00a0\u00bb.vc_custom_1691607125271{margin-bottom: 0px !important;}\u00a0\u00bb][vc_custom_heading text=\u00a0\u00bbFondateur et PDG, Bodhi Research Group\u00a0\u00bb font_container=\u00a0\u00bbtag:p|text_align:left|color:%23ffffff\u00a0\u00bb use_theme_fonts=\u00a0\u00bbyes\u00a0\u00bb el_class=\u00a0\u00bbfs-13 mb-3 mb-lg-0&Prime;][\/vc_column_inner][\/vc_row_inner][\/vc_column][\/vc_row][\/vc_section][vc_section css=\u00a0\u00bb.vc_custom_1691785006379{margin-bottom: 40px !important;}\u00a0\u00bb][vc_row equal_height=\u00a0\u00bbyes\u00a0\u00bb overlay_dotted=\u00a0\u00bb\u00a0\u00bb el_class=\u00a0\u00bbpt-5&Prime;][vc_column offset=\u00a0\u00bbvc_col-md-12 vc_col-xs-12&Prime; el_class=\u00a0\u00bbmt-3 fullh\u00a0\u00bb][vc_custom_heading text=\u00a0\u00bbUn \u00e9v\u00e9nement organis\u00e9 par\u00a0\u00bb font_container=\u00a0\u00bbtag:h5|text_align:center|color:%23121212&Prime; use_theme_fonts=\u00a0\u00bbyes\u00a0\u00bb el_class=\u00a0\u00bbfs-18 pl-3 pl-md-0 mb-4&Prime;][vc_row_inner equal_height=\u00a0\u00bbyes\u00a0\u00bb content_placement=\u00a0\u00bbmiddle\u00a0\u00bb][vc_column_inner css=\u00a0\u00bb.vc_custom_1691785064946{padding-bottom: 60px !important;}\u00a0\u00bb][vc_single_image image=\u00a0\u00bb7092&Prime; img_size=\u00a0\u00bbfull\u00a0\u00bb alignment=\u00a0\u00bbcenter\u00a0\u00bb css=\u00a0\u00bb.vc_custom_1691610191612{margin-bottom: 0px !important;}\u00a0\u00bb][\/vc_column_inner][\/vc_row_inner][vc_custom_heading text=\u00a0\u00bbEn partenariat avec\u00a0\u00bb font_container=\u00a0\u00bbtag:h5|text_align:center|color:%23121212&Prime; use_theme_fonts=\u00a0\u00bbyes\u00a0\u00bb el_class=\u00a0\u00bbfs-18 pl-3 pl-md-0 mb-4&Prime;][vc_row_inner equal_height=\u00a0\u00bbyes\u00a0\u00bb content_placement=\u00a0\u00bbmiddle\u00a0\u00bb el_class=\u00a0\u00bbpl-5 pr-5&Prime; css=\u00a0\u00bb.vc_custom_1691785085801{padding-bottom: 60px !important;}\u00a0\u00bb][vc_column_inner width=\u00a0\u00bb1\/5&Prime;][vc_single_image image=\u00a0\u00bb7094&Prime; img_size=\u00a0\u00bbfull\u00a0\u00bb alignment=\u00a0\u00bbcenter\u00a0\u00bb css=\u00a0\u00bb.vc_custom_1691610186858{margin-bottom: 0px !important;}\u00a0\u00bb][\/vc_column_inner][vc_column_inner width=\u00a0\u00bb1\/5&Prime;][vc_single_image image=\u00a0\u00bb7249&Prime; img_size=\u00a0\u00bbfull\u00a0\u00bb alignment=\u00a0\u00bbcenter\u00a0\u00bb css=\u00a0\u00bb.vc_custom_1691765441029{margin-bottom: 0px !important;}\u00a0\u00bb][\/vc_column_inner][vc_column_inner width=\u00a0\u00bb1\/5&Prime; css=\u00a0\u00bb.vc_custom_1691766076468{margin-bottom: 0px !important;}\u00a0\u00bb][vc_single_image image=\u00a0\u00bb7096&Prime; img_size=\u00a0\u00bbfull\u00a0\u00bb alignment=\u00a0\u00bbcenter\u00a0\u00bb css=\u00a0\u00bb.vc_custom_1691610215734{margin-bottom: 0px !important;}\u00a0\u00bb][\/vc_column_inner][vc_column_inner width=\u00a0\u00bb1\/5&Prime; css=\u00a0\u00bb.vc_custom_1691766080757{margin-bottom: 0px !important;}\u00a0\u00bb][vc_single_image image=\u00a0\u00bb7098&Prime; img_size=\u00a0\u00bbfull\u00a0\u00bb alignment=\u00a0\u00bbcenter\u00a0\u00bb css=\u00a0\u00bb.vc_custom_1691610170902{margin-bottom: 0px !important;}\u00a0\u00bb][\/vc_column_inner][vc_column_inner width=\u00a0\u00bb1\/5&Prime;][vc_single_image image=\u00a0\u00bb7100&Prime; img_size=\u00a0\u00bbfull\u00a0\u00bb alignment=\u00a0\u00bbcenter\u00a0\u00bb css=\u00a0\u00bb.vc_custom_1691610237572{margin-bottom: 0px !important;}\u00a0\u00bb][\/vc_column_inner][\/vc_row_inner][vc_custom_heading text=\u00a0\u00bbEn collaboration avec\u00a0\u00bb font_container=\u00a0\u00bbtag:h5|text_align:center|color:%23121212&Prime; use_theme_fonts=\u00a0\u00bbyes\u00a0\u00bb el_class=\u00a0\u00bbfs-18 pl-3 pl-md-0 mb-4 text-lg-center\u00a0\u00bb]<div class=\"lvsy-donors \"><div class=\"lvsy-donor-category  lvsy-donor-69df230460a2d\"><div class=\"lvsy-donor-item\"><span><img decoding=\"async\" src=\"https:\/\/fiamtl.com\/wp-content\/uploads\/2023\/06\/mechoui-aima-1.png\" alt=\"Sponso\"><\/span><\/div><div class=\"lvsy-donor-item\"><span><img decoding=\"async\" src=\"https:\/\/fiamtl.com\/wp-content\/uploads\/2023\/06\/mechoui-caasa-1.png\" alt=\"Sponso\"><\/span><\/div><div class=\"lvsy-donor-item\"><span><img decoding=\"async\" src=\"https:\/\/fiamtl.com\/wp-content\/uploads\/2023\/06\/mechoui-caia-1.png\" alt=\"Sponso\"><\/span><\/div><div class=\"lvsy-donor-item\"><span><img decoding=\"async\" src=\"https:\/\/fiamtl.com\/wp-content\/uploads\/2023\/06\/mechoui-fdp-1.png\" alt=\"Sponso\"><\/span><\/div><div class=\"lvsy-donor-item\"><span><img decoding=\"async\" src=\"https:\/\/fiamtl.com\/wp-content\/uploads\/2023\/06\/mechoui-fm-1.png\" alt=\"Sponso\"><\/span><\/div><div class=\"lvsy-donor-item\"><span><img decoding=\"async\" src=\"https:\/\/fiamtl.com\/wp-content\/uploads\/2023\/06\/mechoui-tmx-1.png\" alt=\"Sponso\"><\/span><\/div><div class=\"lvsy-donor-item\"><span><img decoding=\"async\" src=\"https:\/\/fiamtl.com\/wp-content\/uploads\/2023\/06\/mechoui-cfa-1.png\" alt=\"Sponso\"><\/span><\/div><\/div><\/div>[\/vc_column][\/vc_row][vc_row overlay_dotted=\u00a0\u00bb\u00a0\u00bb css=\u00a0\u00bb.vc_custom_1693404344444{margin-top: 50px !important;}\u00a0\u00bb][vc_column css=\u00a0\u00bb.vc_custom_1694033166124{padding-right: 0px !important;padding-left: 0px !important;}\u00a0\u00bb][vc_single_image image=\u00a0\u00bb7619&Prime; img_size=\u00a0\u00bbfull\u00a0\u00bb alignment=\u00a0\u00bbcenter\u00a0\u00bb][\/vc_column][\/vc_row][vc_row overlay_dotted=\u00a0\u00bb\u00a0\u00bb css=\u00a0\u00bb.vc_custom_1693404344444{margin-top: 50px !important;}\u00a0\u00bb][vc_column css=\u00a0\u00bb.vc_custom_1694029230629{padding-right: 0px !important;padding-left: 0px !important;}\u00a0\u00bb offset=\u00a0\u00bbvc_hidden-xs\u00a0\u00bb][vc_custom_heading text=\u00a0\u00bbGalerie photo\u00a0\u00bb font_container=\u00a0\u00bbtag:h3|text_align:left|color:%230054c6&Prime; use_theme_fonts=\u00a0\u00bbyes\u00a0\u00bb css=\u00a0\u00bb.vc_custom_1694029337498{margin-bottom: 22px !important;padding-left: 13px !important;}\u00a0\u00bb el_class=\u00a0\u00bbfs-24&Prime;][vc_gallery type=\u00a0\u00bbimage_grid\u00a0\u00bb images=\u00a0\u00bb7598,7600,7602,7604,7606,7608,7610,7612,7614,7616,7618,7620,7622,7624,7626,7628&Prime; img_size=\u00a0\u00bb165&#215;165&Prime;][\/vc_column][\/vc_row][vc_row overlay_dotted=\u00a0\u00bb\u00a0\u00bb css=\u00a0\u00bb.vc_custom_1693404332468{margin-top: 50px !important;}\u00a0\u00bb][vc_column css=\u00a0\u00bb.vc_custom_1694021349035{padding-right: 0px !important;padding-left: 0px !important;}\u00a0\u00bb offset=\u00a0\u00bbvc_hidden-lg vc_hidden-md vc_hidden-sm\u00a0\u00bb][vc_custom_heading text=\u00a0\u00bbGalerie photo\u00a0\u00bb font_container=\u00a0\u00bbtag:h3|text_align:left|color:%230054c6&Prime; use_theme_fonts=\u00a0\u00bbyes\u00a0\u00bb css=\u00a0\u00bb.vc_custom_1694029345631{margin-bottom: 22px !important;padding-left: 13px !important;}\u00a0\u00bb el_class=\u00a0\u00bbfs-24&Prime;][vc_images_carousel images=\u00a0\u00bb7598,7600,7602,7604,7606,7608,7610,7612,7614,7616,7618,7620,7622,7624,7626,7628&Prime; img_size=\u00a0\u00bbfull\u00a0\u00bb hide_pagination_control=\u00a0\u00bbyes\u00a0\u00bb wrap=\u00a0\u00bbyes\u00a0\u00bb][\/vc_column][\/vc_row][\/vc_section]<\/p>\n<\/section>","protected":false},"excerpt":{"rendered":"[vc_row full_width=\u00a0\u00bbstretch_row\u00a0\u00bb overlay_dotted=\u00a0\u00bb\u00a0\u00bb el_class=\u00a0\u00bbgradient-bg txt-secondary banner-text\u00a0\u00bb css=\u00a0\u00bb.vc_custom_1688060194870{margin-bottom: 84px !important;padding-top: 58px !important;padding-bottom: 0px !important;}\u00a0\u00bb][vc_column width=\u00a0\u00bb5\/12&Prime;][vc_custom_heading text=\u00a0\u00bbDiscussion exclusive\u00a0\u00bb font_container=\u00a0\u00bbtag:h3|text_align:left|color:%239be8ff\u00a0\u00bb use_theme_fonts=\u00a0\u00bbyes\u00a0\u00bb][\/vc_column][vc_column width=\u00a0\u00bb1\/2&Prime; offset=\u00a0\u00bbvc_col-md-offset-1&Prime;][vc_column_text el_class=\u00a0\u00bbfs-19&Prime;]Une opportunit\u00e9 exceptionnelle de participer \u00e0 une discussion entre des [&#8230;]","protected":false},"author":1,"featured_media":0,"parent":6702,"menu_order":0,"comment_status":"closed","ping_status":"closed","template":"","meta":{"_eb_attr":"","footnotes":""},"class_list":["post-7139","page","type-page","status-publish","hentry"],"_links":{"self":[{"href":"https:\/\/fiamtl.com\/fr\/wp-json\/wp\/v2\/pages\/7139","targetHints":{"allow":["GET"]}}],"collection":[{"href":"https:\/\/fiamtl.com\/fr\/wp-json\/wp\/v2\/pages"}],"about":[{"href":"https:\/\/fiamtl.com\/fr\/wp-json\/wp\/v2\/types\/page"}],"author":[{"embeddable":true,"href":"https:\/\/fiamtl.com\/fr\/wp-json\/wp\/v2\/users\/1"}],"replies":[{"embeddable":true,"href":"https:\/\/fiamtl.com\/fr\/wp-json\/wp\/v2\/comments?post=7139"}],"version-history":[{"count":0,"href":"https:\/\/fiamtl.com\/fr\/wp-json\/wp\/v2\/pages\/7139\/revisions"}],"up":[{"embeddable":true,"href":"https:\/\/fiamtl.com\/fr\/wp-json\/wp\/v2\/pages\/6702"}],"wp:attachment":[{"href":"https:\/\/fiamtl.com\/fr\/wp-json\/wp\/v2\/media?parent=7139"}],"curies":[{"name":"wp","href":"https:\/\/api.w.org\/{rel}","templated":true}]}}