{"id":6734,"date":"2023-06-19T09:44:50","date_gmt":"2023-06-19T13:44:50","guid":{"rendered":"https:\/\/fiamtl.com\/?page_id=6734"},"modified":"2024-06-17T13:22:37","modified_gmt":"2024-06-17T17:22:37","slug":"reconnaissance-et-engagement","status":"publish","type":"page","link":"https:\/\/fiamtl.com\/fr\/reconnaissance-et-engagement\/","title":{"rendered":"Reconnaissance et engagement"},"content":{"rendered":"<section class=\"wpb-content-wrapper\"><p>[vc_row full_width=\u00a0\u00bbstretch_row\u00a0\u00bb disable_element=\u00a0\u00bbyes\u00a0\u00bb overlay_dotted=\u00a0\u00bb\u00a0\u00bb el_class=\u00a0\u00bbgradient-bg txt-secondary banner-text\u00a0\u00bb css=\u00a0\u00bb.vc_custom_1691676459216{margin-bottom: 42px !important;padding-top: 58px !important;padding-bottom: 58px !important;}\u00a0\u00bb][vc_column width=\u00a0\u00bb5\/12&Prime;][vc_custom_heading text=\u00a0\u00bbLorem<br \/>\nipsum\u00a0\u00bb font_container=\u00a0\u00bbtag:h3|text_align:left|color:%239be8ff\u00a0\u00bb use_theme_fonts=\u00a0\u00bbyes\u00a0\u00bb][\/vc_column][vc_column width=\u00a0\u00bb7\/12&Prime;][vc_column_text el_class=\u00a0\u00bbfs-19&Prime; css=\u00a0\u00bb.vc_custom_1687983291538{margin-bottom: 0px !important;}\u00a0\u00bb]Lorem ipsum dolor sit amet, consectetur adipiscing elit. Etiam venenatis sit amet metus vel faucibus. Vivamus vulputate, ligula sit amet consectetur maximus, metus tortor auctor eros, non euismod odio arcu at leo. In molestie turpis eget quam faucibus rutrum. Cras at arcu risus.[\/vc_column_text][\/vc_column][\/vc_row][vc_row equal_height=\u00a0\u00bbyes\u00a0\u00bb overlay_dotted=\u00a0\u00bb\u00a0\u00bb el_class=\u00a0\u00bbmobile-p mt-4&Prime;][vc_column width=\u00a0\u00bb5\/6&Prime; offset=\u00a0\u00bbvc_col-md-5 vc_col-sm-offset-1&Prime; el_class=\u00a0\u00bborder-2 order-lg-1&Prime;][vc_custom_heading text=\u00a0\u00bbR\u00e9cipiendaire 2022&Prime; font_container=\u00a0\u00bbtag:h3|text_align:left|color:%230054c6&Prime; use_theme_fonts=\u00a0\u00bbyes\u00a0\u00bb css=\u00a0\u00bb.vc_custom_1688152650126{margin-bottom: 30px !important;}\u00a0\u00bb el_class=\u00a0\u00bbd-none d-lg-block fs-24&Prime;][vc_custom_heading text=\u00a0\u00bbCFA Montr\u00e9al applaudit l\u2019implication d\u00e9vou\u00e9e de Danielle Filistin aupr\u00e8s de la communaut\u00e9 universitaire\u00a0\u00bb font_container=\u00a0\u00bbtag:h4|text_align:left\u00a0\u00bb use_theme_fonts=\u00a0\u00bbyes\u00a0\u00bb el_class=\u00a0\u00bbfs-18&Prime;][\/vc_column][vc_column width=\u00a0\u00bb1\/3&Prime; offset=\u00a0\u00bbvc_col-sm-offset-1&Prime; el_class=\u00a0\u00bbd-none d-lg-block order-2&Prime;][\/vc_column][vc_column width=\u00a0\u00bb5\/6&Prime; offset=\u00a0\u00bbvc_col-md-5 vc_col-sm-offset-1&Prime; el_class=\u00a0\u00bborder-3&Prime;][vc_column_text el_class=\u00a0\u00bbfs-14&Prime;]Le 25 ao\u00fbt dernier avait lieu la 9e \u00e9dition du M\u00e9choui annuel organis\u00e9 par FIAMtl au cours duquel CFA Montr\u00e9al a remis le prix <strong>Femme qui s\u2019est le plus distingu\u00e9e par son implication \u00e9m\u00e9rite au sein de la communaut\u00e9 financi\u00e8re et de l\u2019investissement de Montr\u00e9al<\/strong> \u00e0 Danielle Filistin, CFA, PRM. Cette distinction vient reconna\u00eetre sa contribution au rayonnement des professions en finance, et plus particuli\u00e8rement de la d\u00e9signation CFA, aupr\u00e8s de la grande communaut\u00e9 universitaire.<\/p>\n<p>Si\u00e9geant \u00e0 la t\u00eate du comit\u00e9 des relations universitaires de CFA Montr\u00e9al, Mme Filistin est d\u00e9termin\u00e9e \u00e0 offrir tous les outils possibles aux \u00e9tudiants afin qu\u2019ils parviennent \u00e0 d\u00e9mystifier l\u2019industrie financi\u00e8re et qu\u2019ils puissent y \u00e9voluer.<\/p>\n<p>Mme Filistin tient \u00e0 rappeler que cette r\u00e9compense t\u00e9moigne de l\u2019importance des b\u00e9n\u00e9voles et des partenaires de CFA Montr\u00e9al, sans qui elle n\u2019aurait \u00e9t\u00e9 en mesure d\u2019accomplir cette t\u00e2che colossale: r\u00e9unir \u00e9tudiants, professeurs et professionnels afin qu\u2019ils puissent partager leurs exp\u00e9riences et connaissances en toute humilit\u00e9.<\/p>\n<p>\u00ab Redonner aux b\u00e2tisseurs de demain de cette communaut\u00e9 exemplaire m\u2019inspire \u00e0 relever des d\u00e9fis aux quotidiens. Je remercie Claude Perron et toute l\u2019\u00e9quipe de FIAMtl pour leur d\u00e9vouement continu au rayonnement de l\u2019expertise locale et \u00e0 la croissance de notre r\u00e9seau au niveau mondial. Merci \u00e0 tous pour cette honorable reconnaissance. \u00bb<\/p>\n<p><strong>Dans le cadre de cette distinction d\u00e9cern\u00e9e lors du M\u00e9choui annuel de FIAM<\/strong>, son pr\u00e9sident, Claude Perron, a soulign\u00e9 que: \u00abInformer, inspirer, partager son exp\u00e9rience et faciliter le maillage; tout cela est au c\u0153ur de la mission du comit\u00e9 relations universitaires de CFA Montr\u00e9al que dirige Danielle. Sa contribution exceptionnelle au d\u00e9veloppement d\u2019une communaut\u00e9 de jeunes talents est un apport significatif au rayonnement de notre communaut\u00e9 financi\u00e8re au Qu\u00e9bec et m\u00eame \u00e0 l\u2019\u00e9tranger. Nous f\u00e9licitons Danielle pour son leadership !\u00bb[\/vc_column_text][\/vc_column][vc_column width=\u00a0\u00bb5\/6&Prime; offset=\u00a0\u00bbvc_col-md-4 vc_col-sm-offset-1&Prime; el_class=\u00a0\u00bborder-1 order-lg-4&Prime;][vc_custom_heading text=\u00a0\u00bbR\u00e9cipiendaire 2022&Prime; font_container=\u00a0\u00bbtag:h3|text_align:left|color:%230054c6&Prime; use_theme_fonts=\u00a0\u00bbyes\u00a0\u00bb css=\u00a0\u00bb.vc_custom_1688152626662{margin-bottom: 30px !important;}\u00a0\u00bb el_class=\u00a0\u00bbd-lg-none fs-24&Prime;][vc_row_inner][vc_column_inner width=\u00a0\u00bb1\/3&Prime; offset=\u00a0\u00bbvc_col-md-6 vc_col-xs-6&Prime;][vc_single_image image=\u00a0\u00bb2543&Prime; img_size=\u00a0\u00bbfull\u00a0\u00bb][\/vc_column_inner][vc_column_inner width=\u00a0\u00bb1\/3&Prime; offset=\u00a0\u00bbvc_col-md-6 vc_col-xs-6&Prime;][vc_single_image image=\u00a0\u00bb2542&Prime; img_size=\u00a0\u00bbfull\u00a0\u00bb][\/vc_column_inner][\/vc_row_inner][vc_row_inner][vc_column_inner width=\u00a0\u00bb5\/12&Prime; offset=\u00a0\u00bbvc_col-md-9&Prime;][vc_custom_heading text=\u00a0\u00bbDanielle Filistin\u00a0\u00bb font_container=\u00a0\u00bbtag:h6|font_size:16px|text_align:left|color:%23505050|line_height:18px\u00a0\u00bb use_theme_fonts=\u00a0\u00bbyes\u00a0\u00bb][vc_custom_heading text=\u00a0\u00bbCFA, PRM<br \/>\nResponsable du comit\u00e9 relations universitaires, CFA Montr\u00e9al\u00a0\u00bb font_container=\u00a0\u00bbtag:p|font_size:13px|text_align:left|color:%23505050|line_height:18px\u00a0\u00bb use_theme_fonts=\u00a0\u00bbyes\u00a0\u00bb][\/vc_column_inner][\/vc_row_inner][\/vc_column][\/vc_row][vc_row equal_height=\u00a0\u00bbyes\u00a0\u00bb overlay_dotted=\u00a0\u00bb\u00a0\u00bb el_class=\u00a0\u00bbmobile-p mt-5&Prime;][vc_column width=\u00a0\u00bb5\/6&Prime; offset=\u00a0\u00bbvc_col-md-5 vc_col-sm-offset-1&Prime; el_class=\u00a0\u00bborder-2 order-lg-1&Prime;][vc_custom_heading text=\u00a0\u00bbR\u00e9cipiendaire 2019&Prime; font_container=\u00a0\u00bbtag:h3|text_align:left|color:%230054c6&Prime; use_theme_fonts=\u00a0\u00bbyes\u00a0\u00bb css=\u00a0\u00bb.vc_custom_1688152614558{margin-bottom: 30px !important;}\u00a0\u00bb el_class=\u00a0\u00bbd-none d-lg-block fs-24&Prime;][vc_custom_heading text=\u00a0\u00bbFIAM et CFA MONTR\u00c9AL, partenaires dans la valorisation de la profession\u00a0\u00bb font_container=\u00a0\u00bbtag:h4|text_align:left\u00a0\u00bb use_theme_fonts=\u00a0\u00bbyes\u00a0\u00bb el_class=\u00a0\u00bbfs-18&Prime;][\/vc_column][vc_column width=\u00a0\u00bb1\/3&Prime; offset=\u00a0\u00bbvc_col-sm-offset-1&Prime; el_class=\u00a0\u00bbd-none d-lg-block order-2&Prime;][\/vc_column][vc_column width=\u00a0\u00bb5\/6&Prime; offset=\u00a0\u00bbvc_col-md-5 vc_col-sm-offset-1&Prime; el_class=\u00a0\u00bborder-3&Prime;][vc_column_text el_class=\u00a0\u00bbfs-14&Prime;]En cette ann\u00e9e o\u00f9 la diversit\u00e9 est \u00e0 l\u2019honneur, FIAM a choisi de souligner l\u2019apport des femmes dans l\u2019industrie. Pour ce faire, il s\u2019est associ\u00e9 \u00e0 CFA Montr\u00e9al et \u00e0 son comit\u00e9 Femmes en investissement afin de d\u00e9terminer les laur\u00e9ates des prix EXCELLENCE et DISTINCTION.<\/p>\n<p>De plus, dans une volont\u00e9 d\u2019\u00eatre dans l\u2019esprit du th\u00e8me choisi, nous sugg\u00e9rons \u00e0 nos partenaires ainsi qu\u2019\u00e0 nos commanditaires d\u2019inviter une cons\u0153ur afin d\u2019affirmer la pr\u00e9sence f\u00e9minine dans le milieu de l\u2019investissement.<\/p>\n<p>Pour la 6e \u00e9dition du M\u00e9choui annuel, le comit\u00e9 de s\u00e9lection de CFA Montr\u00e9al a choisi une laur\u00e9ate qui se m\u00e9rite le PRIX EXCELLENCE FIAM pour le caract\u00e8re exceptionnel de sa contribution \u00e0 l\u2019exercice et \u00e0 l\u2019essor de sa profession.<\/p>\n<p>Le prix DISTINCTION sera remis en 2020 \u00e0 une aspirante au titre CFA et sera accompagn\u00e9 d\u2019une bourse d\u2019\u00e9tude. Le but \u00e9tant de favoriser l\u2019\u00e9mergence de nouveaux talents (option : le d\u00e9veloppement professionnel).<\/p>\n<p>Consultez nos futures infolettres pour plus de d\u00e9tails.[\/vc_column_text][\/vc_column][vc_column width=\u00a0\u00bb5\/6&Prime; offset=\u00a0\u00bbvc_col-md-4 vc_col-sm-offset-1&Prime; el_class=\u00a0\u00bborder-1 order-lg-4&Prime;][vc_custom_heading text=\u00a0\u00bbR\u00e9cipiendaire 2019&Prime; font_container=\u00a0\u00bbtag:h3|text_align:left|color:%230054c6&Prime; use_theme_fonts=\u00a0\u00bbyes\u00a0\u00bb css=\u00a0\u00bb.vc_custom_1688152588719{margin-bottom: 30px !important;}\u00a0\u00bb el_class=\u00a0\u00bbd-lg-none fs-24&Prime;][vc_row_inner][vc_column_inner width=\u00a0\u00bb1\/3&Prime; offset=\u00a0\u00bbvc_col-md-6 vc_col-xs-6&Prime;][vc_single_image image=\u00a0\u00bb2556&Prime; img_size=\u00a0\u00bbfull\u00a0\u00bb][\/vc_column_inner][vc_column_inner width=\u00a0\u00bb1\/3&Prime; offset=\u00a0\u00bbvc_col-md-6 vc_col-xs-6&Prime;][vc_single_image image=\u00a0\u00bb2555&Prime; img_size=\u00a0\u00bbfull\u00a0\u00bb][\/vc_column_inner][\/vc_row_inner][vc_row_inner][vc_column_inner width=\u00a0\u00bb5\/12&Prime; offset=\u00a0\u00bbvc_col-md-9&Prime;][vc_custom_heading text=\u00a0\u00bbSophie Palmer\u00a0\u00bb font_container=\u00a0\u00bbtag:h6|font_size:16px|text_align:left|color:%23505050|line_height:18px\u00a0\u00bb use_theme_fonts=\u00a0\u00bbyes\u00a0\u00bb][vc_custom_heading text=\u00a0\u00bbDirectrice r\u00e9gionale et gestionnaire de portefeuille, Gestion priv\u00e9e de patrimoine, Qu\u00e9bec, Jarislowsky, Fraser Limit\u00e9e\u00a0\u00bb font_container=\u00a0\u00bbtag:p|font_size:13px|text_align:left|color:%23505050|line_height:18px\u00a0\u00bb use_theme_fonts=\u00a0\u00bbyes\u00a0\u00bb][\/vc_column_inner][\/vc_row_inner][\/vc_column][\/vc_row][vc_row equal_height=\u00a0\u00bbyes\u00a0\u00bb disable_element=\u00a0\u00bbyes\u00a0\u00bb overlay_dotted=\u00a0\u00bb\u00a0\u00bb el_class=\u00a0\u00bbgradient-bg txt-white pt-5 pl-4 pb-5 pr-4 mt-4 pl-md-0 pr-md-0&Prime;][vc_column width=\u00a0\u00bb11\/12&Prime; offset=\u00a0\u00bbvc_col-sm-offset-1&Prime;][vc_custom_heading text=\u00a0\u00bbComit\u00e9 de s\u00e9lection\u00a0\u00bb font_container=\u00a0\u00bbtag:h2|text_align:left|color:%23ffffff\u00a0\u00bb use_theme_fonts=\u00a0\u00bbyes\u00a0\u00bb el_class=\u00a0\u00bbfs-24&Prime;][\/vc_column][vc_column width=\u00a0\u00bb1\/4&Prime; offset=\u00a0\u00bbvc_col-sm-offset-1&Prime; css=\u00a0\u00bb.vc_custom_1688151769918{padding-top: 10px !important;}\u00a0\u00bb el_class=\u00a0\u00bborder-1&Prime;][vc_custom_heading text=\u00a0\u00bbPr\u00e9sidente du comit\u00e9\u00a0\u00bb font_container=\u00a0\u00bbtag:p|text_align:left|color:%239be8ff\u00a0\u00bb use_theme_fonts=\u00a0\u00bbyes\u00a0\u00bb el_class=\u00a0\u00bbfw-smbold mb-3 mb-lg-0 fs-18&Prime; css=\u00a0\u00bb.vc_custom_1688152552872{margin-bottom: 20px !important;}\u00a0\u00bb][\/vc_column][vc_column width=\u00a0\u00bb5\/12&Prime; css=\u00a0\u00bb.vc_custom_1688502895419{padding-top: 10px !important;}\u00a0\u00bb el_class=\u00a0\u00bborder-3 order-lg-2&Prime;][vc_custom_heading text=\u00a0\u00bbMembres du comit\u00e9\u00a0\u00bb font_container=\u00a0\u00bbtag:p|text_align:left|color:%239be8ff\u00a0\u00bb use_theme_fonts=\u00a0\u00bbyes\u00a0\u00bb el_class=\u00a0\u00bbfw-smbold fs-18&Prime; css=\u00a0\u00bb.vc_custom_1688152557173{margin-bottom: 20px !important;}\u00a0\u00bb][\/vc_column][vc_column width=\u00a0\u00bb1\/12&Prime; el_class=\u00a0\u00bborder-md-2 order-lg-3&Prime; offset=\u00a0\u00bbvc_col-md-3 vc_hidden-xs\u00a0\u00bb][\/vc_column][vc_column width=\u00a0\u00bb1\/4&Prime; offset=\u00a0\u00bbvc_col-sm-offset-1 vc_col-xs-10&Prime; css=\u00a0\u00bb.vc_custom_1688577822531{padding-top: 0px !important;}\u00a0\u00bb el_class=\u00a0\u00bborder-2 order-md-4&Prime;][vc_single_image image=\u00a0\u00bb2565&Prime; img_size=\u00a0\u00bbfull\u00a0\u00bb css=\u00a0\u00bb.vc_custom_1687198619035{margin-bottom: 20px !important;}\u00a0\u00bb][vc_column_text el_class=\u00a0\u00bbfs-16&Prime; css=\u00a0\u00bb.vc_custom_1687191197463{margin-bottom: 0px !important;}\u00a0\u00bb]<strong>Odr\u00e9e Ducharme<\/strong>, CFA[\/vc_column_text][vc_custom_heading text=\u00a0\u00bbCaisse de d\u00e9p\u00f4t et<br \/>\nplacement du Qu\u00e9bec<br \/>\n1\u00e8re vice-pr\u00e9sident du Conseil et pr\u00e9sidente du comit\u00e9 Diversit\u00e9<br \/>\nde CFA Montr\u00e9al\u00a0\u00bb font_container=\u00a0\u00bbtag:p|font_size:13px|text_align:left|line_height:18px\u00a0\u00bb use_theme_fonts=\u00a0\u00bbyes\u00a0\u00bb][\/vc_column][vc_column width=\u00a0\u00bb1\/4&Prime; el_class=\u00a0\u00bbspace-between order-5&Prime; css=\u00a0\u00bb.vc_custom_1688503027626{padding-top: 0px !important;}\u00a0\u00bb offset=\u00a0\u00bbvc_col-md-offset-0 vc_col-sm-offset-1&Prime;][vc_column_text el_class=\u00a0\u00bbfs-16 mb-3 mb-lg-0&Prime;]<strong>Adriana Arrillaga<\/strong>, CFA<br \/>\nOne Summit Capital[\/vc_column_text][vc_column_text el_class=\u00a0\u00bbfs-16 mb-3 mb-lg-0&Prime;]<strong>Ioana Circo<\/strong>, CFA<br \/>\nUniversit\u00e9 de Montr\u00e9al[\/vc_column_text][vc_column_text el_class=\u00a0\u00bbfs-16 mb-3 mb-lg-0&Prime;]<strong>Laura Cohen<\/strong>, CFA<br \/>\nFiera Capital[\/vc_column_text][vc_column_text el_class=\u00a0\u00bbfs-16 mb-3 mb-lg-0&Prime;]<strong>Shahenda El Gindi<\/strong>, CFA<br \/>\nDivision des investissements<br \/>\ndu CN[\/vc_column_text][\/vc_column][vc_column width=\u00a0\u00bb1\/4&Prime; el_class=\u00a0\u00bbspace-between order-6&Prime; css=\u00a0\u00bb.vc_custom_1687984823966{padding-top: 0px !important;}\u00a0\u00bb][vc_column_text el_class=\u00a0\u00bbfs-16 mb-3 mb-lg-0&Prime;]<strong>Mariem Elsayed<\/strong>, CFA<br \/>\nFiera Capital[\/vc_column_text][vc_column_text el_class=\u00a0\u00bbfs-16 mb-3 mb-lg-0&Prime;]<strong>Sandy Poir\u00e9<\/strong>, CFA<br \/>\nDivision des investissements<br \/>\ndu CN[\/vc_column_text][vc_column_text el_class=\u00a0\u00bbfs-16 mb-3 mb-lg-0&Prime;]<strong>Sophie Palmer<\/strong>, CFA<br \/>\nJarislowsky Fraser[\/vc_column_text][vc_column_text el_class=\u00a0\u00bbfs-16 mb-3&Prime; css=\u00a0\u00bb.vc_custom_1688152333874{margin-bottom: 15px !important;}\u00a0\u00bb]<strong>Kelly Trihey<\/strong>, CFA<br \/>\nGroupe financier Trihey[\/vc_column_text][\/vc_column][\/vc_row]<\/p>\n<\/section>","protected":false},"excerpt":{"rendered":"[vc_row full_width=\u00a0\u00bbstretch_row\u00a0\u00bb disable_element=\u00a0\u00bbyes\u00a0\u00bb overlay_dotted=\u00a0\u00bb\u00a0\u00bb el_class=\u00a0\u00bbgradient-bg txt-secondary banner-text\u00a0\u00bb css=\u00a0\u00bb.vc_custom_1691676459216{margin-bottom: 42px !important;padding-top: 58px !important;padding-bottom: 58px !important;}\u00a0\u00bb][vc_column width=\u00a0\u00bb5\/12&Prime;][vc_custom_heading text=\u00a0\u00bbLorem ipsum\u00a0\u00bb font_container=\u00a0\u00bbtag:h3|text_align:left|color:%239be8ff\u00a0\u00bb use_theme_fonts=\u00a0\u00bbyes\u00a0\u00bb][\/vc_column][vc_column width=\u00a0\u00bb7\/12&Prime;][vc_column_text el_class=\u00a0\u00bbfs-19&Prime; css=\u00a0\u00bb.vc_custom_1687983291538{margin-bottom: 0px !important;}\u00a0\u00bb]Lorem ipsum dolor sit amet, consectetur adipiscing [&#8230;]","protected":false},"author":1,"featured_media":0,"parent":0,"menu_order":0,"comment_status":"closed","ping_status":"closed","template":"","meta":{"_eb_attr":"","footnotes":""},"class_list":["post-6734","page","type-page","status-publish","hentry"],"_links":{"self":[{"href":"https:\/\/fiamtl.com\/fr\/wp-json\/wp\/v2\/pages\/6734","targetHints":{"allow":["GET"]}}],"collection":[{"href":"https:\/\/fiamtl.com\/fr\/wp-json\/wp\/v2\/pages"}],"about":[{"href":"https:\/\/fiamtl.com\/fr\/wp-json\/wp\/v2\/types\/page"}],"author":[{"embeddable":true,"href":"https:\/\/fiamtl.com\/fr\/wp-json\/wp\/v2\/users\/1"}],"replies":[{"embeddable":true,"href":"https:\/\/fiamtl.com\/fr\/wp-json\/wp\/v2\/comments?post=6734"}],"version-history":[{"count":0,"href":"https:\/\/fiamtl.com\/fr\/wp-json\/wp\/v2\/pages\/6734\/revisions"}],"wp:attachment":[{"href":"https:\/\/fiamtl.com\/fr\/wp-json\/wp\/v2\/media?parent=6734"}],"curies":[{"name":"wp","href":"https:\/\/api.w.org\/{rel}","templated":true}]}}