{"id":6733,"date":"2023-05-24T12:01:28","date_gmt":"2023-05-24T16:01:28","guid":{"rendered":"https:\/\/fiamtl.com\/?page_id=6733"},"modified":"2024-12-13T16:01:19","modified_gmt":"2024-12-13T21:01:19","slug":"politique-de-confidentialite","status":"publish","type":"page","link":"https:\/\/fiamtl.com\/fr\/politique-de-confidentialite\/","title":{"rendered":"Politique de confidentialit\u00e9"},"content":{"rendered":"<section class=\"wpb-content-wrapper\"><p>[vc_row][vc_column][vc_column_text]<\/p>\n<p>La pr\u00e9sente a pour but de vous renseigner sur la mani\u00e8re dont FIAM collecte et utilise vos renseignements personnels lorsque vous consultez notre site web ainsi que nos plateformes de m\u00e9dias sociaux. Nous sommes conscients que ces informations sont de nature confidentielle et nous nous engageons \u00e0 respecter la confidentialit\u00e9 de vos renseignements conform\u00e9ment aux dispositions contenues dans la pr\u00e9sente politique.<\/p>\n<ol start=\"1\" type=\"1\">\n<li><strong>LA COLLECTE DES RENSEIGNEMENTS<\/strong><\/li>\n<\/ol>\n<p>Lorsque vous naviguez sur notre site web ainsi que nos plateformes de m\u00e9dias sociaux, certaines informations personnelles vous concernant nous sont communiqu\u00e9es par le biais de votre remplissage volontaire de formulaires nous collectons trois (3) types de renseignements\u00a0:<\/p>\n<ul>\n<li><strong>Renseignements personnels:\u00a0<\/strong><br \/>Les renseignements personnels, que nous pouvons raisonnablement utiliser pour vous identifier directement ou indirectement, tels que votre nom, votre adresse \u00e9lectronique, votre num\u00e9ro de t\u00e9l\u00e9phone, l&rsquo;adresse de protocole Internet (IP) utilis\u00e9e pour connecter votre ordinateur \u00e0 Internet, votre nom d&rsquo;utilisateur ou tout autre identifiant similaire, et tout autre identifiant que nous pouvons utiliser pour vous contacter (\u00ab\u00a0renseignements personnels\u00a0\u00bb).Nous offrons \u00e0 tout utilisateur la possibilit\u00e9 de se d\u00e9sinscrire de nos communications \u00e9lectroniques promotionnelles ou de refuser d&rsquo;\u00eatre contact\u00e9 \u00e0 des fins de marketing sur une base continue en utilisant le m\u00e9canisme de d\u00e9sinscription au bas de nos e-mails, ou en envoyant un e-mail \u00e0\u00a0<a href=\"mailto:info@fiamtl.com\">info@fiamtl.com<\/a>.<\/li>\n<li><strong>Informations non personnelles<\/strong>:<br \/>Des informations non personnelles, qui ne r\u00e9v\u00e8lent pas directement ou indirectement votre identit\u00e9 ou ne se rapportent pas directement \u00e0 une personne identifiable, des informations d\u00e9mographiques ou des informations statistiques ou agr\u00e9g\u00e9es. Les donn\u00e9es statistiques ou agr\u00e9g\u00e9es ne permettent pas d&rsquo;identifier directement une personne sp\u00e9cifique, mais nous pouvons d\u00e9river des donn\u00e9es statistiques ou agr\u00e9g\u00e9es non personnelles \u00e0 partir d&rsquo;informations personnelles. Par exemple, nous pouvons regrouper des informations personnelles pour calculer le pourcentage d&rsquo;utilisateurs acc\u00e9dant \u00e0 une fonction sp\u00e9cifique du site Web.<\/li>\n<li><strong>Informations techniques<\/strong>:<br \/>Informations de connexion, le type et la version de votre navigateur, le r\u00e9glage du fuseau horaire, les types et versions des plug-ins du navigateur, le syst\u00e8me et la plate-forme d&rsquo;exploitation, ou des informations sur votre connexion Internet, l&rsquo;\u00e9quipement que vous utilisez pour acc\u00e9der \u00e0 notre site Web et les d\u00e9tails d&rsquo;utilisation.<br \/>Les renseignements fournis par ces fichiers nous permettent principalement d\u2019optimiser notre site web afin de vous fournir une meilleure exp\u00e9rience et d\u2019\u00e9tablir des statistiques g\u00e9n\u00e9rales, telles que, notamment, le nombre de visites, le temps de visite et les pages consult\u00e9es lors de votre navigation sur notre site. Vous pouvez modifier votre navigateur afin de rejeter ces fichiers t\u00e9moins, mais certaines pages de ce site pourraient alors ne plus fonctionner de mani\u00e8re optimale.<\/li>\n<\/ul>\n<p>&nbsp;<\/p>\n<ol start=\"2\" type=\"1\">\n<li><strong>\u00c0 QUOI SERVENT LES INFORMATIONS PERSONNELLES QUE NOUS COLLECTONS\u00a0?<\/strong><\/li>\n<\/ol>\n<p>Les renseignements personnels que nous recueillons peuvent \u00eatre utilis\u00e9s notamment pour les raisons suivantes: \u00e0 des fins d\u2019\u00e9tudes, de marketing, d\u2019\u00e9valuation du trafic, d\u2019am\u00e9lioration de notre site web ainsi que pour l\u2019envoi de publicit\u00e9 cibl\u00e9e.<\/p>\n<p>&nbsp;<\/p>\n<ol start=\"3\" type=\"1\">\n<li><strong>CONSERVATION\u00a0ET PROTECTION DES RENSEIGNEMENTS PERSONNELS<\/strong><\/li>\n<\/ol>\n<p>\u00c0 moins que la Loi ne l\u2019exige autrement, vos renseignements personnels sont conserv\u00e9s et utilis\u00e9s uniquement pour la p\u00e9riode pour lesquels ils ont \u00e9t\u00e9 recueillis.<\/p>\n<p>Les renseignements personnels collect\u00e9s sont conserv\u00e9s dans un environnement s\u00e9curis\u00e9. Nos employ\u00e9s et toute autre personne pouvant avoir acc\u00e8s \u00e0 vos renseignements personnels sont tenus de respecter la confidentialit\u00e9 de ces informations.<\/p>\n<p>Nous nous engageons \u00e0 maintenir un haut degr\u00e9 de confidentialit\u00e9 en int\u00e9grant les derni\u00e8res innovations technologiques permettant d\u2019assurer la confidentialit\u00e9 de vos renseignements. Nous utilisons notamment des serveurs s\u00e9curis\u00e9s et des pares-feux. Toutefois, comme aucun m\u00e9canisme de d\u00e9fense n\u2019est infaillible, une part de risque est toujours pr\u00e9sente lorsque l\u2019on utilise Internet pour transmettre des renseignements personnels.<\/p>\n<p>&nbsp;<\/p>\n<ol start=\"4\" type=\"1\">\n<li><strong>ACC\u00c8S OU MODIFICATIONS DE VOS RENSEIGNEMENTS PERSONNELS<\/strong><\/li>\n<\/ol>\n<p>Vous pouvez demander d\u2019avoir acc\u00e8s aux renseignements personnels que nous d\u00e9tenons \u00e0 votre sujet ou encore de modifier, retirer ou corriger certains renseignements \u00e0 votre dossier en communiquant avec nous de l\u2019une des mani\u00e8res suivantes:<\/p>\n<p><strong><u>Par la poste:<\/u><\/strong><br \/>FIAM<br \/>4590 Boulevard St-Laurent<br \/>Montr\u00e9al QC H2T 1R3 Canada<\/p>\n<p><strong><u>Par courriel<\/u><\/strong><strong><u>:<\/u><\/strong><br \/><a href=\"mailto:info@fiamtl.com\">info@fiamtl.com<\/a><\/p>\n<p>Vous pouvez vous abonner \u00e0 nos listes d\u2019envois\u00a0en cliquant sur le lien \u00ab\u00a0m\u2019inscrire\u00a0\u00bb ou \u00ab\u00a0subscribe\u00a0\u00bb sur notre site web ou encore en communiquant avec nous de la mani\u00e8re mentionn\u00e9e ci-dessus.<br \/>Vous pouvez \u00e9galement vous d\u00e9sabonner de nos listes d\u2019envois en cliquant sur le lien \u00ab\u00a0me d\u00e9sabonner\u00a0\u00bb ou \u00ab\u00a0unsubscribe\u00a0\u00bb dans un courriel que vous recevez de notre part ou encore en communiquant avec nous de la mani\u00e8re mentionn\u00e9e ci-dessus.<\/p>\n<p>&nbsp;<\/p>\n<ol start=\"5\" type=\"1\">\n<li><strong>LA COMMUNICATION DE RENSEIGNEMENTS PERSONNELS \u00c0 DES TIERS<\/strong><\/li>\n<\/ol>\n<p>Aucun renseignement personnel ne sera communiqu\u00e9 \u00e0 une tierce partie, sans avoir pr\u00e9alablement obtenu votre consentement \u00e0 cet effet.<\/p>\n<p>Cependant, FIAM se r\u00e9serve le droit de communiquer tous renseignements personnels \u00e0: (i) nos soci\u00e9t\u00e9s affili\u00e9es; (ii) nos fournisseurs de services; (iii) tout partenaire suivant votre participation \u00e0 un concours via notre site web ou via les m\u00e9dias sociaux; (iv) un acqu\u00e9reur de tous les droits de FIAM; ainsi qu\u2019\u00e0 (v) toute personne dont la divulgation est requise en vertu de la Loi ou d\u2019une proc\u00e9dure judicaire.<\/p>\n<p>&nbsp;<\/p>\n<ol start=\"6\" type=\"1\">\n<li><strong>LIENS VERS DES SITES NON-CONTR\u00d4L\u00c9S PAR FIAM<\/strong><\/li>\n<\/ol>\n<p>Notre site web peut contenir des liens vers d\u2019autres sites Internet. Si vous utilisez ces liens, FIAM n\u2019offre aucune garantie par rapport \u00e0 l\u2019exactitude et l\u2019int\u00e9gralit\u00e9 de l\u2019information contenue dans ces sites et n\u2019est pas responsable de la mani\u00e8re dont ceux-ci collectent, utilisent et prot\u00e8gent vos renseignements personnels.<\/p>\n<p>&nbsp;<\/p>\n<ol start=\"7\" type=\"1\">\n<li><strong>PERSONNES AG\u00c9ES DE MOINS DE 13 ANS<\/strong><\/li>\n<\/ol>\n<p>FIAM ne vise pas \u00e0 et n\u2019a pas l\u2019intention de collecter, utiliser ou communiquer des renseignements concernant les personnes \u00e2g\u00e9es de moins de 13 ans. De plus, aucune information et\/ou publicit\u00e9 de notre site ne s\u2019adresse sciemment \u00e0 des personnes \u00e2g\u00e9es de moins de 13 ans.<\/p>\n<p>&nbsp;<\/p>\n<ol start=\"8\" type=\"1\">\n<li><strong>MODIFICATION<\/strong><\/li>\n<\/ol>\n<p>La pr\u00e9sente politique de confidentialit\u00e9 peut \u00eatre modifi\u00e9e en tout temps, \u00e0 la seule discr\u00e9tion de FIAM. Les modifications entrent en vigueur au moment o\u00f9 celles-ci apparaissent sur notre site web, sans aucun avis \u00e0 \u00eatre fourni \u00e0 l\u2019utilisateur. Le fait pour l\u2019utilisateur de continuer \u00e0 utiliser notre site web \u00e0 la suite de modifications est la preuve concluante que ce dernier accepte les modifications.<\/p>\n<p>&nbsp;<\/p>\n<ol start=\"9\" type=\"1\">\n<li><strong>COMMENTAIRES ET RENSEIGNEMENTS SUPPL\u00c9MENTAIRES<\/strong><\/li>\n<\/ol>\n<p>Si vous avez des commentaires ou des questions \u00e0 propos de la pr\u00e9sente politique, veuillez communiquer avec nous de l\u2019une des mani\u00e8res suivantes:<\/p>\n<p><strong><u>Par la poste:<\/u><\/strong><br \/>FIAM<br \/>4590 Boulevard St-Laurent<br \/>Montr\u00e9al QC H2T 1R3 Canada<\/p>\n<p><strong><u>Par courriel:<\/u><\/strong><br \/><a href=\"mailto:info@fiamtl.com\">info@fiamtl.com<\/a><\/p>\n<p>[\/vc_column_text][\/vc_column][\/vc_row]<\/p>\n<\/section>","protected":false},"excerpt":{"rendered":"[vc_row][vc_column][vc_column_text] La pr\u00e9sente a pour but de vous renseigner sur la mani\u00e8re dont FIAM collecte et utilise vos renseignements personnels lorsque vous consultez notre site web ainsi que nos plateformes [&#8230;]","protected":false},"author":1,"featured_media":0,"parent":0,"menu_order":0,"comment_status":"closed","ping_status":"closed","template":"","meta":{"_eb_attr":"","footnotes":""},"class_list":["post-6733","page","type-page","status-publish","hentry"],"_links":{"self":[{"href":"https:\/\/fiamtl.com\/fr\/wp-json\/wp\/v2\/pages\/6733","targetHints":{"allow":["GET"]}}],"collection":[{"href":"https:\/\/fiamtl.com\/fr\/wp-json\/wp\/v2\/pages"}],"about":[{"href":"https:\/\/fiamtl.com\/fr\/wp-json\/wp\/v2\/types\/page"}],"author":[{"embeddable":true,"href":"https:\/\/fiamtl.com\/fr\/wp-json\/wp\/v2\/users\/1"}],"replies":[{"embeddable":true,"href":"https:\/\/fiamtl.com\/fr\/wp-json\/wp\/v2\/comments?post=6733"}],"version-history":[{"count":0,"href":"https:\/\/fiamtl.com\/fr\/wp-json\/wp\/v2\/pages\/6733\/revisions"}],"wp:attachment":[{"href":"https:\/\/fiamtl.com\/fr\/wp-json\/wp\/v2\/media?parent=6733"}],"curies":[{"name":"wp","href":"https:\/\/api.w.org\/{rel}","templated":true}]}}