{"id":6731,"date":"2023-06-14T09:11:56","date_gmt":"2023-06-14T13:11:56","guid":{"rendered":"https:\/\/fiamtl.com\/?page_id=6731"},"modified":"2024-06-17T11:15:23","modified_gmt":"2024-06-17T15:15:23","slug":"ecosysteme","status":"publish","type":"page","link":"https:\/\/fiamtl.com\/fr\/nos-partenaires\/ecosysteme\/","title":{"rendered":"\u00c9cosyst\u00e8me"},"content":{"rendered":"<section class=\"wpb-content-wrapper\"><p>[vc_row full_width=\u00a0\u00bbstretch_row\u00a0\u00bb overlay_dotted=\u00a0\u00bb\u00a0\u00bb el_class=\u00a0\u00bbgradient-bg txt-secondary banner-text\u00a0\u00bb css=\u00a0\u00bb.vc_custom_1687889682652{margin-bottom: 42px !important;padding-top: 58px !important;padding-bottom: 58px !important;}\u00a0\u00bb][vc_column width=\u00a0\u00bb1\/3&Prime;][vc_custom_heading text=\u00a0\u00bbUne plateforme rassembleuse\u00a0\u00bb font_container=\u00a0\u00bbtag:h2|text_align:left|color:%239be8ff\u00a0\u00bb use_theme_fonts=\u00a0\u00bbyes\u00a0\u00bb][\/vc_column][vc_column width=\u00a0\u00bb2\/3&Prime;][vc_column_text el_class=\u00a0\u00bbfs-19&Prime; css=\u00a0\u00bb.vc_custom_1687890090673{margin-bottom: 0px !important;}\u00a0\u00bb]FIAM est une plateforme rassembleuse dont l\u2019objectif est de contribuer au d\u00e9veloppement de notre industrie financi\u00e8re locale. Chacune des associations professionnelles mentionn\u00e9es contribue \u00e0 cet objectif lorsqu\u2019elle s\u2019investit dans un \u00e9v\u00e8nement \u00e0 Montr\u00e9al.[\/vc_column_text][\/vc_column][\/vc_row][vc_row full_width=\u00a0\u00bbstretch_row\u00a0\u00bb overlay_dotted=\u00a0\u00bb\u00a0\u00bb css=\u00a0\u00bb.vc_custom_1686748785320{margin-bottom: 9px !important;padding-top: 58px !important;padding-bottom: 58px !important;}\u00a0\u00bb][vc_column width=\u00a0\u00bb1\/3&Prime;][vc_custom_heading text=\u00a0\u00bbL\u2019actif principal du FIAM\u00a0\u00bb font_container=\u00a0\u00bbtag:h3|text_align:left|color:%230054c6&Prime; use_theme_fonts=\u00a0\u00bbyes\u00a0\u00bb][\/vc_column][vc_column width=\u00a0\u00bb2\/3&Prime;][vc_column_text el_class=\u00a0\u00bbfs-18&Prime;]<strong>Un r\u00e9seau de relations d\u2019envergure<\/strong><br \/>\nL\u2019initiative FIAM repose sur la cr\u00e9ation d\u2019un \u00e9cosyst\u00e8me d\u2019envergure, bas\u00e9 sur le d\u00e9veloppement d\u2019un choix judicieux de relations de haut niveau avec, soci\u00e9t\u00e9s, associations, et institutions qui \u0153uvrent ou s\u2019int\u00e9ressent aux enjeux, d\u00e9fis, et opportunit\u00e9s reli\u00e9es au d\u00e9ploiement des technologies IA\/AA dans le secteur financier\/gestion d\u2019actifs.<\/p>\n<p>Ce processus est bien entam\u00e9, avec la communaut\u00e9 financi\u00e8re, plusieurs associations professionnelles, universit\u00e9s, certains acteurs de l\u2019\u00e9cosyst\u00e8me IA \u00e0 Montr\u00e9al, et la communaut\u00e9 Fintech, en particulier Finance Montr\u00e9al.<\/p>\n<p>Cet \u00e9cosyst\u00e8me constitue l\u2019actif principal du FIAM, le moteur sur lequel repose sa capacit\u00e9 de r\u00e9aliser sa mission et ses objectifs.[\/vc_column_text][\/vc_column][\/vc_row][vc_row][vc_column width=\u00a0\u00bb5\/6&Prime; offset=\u00a0\u00bbvc_col-md-offset-0 vc_col-md-12 vc_col-sm-offset-1&Prime;][vc_single_image image=\u00a0\u00bb7296&Prime; img_size=\u00a0\u00bbfull\u00a0\u00bb alignment=\u00a0\u00bbcenter\u00a0\u00bb][\/vc_column][\/vc_row]<\/p>\n<\/section>","protected":false},"excerpt":{"rendered":"[vc_row full_width=\u00a0\u00bbstretch_row\u00a0\u00bb overlay_dotted=\u00a0\u00bb\u00a0\u00bb el_class=\u00a0\u00bbgradient-bg txt-secondary banner-text\u00a0\u00bb css=\u00a0\u00bb.vc_custom_1687889682652{margin-bottom: 42px !important;padding-top: 58px !important;padding-bottom: 58px !important;}\u00a0\u00bb][vc_column width=\u00a0\u00bb1\/3&Prime;][vc_custom_heading text=\u00a0\u00bbUne plateforme rassembleuse\u00a0\u00bb font_container=\u00a0\u00bbtag:h2|text_align:left|color:%239be8ff\u00a0\u00bb use_theme_fonts=\u00a0\u00bbyes\u00a0\u00bb][\/vc_column][vc_column width=\u00a0\u00bb2\/3&Prime;][vc_column_text el_class=\u00a0\u00bbfs-19&Prime; css=\u00a0\u00bb.vc_custom_1687890090673{margin-bottom: 0px !important;}\u00a0\u00bb]FIAM est une plateforme rassembleuse dont l\u2019objectif [&#8230;]","protected":false},"author":1,"featured_media":0,"parent":6705,"menu_order":0,"comment_status":"closed","ping_status":"closed","template":"","meta":{"_eb_attr":"","footnotes":""},"class_list":["post-6731","page","type-page","status-publish","hentry"],"_links":{"self":[{"href":"https:\/\/fiamtl.com\/fr\/wp-json\/wp\/v2\/pages\/6731","targetHints":{"allow":["GET"]}}],"collection":[{"href":"https:\/\/fiamtl.com\/fr\/wp-json\/wp\/v2\/pages"}],"about":[{"href":"https:\/\/fiamtl.com\/fr\/wp-json\/wp\/v2\/types\/page"}],"author":[{"embeddable":true,"href":"https:\/\/fiamtl.com\/fr\/wp-json\/wp\/v2\/users\/1"}],"replies":[{"embeddable":true,"href":"https:\/\/fiamtl.com\/fr\/wp-json\/wp\/v2\/comments?post=6731"}],"version-history":[{"count":0,"href":"https:\/\/fiamtl.com\/fr\/wp-json\/wp\/v2\/pages\/6731\/revisions"}],"up":[{"embeddable":true,"href":"https:\/\/fiamtl.com\/fr\/wp-json\/wp\/v2\/pages\/6705"}],"wp:attachment":[{"href":"https:\/\/fiamtl.com\/fr\/wp-json\/wp\/v2\/media?parent=6731"}],"curies":[{"name":"wp","href":"https:\/\/api.w.org\/{rel}","templated":true}]}}