{"id":6700,"date":"2023-06-19T16:32:49","date_gmt":"2023-06-19T20:32:49","guid":{"rendered":"https:\/\/fiamtl.com\/?page_id=6700"},"modified":"2023-07-07T09:34:51","modified_gmt":"2023-07-07T13:34:51","slug":"mechoui-2022","status":"publish","type":"page","link":"https:\/\/fiamtl.com\/fr\/archives\/evenements-2022\/mechoui-2022\/","title":{"rendered":"M\u00e9choui 2022"},"content":{"rendered":"<section class=\"wpb-content-wrapper\"><p>[vc_row full_width=\u00a0\u00bbstretch_row\u00a0\u00bb overlay_dotted=\u00a0\u00bb\u00a0\u00bb el_class=\u00a0\u00bbgradient-bg\u00a0\u00bb css=\u00a0\u00bb.vc_custom_1687206766853{padding-top: 225px !important;padding-bottom: 0px !important;}\u00a0\u00bb][vc_column][\/vc_column][\/vc_row][vc_row overlay_dotted=\u00a0\u00bb\u00a0\u00bb css=\u00a0\u00bb.vc_custom_1687376127382{margin-top: 44px !important;}\u00a0\u00bb][vc_column][vc_single_image image=\u00a0\u00bb2614&Prime; img_size=\u00a0\u00bbfull\u00a0\u00bb alignment=\u00a0\u00bbcenter\u00a0\u00bb][\/vc_column][\/vc_row][vc_row][vc_column width=\u00a0\u00bb1\/2&Prime;][vc_custom_heading text=\u00a0\u00bbM\u00e9choui 2022&Prime; font_container=\u00a0\u00bbtag:h2|text_align:left|color:%230054c6&Prime; use_theme_fonts=\u00a0\u00bbyes\u00a0\u00bb css=\u00a0\u00bb.vc_custom_1688154772969{margin-bottom: 22px !important;}\u00a0\u00bb el_class=\u00a0\u00bbfs-35&Prime;][vc_column_text el_class=\u00a0\u00bbfs-18 d-none d-md-block\u00a0\u00bb]<strong>Date<\/strong><br \/>\n25.03.22[\/vc_column_text][vc_column_text el_class=\u00a0\u00bbfs-18 d-none d-md-block\u00a0\u00bb]<strong>Lieu<\/strong><br \/>\nPavillon La Toundra[\/vc_column_text][vc_row_inner el_class=\u00a0\u00bbd-md-none\u00a0\u00bb][vc_column_inner width=\u00a0\u00bb1\/2&Prime; offset=\u00a0\u00bbvc_col-xs-6&Prime; css=\u00a0\u00bb.vc_custom_1688050726496{padding-left: 0px !important;}\u00a0\u00bb][vc_column_text el_class=\u00a0\u00bbfs-18&Prime;]<strong>Date<\/strong><br \/>\n25.03.22[\/vc_column_text][\/vc_column_inner][vc_column_inner width=\u00a0\u00bb1\/2&Prime; offset=\u00a0\u00bbvc_col-xs-6&Prime; css=\u00a0\u00bb.vc_custom_1688050774532{padding-right: 0px !important;padding-left: 0px !important;}\u00a0\u00bb][vc_column_text el_class=\u00a0\u00bbfs-18&Prime;]<strong>Lieu<\/strong><br \/>\nPavillon La Toundra[\/vc_column_text][\/vc_column_inner][\/vc_row_inner][\/vc_column][vc_column width=\u00a0\u00bb1\/2&Prime;][vc_column_text el_class=\u00a0\u00bbfw-smbold fs-18&Prime;]Claude Perron, pr\u00e9sident de FIAMtl, en collaboration avec ses partenaires d\u2019\u00e9v\u00e8nement, est heureux de vous inviter au rassemblement annuel des communaut\u00e9s financi\u00e8res de Montr\u00e9al et Toronto.<\/p>\n<p>L\u2019\u00e9v\u00e9nement \u00ab M\u00e9choui BBQ \u00bb est l\u2019occasion pour stimuler les \u00e9changes entre professionnels afin de favoriser la croissance de l\u2019industrie et de contribuer au d\u00e9veloppement de talents et \u00e0 la promotion de gestionnaires \u00e9mergents.[\/vc_column_text][\/vc_column][\/vc_row][vc_row overlay_dotted=\u00a0\u00bb\u00a0\u00bb][vc_column css=\u00a0\u00bb.vc_custom_1688051002918{padding-right: 0px !important;padding-left: 0px !important;}\u00a0\u00bb][vc_custom_heading text=\u00a0\u00bbGalerie photos\u00a0\u00bb font_container=\u00a0\u00bbtag:h3|text_align:left|color:%230054c6&Prime; use_theme_fonts=\u00a0\u00bbyes\u00a0\u00bb css=\u00a0\u00bb.vc_custom_1688154764562{margin-bottom: 22px !important;padding-left: 13px !important;}\u00a0\u00bb el_class=\u00a0\u00bbfs-24&Prime;][vc_gallery type=\u00a0\u00bbimage_grid\u00a0\u00bb images=\u00a0\u00bb5387,5388,5389,5390,5391,5392,5393,5394,5395,5396,5397,5398,5399,5400,5401,5402,5403,5404,5405,5406,5407,5408,5409,5410,5411,5412,5413,5415,5416,5417,5418,5419,5420,5421,5422,5423,5424,5425,5426,5428,5429,5430,5431,5432,5433,5434,5435,5436,5437,5438,5439,5440,5441,5442,5443,5444,5446,5447,5448,5449,5450,5451,5453,5454,5455,5456,5458,5459,5460,5461,5462,5463,5464,5465,5466,5467,5468,5469,5470,5471,5472,5473,5474,5475,5476,5477,5478,5479,5480,5481,5482,5483,5485,5486,5487,5488&Prime; img_size=\u00a0\u00bb165&#215;165&Prime;][\/vc_column][\/vc_row]<\/p>\n<\/section>","protected":false},"excerpt":{"rendered":"[vc_row full_width=\u00a0\u00bbstretch_row\u00a0\u00bb overlay_dotted=\u00a0\u00bb\u00a0\u00bb el_class=\u00a0\u00bbgradient-bg\u00a0\u00bb css=\u00a0\u00bb.vc_custom_1687206766853{padding-top: 225px !important;padding-bottom: 0px !important;}\u00a0\u00bb][vc_column][\/vc_column][\/vc_row][vc_row overlay_dotted=\u00a0\u00bb\u00a0\u00bb css=\u00a0\u00bb.vc_custom_1687376127382{margin-top: 44px !important;}\u00a0\u00bb][vc_column][vc_single_image image=\u00a0\u00bb2614&Prime; img_size=\u00a0\u00bbfull\u00a0\u00bb alignment=\u00a0\u00bbcenter\u00a0\u00bb][\/vc_column][\/vc_row][vc_row][vc_column width=\u00a0\u00bb1\/2&Prime;][vc_custom_heading text=\u00a0\u00bbM\u00e9choui 2022&Prime; font_container=\u00a0\u00bbtag:h2|text_align:left|color:%230054c6&Prime; use_theme_fonts=\u00a0\u00bbyes\u00a0\u00bb css=\u00a0\u00bb.vc_custom_1688154772969{margin-bottom: 22px !important;}\u00a0\u00bb el_class=\u00a0\u00bbfs-35&Prime;][vc_column_text el_class=\u00a0\u00bbfs-18 d-none d-md-block\u00a0\u00bb]Date 25.03.22[\/vc_column_text][vc_column_text el_class=\u00a0\u00bbfs-18 [&#8230;]","protected":false},"author":1,"featured_media":0,"parent":6699,"menu_order":0,"comment_status":"closed","ping_status":"closed","template":"","meta":{"_eb_attr":"","footnotes":""},"class_list":["post-6700","page","type-page","status-publish","hentry"],"_links":{"self":[{"href":"https:\/\/fiamtl.com\/fr\/wp-json\/wp\/v2\/pages\/6700","targetHints":{"allow":["GET"]}}],"collection":[{"href":"https:\/\/fiamtl.com\/fr\/wp-json\/wp\/v2\/pages"}],"about":[{"href":"https:\/\/fiamtl.com\/fr\/wp-json\/wp\/v2\/types\/page"}],"author":[{"embeddable":true,"href":"https:\/\/fiamtl.com\/fr\/wp-json\/wp\/v2\/users\/1"}],"replies":[{"embeddable":true,"href":"https:\/\/fiamtl.com\/fr\/wp-json\/wp\/v2\/comments?post=6700"}],"version-history":[{"count":0,"href":"https:\/\/fiamtl.com\/fr\/wp-json\/wp\/v2\/pages\/6700\/revisions"}],"up":[{"embeddable":true,"href":"https:\/\/fiamtl.com\/fr\/wp-json\/wp\/v2\/pages\/6699"}],"wp:attachment":[{"href":"https:\/\/fiamtl.com\/fr\/wp-json\/wp\/v2\/media?parent=6700"}],"curies":[{"name":"wp","href":"https:\/\/api.w.org\/{rel}","templated":true}]}}