{"id":6697,"date":"2023-06-20T13:36:31","date_gmt":"2023-06-20T17:36:31","guid":{"rendered":"https:\/\/fiamtl.com\/?page_id=6697"},"modified":"2023-07-07T09:48:17","modified_gmt":"2023-07-07T13:48:17","slug":"webinaire-2021","status":"publish","type":"page","link":"https:\/\/fiamtl.com\/fr\/archives\/evenements-2021\/webinaire-2021\/","title":{"rendered":"Webinaire 2021"},"content":{"rendered":"<section class=\"wpb-content-wrapper\"><p>[vc_row full_width=\u00a0\u00bbstretch_row\u00a0\u00bb overlay_dotted=\u00a0\u00bb\u00a0\u00bb el_class=\u00a0\u00bbgradient-bg txt-secondary banner-text\u00a0\u00bb css=\u00a0\u00bb.vc_custom_1688064785596{margin-bottom: 84px !important;padding-top: 58px !important;padding-bottom: 0px !important;}\u00a0\u00bb][vc_column width=\u00a0\u00bb1\/3&Prime;][vc_custom_heading text=\u00a0\u00bbWebinaire<br \/>\n2021&Prime; font_container=\u00a0\u00bbtag:h3|text_align:left|color:%239be8ff\u00a0\u00bb use_theme_fonts=\u00a0\u00bbyes\u00a0\u00bb][\/vc_column][vc_column width=\u00a0\u00bb2\/3&Prime;][vc_column_text el_class=\u00a0\u00bbfs-19&Prime;]Montr\u00e9al est reconnue mondialement pour son \u00e9cosyst\u00e8me d\u2019intelligence artificielle (IA), mais la plupart des projets de recherche et applications sont orient\u00e9s vers des secteurs non financiers. Il y a donc un \u00abMAILLON MANQUANT\u00bb que le projet FIAM (Forum d\u2019Investissements Alternatifs de Montr\u00e9al) vise \u00e0 combler.[\/vc_column_text][\/vc_column][\/vc_row][vc_row overlay_dotted=\u00a0\u00bb\u00a0\u00bb css=\u00a0\u00bb.vc_custom_1687281947567{margin-bottom: 20px !important;}\u00a0\u00bb][vc_column width=\u00a0\u00bb5\/12&Prime;][vc_custom_heading text=\u00a0\u00bbMontr\u00e9al, centre d\u2019excellence en IA\/ML en finance et gestion d\u2019actifs ?\u00a0\u00bb font_container=\u00a0\u00bbtag:h2|text_align:left|color:%230054c6&Prime; use_theme_fonts=\u00a0\u00bbyes\u00a0\u00bb css=\u00a0\u00bb.vc_custom_1688155752061{margin-bottom: 22px !important;}\u00a0\u00bb el_class=\u00a0\u00bbfs-35&Prime;][vc_custom_heading text=\u00a0\u00bbLes Rencontres Off du Forum Fintech\u00a0\u00bb font_container=\u00a0\u00bbtag:p|text_align:left|color:%230054c6&Prime; use_theme_fonts=\u00a0\u00bbyes\u00a0\u00bb el_class=\u00a0\u00bbfw-smbold fs-18&Prime;][vc_column_text el_class=\u00a0\u00bbfs-18 d-none d-md-block\u00a0\u00bb css=\u00a0\u00bb.vc_custom_1688155809368{margin-bottom: 20px !important;}\u00a0\u00bb]<strong>Date<\/strong><br \/>\n13.05.2021[\/vc_column_text][vc_column_text el_class=\u00a0\u00bbfs-18 d-none d-md-block\u00a0\u00bb css=\u00a0\u00bb.vc_custom_1688155803680{margin-bottom: 20px !important;}\u00a0\u00bb]<strong>Location<\/strong><br \/>\n\u00c9v\u00e9nement virtuel[\/vc_column_text][vc_row_inner el_class=\u00a0\u00bbd-md-none\u00a0\u00bb][vc_column_inner width=\u00a0\u00bb1\/2&Prime; offset=\u00a0\u00bbvc_col-xs-6&Prime; css=\u00a0\u00bb.vc_custom_1688064519533{padding-left: 0px !important;}\u00a0\u00bb][vc_column_text el_class=\u00a0\u00bbfs-18&Prime; css=\u00a0\u00bb.vc_custom_1687282368185{margin-bottom: 20px !important;}\u00a0\u00bb]<strong>Date<\/strong><br \/>\n13.05.2021[\/vc_column_text][\/vc_column_inner][vc_column_inner width=\u00a0\u00bb1\/2&Prime; offset=\u00a0\u00bbvc_col-xs-6&Prime; css=\u00a0\u00bb.vc_custom_1688064525553{padding-right: 0px !important;padding-left: 0px !important;}\u00a0\u00bb][vc_column_text el_class=\u00a0\u00bbfs-18&Prime; css=\u00a0\u00bb.vc_custom_1687282382801{margin-bottom: 20px !important;}\u00a0\u00bb]<strong>Location<\/strong><br \/>\n\u00c9v\u00e9nement virtuel[\/vc_column_text][\/vc_column_inner][\/vc_row_inner][vc_column_text el_class=\u00a0\u00bbfs-18&Prime; css=\u00a0\u00bb.vc_custom_1687275468436{margin-bottom: 20px !important;}\u00a0\u00bb]<strong>Organized by<\/strong>[\/vc_column_text][vc_row_inner][vc_column_inner el_class=\u00a0\u00bbpl-0&Prime; width=\u00a0\u00bb5\/6&Prime; offset=\u00a0\u00bbvc_col-md-2\/5&Prime;][vc_single_image image=\u00a0\u00bb2718&Prime; img_size=\u00a0\u00bbfull\u00a0\u00bb][\/vc_column_inner][\/vc_row_inner][\/vc_column][vc_column width=\u00a0\u00bb1\/2&Prime; offset=\u00a0\u00bbvc_col-sm-offset-1&Prime; el_class=\u00a0\u00bbfw-smbold\u00a0\u00bb][vc_column_text el_class=\u00a0\u00bbfs-18 fw-smbold\u00a0\u00bb]Ce premier webinaire a comme objectif d\u2019informer, de sensibiliser, mais aussi de recevoir commentaires et suggestions de gestionnaires de portefeuille, de chercheurs, de scientifiques de donn\u00e9es, d\u2019entrepreneurs, d\u2019\u00e9tudiants, de fintech et de dirigeants de fonds de pension sur l\u2019importance de combler ce vide. Il s\u2019agit d\u2019un projet collectif dont la vision, au fil du temps, est de contribuer \u00e0 ce que Montr\u00e9al devienne un centre d\u2019excellence reconnu au niveau canadien et \u00e0 l\u2019international.[\/vc_column_text][\/vc_column][\/vc_row][vc_row overlay_dotted=\u00a0\u00bb\u00a0\u00bb css=\u00a0\u00bb.vc_custom_1688065201234{margin-bottom: 50px !important;border-top-width: 1px !important;border-right-width: 1px !important;border-bottom-width: 1px !important;border-left-width: 1px !important;padding-top: 60px !important;padding-bottom: 60px !important;border-left-color: #cecece !important;border-left-style: solid !important;border-right-color: #cecece !important;border-right-style: solid !important;border-top-color: #cecece !important;border-top-style: solid !important;border-bottom-color: #cecece !important;border-bottom-style: solid !important;}\u00a0\u00bb el_class=\u00a0\u00bbmlr-3&Prime;][vc_column width=\u00a0\u00bb5\/6&Prime; offset=\u00a0\u00bbvc_col-sm-offset-1&Prime; css=\u00a0\u00bb.vc_custom_1687283228302{padding-top: 0px !important;}\u00a0\u00bb][vc_custom_heading text=\u00a0\u00bbProgramme\u00a0\u00bb font_container=\u00a0\u00bbtag:h3|text_align:left|color:%230054c6&Prime; use_theme_fonts=\u00a0\u00bbyes\u00a0\u00bb css=\u00a0\u00bb.vc_custom_1688065025032{margin-bottom: 22px !important;}\u00a0\u00bb el_class=\u00a0\u00bbfs-24&Prime;][\/vc_column][vc_column width=\u00a0\u00bb5\/12&Prime; offset=\u00a0\u00bbvc_col-sm-offset-1&Prime; css=\u00a0\u00bb.vc_custom_1687283215644{padding-top: 0px !important;}\u00a0\u00bb][vc_custom_heading text=\u00a0\u00bbPremi\u00e8re partie\u00a0\u00bb font_container=\u00a0\u00bbtag:p|text_align:left|color:%230054c6&Prime; use_theme_fonts=\u00a0\u00bbyes\u00a0\u00bb css=\u00a0\u00bb.vc_custom_1688064961093{margin-bottom: 10px !important;}\u00a0\u00bb el_class=\u00a0\u00bbfw-smbold fs-18 text-title\u00a0\u00bb][vc_custom_heading text=\u00a0\u00bbTour de table\u00a0\u00bb font_container=\u00a0\u00bbtag:p|text_align:left|color:%230a0000&Prime; use_theme_fonts=\u00a0\u00bbyes\u00a0\u00bb css=\u00a0\u00bb.vc_custom_1688065057979{margin-bottom: 0px !important;}\u00a0\u00bb el_class=\u00a0\u00bbfw-smbold fs-14&Prime;][vc_column_text el_class=\u00a0\u00bbfs-14&Prime;]Chacun pan\u00e9liste pr\u00e9sente comment la science des donn\u00e9es (AI\/ML) entre dans leur strat\u00e9gie, processus de gestion et\/ou projets \u2013 d\u00e9fis, succ\u00e8s et d\u00e9ception[\/vc_column_text][\/vc_column][vc_column width=\u00a0\u00bb5\/12&Prime; css=\u00a0\u00bb.vc_custom_1687283223766{padding-top: 0px !important;}\u00a0\u00bb][vc_custom_heading text=\u00a0\u00bbDeuxi\u00e8me partie\u00a0\u00bb font_container=\u00a0\u00bbtag:p|text_align:left|color:%230054c6&Prime; use_theme_fonts=\u00a0\u00bbyes\u00a0\u00bb css=\u00a0\u00bb.vc_custom_1688064973352{margin-bottom: 10px !important;}\u00a0\u00bb el_class=\u00a0\u00bbfw-smbold fs-18 text-title\u00a0\u00bb][vc_custom_heading text=\u00a0\u00bb\u00c9change type \u201cbrainstorming\u201d sur le th\u00e8me central\u00a0\u00bb font_container=\u00a0\u00bbtag:p|text_align:left|color:%230a0000&Prime; use_theme_fonts=\u00a0\u00bbyes\u00a0\u00bb css=\u00a0\u00bb.vc_custom_1688065070595{margin-bottom: 0px !important;}\u00a0\u00bb el_class=\u00a0\u00bbfw-smbold fs-14&Prime;][vc_column_text el_class=\u00a0\u00bbfs-14&Prime; css=\u00a0\u00bb.vc_custom_1687283349830{margin-bottom: 0px !important;}\u00a0\u00bb]Est-ce important de combler ce vide? Que faire? Les fintechs ont-ils un r\u00f4le \u00e0 jouer? Avons-nous le bassin de talents n\u00e9cessaire? Quels devraient \u00eatre les intervenants cl\u00e9s? Importance du maillage avec les universit\u00e9s etc\u2026[\/vc_column_text][\/vc_column][\/vc_row][vc_section full_width=\u00a0\u00bbstretch_row\u00a0\u00bb el_class=\u00a0\u00bbgradient-bg\u00a0\u00bb css=\u00a0\u00bb.vc_custom_1687267355887{padding-top: 75px !important;padding-bottom: 75px !important;}\u00a0\u00bb][vc_row][vc_column][vc_custom_heading text=\u00a0\u00bbConf\u00e9renciers\u00a0\u00bb font_container=\u00a0\u00bbtag:h5|text_align:left|color:%23ffffff\u00a0\u00bb use_theme_fonts=\u00a0\u00bbyes\u00a0\u00bb css=\u00a0\u00bb.vc_custom_1688066379284{margin-bottom: 38px !important;}\u00a0\u00bb el_class=\u00a0\u00bbfs-24 pl-3 pl-lg-0&Prime;][\/vc_column][\/vc_row][vc_row equal_height=\u00a0\u00bbyes\u00a0\u00bb overlay_dotted=\u00a0\u00bb\u00a0\u00bb el_class=\u00a0\u00bbmb-0 mb-lg-4&Prime; css=\u00a0\u00bb.vc_custom_1688582622743{margin-bottom: 20px !important;}\u00a0\u00bb][vc_column width=\u00a0\u00bb1\/4&Prime; offset=\u00a0\u00bbvc_col-md-2 vc_col-xs-6&Prime;][vc_custom_heading text=\u00a0\u00bbMod\u00e9rateur\u00a0\u00bb font_container=\u00a0\u00bbtag:h5|text_align:left|color:%239be8ff\u00a0\u00bb use_theme_fonts=\u00a0\u00bbyes\u00a0\u00bb el_class=\u00a0\u00bbfs-18 pl-3 pl-md-0 text-title\u00a0\u00bb][vc_row_inner][vc_column_inner el_class=\u00a0\u00bbpr-0&Prime;][vc_single_image image=\u00a0\u00bb2732&Prime; img_size=\u00a0\u00bbfull\u00a0\u00bb css=\u00a0\u00bb.vc_custom_1687283645046{margin-bottom: 20px !important;}\u00a0\u00bb][vc_custom_heading text=\u00a0\u00bbMichael Albo\u00a0\u00bb font_container=\u00a0\u00bbtag:h6|text_align:left|color:%23ffffff\u00a0\u00bb use_theme_fonts=\u00a0\u00bbyes\u00a0\u00bb el_class=\u00a0\u00bbfs-16&Prime; css=\u00a0\u00bb.vc_custom_1687283932605{margin-bottom: 0px !important;}\u00a0\u00bb][vc_custom_heading text=\u00a0\u00bbPDG et fondateur,<br \/>\nData Science Institute\u00a0\u00bb font_container=\u00a0\u00bbtag:p|text_align:left|color:%23ffffff\u00a0\u00bb use_theme_fonts=\u00a0\u00bbyes\u00a0\u00bb el_class=\u00a0\u00bbfs-13 mb-3 mb-lg-0&Prime;][\/vc_column_inner][\/vc_row_inner][\/vc_column][vc_column offset=\u00a0\u00bbvc_col-md-offset-1 vc_col-md-8 vc_col-sm-offset-0&Prime;][vc_custom_heading text=\u00a0\u00bbPresenters\u00a0\u00bb font_container=\u00a0\u00bbtag:h5|text_align:left|color:%239be8ff\u00a0\u00bb use_theme_fonts=\u00a0\u00bbyes\u00a0\u00bb el_class=\u00a0\u00bbfs-18 pl-3 pl-md-0 text-title\u00a0\u00bb][vc_row_inner][vc_column_inner width=\u00a0\u00bb1\/4&Prime; offset=\u00a0\u00bbvc_col-xs-6&Prime;][vc_single_image image=\u00a0\u00bb2701&Prime; img_size=\u00a0\u00bbfull\u00a0\u00bb css=\u00a0\u00bb.vc_custom_1687284204397{margin-bottom: 20px !important;}\u00a0\u00bb][vc_custom_heading text=\u00a0\u00bbClaude Perron\u00a0\u00bb font_container=\u00a0\u00bbtag:h6|text_align:left|color:%23ffffff\u00a0\u00bb use_theme_fonts=\u00a0\u00bbyes\u00a0\u00bb el_class=\u00a0\u00bbfs-16&Prime; css=\u00a0\u00bb.vc_custom_1687283948887{margin-bottom: 0px !important;}\u00a0\u00bb][vc_custom_heading text=\u00a0\u00bbPr\u00e9sident \u00c9m\u00e9rite, Gestion Cristallin et fondateur de FIAM\u00a0\u00bb font_container=\u00a0\u00bbtag:p|text_align:left|color:%23ffffff\u00a0\u00bb use_theme_fonts=\u00a0\u00bbyes\u00a0\u00bb el_class=\u00a0\u00bbfs-13 mb-3 mb-lg-0&Prime;][\/vc_column_inner][vc_column_inner width=\u00a0\u00bb1\/4&Prime; offset=\u00a0\u00bbvc_col-xs-6&Prime;][vc_single_image image=\u00a0\u00bb2731&Prime; img_size=\u00a0\u00bbfull\u00a0\u00bb css=\u00a0\u00bb.vc_custom_1687284214236{margin-bottom: 20px !important;}\u00a0\u00bb][vc_custom_heading text=\u00a0\u00bbLise-Estelle Brault\u00a0\u00bb font_container=\u00a0\u00bbtag:h6|text_align:left|color:%23ffffff\u00a0\u00bb use_theme_fonts=\u00a0\u00bbyes\u00a0\u00bb el_class=\u00a0\u00bbfs-16&Prime; css=\u00a0\u00bb.vc_custom_1687283967521{margin-bottom: 0px !important;}\u00a0\u00bb][vc_custom_heading text=\u00a0\u00bbDirectrice principale, Donn\u00e9es, fintech et innovation, AMF\u00a0\u00bb font_container=\u00a0\u00bbtag:p|text_align:left|color:%23ffffff\u00a0\u00bb use_theme_fonts=\u00a0\u00bbyes\u00a0\u00bb el_class=\u00a0\u00bbfs-13 mb-3 mb-lg-0&Prime;][\/vc_column_inner][vc_column_inner width=\u00a0\u00bb1\/4&Prime; offset=\u00a0\u00bbvc_col-xs-6&Prime;][vc_single_image image=\u00a0\u00bb2729&Prime; img_size=\u00a0\u00bbfull\u00a0\u00bb css=\u00a0\u00bb.vc_custom_1687284231146{margin-bottom: 20px !important;}\u00a0\u00bb][vc_custom_heading text=\u00a0\u00bbJ\u00e9r\u00e9mie Desgagn\u00e9-Bouchard\u00a0\u00bb font_container=\u00a0\u00bbtag:h6|text_align:left|color:%23ffffff\u00a0\u00bb use_theme_fonts=\u00a0\u00bbyes\u00a0\u00bb el_class=\u00a0\u00bbfs-16&Prime; css=\u00a0\u00bb.vc_custom_1687283984160{margin-bottom: 0px !important;}\u00a0\u00bb][vc_custom_heading text=\u00a0\u00bbAssoci\u00e9 et Directeur scientifique chez Evovest\u00a0\u00bb font_container=\u00a0\u00bbtag:p|text_align:left|color:%23ffffff\u00a0\u00bb use_theme_fonts=\u00a0\u00bbyes\u00a0\u00bb el_class=\u00a0\u00bbfs-13 mb-3 mb-lg-0&Prime;][\/vc_column_inner][vc_column_inner width=\u00a0\u00bb1\/4&Prime; offset=\u00a0\u00bbvc_col-xs-6&Prime;][vc_single_image image=\u00a0\u00bb2730&Prime; img_size=\u00a0\u00bbfull\u00a0\u00bb css=\u00a0\u00bb.vc_custom_1687284239071{margin-bottom: 20px !important;}\u00a0\u00bb][vc_custom_heading text=\u00a0\u00bbKarl Gauvin\u00a0\u00bb font_container=\u00a0\u00bbtag:h6|text_align:left|color:%23ffffff\u00a0\u00bb use_theme_fonts=\u00a0\u00bbyes\u00a0\u00bb el_class=\u00a0\u00bbfs-16&Prime; css=\u00a0\u00bb.vc_custom_1687284002631{margin-bottom: 0px !important;}\u00a0\u00bb][vc_custom_heading text=\u00a0\u00bbConsultant en Gestion d\u2019Actifs\u00a0\u00bb font_container=\u00a0\u00bbtag:p|text_align:left|color:%23ffffff\u00a0\u00bb use_theme_fonts=\u00a0\u00bbyes\u00a0\u00bb el_class=\u00a0\u00bbfs-13 mb-3 mb-lg-0&Prime;][\/vc_column_inner][\/vc_row_inner][\/vc_column][\/vc_row][vc_row equal_height=\u00a0\u00bbyes\u00a0\u00bb overlay_dotted=\u00a0\u00bb\u00a0\u00bb css=\u00a0\u00bb.vc_custom_1688582630270{margin-bottom: 20px !important;}\u00a0\u00bb][vc_column width=\u00a0\u00bb3\/4&Prime; offset=\u00a0\u00bbvc_col-md-offset-3 vc_col-md-6&Prime; css=\u00a0\u00bb.vc_custom_1688156279887{padding-top: 0px !important;}\u00a0\u00bb][vc_row_inner][vc_column_inner width=\u00a0\u00bb1\/3&Prime; offset=\u00a0\u00bbvc_col-xs-6&Prime;][vc_single_image image=\u00a0\u00bb2727&Prime; img_size=\u00a0\u00bbfull\u00a0\u00bb css=\u00a0\u00bb.vc_custom_1687284251653{margin-bottom: 20px !important;}\u00a0\u00bb][vc_custom_heading text=\u00a0\u00bbChristian Felx\u00a0\u00bb font_container=\u00a0\u00bbtag:h6|text_align:left|color:%23ffffff\u00a0\u00bb use_theme_fonts=\u00a0\u00bbyes\u00a0\u00bb el_class=\u00a0\u00bbfs-16&Prime; css=\u00a0\u00bb.vc_custom_1687284022765{margin-bottom: 0px !important;}\u00a0\u00bb][vc_custom_heading text=\u00a0\u00bbDirecteur, Recherche et Investissement Responsable, Desjardins\u00a0\u00bb font_container=\u00a0\u00bbtag:p|text_align:left|color:%23ffffff\u00a0\u00bb use_theme_fonts=\u00a0\u00bbyes\u00a0\u00bb el_class=\u00a0\u00bbfs-13 mb-3 mb-lg-0&Prime;][\/vc_column_inner][vc_column_inner width=\u00a0\u00bb1\/3&Prime; offset=\u00a0\u00bbvc_col-xs-6&Prime;][vc_single_image image=\u00a0\u00bb2733&Prime; img_size=\u00a0\u00bbfull\u00a0\u00bb css=\u00a0\u00bb.vc_custom_1687284261184{margin-bottom: 20px !important;}\u00a0\u00bb][vc_custom_heading text=\u00a0\u00bbRheia Khalaf\u00a0\u00bb font_container=\u00a0\u00bbtag:h6|text_align:left|color:%23ffffff\u00a0\u00bb use_theme_fonts=\u00a0\u00bbyes\u00a0\u00bb el_class=\u00a0\u00bbfs-16&Prime; css=\u00a0\u00bb.vc_custom_1687284039801{margin-bottom: 0px !important;}\u00a0\u00bb][vc_custom_heading text=\u00a0\u00bbDirectrice, Recherche collaborative et partenariat, Fin-ML et IVADO\u00a0\u00bb font_container=\u00a0\u00bbtag:p|text_align:left|color:%23ffffff\u00a0\u00bb use_theme_fonts=\u00a0\u00bbyes\u00a0\u00bb el_class=\u00a0\u00bbfs-13 mb-3 mb-lg-0&Prime;][\/vc_column_inner][vc_column_inner width=\u00a0\u00bb1\/3&Prime; offset=\u00a0\u00bbvc_col-xs-6&Prime;][vc_single_image image=\u00a0\u00bb2728&Prime; img_size=\u00a0\u00bbfull\u00a0\u00bb css=\u00a0\u00bb.vc_custom_1687284269352{margin-bottom: 20px !important;}\u00a0\u00bb][vc_custom_heading text=\u00a0\u00bbJean-Marc Patenaude\u00a0\u00bb font_container=\u00a0\u00bbtag:h6|text_align:left|color:%23ffffff\u00a0\u00bb use_theme_fonts=\u00a0\u00bbyes\u00a0\u00bb el_class=\u00a0\u00bbfs-16&Prime; css=\u00a0\u00bb.vc_custom_1687284056135{margin-bottom: 0px !important;}\u00a0\u00bb][vc_custom_heading text=\u00a0\u00bbPr\u00e9sident et VP Technologie, Laplace Insights\u00a0\u00bb font_container=\u00a0\u00bbtag:p|text_align:left|color:%23ffffff\u00a0\u00bb use_theme_fonts=\u00a0\u00bbyes\u00a0\u00bb el_class=\u00a0\u00bbfs-13 mb-3 mb-lg-0&Prime;][\/vc_column_inner][\/vc_row_inner][\/vc_column][vc_column width=\u00a0\u00bb1\/4&Prime; offset=\u00a0\u00bbvc_col-lg-offset-1 vc_col-lg-2 vc_col-md-offset-0 vc_col-md-3&Prime; css=\u00a0\u00bb.vc_custom_1688156620249{padding-top: 0px !important;}\u00a0\u00bb][vc_empty_space height=\u00a0\u00bb56px\u00a0\u00bb][vc_row_inner el_class=\u00a0\u00bbcenter\u00a0\u00bb][vc_column_inner offset=\u00a0\u00bbvc_col-xs-8&Prime;][vc_custom_heading text=\u00a0\u00bbT\u00e9l\u00e9chargez le PDF du programme\u00a0\u00bb font_container=\u00a0\u00bbtag:p|text_align:left|color:%239be8ff\u00a0\u00bb use_theme_fonts=\u00a0\u00bbyes\u00a0\u00bb el_class=\u00a0\u00bbfw-smbold fs-16&Prime;]<div class=\"clearfix lvsy-btn-69def56c25835 btn-hover-one \" ><span class=\"lvsy-btn lvsy-btn-black\">T\u00c9L\u00c9CHARGER<\/span><\/div>[\/vc_column_inner][\/vc_row_inner][\/vc_column][\/vc_row][\/vc_section][vc_row overlay_dotted=\u00a0\u00bb\u00a0\u00bb css=\u00a0\u00bb.vc_custom_1687276730365{margin-top: 50px !important;border-top-width: 1px !important;border-right-width: 1px !important;border-bottom-width: 1px !important;border-left-width: 1px !important;border-left-color: #cecece !important;border-left-style: solid !important;border-right-color: #cecece !important;border-right-style: solid !important;border-top-color: #cecece !important;border-top-style: solid !important;border-bottom-color: #cecece !important;border-bottom-style: solid !important;}\u00a0\u00bb][vc_column width=\u00a0\u00bb5\/6&Prime; offset=\u00a0\u00bbvc_col-sm-offset-1&Prime;][vc_custom_heading text=\u00a0\u00bbVideo Conference\u00a0\u00bb font_container=\u00a0\u00bbtag:h3|text_align:left|color:%230054c6&Prime; use_theme_fonts=\u00a0\u00bbyes\u00a0\u00bb css=\u00a0\u00bb.vc_custom_1688066995059{margin-bottom: 20px !important;}\u00a0\u00bb el_class=\u00a0\u00bbfs-24&Prime;][vc_video link=\u00a0\u00bbhttps:\/\/youtu.be\/1z_u1H75_rs\u00a0\u00bb][\/vc_column][\/vc_row]<\/p>\n<\/section>","protected":false},"excerpt":{"rendered":"[vc_row full_width=\u00a0\u00bbstretch_row\u00a0\u00bb overlay_dotted=\u00a0\u00bb\u00a0\u00bb el_class=\u00a0\u00bbgradient-bg txt-secondary banner-text\u00a0\u00bb css=\u00a0\u00bb.vc_custom_1688064785596{margin-bottom: 84px !important;padding-top: 58px !important;padding-bottom: 0px !important;}\u00a0\u00bb][vc_column width=\u00a0\u00bb1\/3&Prime;][vc_custom_heading text=\u00a0\u00bbWebinaire 2021&Prime; font_container=\u00a0\u00bbtag:h3|text_align:left|color:%239be8ff\u00a0\u00bb use_theme_fonts=\u00a0\u00bbyes\u00a0\u00bb][\/vc_column][vc_column width=\u00a0\u00bb2\/3&Prime;][vc_column_text el_class=\u00a0\u00bbfs-19&Prime;]Montr\u00e9al est reconnue mondialement pour son \u00e9cosyst\u00e8me d\u2019intelligence artificielle (IA), mais [&#8230;]","protected":false},"author":1,"featured_media":0,"parent":6694,"menu_order":0,"comment_status":"closed","ping_status":"closed","template":"","meta":{"_eb_attr":"","footnotes":""},"class_list":["post-6697","page","type-page","status-publish","hentry"],"_links":{"self":[{"href":"https:\/\/fiamtl.com\/fr\/wp-json\/wp\/v2\/pages\/6697","targetHints":{"allow":["GET"]}}],"collection":[{"href":"https:\/\/fiamtl.com\/fr\/wp-json\/wp\/v2\/pages"}],"about":[{"href":"https:\/\/fiamtl.com\/fr\/wp-json\/wp\/v2\/types\/page"}],"author":[{"embeddable":true,"href":"https:\/\/fiamtl.com\/fr\/wp-json\/wp\/v2\/users\/1"}],"replies":[{"embeddable":true,"href":"https:\/\/fiamtl.com\/fr\/wp-json\/wp\/v2\/comments?post=6697"}],"version-history":[{"count":0,"href":"https:\/\/fiamtl.com\/fr\/wp-json\/wp\/v2\/pages\/6697\/revisions"}],"up":[{"embeddable":true,"href":"https:\/\/fiamtl.com\/fr\/wp-json\/wp\/v2\/pages\/6694"}],"wp:attachment":[{"href":"https:\/\/fiamtl.com\/fr\/wp-json\/wp\/v2\/media?parent=6697"}],"curies":[{"name":"wp","href":"https:\/\/api.w.org\/{rel}","templated":true}]}}