{"id":6681,"date":"2023-06-20T15:08:08","date_gmt":"2023-06-20T19:08:08","guid":{"rendered":"https:\/\/fiamtl.com\/?page_id=6681"},"modified":"2023-07-07T09:52:31","modified_gmt":"2023-07-07T13:52:31","slug":"mechoui-2019","status":"publish","type":"page","link":"https:\/\/fiamtl.com\/fr\/archives\/evenements-2019\/mechoui-2019\/","title":{"rendered":"M\u00e9choui 2019"},"content":{"rendered":"<section class=\"wpb-content-wrapper\"><p>[vc_row full_width=\u00a0\u00bbstretch_row\u00a0\u00bb overlay_dotted=\u00a0\u00bb\u00a0\u00bb el_class=\u00a0\u00bbgradient-bg txt-secondary\u00a0\u00bb css=\u00a0\u00bb.vc_custom_1687294331587{margin-bottom: 84px !important;padding-top: 224px !important;padding-bottom: 1px !important;}\u00a0\u00bb][vc_column][\/vc_column][\/vc_row][vc_row overlay_dotted=\u00a0\u00bb\u00a0\u00bb css=\u00a0\u00bb.vc_custom_1687294613274{margin-bottom: 50px !important;}\u00a0\u00bb][vc_column offset=\u00a0\u00bbvc_col-sm-offset-0&Prime;][vc_single_image image=\u00a0\u00bb2950&Prime; img_size=\u00a0\u00bbfull\u00a0\u00bb alignment=\u00a0\u00bbcenter\u00a0\u00bb][\/vc_column][\/vc_row][vc_row overlay_dotted=\u00a0\u00bb\u00a0\u00bb css=\u00a0\u00bb.vc_custom_1687281947567{margin-bottom: 20px !important;}\u00a0\u00bb][vc_column width=\u00a0\u00bb5\/12&Prime;][vc_custom_heading text=\u00a0\u00bbM\u00e9choui 2019&Prime; font_container=\u00a0\u00bbtag:h2|text_align:left|color:%230054c6&Prime; use_theme_fonts=\u00a0\u00bbyes\u00a0\u00bb css=\u00a0\u00bb.vc_custom_1688482046462{margin-bottom: 22px !important;}\u00a0\u00bb el_class=\u00a0\u00bbfs-35&Prime;][vc_column_text el_class=\u00a0\u00bbfs-18 d-none d-md-block\u00a0\u00bb css=\u00a0\u00bb.vc_custom_1688481997899{margin-bottom: 20px !important;}\u00a0\u00bb]<strong>Date<\/strong><br \/>\n22.08.2019[\/vc_column_text][vc_column_text el_class=\u00a0\u00bbfs-18 d-none d-md-block\u00a0\u00bb css=\u00a0\u00bb.vc_custom_1688482004133{margin-bottom: 20px !important;}\u00a0\u00bb]<strong>Lieu<\/strong><br \/>\nTerrasse du Lac[\/vc_column_text][vc_row_inner el_class=\u00a0\u00bbd-md-none\u00a0\u00bb][vc_column_inner width=\u00a0\u00bb1\/2&Prime; offset=\u00a0\u00bbvc_col-xs-6&Prime; css=\u00a0\u00bb.vc_custom_1688051297396{padding-left: 0px !important;}\u00a0\u00bb][vc_column_text el_class=\u00a0\u00bbfs-18&Prime; css=\u00a0\u00bb.vc_custom_1687294078619{margin-bottom: 20px !important;}\u00a0\u00bb]<strong>Date<\/strong><br \/>\n22.08.2019[\/vc_column_text][\/vc_column_inner][vc_column_inner width=\u00a0\u00bb1\/2&Prime; offset=\u00a0\u00bbvc_col-xs-6&Prime; css=\u00a0\u00bb.vc_custom_1688051305011{padding-right: 0px !important;padding-left: 0px !important;}\u00a0\u00bb][vc_column_text el_class=\u00a0\u00bbfs-18&Prime; css=\u00a0\u00bb.vc_custom_1687294094555{margin-bottom: 20px !important;}\u00a0\u00bb]<strong>Lieu<\/strong><br \/>\nTerrasse du Lac[\/vc_column_text][\/vc_column_inner][\/vc_row_inner][\/vc_column][vc_column width=\u00a0\u00bb1\/2&Prime; offset=\u00a0\u00bbvc_col-sm-offset-1&Prime; el_class=\u00a0\u00bbfw-smbold\u00a0\u00bb][vc_column_text el_class=\u00a0\u00bbfs-18&Prime;]<strong>La formule \u00e0 succ\u00e8s du M\u00e9choui de Montr\u00e9al<\/strong><\/p>\n<p>La popularit\u00e9 du M\u00e9choui n\u2019a cess\u00e9 de grandir au fil des ann\u00e9es, tant du c\u00f4t\u00e9 des commanditaires que des participants. Cette activit\u00e9 s\u2019est toujours d\u00e9roul\u00e9e \u00e0 l\u2019\u00eele Notre-Dame (au Pavillon de la Jama\u00efque ou \u00e0 la Terrasse du Lac). Son succ\u00e8s r\u00e9sulte en bonne partie de son caract\u00e8re unique : le lieu, la formule, le menu, bref, une recette gagnante o\u00f9 l\u2019on s\u2019assure que l\u2019\u00e9cosyst\u00e8me de notre communaut\u00e9 financi\u00e8re est bien repr\u00e9sent\u00e9 \u00e0 tous les niveaux \u2013 dirigeants actuels, anciens dirigeants \u00e0 la semi-retraite, garde montante, \u00e9mergents, bref, un bon \u00e9quilibre de soci\u00e9t\u00e9s incluant des fournisseurs de services importants.<\/p>\n<p>Cet \u00e9v\u00e9nement rassembleur, qui favorise les \u00e9changes entre professionnels de l\u2019industrie, constitue l\u2019occasion id\u00e9ale de revoir coll\u00e8gues, clients, amis et connaissances dans une atmosph\u00e8re champ\u00eatre agr\u00e9able.[\/vc_column_text][\/vc_column][\/vc_row][vc_row equal_height=\u00a0\u00bbyes\u00a0\u00bb overlay_dotted=\u00a0\u00bb\u00a0\u00bb css=\u00a0\u00bb.vc_custom_1688051762405{margin-bottom: 50px !important;border-top-width: 1px !important;border-right-width: 1px !important;border-bottom-width: 1px !important;border-left-width: 1px !important;padding-top: 60px !important;padding-bottom: 60px !important;border-left-color: #cecece !important;border-left-style: solid !important;border-right-color: #cecece !important;border-right-style: solid !important;border-top-color: #cecece !important;border-top-style: solid !important;border-bottom-color: #cecece !important;border-bottom-style: solid !important;}\u00a0\u00bb el_class=\u00a0\u00bbp-20&Prime;][vc_column width=\u00a0\u00bb5\/6&Prime; offset=\u00a0\u00bbvc_col-sm-offset-1&Prime; css=\u00a0\u00bb.vc_custom_1688482421829{padding-top: 0px !important;}\u00a0\u00bb][vc_custom_heading text=\u00a0\u00bbComit\u00e9 organisateur\u00a0\u00bb font_container=\u00a0\u00bbtag:h3|text_align:left|color:%230054c6&Prime; use_theme_fonts=\u00a0\u00bbyes\u00a0\u00bb css=\u00a0\u00bb.vc_custom_1688481989840{margin-bottom: 40px !important;}\u00a0\u00bb el_class=\u00a0\u00bbfs-24&Prime;][\/vc_column][vc_column width=\u00a0\u00bb2\/5&Prime; offset=\u00a0\u00bbvc_col-md-2 vc_col-sm-offset-1 vc_col-xs-6&Prime; css=\u00a0\u00bb.vc_custom_1688482607213{padding-top: 0px !important;}\u00a0\u00bb][vc_column_text el_class=\u00a0\u00bbfs-16 fw-smbold mb-0&Prime;]Claude Perron[\/vc_column_text][vc_column_text el_class=\u00a0\u00bbfs-16&Prime;]Gestion Cristallin[\/vc_column_text][\/vc_column][vc_column width=\u00a0\u00bb2\/5&Prime; css=\u00a0\u00bb.vc_custom_1688482619113{padding-top: 0px !important;}\u00a0\u00bb offset=\u00a0\u00bbvc_col-md-2 vc_col-xs-6&Prime;][vc_column_text el_class=\u00a0\u00bbfs-16 fw-smbold mb-0&Prime;]Alexandra <span style=\"white-space: nowrap;\">Lemay-Tougas<\/span>[\/vc_column_text][vc_column_text el_class=\u00a0\u00bbfs-16&Prime;]Gestion Cristallin[\/vc_column_text][\/vc_column][vc_column width=\u00a0\u00bb2\/5&Prime; css=\u00a0\u00bb.vc_custom_1688483367031{padding-top: 0px !important;}\u00a0\u00bb offset=\u00a0\u00bbvc_col-md-offset-0 vc_col-md-2 vc_col-sm-offset-1 vc_col-xs-6&Prime;][vc_column_text el_class=\u00a0\u00bbfs-16 fw-smbold mb-0&Prime;]Vasco Ceccon[\/vc_column_text][vc_column_text el_class=\u00a0\u00bbfs-16&Prime;]Vasco Design[\/vc_column_text][\/vc_column][vc_column width=\u00a0\u00bb2\/5&Prime; css=\u00a0\u00bb.vc_custom_1688483334127{padding-top: 0px !important;}\u00a0\u00bb offset=\u00a0\u00bbvc_col-md-offset-0 vc_col-md-2 vc_col-xs-6&Prime;][vc_column_text el_class=\u00a0\u00bbfs-16 fw-smbold mb-0&Prime;]Mi\u00f9 <span style=\"white-space: nowrap;\">L\u00e9ger-Ceccon<\/span>[\/vc_column_text][vc_column_text el_class=\u00a0\u00bbfs-16&Prime;]Vasco Design[\/vc_column_text][\/vc_column][vc_column width=\u00a0\u00bb2\/5&Prime; css=\u00a0\u00bb.vc_custom_1688483353041{padding-top: 0px !important;}\u00a0\u00bb offset=\u00a0\u00bbvc_col-md-offset-0 vc_col-md-2 vc_col-sm-offset-1 vc_col-xs-6&Prime;][vc_column_text el_class=\u00a0\u00bbfs-16 fw-smbold mb-0&Prime;]Fran\u00e7ois Magny[\/vc_column_text][vc_column_text el_class=\u00a0\u00bbfs-16&Prime;]Gestion Cristallin[\/vc_column_text][\/vc_column][vc_column width=\u00a0\u00bb2\/5&Prime; offset=\u00a0\u00bbvc_col-md-offset-1 vc_col-md-2 vc_col-sm-offset-0 vc_col-xs-6&Prime; css=\u00a0\u00bb.vc_custom_1688482701262{padding-top: 0px !important;}\u00a0\u00bb][vc_column_text el_class=\u00a0\u00bbfs-16 fw-smbold mb-0&Prime;]Caroline Chow[\/vc_column_text][vc_column_text el_class=\u00a0\u00bbfs-16&Prime;]CAASA[\/vc_column_text][\/vc_column][vc_column width=\u00a0\u00bb2\/5&Prime; css=\u00a0\u00bb.vc_custom_1688483423724{padding-top: 0px !important;}\u00a0\u00bb offset=\u00a0\u00bbvc_col-md-offset-0 vc_col-md-2 vc_col-sm-offset-1 vc_col-xs-6&Prime;][vc_column_text el_class=\u00a0\u00bbfs-16 fw-smbold mb-0&Prime;]Cadrae Orme[\/vc_column_text][vc_column_text el_class=\u00a0\u00bbfs-16&Prime;]AIMA[\/vc_column_text][\/vc_column][vc_column width=\u00a0\u00bb2\/5&Prime; css=\u00a0\u00bb.vc_custom_1688482672652{padding-top: 0px !important;}\u00a0\u00bb offset=\u00a0\u00bbvc_col-md-2 vc_col-xs-6&Prime;][vc_column_text el_class=\u00a0\u00bbfs-16 fw-smbold mb-0&Prime;]Violaine Trudeau[\/vc_column_text][vc_column_text el_class=\u00a0\u00bbfs-16&Prime;]CGE-EMB[\/vc_column_text][\/vc_column][vc_column width=\u00a0\u00bb2\/5&Prime; css=\u00a0\u00bb.vc_custom_1688483438087{padding-top: 0px !important;}\u00a0\u00bb offset=\u00a0\u00bbvc_col-md-offset-0 vc_col-md-2 vc_col-sm-offset-1 vc_col-xs-6&Prime;][vc_column_text el_class=\u00a0\u00bbfs-16 fw-smbold mb-0&Prime;]Ga\u00ebl B\u00e9d\u00e9ric[\/vc_column_text][vc_column_text el_class=\u00a0\u00bbfs-16&Prime;]Fairmont Le Reine Elizabeth[\/vc_column_text][\/vc_column][vc_column width=\u00a0\u00bb2\/5&Prime; css=\u00a0\u00bb.vc_custom_1688482685036{padding-top: 0px !important;}\u00a0\u00bb offset=\u00a0\u00bbvc_col-md-2 vc_col-xs-6&Prime;][vc_column_text el_class=\u00a0\u00bbfs-16 fw-smbold mb-0&Prime;]Karine Bocchi[\/vc_column_text][vc_column_text el_class=\u00a0\u00bbfs-16&Prime;]TavelICE[\/vc_column_text][\/vc_column][\/vc_row][vc_row][vc_column][vc_custom_heading text=\u00a0\u00bbGalerie photos\u00a0\u00bb font_container=\u00a0\u00bbtag:h3|text_align:left|color:%230054c6&Prime; use_theme_fonts=\u00a0\u00bbyes\u00a0\u00bb css=\u00a0\u00bb.vc_custom_1688483961834{margin-bottom: 22px !important;}\u00a0\u00bb el_class=\u00a0\u00bbfs-24&Prime;][vc_gallery type=\u00a0\u00bbimage_grid\u00a0\u00bb images=\u00a0\u00bb2941,2940,2938,2939,2937,2936,2935,2934,2933,2932,2931,2930,2929,2928,2927,2926,2925,2924,2923,2922,2921,2920,2919,2918,2917,2916,2915,2914,2912,2913,2911,2910,2909,2908,2907,2906,2905,2904,2903,2902,2901,2900,2899,2898,2897,2896,2895,2894,2893,2892,2891,2890,2889,2888,2887,2886,2885,2884,2883,2882,2881,2880,2879,2878,2877,2876,2875,2874,2873,2871,2872,2870,2869,2868,2867,2866,2865,2864,2863,2862,2861,2860,2859,2858,2857,2856,2855,2854,2853,2852,2851,2850,2849,2848,2847,2846,2845,2844,2843,2842,2841,2840,2839,2838,2837,2836,2835,2834,2833,2832,2831,2830,2829,2828,2827,2826,2825,2824,2823,2822,2821,2820,2819,2818,2817,2816,2815,2814,2813,2812,2811,2810,2809,2808,2807,2806,2805,2804,2803,2802,2801,2800,2799,2798,2797,2796,2795,2794,2793,2792,2791,2790,2789,2788,2787,2786,2785,2784,2783,2782,2781,2780,2779,2778,2777,2776,2775,2774,2773,2772,2771,2770,2769&Prime; img_size=\u00a0\u00bb198&#215;198&Prime;][\/vc_column][\/vc_row]<\/p>\n<\/section>","protected":false},"excerpt":{"rendered":"[vc_row full_width=\u00a0\u00bbstretch_row\u00a0\u00bb overlay_dotted=\u00a0\u00bb\u00a0\u00bb el_class=\u00a0\u00bbgradient-bg txt-secondary\u00a0\u00bb css=\u00a0\u00bb.vc_custom_1687294331587{margin-bottom: 84px !important;padding-top: 224px !important;padding-bottom: 1px !important;}\u00a0\u00bb][vc_column][\/vc_column][\/vc_row][vc_row overlay_dotted=\u00a0\u00bb\u00a0\u00bb css=\u00a0\u00bb.vc_custom_1687294613274{margin-bottom: 50px !important;}\u00a0\u00bb][vc_column offset=\u00a0\u00bbvc_col-sm-offset-0&Prime;][vc_single_image image=\u00a0\u00bb2950&Prime; img_size=\u00a0\u00bbfull\u00a0\u00bb alignment=\u00a0\u00bbcenter\u00a0\u00bb][\/vc_column][\/vc_row][vc_row overlay_dotted=\u00a0\u00bb\u00a0\u00bb css=\u00a0\u00bb.vc_custom_1687281947567{margin-bottom: 20px !important;}\u00a0\u00bb][vc_column width=\u00a0\u00bb5\/12&Prime;][vc_custom_heading text=\u00a0\u00bbM\u00e9choui 2019&Prime; font_container=\u00a0\u00bbtag:h2|text_align:left|color:%230054c6&Prime; use_theme_fonts=\u00a0\u00bbyes\u00a0\u00bb css=\u00a0\u00bb.vc_custom_1688482046462{margin-bottom: [&#8230;]","protected":false},"author":1,"featured_media":0,"parent":6680,"menu_order":0,"comment_status":"closed","ping_status":"closed","template":"","meta":{"_eb_attr":"","footnotes":""},"class_list":["post-6681","page","type-page","status-publish","hentry"],"_links":{"self":[{"href":"https:\/\/fiamtl.com\/fr\/wp-json\/wp\/v2\/pages\/6681","targetHints":{"allow":["GET"]}}],"collection":[{"href":"https:\/\/fiamtl.com\/fr\/wp-json\/wp\/v2\/pages"}],"about":[{"href":"https:\/\/fiamtl.com\/fr\/wp-json\/wp\/v2\/types\/page"}],"author":[{"embeddable":true,"href":"https:\/\/fiamtl.com\/fr\/wp-json\/wp\/v2\/users\/1"}],"replies":[{"embeddable":true,"href":"https:\/\/fiamtl.com\/fr\/wp-json\/wp\/v2\/comments?post=6681"}],"version-history":[{"count":0,"href":"https:\/\/fiamtl.com\/fr\/wp-json\/wp\/v2\/pages\/6681\/revisions"}],"up":[{"embeddable":true,"href":"https:\/\/fiamtl.com\/fr\/wp-json\/wp\/v2\/pages\/6680"}],"wp:attachment":[{"href":"https:\/\/fiamtl.com\/fr\/wp-json\/wp\/v2\/media?parent=6681"}],"curies":[{"name":"wp","href":"https:\/\/api.w.org\/{rel}","templated":true}]}}