{"id":6673,"date":"2023-06-13T16:50:48","date_gmt":"2023-06-13T20:50:48","guid":{"rendered":"https:\/\/fiamtl.com\/a-propos\/conseil-dadministration\/"},"modified":"2025-12-09T09:27:50","modified_gmt":"2025-12-09T14:27:50","slug":"fondateurs","status":"publish","type":"page","link":"https:\/\/fiamtl.com\/fr\/a-propos\/fondateurs\/","title":{"rendered":"Fondateurs"},"content":{"rendered":"<section class=\"wpb-content-wrapper\"><p>[vc_row full_width=\u00a0\u00bbstretch_row\u00a0\u00bb disable_element=\u00a0\u00bbyes\u00a0\u00bb overlay_dotted=\u00a0\u00bb\u00a0\u00bb el_class=\u00a0\u00bbgradient-bg txt-secondary banner-text\u00a0\u00bb css=\u00a0\u00bb.vc_custom_1691676125186{margin-bottom: 50px !important;padding-top: 58px !important;padding-bottom: 58px !important;}\u00a0\u00bb][vc_column width=\u00a0\u00bb5\/12&Prime;][vc_custom_heading text=\u00a0\u00bbNos membres\u00a0\u00bb font_container=\u00a0\u00bbtag:h3|text_align:left|color:%239be8ff\u00a0\u00bb use_theme_fonts=\u00a0\u00bbyes\u00a0\u00bb css=\u00a0\u00bb.vc_custom_1688138422964{margin-bottom: 15px !important;}\u00a0\u00bb][\/vc_column][vc_column width=\u00a0\u00bb7\/12&Prime;][vc_column_text el_class=\u00a0\u00bbfs-19&Prime; css=\u00a0\u00bb.vc_custom_1687888784406{margin-bottom: 0px !important;}\u00a0\u00bb]FIAM est une plateforme rassembleuse dont l\u2019objectif est de contribuer au d\u00e9veloppement de notre industrie financi\u00e8re locale. Chacune des associations professionnelles mentionn\u00e9es contribue \u00e0 cet objectif lorsqu\u2019elle s\u2019investit dans un \u00e9v\u00e8nement \u00e0 Montr\u00e9al.[\/vc_column_text][\/vc_column][\/vc_row][vc_row full_width=\u00a0\u00bbstretch_row\u00a0\u00bb overlay_dotted=\u00a0\u00bb\u00a0\u00bb css=\u00a0\u00bb.vc_custom_1722008452078{margin-bottom: 25px !important;padding-top: 50px !important;padding-bottom: 50px !important;}\u00a0\u00bb el_class=\u00a0\u00bbgradient-bg banner-text txt-secondary\u00a0\u00bb][vc_column css=\u00a0\u00bb.vc_custom_1687888316853{padding-top: 0px !important;}\u00a0\u00bb][vc_custom_heading text=\u00a0\u00bbFondateurs\u00a0\u00bb use_theme_fonts=\u00a0\u00bbyes\u00a0\u00bb][\/vc_column][\/vc_row][vc_row overlay_dotted=\u00a0\u00bb\u00a0\u00bb css=\u00a0\u00bb.vc_custom_1688571035822{padding-top: 25px !important;}\u00a0\u00bb][vc_column width=\u00a0\u00bb1\/3&Prime; css=\u00a0\u00bb.vc_custom_1687888316853{padding-top: 0px !important;}\u00a0\u00bb][vc_single_image image=\u00a0\u00bb8004&Prime; img_size=\u00a0\u00bbfull\u00a0\u00bb css=\u00a0\u00bb.vc_custom_1713796501174{margin-bottom: 20px !important;}\u00a0\u00bb][vc_custom_heading text=\u00a0\u00bbClaude Perron\u00a0\u00bb font_container=\u00a0\u00bbtag:h5|text_align:left|color:%23505050&Prime; use_theme_fonts=\u00a0\u00bbyes\u00a0\u00bb css=\u00a0\u00bb.vc_custom_1718639380079{margin-bottom: 0px !important;}\u00a0\u00bb][vc_custom_heading text=\u00a0\u00bbPr\u00e9sident et Fondateur, FIAM\u00a0\u00bb font_container=\u00a0\u00bbtag:p|text_align:left|color:%23505050&Prime; use_theme_fonts=\u00a0\u00bbyes\u00a0\u00bb el_class=\u00a0\u00bbcaption\u00a0\u00bb][\/vc_column][vc_column width=\u00a0\u00bb2\/3&Prime; css=\u00a0\u00bb.vc_custom_1718375840098{padding-top: 10px !important;}\u00a0\u00bb][vc_column_text]Claude Perron est le Pr\u00e9sident et Fondateur du FIAM, une initiative qu\u2019il a con\u00e7ue en janvier 2020 afin de positionner Montr\u00e9al et le Qu\u00e9bec au sein <strong>du r\u00e9seau mondial de l\u2019innovation comme centre d\u2019excellence<\/strong> en finance augment\u00e9e par l\u2019intelligence artificielle. Fort de plus de quarante ann\u00e9es d\u2019exp\u00e9rience en gestion d\u2019actifs, march\u00e9s des capitaux, leadership corporatif et milieu universitaire, il se consacre \u00e0 b\u00e2tir un \u00e9cosyst\u00e8me o\u00f9 innovation, collaboration et d\u00e9veloppement de talents convergent pour contribuer \u00e0 fa\u00e7onner la prochaine \u00e8re de la gestion d\u2019actifs.<\/p>\n<p>La cr\u00e9ation du FIAM refl\u00e8te l\u2019engagement profond et constant de Claude \u00e0 <strong>mobiliser la communaut\u00e9 financi\u00e8re autour des id\u00e9es et innovations qui d\u00e9finiront l\u2019avenir<\/strong>. Pendant plus de quinze ans, il a jou\u00e9 un r\u00f4le de rassembleur aupr\u00e8s des principales associations professionnelles du secteur (AIMA, CAASA, CAIA, CFA, EMB), contribuant \u00e0 transformer son \u00e9v\u00e9nement phare, le M\u00e9choui, en l\u2019un des rassemblements les plus reconnus et attendus de l\u2019industrie au pays. FIAM poursuit cet \u00e9lan en r\u00e9unissant des leaders institutionnels, acad\u00e9miques, technologiques et entrepreneuriaux autour d\u2019une ambition commune <strong>: faire de l\u2019intelligence artificielle un levier strat\u00e9gique de comp\u00e9titivit\u00e9 mondiale et de transformation de la gestion d\u2019actifs. <\/strong><\/p>\n<p><strong>Bien ancr\u00e9e \u00e0 Montr\u00e9al<\/strong> mais inspir\u00e9e par des perspectives internationales, cette mission avance gr\u00e2ce aux id\u00e9es, aux \u00e9changes et aux expertises d\u2019une communaut\u00e9 mondiale.<\/p>\n<p>FIAM concentre aujourd\u2019hui ses efforts sur l\u2019avancement de cette mission collective en d\u00e9veloppant <strong>une nouvelle g\u00e9n\u00e9ration de professionnels capables d\u2019\u00e9voluer \u00e0 l\u2019intersection de la finance, de la science des donn\u00e9es et de l\u2019IA.<\/strong> Le McGill-FIAM Asset Management Hackathon incarne cette ambition, agissant comme un laboratoire mondial pour le d\u00e9veloppement de comp\u00e9tences et l\u2019innovation.<\/p>\n<p>Reconnue au sein de la communaut\u00e9 canadienne de l\u2019investissement, Claude d\u00e9fend la conviction que l\u2019avenir de la gestion d\u2019actifs appartient aux institutions qui <strong>sauront int\u00e9grer l\u2019IA avec intention, responsabilit\u00e9 et vision.<\/strong><\/p>\n<p>Sa carri\u00e8re multidimensionnelle constitue le socle de cette vision :<\/p>\n<ul>\n<li><strong>Leadership acad\u00e9mique<\/strong> \u2014 Directeur du D\u00e9partement d\u2019administration \u00e0 l\u2019UQAM et cofondateur du CIREM-HEC, aujourd\u2019hui int\u00e9gr\u00e9 \u00e0 la formation ex\u00e9cutive de HEC Montr\u00e9al.<\/li>\n<li><strong>Leadership corporatif<\/strong> \u2014 Chef de la direction de CN Express et premier vice-pr\u00e9sident, D\u00e9veloppement, chez Dominion Textile.<\/li>\n<li><strong>March\u00e9s des capitaux et gestion d\u2019actifs<\/strong> \u2014 Co-chef des ventes institutionnelles chez Marleau Lemire (Dundee), postes de direction en banque d\u2019investissement chez Midland\/Merrill Lynch et 26 ann\u00e9es de leadership chez Gestion Cristallin.<\/li>\n<\/ul>\n<p>[\/vc_column_text][\/vc_column][\/vc_row][vc_row full_width=\u00a0\u00bbstretch_row\u00a0\u00bb overlay_dotted=\u00a0\u00bb\u00a0\u00bb css=\u00a0\u00bb.vc_custom_1722023878636{margin-top: 100px !important;}\u00a0\u00bb][vc_column css=\u00a0\u00bb.vc_custom_1687888316853{padding-top: 0px !important;}\u00a0\u00bb][vc_custom_heading text=\u00a0\u00bbGouvernance de FIAM\u00a0\u00bb font_container=\u00a0\u00bbtag:h3|text_align:left|color:%230054c6&Prime; use_theme_fonts=\u00a0\u00bbyes\u00a0\u00bb][\/vc_column][\/vc_row][vc_row overlay_dotted=\u00a0\u00bb\u00a0\u00bb css=\u00a0\u00bb.vc_custom_1722015959120{margin-bottom: 100px !important;}\u00a0\u00bb][vc_column][vc_column_text]<\/p>\n<p style=\"text-align: left;\">En cours de d\u00e9veloppement<\/p>\n<p>[\/vc_column_text][\/vc_column][\/vc_row]<\/p>\n<\/section>","protected":false},"excerpt":{"rendered":"[vc_row full_width=\u00a0\u00bbstretch_row\u00a0\u00bb disable_element=\u00a0\u00bbyes\u00a0\u00bb overlay_dotted=\u00a0\u00bb\u00a0\u00bb el_class=\u00a0\u00bbgradient-bg txt-secondary banner-text\u00a0\u00bb css=\u00a0\u00bb.vc_custom_1691676125186{margin-bottom: 50px !important;padding-top: 58px !important;padding-bottom: 58px !important;}\u00a0\u00bb][vc_column width=\u00a0\u00bb5\/12&Prime;][vc_custom_heading text=\u00a0\u00bbNos membres\u00a0\u00bb font_container=\u00a0\u00bbtag:h3|text_align:left|color:%239be8ff\u00a0\u00bb use_theme_fonts=\u00a0\u00bbyes\u00a0\u00bb css=\u00a0\u00bb.vc_custom_1688138422964{margin-bottom: 15px !important;}\u00a0\u00bb][\/vc_column][vc_column width=\u00a0\u00bb7\/12&Prime;][vc_column_text el_class=\u00a0\u00bbfs-19&Prime; css=\u00a0\u00bb.vc_custom_1687888784406{margin-bottom: 0px !important;}\u00a0\u00bb]FIAM est une plateforme [&#8230;]","protected":false},"author":1,"featured_media":0,"parent":6667,"menu_order":0,"comment_status":"closed","ping_status":"closed","template":"","meta":{"_eb_attr":"","footnotes":""},"class_list":["post-6673","page","type-page","status-publish","hentry"],"_links":{"self":[{"href":"https:\/\/fiamtl.com\/fr\/wp-json\/wp\/v2\/pages\/6673","targetHints":{"allow":["GET"]}}],"collection":[{"href":"https:\/\/fiamtl.com\/fr\/wp-json\/wp\/v2\/pages"}],"about":[{"href":"https:\/\/fiamtl.com\/fr\/wp-json\/wp\/v2\/types\/page"}],"author":[{"embeddable":true,"href":"https:\/\/fiamtl.com\/fr\/wp-json\/wp\/v2\/users\/1"}],"replies":[{"embeddable":true,"href":"https:\/\/fiamtl.com\/fr\/wp-json\/wp\/v2\/comments?post=6673"}],"version-history":[{"count":0,"href":"https:\/\/fiamtl.com\/fr\/wp-json\/wp\/v2\/pages\/6673\/revisions"}],"up":[{"embeddable":true,"href":"https:\/\/fiamtl.com\/fr\/wp-json\/wp\/v2\/pages\/6667"}],"wp:attachment":[{"href":"https:\/\/fiamtl.com\/fr\/wp-json\/wp\/v2\/media?parent=6673"}],"curies":[{"name":"wp","href":"https:\/\/api.w.org\/{rel}","templated":true}]}}