{"id":6667,"date":"2017-07-17T05:59:31","date_gmt":"2017-07-17T09:59:31","guid":{"rendered":"https:\/\/fiamtl.com\/?page_id=6667"},"modified":"2024-06-17T13:18:37","modified_gmt":"2024-06-17T17:18:37","slug":"a-propos","status":"publish","type":"page","link":"https:\/\/fiamtl.com\/fr\/a-propos\/","title":{"rendered":"\u00c0 propos"},"content":{"rendered":"<section class=\"wpb-content-wrapper\"><p>[vc_row full_width=\u00a0\u00bbstretch_row\u00a0\u00bb overlay_dotted=\u00a0\u00bb\u00a0\u00bb el_class=\u00a0\u00bbgradient-bg txt-secondary banner-text\u00a0\u00bb css=\u00a0\u00bb.vc_custom_1688570031672{margin-bottom: 50px !important;padding-top: 58px !important;padding-bottom: 58px !important;}\u00a0\u00bb][vc_column width=\u00a0\u00bb1\/3&Prime;][vc_custom_heading text=\u00a0\u00bbQui sommes-nous ?\u00a0\u00bb font_container=\u00a0\u00bbtag:h2|text_align:left|color:%239be8ff\u00a0\u00bb use_theme_fonts=\u00a0\u00bbyes\u00a0\u00bb][\/vc_column][vc_column width=\u00a0\u00bb2\/3&Prime;][vc_column_text css=\u00a0\u00bb.vc_custom_1718639262950{margin-bottom: 0px !important;}\u00a0\u00bb]FIAM est une soci\u00e9t\u00e9 sans but lucratif, un organisme f\u00e9d\u00e9rateur, une plateforme rassembleur dont la mission est de contribuer au d\u00e9veloppement et \u00e0 la comp\u00e9titivit\u00e9 de la communaut\u00e9 financi\u00e8re du Qu\u00e9bec et au-del\u00e0.[\/vc_column_text][\/vc_column][\/vc_row][vc_row full_width=\u00a0\u00bbstretch_row\u00a0\u00bb overlay_dotted=\u00a0\u00bb\u00a0\u00bb css=\u00a0\u00bb.vc_custom_1688570042632{margin-bottom: 45px !important;}\u00a0\u00bb][vc_column width=\u00a0\u00bb1\/3&Prime;][vc_custom_heading text=\u00a0\u00bbUn champ d\u2019action de port\u00e9e mondiale\u00a0\u00bb font_container=\u00a0\u00bbtag:h4|text_align:left|color:%230054c6&Prime; use_theme_fonts=\u00a0\u00bbyes\u00a0\u00bb css=\u00a0\u00bb.vc_custom_1718640360299{padding-right: 75px !important;}\u00a0\u00bb][\/vc_column][vc_column width=\u00a0\u00bb2\/3&Prime;][vc_column_text css=\u00a0\u00bb.vc_custom_1718639256951{margin-bottom: 0px !important;}\u00a0\u00bb]FIAM se tiendra \u00e0 l\u2019aff\u00fbt des d\u00e9veloppements mondiaux, grandes tendances, enjeux et opportunit\u00e9s &#8211; entreprises leaders &#8211; technologie, applications\u2026[\/vc_column_text][\/vc_column][\/vc_row][vc_row full_width=\u00a0\u00bbstretch_row\u00a0\u00bb overlay_dotted=\u00a0\u00bb\u00a0\u00bb css=\u00a0\u00bb.vc_custom_1688570049285{margin-bottom: 50px !important;}\u00a0\u00bb][vc_column width=\u00a0\u00bb1\/3&Prime;][vc_custom_heading text=\u00a0\u00bbInitiatives et organisations d\u2019\u00e9v\u00e8nements\u00a0\u00bb font_container=\u00a0\u00bbtag:h4|text_align:left|color:%230054c6&Prime; use_theme_fonts=\u00a0\u00bbyes\u00a0\u00bb css=\u00a0\u00bb.vc_custom_1718640366137{padding-right: 75px !important;}\u00a0\u00bb][\/vc_column][vc_column width=\u00a0\u00bb2\/3&Prime;][vc_column_text css=\u00a0\u00bb.vc_custom_1718639251402{margin-bottom: 0px !important;}\u00a0\u00bb]<strong>Objectif<\/strong><br \/>\nSensibiliser, informer, \u00e9duquer, stimuler la recherche par le biais de conf\u00e9rences, webinaires, sessions de travail, \u00e9v\u00e9nements de contenu et de r\u00e9seautage.<\/p>\n<p>Depuis quelques ann\u00e9es, FIAM assume l\u2019organisation du plus grand rassemblement d\u2019\u00e9t\u00e9 de la communaut\u00e9 financi\u00e8re de Montr\u00e9al, La 9i\u00e8me \u00e9dition tenu le 25 ao\u00fbt 2022 a rassembl\u00e9 quelques 300 personnes.[\/vc_column_text][\/vc_column][\/vc_row][vc_row full_width=\u00a0\u00bbstretch_row\u00a0\u00bb overlay_dotted=\u00a0\u00bb\u00a0\u00bb css=\u00a0\u00bb.vc_custom_1686687291589{padding-top: 58px !important;padding-bottom: 58px !important;}\u00a0\u00bb el_class=\u00a0\u00bbgradient-bg txt-white\u00a0\u00bb][vc_column width=\u00a0\u00bb1\/3&Prime;][vc_custom_heading text=\u00a0\u00bbCollaboration avec des partenaires cl\u00e9s\u00a0\u00bb font_container=\u00a0\u00bbtag:h4|text_align:left|color:%23ffffff\u00a0\u00bb use_theme_fonts=\u00a0\u00bbyes\u00a0\u00bb][\/vc_column][vc_column width=\u00a0\u00bb2\/3&Prime;][vc_column_text css=\u00a0\u00bb.vc_custom_1718639242285{margin-bottom: 0px !important;}\u00a0\u00bb]FIAM cultive des liens avec des partenaires cl\u00e9s locaux, nationaux et internationaux &#8211; associations professionnelles, organisations parapublique, partenaires industriels, instituts\/universit\u00e9s. Ce positionnement cr\u00e9\u00e9e des ponts, facilite la circulation d\u2019information, permet, \u00e0 l\u2019occasion, d\u2019agir comme courroie de transmission, d\u2019identifier et r\u00e9aliser des sources de synergie avec la participation des diff\u00e9rents intervenants.<\/p>\n<p>Au Qu\u00e9bec, FIAM se positionne au carrefour de la communaut\u00e9 acad\u00e9mique et financi\u00e8re en particulier celle de la gestion d\u2019actif incluant celle des grands acteurs dans l\u2019espace AI au Qu\u00e9bec, (Mila, IVADO, Scale AI)[\/vc_column_text][\/vc_column][\/vc_row][vc_section css=\u00a0\u00bb.vc_custom_1688570076089{margin-top: 50px !important;margin-bottom: 75px !important;}\u00a0\u00bb][vc_row][vc_column offset=\u00a0\u00bbvc_hidden-sm vc_hidden-xs\u00a0\u00bb][vc_custom_heading text=\u00a0\u00bbLes 5 principaux r\u00f4les du FIAM\u00a0\u00bb font_container=\u00a0\u00bbtag:h3|text_align:left|color:%230054c6&Prime; use_theme_fonts=\u00a0\u00bbyes\u00a0\u00bb css=\u00a0\u00bb.vc_custom_1718640206103{margin-bottom: 50px !important;}\u00a0\u00bb][\/vc_column][\/vc_row][vc_row][vc_column width=\u00a0\u00bb1\/3&Prime; offset=\u00a0\u00bbvc_hidden-sm vc_hidden-xs\u00a0\u00bb][vc_single_image image=\u00a0\u00bb7826&Prime; img_size=\u00a0\u00bbfull\u00a0\u00bb][\/vc_column][vc_column width=\u00a0\u00bb2\/3&Prime; offset=\u00a0\u00bbvc_hidden-sm vc_hidden-xs\u00a0\u00bb][vc_column_text]L\u2019organisation d\u2019\u00e9v\u00e8nement riches en contenu, tel que la conf\u00e9rence de novembre 2021, l\u2019\u00e9v\u00e8nement Bloomberg-CDPQ en ao\u00fbt 2023, et l\u2019\u00e9v\u00e8nement estival \u201dLe M\u00e9choui\u201d, vise non seulement \u00e0 tisser et renforcer des liens, mais \u00e9galement \u00e0 favoriser des \u00e9changes stimulants entre professionnels de l\u2019industrie. Ces initiatives permettent \u00e0 FIAM d\u2019enrichir substantiellement son r\u00e9seau de relations et d\u2019optimiser sa capacit\u00e9 d\u2019ex\u00e9cution[\/vc_column_text][\/vc_column][\/vc_row][vc_row][vc_column width=\u00a0\u00bb1\/3&Prime; offset=\u00a0\u00bbvc_hidden-sm vc_hidden-xs\u00a0\u00bb][vc_single_image image=\u00a0\u00bb7828&Prime; img_size=\u00a0\u00bbfull\u00a0\u00bb][\/vc_column][vc_column width=\u00a0\u00bb2\/3&Prime; offset=\u00a0\u00bbvc_hidden-sm vc_hidden-xs\u00a0\u00bb][vc_column_text]Gr\u00e2ce \u00e0 ce r\u00e9seau, plusieurs opportunit\u00e9s se dessinent. Par exemple, l\u2019agr\u00e9gation et la diss\u00e9mination de l\u2019information facilitent pour les entreprises \/ institutions la rapidit\u00e9 d\u2019identification des expertises pr\u00e9sentes au sein des universit\u00e9s et les centres de recherche. Ce r\u00e9seau favorise \u00e9galement la mise en relation entre chercheurs et entreprises afin de r\u00e9pondre \u00e0 des besoins pr\u00e9cis. Il permet de plus d\u2019organiser des activit\u00e9s de maillage et de transfert de connaissance, tels que des conf\u00e9rences, ateliers ou stage pour \u00e9tudiants.[\/vc_column_text][\/vc_column][\/vc_row][vc_row][vc_column width=\u00a0\u00bb1\/3&Prime; offset=\u00a0\u00bbvc_hidden-sm vc_hidden-xs\u00a0\u00bb][vc_single_image image=\u00a0\u00bb7830&Prime; img_size=\u00a0\u00bbfull\u00a0\u00bb][\/vc_column][vc_column width=\u00a0\u00bb2\/3&Prime; offset=\u00a0\u00bbvc_hidden-sm vc_hidden-xs\u00a0\u00bb][vc_column_text]Il \u00e9merge un besoin manifeste et pressant en mati\u00e8re d\u2019\u00e9ducation et de sensibilisation au sein de la communaut\u00e9 acad\u00e9mique et industrielle, particuli\u00e8rement en ce qui a trait \u00e0 l\u2019exploration des diverses applications potentielles de l\u2019Intelligence Artificielle (IA) et de l\u2019Apprentissage Automatique (AA). Ces technologies se r\u00e9v\u00e8lent \u00eatre des piliers cruciaux dans le processus de transformation num\u00e9rique des organisations, sp\u00e9cifiquement dans le secteur de la gestion d\u2019actifs.[\/vc_column_text][\/vc_column][\/vc_row][vc_row][vc_column width=\u00a0\u00bb1\/3&Prime; offset=\u00a0\u00bbvc_hidden-sm vc_hidden-xs\u00a0\u00bb][vc_single_image image=\u00a0\u00bb7832&Prime; img_size=\u00a0\u00bbfull\u00a0\u00bb][\/vc_column][vc_column width=\u00a0\u00bb2\/3&Prime; offset=\u00a0\u00bbvc_hidden-sm vc_hidden-xs\u00a0\u00bb][vc_column_text]La FIAM maintiendra une veille strat\u00e9gique active, assurant une mise \u00e0 jour r\u00e9guli\u00e8re et exhaustive des d\u00e9veloppements mondiaux, englobant les grandes tendances, les enjeux et opportunit\u00e9s notables, en se focalisant sur les entreprises leaders, l\u2019\u00e9volution technologique, les applications pertinentes, ainsi que la recherche universitaire, tout en \u00e9valuant minutieusement l\u2019applicabilit\u00e9 des r\u00e9sultats issues de la recherche fondamentale.[\/vc_column_text][\/vc_column][\/vc_row][vc_row][vc_column width=\u00a0\u00bb1\/3&Prime; offset=\u00a0\u00bbvc_hidden-sm vc_hidden-xs\u00a0\u00bb][vc_single_image image=\u00a0\u00bb7834&Prime; img_size=\u00a0\u00bbfull\u00a0\u00bb][\/vc_column][vc_column width=\u00a0\u00bb2\/3&Prime; offset=\u00a0\u00bbvc_hidden-sm vc_hidden-xs\u00a0\u00bb][vc_column_text]La FIAM consacre ses efforts au d\u00e9veloppement de talents, notamment ceux alliant des comp\u00e9tences hybrides en finance et en intelligence artificielle \/ apprentissage automatique (IA\/AA). Ce r\u00f4le s\u2019av\u00e8re \u00eatre l\u2019un des piliers fondamentaux de la mission du FIAM. La cristallisation d\u2019une communaut\u00e9 de talents \u00e9merge \u00e0 travers diverses initiatives auxquelles FIAM est appeler \u00e0 contribuer\u00a0: la mise en r\u00e9seau avec des professionnels de l\u2019industrie, l\u2019organisation d\u2019un Hackathon, l\u2019impl\u00e9mentation de stages, l\u2019attribution de bourses de formation, ainsi qu\u2019\u00e0 travers la cr\u00e9ation d\u2019un r\u00e9seau de mentorat solide et enrichissant.[\/vc_column_text][\/vc_column][\/vc_row][\/vc_section][vc_section css=\u00a0\u00bb.vc_custom_1688570076089{margin-top: 50px !important;margin-bottom: 75px !important;}\u00a0\u00bb][vc_row equal_height=\u00a0\u00bbyes\u00a0\u00bb overlay_dotted=\u00a0\u00bb\u00a0\u00bb][vc_column offset=\u00a0\u00bbvc_hidden-lg vc_col-md-7 vc_hidden-md\u00a0\u00bb][vc_custom_heading text=\u00a0\u00bbLes 5 principaux r\u00f4les du FIAM\u00a0\u00bb font_container=\u00a0\u00bbtag:h4|text_align:left|color:%230054c6|line_height:28px\u00a0\u00bb use_theme_fonts=\u00a0\u00bbyes\u00a0\u00bb css=\u00a0\u00bb.vc_custom_1687881247065{margin-bottom: 50px !important;}\u00a0\u00bb]<ul class=\"list-one  lvsy-list-69dee00c41355\"><li><h4 class=\"fs-22 fw-bold txt-primary\">Rayonnement et d\u00e9veloppement d\u2019un r\u00e9seau de relations de haut niveau<\/h4>\nL\u2019organisation d\u2019\u00e9v\u00e8nement riches en contenu, tel que la conf\u00e9rence de novembre 2021, l\u2019\u00e9v\u00e8nement Bloomberg-CDPQ en ao\u00fbt 2023, et l\u2019\u00e9v\u00e8nement estival \u201dLe M\u00e9choui\u201d, vise non seulement \u00e0 tisser et renforcer des liens, mais \u00e9galement \u00e0 favoriser des \u00e9changes stimulants entre professionnels de l\u2019industrie. Ces initiatives permettent \u00e0 FIAM d\u2019enrichir substantiellement son r\u00e9seau de relations et d\u2019optimiser sa capacit\u00e9 d\u2019ex\u00e9cution  <\/li><li><h4 class=\"fs-22 fw-bold txt-primary\">Maillage et diss\u00e9mination de l\u2019information <\/h4>\nGr\u00e2ce \u00e0 ce r\u00e9seau, plusieurs opportunit\u00e9s se dessinent. Par exemple, l\u2019agr\u00e9gation et la diss\u00e9mination de l\u2019information facilitent pour les entreprises \/ institutions la rapidit\u00e9 d\u2019identification des expertises pr\u00e9sentes au sein des universit\u00e9s et les centres de recherche. Ce r\u00e9seau favorise \u00e9galement la mise en relation entre chercheurs et entreprises afin de r\u00e9pondre \u00e0 des besoins pr\u00e9cis. Il permet de plus d\u2019organiser des activit\u00e9s de maillage et de transfert de connaissance, tels que des conf\u00e9rences, ateliers ou stage pour \u00e9tudiants. <\/li><li><h4 class=\"fs-22 fw-bold txt-primary\">Sensibilisation de la communaut\u00e9 acad\u00e9mique et l\u2019industrie <\/h4>\nIl \u00e9merge un besoin manifeste et pressant en mati\u00e8re d\u2019\u00e9ducation et de sensibilisation au sein de la communaut\u00e9 acad\u00e9mique et industrielle, particuli\u00e8rement en ce qui a trait \u00e0 l\u2019exploration des diverses applications potentielles de l\u2019Intelligence Artificielle (IA) et de l\u2019Apprentissage Automatique (AA). Ces technologies se r\u00e9v\u00e8lent \u00eatre des piliers cruciaux dans le processus de transformation num\u00e9rique des organisations, sp\u00e9cifiquement dans le secteur de la gestion d\u2019actifs. <\/li><li><h4 class=\"fs-22 fw-bold txt-primary\">Recherche appliqu\u00e9e et transfert<\/h4>\nLa FIAM maintiendra une veille strat\u00e9gique active, assurant une mise \u00e0 jour r\u00e9guli\u00e8re et exhaustive des d\u00e9veloppements mondiaux, englobant les grandes tendances, les enjeux et opportunit\u00e9s notables, en se focalisant sur les entreprises leaders, l\u2019\u00e9volution technologique, les applications pertinentes, ainsi que la recherche universitaire, tout en \u00e9valuant minutieusement l\u2019applicabilit\u00e9 des r\u00e9sultats issues de la recherche fondamentale. <\/li><li><h4 class=\"fs-22 fw-bold txt-primary\">Formation et d\u00e9veloppement d\u2019une communaut\u00e9 de talents <\/h4>\nLa FIAM consacre ses efforts au d\u00e9veloppement de talents, notamment ceux alliant des comp\u00e9tences hybrides en finance et en intelligence artificielle \/ apprentissage automatique (IA\/AA). Ce r\u00f4le s\u2019av\u00e8re \u00eatre l\u2019un des piliers fondamentaux de la mission du FIAM. La cristallisation d\u2019une communaut\u00e9 de talents \u00e9merge \u00e0 travers diverses initiatives auxquelles FIAM est appeler \u00e0 contribuer : la mise en r\u00e9seau avec des professionnels de l\u2019industrie, l\u2019organisation d\u2019un Hackathon, l\u2019impl\u00e9mentation de stages, l\u2019attribution de bourses de formation, ainsi qu\u2019\u00e0 travers la cr\u00e9ation d\u2019un r\u00e9seau de mentorat solide et enrichissant. <\/li><\/ul>[\/vc_column][\/vc_row][\/vc_section]<\/p>\n<\/section>","protected":false},"excerpt":{"rendered":"[vc_row full_width=\u00a0\u00bbstretch_row\u00a0\u00bb overlay_dotted=\u00a0\u00bb\u00a0\u00bb el_class=\u00a0\u00bbgradient-bg txt-secondary banner-text\u00a0\u00bb css=\u00a0\u00bb.vc_custom_1688570031672{margin-bottom: 50px !important;padding-top: 58px !important;padding-bottom: 58px !important;}\u00a0\u00bb][vc_column width=\u00a0\u00bb1\/3&Prime;][vc_custom_heading text=\u00a0\u00bbQui sommes-nous ?\u00a0\u00bb font_container=\u00a0\u00bbtag:h2|text_align:left|color:%239be8ff\u00a0\u00bb use_theme_fonts=\u00a0\u00bbyes\u00a0\u00bb][\/vc_column][vc_column width=\u00a0\u00bb2\/3&Prime;][vc_column_text css=\u00a0\u00bb.vc_custom_1718639262950{margin-bottom: 0px !important;}\u00a0\u00bb]FIAM est une soci\u00e9t\u00e9 sans but lucratif, un [&#8230;]","protected":false},"author":1,"featured_media":0,"parent":0,"menu_order":0,"comment_status":"closed","ping_status":"closed","template":"","meta":{"_eb_attr":"","footnotes":""},"class_list":["post-6667","page","type-page","status-publish","hentry"],"_links":{"self":[{"href":"https:\/\/fiamtl.com\/fr\/wp-json\/wp\/v2\/pages\/6667","targetHints":{"allow":["GET"]}}],"collection":[{"href":"https:\/\/fiamtl.com\/fr\/wp-json\/wp\/v2\/pages"}],"about":[{"href":"https:\/\/fiamtl.com\/fr\/wp-json\/wp\/v2\/types\/page"}],"author":[{"embeddable":true,"href":"https:\/\/fiamtl.com\/fr\/wp-json\/wp\/v2\/users\/1"}],"replies":[{"embeddable":true,"href":"https:\/\/fiamtl.com\/fr\/wp-json\/wp\/v2\/comments?post=6667"}],"version-history":[{"count":0,"href":"https:\/\/fiamtl.com\/fr\/wp-json\/wp\/v2\/pages\/6667\/revisions"}],"wp:attachment":[{"href":"https:\/\/fiamtl.com\/fr\/wp-json\/wp\/v2\/media?parent=6667"}],"curies":[{"name":"wp","href":"https:\/\/api.w.org\/{rel}","templated":true}]}}