{"id":12569,"date":"2026-05-14T09:39:59","date_gmt":"2026-05-14T13:39:59","guid":{"rendered":"https:\/\/fiamtl.com\/?page_id=12569"},"modified":"2026-05-14T13:35:57","modified_gmt":"2026-05-14T17:35:57","slug":"programme","status":"publish","type":"page","link":"https:\/\/fiamtl.com\/fr\/sommet-de-montreal-2026\/programme\/","title":{"rendered":"Programme"},"content":{"rendered":"<section class=\"wpb-content-wrapper\"><p>[vc_row full_width=\u00a0\u00bbstretch_row_content_no_spaces\u00a0\u00bb overlay_dotted=\u00a0\u00bb\u00a0\u00bb css=\u00a0\u00bb.vc_custom_1778509117413{background-image: url(https:\/\/fiam2023.vascoweb.biz\/wp-content\/uploads\/2026\/05\/15587_FIAM_SUMMIT_2026_MONTREAL_BANNIERE_WEB.png?id=7557) !important;background-position: center !important;background-repeat: no-repeat !important;background-size: cover !important;}\u00a0\u00bb el_class=\u00a0\u00bbfondBanner\u00a0\u00bb][vc_column][vc_row_inner][vc_column_inner offset=\u00a0\u00bbvc_col-lg-offset-2 vc_col-lg-10 vc_col-md-offset-2 vc_col-sm-offset-2 vc_col-xs-offset-1&Prime;][vc_single_image image=\u00a0\u00bb12488&Prime; img_size=\u00a0\u00bbfull\u00a0\u00bb css=\u00a0\u00bb.vc_custom_1778606351070{margin-top: 57px !important;}\u00a0\u00bb el_class=\u00a0\u00bblogoFiam\u00a0\u00bb][\/vc_column_inner][\/vc_row_inner][vc_row_inner][vc_column_inner offset=\u00a0\u00bbvc_col-lg-offset-1 vc_col-lg-11 vc_col-md-offset-0 vc_col-sm-offset-0&Prime;][vc_single_image image=\u00a0\u00bb12571&Prime; img_size=\u00a0\u00bbfull\u00a0\u00bb css=\u00a0\u00bb.vc_custom_1778611559586{margin-top: 194px !important;margin-bottom: 199px !important;}\u00a0\u00bb el_class=\u00a0\u00bbtitreBanner\u00a0\u00bb][\/vc_column_inner][\/vc_row_inner][vc_row_inner el_class=\u00a0\u00bbfondEventProgram\u00a0\u00bb css=\u00a0\u00bb.vc_custom_1778523369487{padding-top: 40px !important;}\u00a0\u00bb][vc_column_inner width=\u00a0\u00bb5\/12&Prime; css=\u00a0\u00bb.vc_custom_1778526332956{padding-bottom: 59px !important;}\u00a0\u00bb offset=\u00a0\u00bbvc_col-lg-offset-1 vc_col-lg-4 vc_col-sm-offset-1&Prime;]<div class=\"section-title-wrap eventProgramTitre lvsy-section-title-6a0739ceee505\"><div class=\"section-title\">Programme<\/div> <\/div>[\/vc_column_inner][vc_column_inner width=\u00a0\u00bb1\/2&Prime; offset=\u00a0\u00bbvc_col-lg-5 vc_col-md-5&Prime; css=\u00a0\u00bb.vc_custom_1778611698330{padding-right: 30px !important;padding-left: 30px !important;}\u00a0\u00bb][vc_column_text el_class=\u00a0\u00bbeventProgramTexte\u00a0\u00bb]<span style=\"font-family: Montserrat, sans-serif;\">Explorez les grandes conversations de la journ\u00e9e, des perspectives d\u2019ouverture aux \u00e9changes strat\u00e9giques et discussions prospectives qui fa\u00e7onnent l\u2019avenir de l\u2019investissement \u00e0 l\u2019\u00e8re de l\u2019IA.<\/span>[\/vc_column_text][\/vc_column_inner][\/vc_row_inner][\/vc_column][\/vc_row][vc_row overlay_dotted=\u00a0\u00bb\u00a0\u00bb css=\u00a0\u00bb.vc_custom_1778610846789{margin-top: 100px !important;margin-bottom: 100px !important;}\u00a0\u00bb][vc_column][vc_row_inner css=\u00a0\u00bb.vc_custom_1778514717688{margin-bottom: 50px !important;padding-top: 28px !important;}\u00a0\u00bb el_class=\u00a0\u00bbfondPlanning\u00a0\u00bb][vc_column_inner width=\u00a0\u00bb5\/12&Prime; offset=\u00a0\u00bbvc_col-md-offset-1 vc_col-sm-offset-1&Prime;][vc_column_text el_class=\u00a0\u00bbheure\u00a0\u00bb]<strong><span style=\"font-size: 32px; font-family: Montserrat, sans-serif;\">14 h 00<\/span><\/strong>[\/vc_column_text][\/vc_column_inner][vc_column_inner width=\u00a0\u00bb1\/2&Prime;]<div class=\"section-title-wrap titrePlanning lvsy-section-title-6a0739ceee562 vc_custom_1778611752548\"><div class=\"section-title\">Mot d\u2019ouverture<\/div> <\/div>[vc_column_text el_class=\u00a0\u00bbtextPlanning\u00a0\u00bb]<span style=\"font-family: Montserrat, sans-serif;\">Une br\u00e8ve allocution pour lancer les discussions de l\u2019apr\u00e8s-midi et donner le ton aux \u00e9changes \u00e0 venir.<\/span><\/p>\n<p><span style=\"font-family: Montserrat, sans-serif;\">\u2022 Claude Perron<\/span><br \/>\n<span style=\"font-family: Montserrat, sans-serif;\">\u2022 Fran\u00e7ois Rivard, H\u00f4te et ma\u00eetre de c\u00e9r\u00e9monie<\/span><br \/>\n<span style=\"font-family: Montserrat, sans-serif;\">\u2022 William J. Kelly, Co-Pr\u00e9sident<\/span>[\/vc_column_text][\/vc_column_inner][\/vc_row_inner][vc_row_inner css=\u00a0\u00bb.vc_custom_1778100011586{margin-bottom: 50px !important;padding-top: 28px !important;}\u00a0\u00bb el_class=\u00a0\u00bbfondPlanning fondBlanc\u00a0\u00bb][vc_column_inner width=\u00a0\u00bb5\/12&Prime; offset=\u00a0\u00bbvc_col-md-offset-1 vc_col-sm-offset-1&Prime;][vc_column_text el_class=\u00a0\u00bbheure\u00a0\u00bb]<strong><span style=\"font-size: 32px; font-family: Montserrat, sans-serif;\">14 h 10<\/span><\/strong>[\/vc_column_text][\/vc_column_inner][vc_column_inner width=\u00a0\u00bb1\/2&Prime;]<div class=\"section-title-wrap titrePlanning lvsy-section-title-6a0739ceee595 vc_custom_1778612674327\"><div class=\"section-title\">Session d\u2019ouverture<\/div> <\/div>[vc_column_text el_class=\u00a0\u00bbtextPlanning\u00a0\u00bb]<span style=\"font-family: Montserrat, sans-serif;\">Un \u00e9change d\u2019ouverture sur les transformations qui red\u00e9finissen l\u2019investissement \u00e0 l\u2019\u00e8re de l\u2019intelligence artificielle.<\/span><\/p>\n<p><span style=\"font-family: Montserrat, sans-serif;\">\u2022 William J. Kelly<\/span><br \/>\n<span style=\"font-family: Montserrat, sans-serif;\">\u2022 Jane Buchan<\/span>[\/vc_column_text][\/vc_column_inner][\/vc_row_inner][vc_row_inner css=\u00a0\u00bb.vc_custom_1778100018492{margin-bottom: 50px !important;padding-top: 28px !important;}\u00a0\u00bb el_class=\u00a0\u00bbfondPlanning\u00a0\u00bb][vc_column_inner width=\u00a0\u00bb5\/12&Prime; offset=\u00a0\u00bbvc_col-md-offset-1 vc_col-sm-offset-1&Prime;][vc_column_text el_class=\u00a0\u00bbheure\u00a0\u00bb]<strong><span style=\"font-size: 32px; font-family: Montserrat, sans-serif;\">14 h 30<\/span><\/strong>[\/vc_column_text][\/vc_column_inner][vc_column_inner width=\u00a0\u00bb1\/2&Prime;]<div class=\"section-title-wrap titrePlanning lvsy-section-title-6a0739ceee5cf vc_custom_1778612419594\"><div class=\"section-title\">Dialogue strat\u00e9gique 1<\/div><div class=\"section-sub-title\">Le paysage mondial de l\u2019investissement \u00e0 l\u2019\u00e8re IA<\/div> <\/div>[vc_column_text el_class=\u00a0\u00bbtextPlanning\u00a0\u00bb]<span style=\"font-family: Montserrat, sans-serif;\">Un dialogue strat\u00e9gique sur les forces structurelles qui red\u00e9finissent l\u2019environnement mondial de l\u2019investissement.<\/span><\/p>\n<p><span style=\"font-family: Montserrat, sans-serif;\">\u2022 Anim\u00e9 par Aaron Filbeck<\/span><br \/>\n<span style=\"font-family: Montserrat, sans-serif;\">\u2022 Frederick Castonguay<\/span><br \/>\n<span style=\"font-family: Montserrat, sans-serif;\">\u2022 Bruno Roy<br \/>\n\u2022 John W. Polis<br \/>\n<\/span>[\/vc_column_text][\/vc_column_inner][\/vc_row_inner][vc_row_inner css=\u00a0\u00bb.vc_custom_1778100007749{margin-bottom: 50px !important;padding-top: 28px !important;}\u00a0\u00bb el_class=\u00a0\u00bbfondPlanning fondBlanc\u00a0\u00bb][vc_column_inner width=\u00a0\u00bb5\/12&Prime; offset=\u00a0\u00bbvc_col-md-offset-1 vc_col-sm-offset-1&Prime;][vc_column_text el_class=\u00a0\u00bbheure\u00a0\u00bb]<strong><span style=\"font-size: 32px; font-family: Montserrat, sans-serif;\">15 h 15<\/span><\/strong>[\/vc_column_text][\/vc_column_inner][vc_column_inner width=\u00a0\u00bb1\/2&Prime;]<div class=\"section-title-wrap titrePlanning lvsy-section-title-6a0739ceee5fd vc_custom_1778612405460\"><div class=\"section-title\">Dialogue strat\u00e9gique 2<\/div><div class=\"section-sub-title\">L\u2019IA en gestion d\u2019actifs : de la preuve de concept au d\u00e9ploiement<\/div> <\/div>[vc_column_text el_class=\u00a0\u00bbtextPlanning\u00a0\u00bb]<span style=\"font-family: Montserrat, sans-serif;\">Une discussion sur les domaines o\u00f9 l\u2019IA cr\u00e9e aujourd\u2019hui une r\u00e9elle valeur, ainsi que sur les d\u00e9fis qui demeurent.<\/span><\/p>\n<p><span style=\"font-family: Montserrat, sans-serif;\">\u2022 Anim\u00e9 par Anne-Sophie van Royen<\/span><br \/>\n<span style=\"font-family: Montserrat, sans-serif;\">\u2022 Gerald Garvey<\/span><br \/>\n<span style=\"font-family: Montserrat, sans-serif;\">\u2022 David Ouellet<\/span>[\/vc_column_text][\/vc_column_inner][\/vc_row_inner][vc_row_inner css=\u00a0\u00bb.vc_custom_1778101508017{margin-bottom: 50px !important;padding-top: 28px !important;padding-right: 98px !important;}\u00a0\u00bb el_class=\u00a0\u00bbfondPlanning\u00a0\u00bb][vc_column_inner width=\u00a0\u00bb5\/12&Prime; offset=\u00a0\u00bbvc_col-md-offset-1 vc_col-sm-offset-1&Prime;][vc_column_text el_class=\u00a0\u00bbheure\u00a0\u00bb]<strong><span style=\"font-size: 32px; font-family: Montserrat, sans-serif;\">15 h 45<\/span><\/strong>[\/vc_column_text][\/vc_column_inner][vc_column_inner width=\u00a0\u00bb1\/2&Prime;]<div class=\"section-title-wrap titrePlanning lvsy-section-title-6a0739ceee628 vc_custom_1778612318494\"><div class=\"section-title\">Dialogue strat\u00e9gique 3<\/div><div class=\"section-sub-title\">L\u2019essor de la finance agentique : sommes-nous pr\u00eats ?<\/div> <\/div>[vc_column_text el_class=\u00a0\u00bbtextPlanning\u00a0\u00bb]<span style=\"font-family: Montserrat, sans-serif;\">Une conversation tourn\u00e9e vers l\u2019avenir sur l\u2019autonomie, les talents et le leadership dans la prochaine \u00e8re de l\u2019investissement.<\/span><\/p>\n<p><span style=\"font-family: Montserrat, sans-serif;\">\u2022 Anim\u00e9 par Dr. Ranjan Bhaduri<\/span><br \/>\n<span style=\"font-family: Montserrat, sans-serif;\">\u2022 Russ Goyenko<\/span>[\/vc_column_text][\/vc_column_inner][\/vc_row_inner][vc_row_inner css=\u00a0\u00bb.vc_custom_1778100028164{margin-bottom: 50px !important;padding-top: 28px !important;}\u00a0\u00bb el_class=\u00a0\u00bbfondPlanning fondBlanc\u00a0\u00bb][vc_column_inner width=\u00a0\u00bb5\/12&Prime; offset=\u00a0\u00bbvc_col-md-offset-1 vc_col-sm-offset-1&Prime;][vc_column_text el_class=\u00a0\u00bbheure\u00a0\u00bb]<strong><span style=\"font-size: 32px; font-family: Montserrat, sans-serif;\">16 h 15<\/span><\/strong>[\/vc_column_text][\/vc_column_inner][vc_column_inner width=\u00a0\u00bb1\/2&Prime;]<div class=\"section-title-wrap titrePlanning lvsy-section-title-6a0739ceee651 vc_custom_1778612151529\"><div class=\"section-title\">Conf\u00e9rence de cl\u00f4ture<\/div><div class=\"section-sub-title\">Le prochain chapitre de l\u2019investissement propuls\u00e9 par l\u2019IA<\/div> <\/div>[vc_column_text el_class=\u00a0\u00bbtextPlanning\u00a0\u00bb]<span style=\"font-family: Montserrat, sans-serif;\">Une perspective de cl\u00f4ture sur l\u2019avenir de l\u2019industrie de l\u2019investissement \u00e0 mesure que l\u2019IA continue d\u2019\u00e9voluer.<\/span><\/p>\n<p><span style=\"font-family: Montserrat, sans-serif;\">\u2022 William J. Kelly<\/span>[\/vc_column_text][\/vc_column_inner][\/vc_row_inner][vc_row_inner css=\u00a0\u00bb.vc_custom_1778099478534{margin-bottom: 50px !important;padding-top: 28px !important;}\u00a0\u00bb el_class=\u00a0\u00bbfondPlanning\u00a0\u00bb][vc_column_inner width=\u00a0\u00bb5\/12&Prime; offset=\u00a0\u00bbvc_col-md-offset-1 vc_col-sm-offset-1&Prime;][vc_column_text el_class=\u00a0\u00bbheure\u00a0\u00bb]<strong><span style=\"font-size: 32px; font-family: Montserrat, sans-serif;\">16 h 30<\/span><\/strong>[\/vc_column_text][\/vc_column_inner][vc_column_inner width=\u00a0\u00bb1\/2&Prime;]<div class=\"section-title-wrap titrePlanning lvsy-section-title-6a0739ceee679 vc_custom_1778612120433\"><div class=\"section-title\">Pr\u00e9sentation du prix CFA<\/div> <\/div>[vc_column_text el_class=\u00a0\u00bbtextPlanning\u00a0\u00bb]<span style=\"font-family: Montserrat, sans-serif;\">Un bref segment de reconnaissance soulignant la collaboration avec CFA Montr\u00e9al et c\u00e9l\u00e9brant la remise du Prix CFA-FIAM.<\/span><\/p>\n<p><span style=\"font-family: Montserrat, sans-serif;\">\u2022 Julie Ducharme<\/span><br \/>\n<span style=\"font-family: Montserrat, sans-serif;\">\u2022 Sandy Poir\u00e9<\/span>[\/vc_column_text][\/vc_column_inner][\/vc_row_inner][vc_row_inner css=\u00a0\u00bb.vc_custom_1778100033326{margin-bottom: 50px !important;padding-top: 28px !important;}\u00a0\u00bb el_class=\u00a0\u00bbfondPlanning fondBlanc\u00a0\u00bb][vc_column_inner width=\u00a0\u00bb5\/12&Prime; offset=\u00a0\u00bbvc_col-md-offset-1 vc_col-sm-offset-1&Prime;][vc_column_text el_class=\u00a0\u00bbheure\u00a0\u00bb]<strong><span style=\"font-size: 32px; font-family: Montserrat, sans-serif;\">17 h 00<\/span><\/strong>[\/vc_column_text][\/vc_column_inner][vc_column_inner width=\u00a0\u00bb1\/2&Prime;]<div class=\"section-title-wrap titrePlanning lvsy-section-title-6a0739ceee69d\"><div class=\"section-title\">Cocktail r\u00e9seautage<\/div> <\/div>[\/vc_column_inner][\/vc_row_inner][vc_row_inner css=\u00a0\u00bb.vc_custom_1778099486749{margin-bottom: 50px !important;padding-top: 28px !important;}\u00a0\u00bb el_class=\u00a0\u00bbfondPlanning\u00a0\u00bb][vc_column_inner width=\u00a0\u00bb5\/12&Prime; offset=\u00a0\u00bbvc_col-md-offset-1 vc_col-sm-offset-1&Prime;][vc_column_text el_class=\u00a0\u00bbheure\u00a0\u00bb]<strong><span style=\"font-size: 32px; font-family: Montserrat, sans-serif;\">18 h 00 \u00e0 22 h 00<\/span><\/strong>[\/vc_column_text][\/vc_column_inner][vc_column_inner width=\u00a0\u00bb1\/2&Prime;]<div class=\"section-title-wrap titrePlanning lvsy-section-title-6a0739ceee6c2 vc_custom_1778612042816\"><div class=\"section-title\">D\u00eener<\/div> <\/div>[vc_column_text el_class=\u00a0\u00bbtextPlanning\u00a0\u00bb]<span style=\"font-family: Montserrat, sans-serif;\">Une soir\u00e9e de r\u00e9seautage et de gastronomie dans une ambiance chaleureuse favorisant les \u00e9changes et la poursuite des discussions de la journ\u00e9e.<\/span>[\/vc_column_text][\/vc_column_inner][\/vc_row_inner][\/vc_column][\/vc_row][vc_row full_width=\u00a0\u00bbstretch_row\u00a0\u00bb overlay_dotted=\u00a0\u00bb\u00a0\u00bb css=\u00a0\u00bb.vc_custom_1778076173469{background-color: #FFFFFF !important;}\u00a0\u00bb el_class=\u00a0\u00bbfondSponsors\u00a0\u00bb][vc_column css=\u00a0\u00bb.vc_custom_1778076551872{margin-top: 0px !important;}\u00a0\u00bb]<div class=\"section-title-wrap titreCommanditaire lvsy-section-title-6a0739ceee6e8 vc_custom_1778612837829\"><div class=\"section-title\">Merci \u00e0 nos commanditaires<\/div> <\/div>[vc_column_text el_class=\u00a0\u00bbtextCommanditaire\u00a0\u00bb]<\/p>\n<p style=\"text-align: center;\"><span style=\"color: #0054c6;\"><span style=\"font-family: Montserrat, sans-serif;\">PLATINE &#8211; PARTENAIRE D&rsquo;INFLUENCE<\/span><\/span><\/p>\n<p>[\/vc_column_text][vc_separator color=\u00a0\u00bbcustom\u00a0\u00bb border_width=\u00a0\u00bb2&Prime; css=\u00a0\u00bb.vc_custom_1778610764736{padding-bottom: 30px !important;}\u00a0\u00bb accent_color=\u00a0\u00bb#ffffff\u00a0\u00bb][vc_row_inner el_class=\u00a0\u00bbrowCommanditaire\u00a0\u00bb][vc_column_inner width=\u00a0\u00bb1\/3&Prime; offset=\u00a0\u00bbvc_col-xs-6&Prime;][vc_single_image image=\u00a0\u00bb12493&Prime; img_size=\u00a0\u00bbfull\u00a0\u00bb alignment=\u00a0\u00bbcenter\u00a0\u00bb][\/vc_column_inner][\/vc_row_inner][vc_column_text css=\u00a0\u00bb.vc_custom_1778613117022{margin-top: 70px !important;}\u00a0\u00bb el_class=\u00a0\u00bbtextCommanditaire\u00a0\u00bb]<\/p>\n<p style=\"text-align: center;\"><span style=\"color: #0054c6;\"><span style=\"font-family: Montserrat, sans-serif;\">OR &#8211; ARCHITECTE DE CONTENU<\/span><\/span><\/p>\n<p>[\/vc_column_text][vc_separator color=\u00a0\u00bbcustom\u00a0\u00bb border_width=\u00a0\u00bb2&Prime; css=\u00a0\u00bb.vc_custom_1778610754040{padding-bottom: 30px !important;}\u00a0\u00bb accent_color=\u00a0\u00bb#ffffff\u00a0\u00bb][vc_row_inner el_class=\u00a0\u00bbrowCommanditaire\u00a0\u00bb][vc_column_inner width=\u00a0\u00bb1\/3&Prime;][\/vc_column_inner][vc_column_inner width=\u00a0\u00bb1\/3&Prime; offset=\u00a0\u00bbvc_col-xs-6&Prime;][vc_single_image image=\u00a0\u00bb12496&Prime; img_size=\u00a0\u00bbfull\u00a0\u00bb alignment=\u00a0\u00bbcenter\u00a0\u00bb][\/vc_column_inner][vc_column_inner width=\u00a0\u00bb1\/3&Prime;][\/vc_column_inner][\/vc_row_inner][vc_row_inner disable_element=\u00a0\u00bbyes\u00a0\u00bb el_class=\u00a0\u00bbrowCommanditaire\u00a0\u00bb][vc_column_inner width=\u00a0\u00bb1\/4&Prime;][vc_single_image image=\u00a0\u00bb12496&Prime; img_size=\u00a0\u00bbfull\u00a0\u00bb][\/vc_column_inner][vc_column_inner width=\u00a0\u00bb1\/4&Prime;][\/vc_column_inner][vc_column_inner width=\u00a0\u00bb1\/4&Prime;][\/vc_column_inner][vc_column_inner width=\u00a0\u00bb1\/4&Prime;][\/vc_column_inner][\/vc_row_inner][vc_column_text css=\u00a0\u00bb.vc_custom_1778613130229{margin-top: 70px !important;}\u00a0\u00bb el_class=\u00a0\u00bbtextCommanditaire\u00a0\u00bb]<\/p>\n<p style=\"text-align: center;\"><span style=\"color: #0054c6;\"><span style=\"font-family: Montserrat, sans-serif;\">ARGENT &#8211; CONNECTEUR D&rsquo;\u00c9COSYST\u00c8ME<\/span><\/span><\/p>\n<p>[\/vc_column_text][vc_separator color=\u00a0\u00bbcustom\u00a0\u00bb border_width=\u00a0\u00bb2&Prime; accent_color=\u00a0\u00bb#ffffff\u00a0\u00bb css=\u00a0\u00bb.vc_custom_1778610737416{padding-bottom: 30px !important;}\u00a0\u00bb][vc_row_inner el_class=\u00a0\u00bbrowCommanditaire\u00a0\u00bb][vc_column_inner el_class=\u00a0\u00bbconteneurImage\u00a0\u00bb width=\u00a0\u00bb1\/3&Prime;][vc_single_image image=\u00a0\u00bb12754&Prime; img_size=\u00a0\u00bbfull\u00a0\u00bb el_class=\u00a0\u00bblogoCommenditaire\u00a0\u00bb][\/vc_column_inner][vc_column_inner el_class=\u00a0\u00bbconteneurCommanditaire\u00a0\u00bb width=\u00a0\u00bb1\/3&Prime;][vc_single_image image=\u00a0\u00bb12738&Prime; img_size=\u00a0\u00bbfull\u00a0\u00bb el_class=\u00a0\u00bblogoCommenditaire\u00a0\u00bb][\/vc_column_inner][vc_column_inner width=\u00a0\u00bb1\/3&Prime;][vc_single_image image=\u00a0\u00bb12742&Prime; img_size=\u00a0\u00bbfull\u00a0\u00bb el_class=\u00a0\u00bblogoCommenditaire\u00a0\u00bb][\/vc_column_inner][\/vc_row_inner][vc_row_inner el_class=\u00a0\u00bbrowCommanditaire\u00a0\u00bb][vc_column_inner el_class=\u00a0\u00bbconteneurImage\u00a0\u00bb width=\u00a0\u00bb1\/3&Prime; offset=\u00a0\u00bbvc_col-lg-4 vc_col-md-4&Prime;][vc_single_image image=\u00a0\u00bb12744&Prime; img_size=\u00a0\u00bbfull\u00a0\u00bb el_class=\u00a0\u00bblogoCommenditaire\u00a0\u00bb][\/vc_column_inner][vc_column_inner el_class=\u00a0\u00bbconteneurCommanditaire\u00a0\u00bb width=\u00a0\u00bb1\/3&Prime; offset=\u00a0\u00bbvc_col-lg-4 vc_col-md-4&Prime;][vc_single_image image=\u00a0\u00bb12746&Prime; img_size=\u00a0\u00bbfull\u00a0\u00bb el_class=\u00a0\u00bblogoCommenditaire\u00a0\u00bb][\/vc_column_inner][vc_column_inner width=\u00a0\u00bb1\/3&Prime;][vc_single_image image=\u00a0\u00bb12808&Prime; img_size=\u00a0\u00bbfull\u00a0\u00bb][\/vc_column_inner][\/vc_row_inner][vc_column_text css=\u00a0\u00bb.vc_custom_1778613136785{margin-top: 70px !important;}\u00a0\u00bb el_class=\u00a0\u00bbtextCommanditaire\u00a0\u00bb]<\/p>\n<p style=\"text-align: center;\"><span style=\"color: #0054c6;\"><span style=\"font-family: Montserrat, sans-serif;\">BRONZE &#8211; FACILITATEUR D&rsquo;EXP\u00c9RIENCE<\/span><\/span><\/p>\n<p>[\/vc_column_text][vc_separator color=\u00a0\u00bbcustom\u00a0\u00bb border_width=\u00a0\u00bb2&Prime; accent_color=\u00a0\u00bb#ffffff\u00a0\u00bb css=\u00a0\u00bb.vc_custom_1778610689399{padding-bottom: 30px !important;}\u00a0\u00bb][vc_row_inner el_class=\u00a0\u00bbrowCommanditaire\u00a0\u00bb css=\u00a0\u00bb.vc_custom_1778613496673{margin-bottom: 100px !important;}\u00a0\u00bb][vc_column_inner el_class=\u00a0\u00bbconteneurImage\u00a0\u00bb width=\u00a0\u00bb1\/3&Prime;][vc_single_image image=\u00a0\u00bb12754&Prime; img_size=\u00a0\u00bbfull\u00a0\u00bb el_class=\u00a0\u00bblogoCommenditaire\u00a0\u00bb][\/vc_column_inner][vc_column_inner el_class=\u00a0\u00bbconteneurCommanditaire\u00a0\u00bb width=\u00a0\u00bb1\/3&Prime;][vc_single_image image=\u00a0\u00bb12756&Prime; img_size=\u00a0\u00bbfull\u00a0\u00bb el_class=\u00a0\u00bblogoCommenditaire\u00a0\u00bb][\/vc_column_inner][vc_column_inner width=\u00a0\u00bb1\/3&Prime;][vc_single_image image=\u00a0\u00bb12758&Prime; img_size=\u00a0\u00bbfull\u00a0\u00bb el_class=\u00a0\u00bblogoCommenditaire\u00a0\u00bb][\/vc_column_inner][\/vc_row_inner][vc_row_inner el_class=\u00a0\u00bbrowCommanditaire\u00a0\u00bb css=\u00a0\u00bb.vc_custom_1778613496673{margin-bottom: 100px !important;}\u00a0\u00bb][vc_column_inner el_class=\u00a0\u00bbconteneurImage\u00a0\u00bb width=\u00a0\u00bb1\/2&Prime; offset=\u00a0\u00bbvc_col-lg-4 vc_col-md-4&Prime;][vc_single_image image=\u00a0\u00bb12760&Prime; img_size=\u00a0\u00bbfull\u00a0\u00bb el_class=\u00a0\u00bblogoCommenditaire\u00a0\u00bb][\/vc_column_inner][vc_column_inner el_class=\u00a0\u00bbconteneurCommanditaire\u00a0\u00bb width=\u00a0\u00bb1\/2&Prime; offset=\u00a0\u00bbvc_col-lg-4 vc_col-md-4&Prime;][vc_single_image image=\u00a0\u00bb12762&Prime; img_size=\u00a0\u00bbfull\u00a0\u00bb el_class=\u00a0\u00bblogoCommenditaire\u00a0\u00bb][\/vc_column_inner][\/vc_row_inner][\/vc_column][\/vc_row]<\/p>\n<\/section>","protected":false},"excerpt":{"rendered":"[vc_row full_width=\u00a0\u00bbstretch_row_content_no_spaces\u00a0\u00bb overlay_dotted=\u00a0\u00bb\u00a0\u00bb css=\u00a0\u00bb.vc_custom_1778509117413{background-image: url(https:\/\/fiam2023.vascoweb.biz\/wp-content\/uploads\/2026\/05\/15587_FIAM_SUMMIT_2026_MONTREAL_BANNIERE_WEB.png?id=7557) !important;background-position: center !important;background-repeat: no-repeat !important;background-size: cover !important;}\u00a0\u00bb el_class=\u00a0\u00bbfondBanner\u00a0\u00bb][vc_column][vc_row_inner][vc_column_inner offset=\u00a0\u00bbvc_col-lg-offset-2 vc_col-lg-10 vc_col-md-offset-2 vc_col-sm-offset-2 vc_col-xs-offset-1&Prime;][vc_single_image image=\u00a0\u00bb12488&Prime; img_size=\u00a0\u00bbfull\u00a0\u00bb css=\u00a0\u00bb.vc_custom_1778606351070{margin-top: 57px !important;}\u00a0\u00bb el_class=\u00a0\u00bblogoFiam\u00a0\u00bb][\/vc_column_inner][\/vc_row_inner][vc_row_inner][vc_column_inner offset=\u00a0\u00bbvc_col-lg-offset-1 vc_col-lg-11 vc_col-md-offset-0 vc_col-sm-offset-0&Prime;][vc_single_image image=\u00a0\u00bb12571&Prime; img_size=\u00a0\u00bbfull\u00a0\u00bb [&#8230;]","protected":false},"author":5,"featured_media":0,"parent":12656,"menu_order":0,"comment_status":"closed","ping_status":"closed","template":"","meta":{"_eb_attr":"","footnotes":""},"class_list":["post-12569","page","type-page","status-publish","hentry"],"_links":{"self":[{"href":"https:\/\/fiamtl.com\/fr\/wp-json\/wp\/v2\/pages\/12569","targetHints":{"allow":["GET"]}}],"collection":[{"href":"https:\/\/fiamtl.com\/fr\/wp-json\/wp\/v2\/pages"}],"about":[{"href":"https:\/\/fiamtl.com\/fr\/wp-json\/wp\/v2\/types\/page"}],"author":[{"embeddable":true,"href":"https:\/\/fiamtl.com\/fr\/wp-json\/wp\/v2\/users\/5"}],"replies":[{"embeddable":true,"href":"https:\/\/fiamtl.com\/fr\/wp-json\/wp\/v2\/comments?post=12569"}],"version-history":[{"count":3,"href":"https:\/\/fiamtl.com\/fr\/wp-json\/wp\/v2\/pages\/12569\/revisions"}],"predecessor-version":[{"id":12812,"href":"https:\/\/fiamtl.com\/fr\/wp-json\/wp\/v2\/pages\/12569\/revisions\/12812"}],"up":[{"embeddable":true,"href":"https:\/\/fiamtl.com\/fr\/wp-json\/wp\/v2\/pages\/12656"}],"wp:attachment":[{"href":"https:\/\/fiamtl.com\/fr\/wp-json\/wp\/v2\/media?parent=12569"}],"curies":[{"name":"wp","href":"https:\/\/api.w.org\/{rel}","templated":true}]}}