{"id":12258,"date":"2026-01-26T14:52:37","date_gmt":"2026-01-26T19:52:37","guid":{"rendered":"https:\/\/fiamtl.com\/evenements-2025\/hackathon-2025\/"},"modified":"2026-01-26T15:56:27","modified_gmt":"2026-01-26T20:56:27","slug":"hackathon-2025","status":"publish","type":"page","link":"https:\/\/fiamtl.com\/fr\/evenements-2025\/hackathon-2025\/","title":{"rendered":"Hackathon 2025"},"content":{"rendered":"<section class=\"wpb-content-wrapper\"><p>[vc_row full_width=\u00a0\u00bbstretch_row\u00a0\u00bb overlay_dotted=\u00a0\u00bb\u00a0\u00bb el_class=\u00a0\u00bbcustom-banner\u00a0\u00bb css=\u00a0\u00bb.vc_custom_1769454563981{background-image: url(https:\/\/fiamtl.com\/wp-content\/uploads\/2026\/01\/HACKATHON_THEMATIQUE_2025_BANNER-2-scaled-1.webp?id=12204) !important;background-position: center !important;background-repeat: no-repeat !important;background-size: cover !important;}\u00a0\u00bb][vc_column width=\u00a0\u00bb2\/3&Prime; offset=\u00a0\u00bbvc_col-sm-offset-2&Prime; css=\u00a0\u00bb.vc_custom_1728323724707{padding-top: 110px !important;padding-bottom: 110px !important;}\u00a0\u00bb][vc_single_image image=\u00a0\u00bb12209&Prime; img_size=\u00a0\u00bbfull\u00a0\u00bb alignment=\u00a0\u00bbcenter\u00a0\u00bb css=\u00a0\u00bb.vc_custom_1769460231993{margin-top: 0px !important;margin-bottom: 0px !important;}\u00a0\u00bb][\/vc_column][\/vc_row][vc_row full_width=\u00a0\u00bbstretch_row\u00a0\u00bb equal_height=\u00a0\u00bbyes\u00a0\u00bb overlay_dotted=\u00a0\u00bb\u00a0\u00bb el_class=\u00a0\u00bbgradient-bg-head-hackathon txt-secondary banner-text txt-blanc\u00a0\u00bb css=\u00a0\u00bb.vc_custom_1728333012715{padding-top: 50px !important;padding-bottom: 50px !important;}\u00a0\u00bb][vc_column width=\u00a0\u00bb5\/12&Prime;][vc_column_text]<\/p>\n<h3>McGill-FIAM<br \/>\nAsset Management Hackathon<\/h3>\n<h4>5 et 6 novembre 2025<\/h4>\n<p>[\/vc_column_text][\/vc_column][vc_column width=\u00a0\u00bb1\/2&Prime; offset=\u00a0\u00bbvc_col-sm-offset-1&Prime;][vc_column_text css=\u00a0\u00bb.vc_custom_1769460258769{margin-bottom: 0px !important;}\u00a0\u00bb]<\/p>\n<p class=\"p1\"><b>Le secteur de la finance de la Facult\u00e9 de gestion Desautels de l\u2019Universit\u00e9 McGill<\/b>, en partenariat avec <b>FIAM<\/b>, a \u00e9t\u00e9 fier d\u2019accueillir la deuxi\u00e8me \u00e9dition du <b>Hackathon de gestion d\u2019actifs<\/b>, un \u00e9v\u00e9nement de pointe ayant r\u00e9uni certains des esprits les plus brillants de la finance, de la technologie et de l\u2019innovation du monde entier. Les participantes et participants y ont explor\u00e9 le potentiel des m\u00e9gadonn\u00e9es et de l\u2019intelligence artificielle (IA) tout en relevant des d\u00e9fis financiers concrets avec cr\u00e9ativit\u00e9 et expertise technique.<\/p>\n<p>[\/vc_column_text][\/vc_column][\/vc_row][vc_section css=\u00a0\u00bb.vc_custom_1728313267840{padding-top: 50px !important;padding-bottom: 50px !important;}\u00a0\u00bb][vc_row][vc_column][vc_column_text]<\/p>\n<div style=\"width: 1170px;\" class=\"wp-video\"><video class=\"wp-video-shortcode\" id=\"video-12258-1\" width=\"1170\" height=\"658\" poster=\"https:\/\/hackathonfiam-ia.com\/wp-content\/uploads\/2025\/12\/Asset_Management_Hackathon-2025-video.jpg\" preload=\"metadata\" controls=\"controls\"><source type=\"video\/mp4\" src=\"https:\/\/hackathonfiam-ia.com\/wp-content\/uploads\/2025\/12\/Hackathon_de_gestion_dactifs_2025-1920x1080-FR.mp4?_=1\" \/><a href=\"https:\/\/hackathonfiam-ia.com\/wp-content\/uploads\/2025\/12\/Hackathon_de_gestion_dactifs_2025-1920x1080-FR.mp4\">https:\/\/hackathonfiam-ia.com\/wp-content\/uploads\/2025\/12\/Hackathon_de_gestion_dactifs_2025-1920x1080-FR.mp4<\/a><\/video><\/div>\n<p>[\/vc_column_text][\/vc_column][\/vc_row][vc_row][vc_column text_alignment=\u00a0\u00bbtext-center\u00a0\u00bb][vc_btn title=\u00a0\u00bbVISITEZ LE SITE WEB DU HACKATHON\u00a0\u00bb style=\u00a0\u00bbgradient-custom\u00a0\u00bb gradient_custom_color_1=\u00a0\u00bb#e27b14&Prime; gradient_custom_color_2=\u00a0\u00bb#f8c36b\u00a0\u00bb css=\u00a0\u00bb.vc_custom_1769460351299{margin-top: 30px !important;margin-right: 15px !important;margin-bottom: 30px !important;}\u00a0\u00bb link=\u00a0\u00bburl:https%3A%2F%2Fhackathonfiam-ia.com%2Ffr%2F|title:VISITEZ%20LE%20SITE%20WEB%20DU%20HACKATHON|target:_blank\u00a0\u00bb el_class=\u00a0\u00bbbold\u00a0\u00bb][vc_btn title=\u00a0\u00bbVOIR LES PHOTOS\u00a0\u00bb style=\u00a0\u00bbgradient-custom\u00a0\u00bb gradient_custom_color_1=\u00a0\u00bb#e27b14&Prime; gradient_custom_color_2=\u00a0\u00bb#f8c36b\u00a0\u00bb css=\u00a0\u00bb.vc_custom_1769460313632{margin-top: 30px !important;margin-right: 15px !important;margin-bottom: 30px !important;}\u00a0\u00bb link=\u00a0\u00bburl:https%3A%2F%2Fhackathonfiam-ia.com%2Ffr%2Fgalerie-edition-2025%2F|title:VOIR%20LES%20PHOTOS|target:_blank\u00a0\u00bb][\/vc_column][\/vc_row][\/vc_section][vc_section full_width=\u00a0\u00bbstretch_row\u00a0\u00bb el_class=\u00a0\u00bbgradient-bg-hackathon2025&Prime; css=\u00a0\u00bb.vc_custom_1769453537145{padding-top: 50px !important;padding-bottom: 15px !important;}\u00a0\u00bb][vc_row overlay_dotted=\u00a0\u00bb\u00a0\u00bb css=\u00a0\u00bb.vc_custom_1728315495400{margin-bottom: 47px !important;}\u00a0\u00bb][vc_column][vc_custom_heading text=\u00a0\u00bb\u00c9quipes gagnantes\u00a0\u00bb font_container=\u00a0\u00bbtag:h1|text_align:center|color:%23ffffff\u00a0\u00bb use_theme_fonts=\u00a0\u00bbyes\u00a0\u00bb][\/vc_column][\/vc_row][vc_row equal_height=\u00a0\u00bbyes\u00a0\u00bb overlay_dotted=\u00a0\u00bb\u00a0\u00bb][vc_column width=\u00a0\u00bb1\/3&Prime; css=\u00a0\u00bb.vc_custom_1728333600925{margin-bottom: 35px !important;}\u00a0\u00bb][vc_column_text]<\/p>\n<p style=\"text-align: center;\">Premi\u00e8re place<\/p>\n<p>[\/vc_column_text][vc_single_image image=\u00a0\u00bb10442&Prime; img_size=\u00a0\u00bbfull\u00a0\u00bb alignment=\u00a0\u00bbcenter\u00a0\u00bb css=\u00a0\u00bb.vc_custom_1769460442659{margin-bottom: 70px !important;}\u00a0\u00bb][vc_custom_heading text=\u00a0\u00bbFAST LANE QUANT\u00a0\u00bb font_container=\u00a0\u00bbtag:h3|text_align:center\u00a0\u00bb use_theme_fonts=\u00a0\u00bbyes\u00a0\u00bb][vc_column_text]<\/p>\n<p class=\"p1\" style=\"text-align: center;\">Jean-Simon Desmarais, Alexis Perron, Alexis Roger, Romain Mrad et Venkat Narayana Ramakrishnan<\/p>\n<p>[\/vc_column_text][vc_column_text]<\/p>\n<p style=\"text-align: center;\"><strong>HEC Montr\u00e9al, Polytechnique Montr\u00e9al et UQAM-ESG<\/strong><\/p>\n<p>[\/vc_column_text][\/vc_column][vc_column width=\u00a0\u00bb1\/3&Prime; css=\u00a0\u00bb.vc_custom_1728333629615{margin-bottom: 35px !important;}\u00a0\u00bb][vc_column_text]<\/p>\n<p style=\"text-align: center;\">Deuxi\u00e8me place<\/p>\n<p>[\/vc_column_text][vc_single_image image=\u00a0\u00bb10444&Prime; img_size=\u00a0\u00bbfull\u00a0\u00bb alignment=\u00a0\u00bbcenter\u00a0\u00bb css=\u00a0\u00bb.vc_custom_1769460458311{margin-bottom: 70px !important;}\u00a0\u00bb][vc_custom_heading text=\u00a0\u00bbZEEPT\u00a0\u00bb font_container=\u00a0\u00bbtag:h3|text_align:center\u00a0\u00bb use_theme_fonts=\u00a0\u00bbyes\u00a0\u00bb][vc_column_text]<\/p>\n<p style=\"text-align: center;\">Amine Kobeissi, Bechir Elloumi, Jasem Khelifi, Khai Vuong et Teerthraj Patel<\/p>\n<p>[\/vc_column_text][vc_column_text]<\/p>\n<p style=\"text-align: center;\"><strong>Douglas College, ETS Montr\u00e9al, McGill University et Universit\u00e9 de Montr\u00e9al<\/strong><\/p>\n<p>[\/vc_column_text][\/vc_column][vc_column width=\u00a0\u00bb1\/3&Prime; css=\u00a0\u00bb.vc_custom_1728333642238{margin-bottom: 35px !important;}\u00a0\u00bb][vc_column_text]<\/p>\n<p style=\"text-align: center;\">Troisi\u00e8me place<\/p>\n<p>[\/vc_column_text][vc_single_image image=\u00a0\u00bb10446&Prime; img_size=\u00a0\u00bbfull\u00a0\u00bb alignment=\u00a0\u00bbcenter\u00a0\u00bb css=\u00a0\u00bb.vc_custom_1769460476582{margin-bottom: 70px !important;}\u00a0\u00bb][vc_custom_heading text=\u00a0\u00bbTHE GOING CONCERN\u00a0\u00bb font_container=\u00a0\u00bbtag:h3|text_align:center\u00a0\u00bb use_theme_fonts=\u00a0\u00bbyes\u00a0\u00bb][vc_column_text]<\/p>\n<p style=\"text-align: center;\">Daniel Boulanger, Francisco Rodriguez, Kevin Zhang, Tomas Codina et Victor Garon<\/p>\n<p>[\/vc_column_text][vc_column_text]<\/p>\n<p style=\"text-align: center;\"><strong>McGill University<\/strong><\/p>\n<p>[\/vc_column_text][\/vc_column][vc_column width=\u00a0\u00bb1\/3&Prime; offset=\u00a0\u00bbvc_col-sm-offset-2&Prime;][vc_column_text]<\/p>\n<p style=\"text-align: center;\">Quatri\u00e8me place<\/p>\n<p>[\/vc_column_text][vc_single_image image=\u00a0\u00bb12265&Prime; img_size=\u00a0\u00bbfull\u00a0\u00bb alignment=\u00a0\u00bbcenter\u00a0\u00bb css=\u00a0\u00bb.vc_custom_1769460500094{margin-bottom: 70px !important;}\u00a0\u00bb][vc_custom_heading text=\u00a0\u00bbREVERSE ALGO\u00a0\u00bb font_container=\u00a0\u00bbtag:h3|text_align:center\u00a0\u00bb use_theme_fonts=\u00a0\u00bbyes\u00a0\u00bb][vc_column_text]<\/p>\n<p style=\"text-align: center;\">Carter Cameron, Luyun Chen, Nicholas Charland Armstrong, Samuel Beaudoin et Theodor Semerdzhiev<\/p>\n<p>[\/vc_column_text][vc_column_text]<\/p>\n<p style=\"text-align: center;\"><strong>Concordia University et McGill University<\/strong><\/p>\n<p>[\/vc_column_text][\/vc_column][vc_column width=\u00a0\u00bb1\/3&Prime;][vc_column_text]<\/p>\n<p style=\"text-align: center;\">Cinqui\u00e8me place<\/p>\n<p>[\/vc_column_text][vc_single_image image=\u00a0\u00bb12267&Prime; img_size=\u00a0\u00bbfull\u00a0\u00bb alignment=\u00a0\u00bbcenter\u00a0\u00bb css=\u00a0\u00bb.vc_custom_1769460513498{margin-bottom: 70px !important;}\u00a0\u00bb][vc_custom_heading text=\u00a0\u00bbQUANTUM LOGIC COLLECTIVE\u00a0\u00bb font_container=\u00a0\u00bbtag:h3|text_align:center\u00a0\u00bb use_theme_fonts=\u00a0\u00bbyes\u00a0\u00bb][vc_column_text]<\/p>\n<p style=\"text-align: center;\">Charles Zitella, Elizabeth Katkova, Haoran Zhang, Krishna Dewan et Nikhil Raman<\/p>\n<p>[\/vc_column_text][vc_column_text]<\/p>\n<p style=\"text-align: center;\"><strong>McGill University<\/strong><\/p>\n<p>[\/vc_column_text][\/vc_column][\/vc_row][vc_row overlay_dotted=\u00a0\u00bb\u00a0\u00bb css=\u00a0\u00bb.vc_custom_1729886513319{padding-top: 20px !important;}\u00a0\u00bb][vc_column text_alignment=\u00a0\u00bbtext-center\u00a0\u00bb][vc_images_carousel images=\u00a0\u00bb12194,12196,12198,12200,12202&Prime; img_size=\u00a0\u00bbfull\u00a0\u00bb onclick=\u00a0\u00bblink_no\u00a0\u00bb autoplay=\u00a0\u00bbyes\u00a0\u00bb hide_pagination_control=\u00a0\u00bbyes\u00a0\u00bb wrap=\u00a0\u00bbyes\u00a0\u00bb][\/vc_column][\/vc_row][\/vc_section][vc_section full_width=\u00a0\u00bbstretch_row\u00a0\u00bb el_class=\u00a0\u00bbgradient-bg-head-hackathon txt-secondary\u00a0\u00bb css=\u00a0\u00bb.vc_custom_1728333163154{padding-top: 50px !important;padding-bottom: 50px !important;}\u00a0\u00bb][vc_row][vc_column text_alignment=\u00a0\u00bbtext-center\u00a0\u00bb][vc_column_text]Un \u00e9v\u00e9nement organis\u00e9 par[\/vc_column_text][\/vc_column][\/vc_row][vc_row equal_height=\u00a0\u00bbyes\u00a0\u00bb content_placement=\u00a0\u00bbmiddle\u00a0\u00bb overlay_dotted=\u00a0\u00bb\u00a0\u00bb][vc_column width=\u00a0\u00bb3\/4&Prime; offset=\u00a0\u00bbvc_col-xs-12&Prime;][vc_single_image image=\u00a0\u00bb12254&Prime; img_size=\u00a0\u00bbfull\u00a0\u00bb alignment=\u00a0\u00bbcenter\u00a0\u00bb onclick=\u00a0\u00bbcustom_link\u00a0\u00bb img_link_target=\u00a0\u00bb_blank\u00a0\u00bb link=\u00a0\u00bbhttps:\/\/www.mcgill.ca\/desautels\/\u00a0\u00bb][\/vc_column][vc_column width=\u00a0\u00bb1\/4&Prime; offset=\u00a0\u00bbvc_col-sm-offset-0 vc_col-xs-offset-3 vc_col-xs-6&Prime;][vc_single_image image=\u00a0\u00bb10396&Prime; img_size=\u00a0\u00bbfull\u00a0\u00bb alignment=\u00a0\u00bbcenter\u00a0\u00bb onclick=\u00a0\u00bbcustom_link\u00a0\u00bb img_link_target=\u00a0\u00bb_blank\u00a0\u00bb link=\u00a0\u00bbhttps:\/\/fiamtl.com\/\u00a0\u00bb][\/vc_column][\/vc_row][vc_row][vc_column text_alignment=\u00a0\u00bbtext-center\u00a0\u00bb][vc_column_text]Commandit\u00e9 par[\/vc_column_text][\/vc_column][\/vc_row][vc_row full_width=\u00a0\u00bbstretch_row_content\u00a0\u00bb equal_height=\u00a0\u00bbyes\u00a0\u00bb content_placement=\u00a0\u00bbmiddle\u00a0\u00bb overlay_dotted=\u00a0\u00bb\u00a0\u00bb][vc_column]<div class=\"lvsy-donors lvsy-donors-style-two\"><div class=\"lvsy-donor-category sponsors lvsy-donor-69ef3ae0aedb7\"><div class=\"lvsy-donor-item\"><span><img decoding=\"async\" src=\"https:\/\/fiamtl.com\/wp-content\/uploads\/2026\/01\/Hackathon-sponsor-2025-blackrock.png\" alt=\"Sponso\"><\/span><\/div><div class=\"lvsy-donor-item\"><span><img decoding=\"async\" src=\"https:\/\/fiamtl.com\/wp-content\/uploads\/2026\/01\/Hackathon-sponsor-2025-connor-clark-lunn.png\" alt=\"Sponso\"><\/span><\/div><div class=\"lvsy-donor-item\"><span><img decoding=\"async\" src=\"https:\/\/fiamtl.com\/wp-content\/uploads\/2026\/01\/Hackathon-sponsor-2025-global-alpha.png\" alt=\"Sponso\"><\/span><\/div><div class=\"lvsy-donor-item\"><span><img decoding=\"async\" src=\"https:\/\/fiamtl.com\/wp-content\/uploads\/2026\/01\/Hackathon-sponsor-2025-innocap.png\" alt=\"Sponso\"><\/span><\/div><div class=\"lvsy-donor-item\"><span><img decoding=\"async\" src=\"https:\/\/fiamtl.com\/wp-content\/uploads\/2026\/01\/Hackathon-sponsor-2025-la-caisse.png\" alt=\"Sponso\"><\/span><\/div><div class=\"lvsy-donor-item\"><span><img decoding=\"async\" src=\"https:\/\/fiamtl.com\/wp-content\/uploads\/2026\/01\/Hackathon-sponsor-2025-fidelity-investments.png\" alt=\"Sponso\"><\/span><\/div><div class=\"lvsy-donor-item\"><span><img decoding=\"async\" src=\"https:\/\/fiamtl.com\/wp-content\/uploads\/2026\/01\/Hackathon-sponsor-2025-cibc-mellon.png\" alt=\"Sponso\"><\/span><\/div><div class=\"lvsy-donor-item\"><span><img decoding=\"async\" src=\"https:\/\/fiamtl.com\/wp-content\/uploads\/2026\/01\/Hackathon-sponsor-2025-cwp-energy.png\" alt=\"Sponso\"><\/span><\/div><div class=\"lvsy-donor-item\"><span><img decoding=\"async\" src=\"https:\/\/fiamtl.com\/wp-content\/uploads\/2026\/01\/Hackathon-sponsor-2025-desjardin-asset-management.png\" alt=\"Sponso\"><\/span><\/div><div class=\"lvsy-donor-item\"><span><img decoding=\"async\" src=\"https:\/\/fiamtl.com\/wp-content\/uploads\/2026\/01\/Hackathon-sponsor-2025-AI-Groupe-Financier.png\" alt=\"Sponso\"><\/span><\/div><div class=\"lvsy-donor-item\"><span><img decoding=\"async\" src=\"https:\/\/fiamtl.com\/wp-content\/uploads\/2026\/01\/Hackathon-sponsor-2025-kpmg.png\" alt=\"Sponso\"><\/span><\/div><div class=\"lvsy-donor-item\"><span><img decoding=\"async\" src=\"https:\/\/fiamtl.com\/wp-content\/uploads\/2026\/01\/Hackathon-sponsor-2025-nalmont-capital.png\" alt=\"Sponso\"><\/span><\/div><div class=\"lvsy-donor-item\"><span><img decoding=\"async\" src=\"https:\/\/fiamtl.com\/wp-content\/uploads\/2026\/01\/Hackathon-sponsor-2025-psp-investments.png\" alt=\"Sponso\"><\/span><\/div><div class=\"lvsy-donor-item\"><span><img decoding=\"async\" src=\"https:\/\/fiamtl.com\/wp-content\/uploads\/2026\/01\/Hackathon-sponsor-2025-Star-Mountain-Capital.png\" alt=\"Sponso\"><\/span><\/div><div class=\"lvsy-donor-item\"><span><img decoding=\"async\" src=\"https:\/\/fiamtl.com\/wp-content\/uploads\/2026\/01\/Hackathon-sponsor-2025-tcc.png\" alt=\"Sponso\"><\/span><\/div><div class=\"lvsy-donor-item\"><span><img decoding=\"async\" src=\"https:\/\/fiamtl.com\/wp-content\/uploads\/2026\/01\/Hackathon-sponsor-2025-finance-montreal.png\" alt=\"Sponso\"><\/span><\/div><div class=\"lvsy-donor-item\"><span><img decoding=\"async\" src=\"https:\/\/fiamtl.com\/wp-content\/uploads\/2026\/01\/Hackathon-sponsor-2025-lightning-ai.png\" alt=\"Sponso\"><\/span><\/div><div class=\"lvsy-donor-item\"><span><img decoding=\"async\" src=\"https:\/\/fiamtl.com\/wp-content\/uploads\/2026\/01\/Hackathon-sponsor-2025-vasco-design.png\" alt=\"Sponso\"><\/span><\/div><div class=\"lvsy-donor-item\"><span><img decoding=\"async\" src=\"https:\/\/fiamtl.com\/wp-content\/uploads\/2026\/01\/Hackathon-sponsor-2025-quatillium.png\" alt=\"Sponso\"><\/span><\/div><\/div><\/div>[\/vc_column][\/vc_row][\/vc_section]<\/p>\n<\/section>","protected":false},"excerpt":{"rendered":"[vc_row full_width=\u00a0\u00bbstretch_row\u00a0\u00bb overlay_dotted=\u00a0\u00bb\u00a0\u00bb el_class=\u00a0\u00bbcustom-banner\u00a0\u00bb css=\u00a0\u00bb.vc_custom_1769454563981{background-image: url(https:\/\/fiamtl.com\/wp-content\/uploads\/2026\/01\/HACKATHON_THEMATIQUE_2025_BANNER-2-scaled-1.webp?id=12204) !important;background-position: center !important;background-repeat: no-repeat !important;background-size: cover !important;}\u00a0\u00bb][vc_column width=\u00a0\u00bb2\/3&Prime; offset=\u00a0\u00bbvc_col-sm-offset-2&Prime; css=\u00a0\u00bb.vc_custom_1728323724707{padding-top: 110px !important;padding-bottom: 110px !important;}\u00a0\u00bb][vc_single_image image=\u00a0\u00bb12209&Prime; img_size=\u00a0\u00bbfull\u00a0\u00bb alignment=\u00a0\u00bbcenter\u00a0\u00bb css=\u00a0\u00bb.vc_custom_1769460231993{margin-top: 0px !important;margin-bottom: 0px !important;}\u00a0\u00bb][\/vc_column][\/vc_row][vc_row full_width=\u00a0\u00bbstretch_row\u00a0\u00bb equal_height=\u00a0\u00bbyes\u00a0\u00bb [&#8230;]","protected":false},"author":1,"featured_media":0,"parent":11722,"menu_order":0,"comment_status":"closed","ping_status":"closed","template":"","meta":{"_eb_attr":"","footnotes":""},"class_list":["post-12258","page","type-page","status-publish","hentry"],"_links":{"self":[{"href":"https:\/\/fiamtl.com\/fr\/wp-json\/wp\/v2\/pages\/12258","targetHints":{"allow":["GET"]}}],"collection":[{"href":"https:\/\/fiamtl.com\/fr\/wp-json\/wp\/v2\/pages"}],"about":[{"href":"https:\/\/fiamtl.com\/fr\/wp-json\/wp\/v2\/types\/page"}],"author":[{"embeddable":true,"href":"https:\/\/fiamtl.com\/fr\/wp-json\/wp\/v2\/users\/1"}],"replies":[{"embeddable":true,"href":"https:\/\/fiamtl.com\/fr\/wp-json\/wp\/v2\/comments?post=12258"}],"version-history":[{"count":0,"href":"https:\/\/fiamtl.com\/fr\/wp-json\/wp\/v2\/pages\/12258\/revisions"}],"up":[{"embeddable":true,"href":"https:\/\/fiamtl.com\/fr\/wp-json\/wp\/v2\/pages\/11722"}],"wp:attachment":[{"href":"https:\/\/fiamtl.com\/fr\/wp-json\/wp\/v2\/media?parent=12258"}],"curies":[{"name":"wp","href":"https:\/\/api.w.org\/{rel}","templated":true}]}}