{"id":11116,"date":"2025-04-30T13:36:56","date_gmt":"2025-04-30T17:36:56","guid":{"rendered":"https:\/\/fiamtl.com\/conference-mechoui-2025\/mechoui\/"},"modified":"2025-08-27T09:56:09","modified_gmt":"2025-08-27T13:56:09","slug":"mechoui","status":"publish","type":"page","link":"https:\/\/fiamtl.com\/fr\/evenements-2025\/conference-mechoui-2025\/mechoui\/","title":{"rendered":"M\u00e9choui"},"content":{"rendered":"<section class=\"wpb-content-wrapper\"><p>[vc_row full_width=\u00a0\u00bbstretch_row\u00a0\u00bb overlay_dotted=\u00a0\u00bb\u00a0\u00bb el_class=\u00a0\u00bbcustom-banner\u00a0\u00bb css=\u00a0\u00bb.vc_custom_1746025814294{background-image: url(https:\/\/fiamtl.com\/wp-content\/uploads\/2025\/04\/banner-mechoui-2025-scaled.jpg?id=11053) !important;background-position: center !important;background-repeat: no-repeat !important;background-size: cover !important;}\u00a0\u00bb][vc_column][vc_empty_space][\/vc_column][\/vc_row][vc_row full_width=\u00a0\u00bbstretch_row\u00a0\u00bb equal_height=\u00a0\u00bbyes\u00a0\u00bb content_placement=\u00a0\u00bbmiddle\u00a0\u00bb overlay_dotted=\u00a0\u00bb\u00a0\u00bb el_class=\u00a0\u00bbgradient-bg-m2025 txt-secondary banner-text\u00a0\u00bb css=\u00a0\u00bb.vc_custom_1749234830244{margin-bottom: 50px !important;padding-top: 50px !important;padding-bottom: 50px !important;}\u00a0\u00bb][vc_column width=\u00a0\u00bb1\/2&Prime; css=\u00a0\u00bb.vc_custom_1749234813357{margin-top: 0px !important;margin-bottom: 0px !important;border-top-width: 0px !important;border-bottom-width: 0px !important;padding-top: 0px !important;padding-bottom: 0px !important;}\u00a0\u00bb][vc_custom_heading text=\u00a0\u00bbR\u00e9seautage et M\u00e9choui\u00a0\u00bb font_container=\u00a0\u00bbtag:h2|text_align:left|color:%23a3eaff\u00a0\u00bb use_theme_fonts=\u00a0\u00bbyes\u00a0\u00bb css=\u00a0\u00bb.vc_custom_1749234784797{margin-top: 0px !important;margin-bottom: 0px !important;border-top-width: 0px !important;border-bottom-width: 0px !important;padding-top: 0px !important;padding-bottom: 0px !important;}\u00a0\u00bb][vc_column_text css=\u00a0\u00bb.vc_custom_1749234802749{margin-bottom: 0px !important;border-bottom-width: 0px !important;padding-top: 10px !important;padding-bottom: 0px !important;}\u00a0\u00bb]<\/p>\n<h3><span style=\"color: #ffffff; font-weight: 400;\">21 ao\u00fbt 2025<\/span><\/h3>\n<p>[\/vc_column_text][\/vc_column][vc_column width=\u00a0\u00bb1\/2&Prime; css=\u00a0\u00bb.vc_custom_1749234821213{margin-top: 0px !important;margin-bottom: 0px !important;border-top-width: 0px !important;border-bottom-width: 0px !important;padding-top: 0px !important;padding-bottom: 0px !important;}\u00a0\u00bb][vc_custom_heading text=\u00a0\u00bbApr\u00e8s la conf\u00e9rence, prolongez l\u2019exp\u00e9rience en participant au plus grand rassemblement estival de FIAM : le M\u00e9choui, qui en est \u00e0 sa 12<sup>e<\/sup> \u00e9dition.\u00a0\u00bb font_container=\u00a0\u00bbtag:p|text_align:left|color:%23a3eaff\u00a0\u00bb use_theme_fonts=\u00a0\u00bbyes\u00a0\u00bb css=\u00a0\u00bb.vc_custom_1749234775257{margin-top: 0px !important;margin-bottom: 0px !important;border-top-width: 0px !important;border-bottom-width: 0px !important;padding-top: 0px !important;padding-bottom: 0px !important;}\u00a0\u00bb][\/vc_column][\/vc_row][vc_row overlay_dotted=\u00a0\u00bb\u00a0\u00bb css=\u00a0\u00bb.vc_custom_1746034605919{margin-bottom: 50px !important;}\u00a0\u00bb][vc_column][vc_row_inner css=\u00a0\u00bb.vc_custom_1745952905502{padding-bottom: 50px !important;}\u00a0\u00bb][vc_column_inner][vc_custom_heading text=\u00a0\u00bbDes \u00e9changes enrichissantes\u00a0\u00bb use_theme_fonts=\u00a0\u00bbyes\u00a0\u00bb][vc_column_text]<strong>Ce volet r\u00e9seautage, sp\u00e9cialement con\u00e7u pour favoriser les \u00e9changes entre professionnels de l\u2019industrie, se d\u00e9roule dans une atmosph\u00e8re \u00e0 la fois conviviale et festive. Il s\u2019agit d\u2019un moment privil\u00e9gi\u00e9 pour renforcer les liens, \u00e9largir son r\u00e9seau et cr\u00e9er des occasions de collaboration durable entre les acteurs de la finance de Montr\u00e9al, Toronto et d\u2019ailleurs. Un rendez-vous incontournable pour connecter autrement, en toute simplicit\u00e9.<\/strong>[\/vc_column_text][\/vc_column_inner][\/vc_row_inner][vc_row_inner][vc_column_inner width=\u00a0\u00bb1\/3&Prime; offset=\u00a0\u00bbvc_col-sm-offset-4&Prime;][vc_btn title=\u00a0\u00bbVOIR LE PROGRAMME\u00a0\u00bb style=\u00a0\u00bbgradient-custom\u00a0\u00bb gradient_custom_color_1=\u00a0\u00bb#2bc0d4&Prime; gradient_custom_color_2=\u00a0\u00bb#0054c6&Prime; align=\u00a0\u00bbcenter\u00a0\u00bb el_class=\u00a0\u00bbgradient-btn-m2025&Prime; link=\u00a0\u00bburl:https%3A%2F%2Ffiamtl.com%2Ffr%2Fevenements-2025%2Fconference-mechoui-2025%2Fprogramme%2F|title:Programme\u00a0\u00bb][\/vc_column_inner][\/vc_row_inner][\/vc_column][\/vc_row][vc_row full_width=\u00a0\u00bbstretch_row\u00a0\u00bb overlay_dotted=\u00a0\u00bb\u00a0\u00bb css=\u00a0\u00bb.vc_custom_1746025340437{margin-bottom: 100px !important;background-image: url(https:\/\/fiamtl.com\/wp-content\/uploads\/2025\/04\/bg-conference-2025-scaled.png?id=11040) !important;background-position: center !important;background-repeat: no-repeat !important;background-size: contain !important;}\u00a0\u00bb][vc_column]<div class=\"lvsy-event-files\"><div class=\"lvsy-carousel \" data-items=\"1\" data-margin=\"0\" data-loop=\"true\" data-dots=\"true\"  data-autoplay=\"true\" data-autoplay-time=\"5000\" data-tablet=\"1\" data-laptop=\"1\" data-mobile=\"1\"><div class=\"item\"><img decoding=\"async\" src=\"https:\/\/fiamtl.com\/wp-content\/uploads\/2025\/06\/slide-promo-edition-2025-1.jpg\" alt=\"\"><\/div><div class=\"item\"><img decoding=\"async\" src=\"https:\/\/fiamtl.com\/wp-content\/uploads\/2025\/06\/slide-promo-edition-2025-2.jpg\" alt=\"\"><\/div><div class=\"item\"><img decoding=\"async\" src=\"https:\/\/fiamtl.com\/wp-content\/uploads\/2025\/06\/slide-promo-edition-2025-3.jpg\" alt=\"\"><\/div><div class=\"item\"><img decoding=\"async\" src=\"https:\/\/fiamtl.com\/wp-content\/uploads\/2025\/06\/slide-promo-edition-2025-4.jpg\" alt=\"\"><\/div><div class=\"item\"><img decoding=\"async\" src=\"https:\/\/fiamtl.com\/wp-content\/uploads\/2025\/06\/slide-promo-edition-2025-5.jpg\" alt=\"\"><\/div><div class=\"item\"><img decoding=\"async\" src=\"https:\/\/fiamtl.com\/wp-content\/uploads\/2025\/06\/slide-promo-edition-2025-6.jpg\" alt=\"\"><\/div><\/div><\/div>[\/vc_column][\/vc_row]<\/p>\n<\/section>","protected":false},"excerpt":{"rendered":"[vc_row full_width=\u00a0\u00bbstretch_row\u00a0\u00bb overlay_dotted=\u00a0\u00bb\u00a0\u00bb el_class=\u00a0\u00bbcustom-banner\u00a0\u00bb css=\u00a0\u00bb.vc_custom_1746025814294{background-image: url(https:\/\/fiamtl.com\/wp-content\/uploads\/2025\/04\/banner-mechoui-2025-scaled.jpg?id=11053) !important;background-position: center !important;background-repeat: no-repeat !important;background-size: cover !important;}\u00a0\u00bb][vc_column][vc_empty_space][\/vc_column][\/vc_row][vc_row full_width=\u00a0\u00bbstretch_row\u00a0\u00bb equal_height=\u00a0\u00bbyes\u00a0\u00bb content_placement=\u00a0\u00bbmiddle\u00a0\u00bb overlay_dotted=\u00a0\u00bb\u00a0\u00bb el_class=\u00a0\u00bbgradient-bg-m2025 txt-secondary banner-text\u00a0\u00bb css=\u00a0\u00bb.vc_custom_1749234830244{margin-bottom: 50px !important;padding-top: 50px !important;padding-bottom: 50px !important;}\u00a0\u00bb][vc_column width=\u00a0\u00bb1\/2&Prime; css=\u00a0\u00bb.vc_custom_1749234813357{margin-top: 0px [&#8230;]","protected":false},"author":1,"featured_media":0,"parent":10941,"menu_order":0,"comment_status":"closed","ping_status":"closed","template":"","meta":{"_eb_attr":"","footnotes":""},"class_list":["post-11116","page","type-page","status-publish","hentry"],"_links":{"self":[{"href":"https:\/\/fiamtl.com\/fr\/wp-json\/wp\/v2\/pages\/11116","targetHints":{"allow":["GET"]}}],"collection":[{"href":"https:\/\/fiamtl.com\/fr\/wp-json\/wp\/v2\/pages"}],"about":[{"href":"https:\/\/fiamtl.com\/fr\/wp-json\/wp\/v2\/types\/page"}],"author":[{"embeddable":true,"href":"https:\/\/fiamtl.com\/fr\/wp-json\/wp\/v2\/users\/1"}],"replies":[{"embeddable":true,"href":"https:\/\/fiamtl.com\/fr\/wp-json\/wp\/v2\/comments?post=11116"}],"version-history":[{"count":0,"href":"https:\/\/fiamtl.com\/fr\/wp-json\/wp\/v2\/pages\/11116\/revisions"}],"up":[{"embeddable":true,"href":"https:\/\/fiamtl.com\/fr\/wp-json\/wp\/v2\/pages\/10941"}],"wp:attachment":[{"href":"https:\/\/fiamtl.com\/fr\/wp-json\/wp\/v2\/media?parent=11116"}],"curies":[{"name":"wp","href":"https:\/\/api.w.org\/{rel}","templated":true}]}}