{"id":11087,"date":"2025-04-30T10:56:15","date_gmt":"2025-04-30T14:56:15","guid":{"rendered":"https:\/\/fiamtl.com\/conference-mechoui-2025\/conference\/"},"modified":"2025-08-27T09:54:53","modified_gmt":"2025-08-27T13:54:53","slug":"conference","status":"publish","type":"page","link":"https:\/\/fiamtl.com\/fr\/evenements-2025\/conference-mechoui-2025\/conference\/","title":{"rendered":"Conf\u00e9rence"},"content":{"rendered":"<section class=\"wpb-content-wrapper\"><p>[vc_row full_width=\u00a0\u00bbstretch_row\u00a0\u00bb overlay_dotted=\u00a0\u00bb\u00a0\u00bb][vc_column]\n\t\t\t<!-- START M\u00e9choui 2025 FR REVOLUTION SLIDER 6.6.13 --><p class=\"rs-p-wp-fix\"><\/p>\n\t\t\t<rs-module-wrap id=\"rev_slider_18_1_wrapper\" data-source=\"gallery\" style=\"visibility:hidden;background:transparent;padding:0;margin:0px auto;margin-top:0;margin-bottom:0;\">\n\t\t\t\t<rs-module id=\"rev_slider_18_1\" style=\"\" data-version=\"6.6.13\">\n\t\t\t\t\t<rs-slides style=\"overflow: hidden; position: absolute;\">\n\t\t\t\t\t\t<rs-slide style=\"position: absolute;\" data-key=\"rs-48\" data-title=\"MECHOUI CONFRENCE 2024\" data-duration=\"4500ms\" data-in=\"o:0;\" data-out=\"a:false;\">\n\t\t\t\t\t\t\t<img decoding=\"async\" src=\"\/\/fiamtl.com\/wp-content\/plugins\/revslider\/public\/assets\/assets\/dummy.png\" alt=\"\" title=\"Banniere-mechoui-2025\" width=\"2560\" height=\"894\" class=\"rev-slidebg tp-rs-img rs-lazyload\" data-lazyload=\"\/\/fiamtl.com\/wp-content\/uploads\/2025\/04\/Banniere-mechoui-2025-scaled.png\" data-no-retina>\n<!--\n\t\t\t\t\t\t\t--><rs-layer\n\t\t\t\t\t\t\t\tid=\"slider-18-slide-48-layer-2\" \n\t\t\t\t\t\t\t\tdata-type=\"image\"\n\t\t\t\t\t\t\t\tdata-xy=\"x:c,l,c,c;xo:-240px,15px,0,0;y:b;yo:48px;\"\n\t\t\t\t\t\t\t\tdata-text=\"w:normal;s:20,16,7,6;l:0,20,9,8;\"\n\t\t\t\t\t\t\t\tdata-dim=\"w:675px,50%,80%,80%;h:235px,auto,auto,auto;\"\n\t\t\t\t\t\t\t\tdata-rsp_o=\"off\"\n\t\t\t\t\t\t\t\tdata-rsp_bd=\"off\"\n\t\t\t\t\t\t\t\tdata-frame_999=\"o:0;st:w;sR:4200;\"\n\t\t\t\t\t\t\t\tstyle=\"z-index:5;\"\n\t\t\t\t\t\t\t><img decoding=\"async\" src=\"\/\/fiamtl.com\/wp-content\/plugins\/revslider\/public\/assets\/assets\/dummy.png\" alt=\"\" class=\"tp-rs-img rs-lazyload\" width=\"1190\" height=\"414\" data-lazyload=\"\/\/fiamtl.com\/wp-content\/uploads\/2025\/05\/performer-dans-l-incertitude-7-mai.png\" data-no-retina> \n\t\t\t\t\t\t\t<\/rs-layer><!--\n\n\t\t\t\t\t\t\t--><rs-layer\n\t\t\t\t\t\t\t\tid=\"slider-18-slide-48-layer-5\" \n\t\t\t\t\t\t\t\tdata-type=\"image\"\n\t\t\t\t\t\t\t\tdata-xy=\"x:c;yo:48px;\"\n\t\t\t\t\t\t\t\tdata-text=\"w:normal;s:20,16,7,6;l:0,20,9,8;\"\n\t\t\t\t\t\t\t\tdata-dim=\"w:593px,50%,#2\/3#,80%;h:275px,auto,auto,auto;\"\n\t\t\t\t\t\t\t\tdata-rsp_o=\"off\"\n\t\t\t\t\t\t\t\tdata-rsp_bd=\"off\"\n\t\t\t\t\t\t\t\tdata-frame_999=\"o:0;st:w;sR:4200;\"\n\t\t\t\t\t\t\t\tstyle=\"z-index:4;\"\n\t\t\t\t\t\t\t><img decoding=\"async\" src=\"\/\/fiamtl.com\/wp-content\/plugins\/revslider\/public\/assets\/assets\/dummy.png\" alt=\"\" class=\"tp-rs-img rs-lazyload\" width=\"890\" height=\"413\" data-lazyload=\"\/\/fiamtl.com\/wp-content\/uploads\/2025\/04\/logo-mechoui-2025-fr.png\" data-no-retina> \n\t\t\t\t\t\t\t<\/rs-layer><!--\n-->\t\t\t\t\t\t<\/rs-slide>\n\t\t\t\t\t<\/rs-slides>\n\t\t\t\t\t<rs-static-layers><!--\n\n\t\t\t\t\t\t\t--><rs-layer\n\t\t\t\t\t\t\t\tid=\"slider-18-slide-18-layer-1\" \n\t\t\t\t\t\t\t\tclass=\"rs-layer-static\"\n\t\t\t\t\t\t\t\tdata-type=\"text\"\n\t\t\t\t\t\t\t\tdata-rsp_ch=\"on\"\n\t\t\t\t\t\t\t\tdata-xy=\"xo:50px,41px,31px,19px;yo:550px,454px,344px,212px;\"\n\t\t\t\t\t\t\t\tdata-text=\"w:normal;s:28,23,17,10;l:30,24,18,11;fw:700;\"\n\t\t\t\t\t\t\t\tdata-vbility=\"f,f,f,f\"\n\t\t\t\t\t\t\t\tdata-onslides=\"s:1;\"\n\t\t\t\t\t\t\t\tdata-frame_999=\"o:0;st:w;sR:13200;\"\n\t\t\t\t\t\t\t\tstyle=\"z-index:8;font-family:'Arial', 'Helvetica', 'sans-serif';\"\n\t\t\t\t\t\t\t>Thursday, August 22nd 2024 \n\t\t\t\t\t\t\t<\/rs-layer><!--\n\n\t\t\t\t\t\t\t--><rs-layer\n\t\t\t\t\t\t\t\tid=\"slider-18-slide-18-layer-3\" \n\t\t\t\t\t\t\t\tclass=\"rs-layer-static\"\n\t\t\t\t\t\t\t\tdata-type=\"text\"\n\t\t\t\t\t\t\t\tdata-rsp_ch=\"on\"\n\t\t\t\t\t\t\t\tdata-xy=\"xo:50px,41px,31px,19px;yo:600px,495px,376px,231px;\"\n\t\t\t\t\t\t\t\tdata-text=\"w:normal;s:20,16,12,7;l:30,24,18,11;\"\n\t\t\t\t\t\t\t\tdata-vbility=\"f,f,f,f\"\n\t\t\t\t\t\t\t\tdata-onslides=\"s:1;\"\n\t\t\t\t\t\t\t\tdata-frame_999=\"o:0;st:w;sR:13200;\"\n\t\t\t\t\t\t\t\tstyle=\"z-index:9;font-family:'Arial', 'Helvetica', 'sans-serif';\"\n\t\t\t\t\t\t\t>2:30 pm: Presentations<br \/>\n4:30 pm: Networking<br \/>\n6:00 pm to 10:00 pm: M\u00e9choui \n\t\t\t\t\t\t\t<\/rs-layer><!--\n\n\t\t\t\t\t\t\t--><rs-layer\n\t\t\t\t\t\t\t\tid=\"slider-18-slide-18-layer-7\" \n\t\t\t\t\t\t\t\tclass=\"rs-layer-static\"\n\t\t\t\t\t\t\t\tdata-type=\"shape\"\n\t\t\t\t\t\t\t\tdata-rsp_ch=\"on\"\n\t\t\t\t\t\t\t\tdata-xy=\"x:c;y:b;\"\n\t\t\t\t\t\t\t\tdata-text=\"w:normal;s:20,16,12,7;l:0,20,15,9;\"\n\t\t\t\t\t\t\t\tdata-dim=\"w:100%;h:200px,165px,125px,77px;\"\n\t\t\t\t\t\t\t\tdata-vbility=\"f,f,f,f\"\n\t\t\t\t\t\t\t\tdata-basealign=\"slide\"\n\t\t\t\t\t\t\t\tdata-onslides=\"s:1;\"\n\t\t\t\t\t\t\t\tdata-frame_999=\"o:0;st:w;sR:13200;\"\n\t\t\t\t\t\t\t\tstyle=\"z-index:7;background:linear-gradient(90deg, rgba(0,84,198,1) 0%, rgba(0,42,99,1) 100%);\"\n\t\t\t\t\t\t\t> \n\t\t\t\t\t\t\t<\/rs-layer><!--\n\n\t\t\t\t\t\t\t--><rs-layer\n\t\t\t\t\t\t\t\tid=\"slider-18-slide-18-layer-9\" \n\t\t\t\t\t\t\t\tclass=\"rs-layer-static\"\n\t\t\t\t\t\t\t\tdata-type=\"text\"\n\t\t\t\t\t\t\t\tdata-color=\"#9be8ff\"\n\t\t\t\t\t\t\t\tdata-rsp_ch=\"on\"\n\t\t\t\t\t\t\t\tdata-xy=\"xo:550px,454px,344px,212px;yo:540px,445px,338px,208px;\"\n\t\t\t\t\t\t\t\tdata-text=\"w:normal;s:38,31,23,14;l:46,37,28,17;fw:700;\"\n\t\t\t\t\t\t\t\tdata-vbility=\"f,f,f,f\"\n\t\t\t\t\t\t\t\tdata-onslides=\"s:1;\"\n\t\t\t\t\t\t\t\tdata-frame_999=\"o:0;st:w;sR:13200;\"\n\t\t\t\t\t\t\t\tstyle=\"z-index:10;font-family:'Montserrat';\"\n\t\t\t\t\t\t\t>EXCLUSIVE DISCUSSION \n\t\t\t\t\t\t\t<\/rs-layer><!--\n\n\t\t\t\t\t\t\t--><rs-layer\n\t\t\t\t\t\t\t\tid=\"slider-18-slide-18-layer-10\" \n\t\t\t\t\t\t\t\tclass=\"rs-layer-static\"\n\t\t\t\t\t\t\t\tdata-type=\"text\"\n\t\t\t\t\t\t\t\tdata-color=\"#9be8ff\"\n\t\t\t\t\t\t\t\tdata-rsp_ch=\"on\"\n\t\t\t\t\t\t\t\tdata-xy=\"xo:550px,454px,344px,212px;yo:585px,483px,366px,225px;\"\n\t\t\t\t\t\t\t\tdata-text=\"w:normal;s:18,14,10,6;l:22,18,13,8;\"\n\t\t\t\t\t\t\t\tdata-dim=\"w:650px,536px,407px,251px;\"\n\t\t\t\t\t\t\t\tdata-vbility=\"f,f,f,f\"\n\t\t\t\t\t\t\t\tdata-onslides=\"s:1;\"\n\t\t\t\t\t\t\t\tdata-frame_999=\"o:0;st:w;sR:13200;\"\n\t\t\t\t\t\t\t\tstyle=\"z-index:11;font-family:'Montserrat';\"\n\t\t\t\t\t\t\t>Come and share insight and learning on the pressing issues and challenges arising from significant geopolitical trends and events alongside the rapid advancement of AI and other technologies. Let\u2019s discuss resilience strategies that investment leaders can adopt in the face of systemic risks that could result from the convergence of several unexpected events. \n\t\t\t\t\t\t\t<\/rs-layer><!--\n\t\t\t\t\t--><\/rs-static-layers>\n\t\t\t\t<\/rs-module>\n\t\t\t\t<script>\n\t\t\t\t\tsetREVStartSize({c: 'rev_slider_18_1',rl:[1240,1024,778,480],el:[670,572,449,440],gw:[1200,992,490,480],gh:[670,572,449,440],type:'standard',justify:'',layout:'fullwidth',mh:\"0\"});if (window.RS_MODULES!==undefined && window.RS_MODULES.modules!==undefined && window.RS_MODULES.modules[\"revslider181\"]!==undefined) {window.RS_MODULES.modules[\"revslider181\"].once = false;window.revapi18 = undefined;if (window.RS_MODULES.checkMinimal!==undefined) window.RS_MODULES.checkMinimal()}\n\t\t\t\t<\/script>\n\t\t\t<\/rs-module-wrap>\n\t\t\t<!-- END REVOLUTION SLIDER -->\n[\/vc_column][\/vc_row][vc_row full_width=\u00a0\u00bbstretch_row\u00a0\u00bb equal_height=\u00a0\u00bbyes\u00a0\u00bb overlay_dotted=\u00a0\u00bb\u00a0\u00bb el_class=\u00a0\u00bbgradient-bg-m2025 txt-secondary banner-text\u00a0\u00bb css=\u00a0\u00bb.vc_custom_1745941292721{margin-bottom: 50px !important;padding-top: 50px !important;padding-bottom: 50px !important;}\u00a0\u00bb][vc_column width=\u00a0\u00bb1\/2&Prime;][vc_custom_heading text=\u00a0\u00bbDiscussion exclusive\u00a0\u00bb font_container=\u00a0\u00bbtag:h2|text_align:left|color:%23a3eaff\u00a0\u00bb use_theme_fonts=\u00a0\u00bbyes\u00a0\u00bb css=\u00a0\u00bb.vc_custom_1749234700087{margin-top: 0px !important;margin-bottom: 0px !important;border-top-width: 0px !important;border-bottom-width: 0px !important;padding-top: 0px !important;padding-bottom: 0px !important;}\u00a0\u00bb][vc_column_text css=\u00a0\u00bb.vc_custom_1749234690112{margin-bottom: 0px !important;border-bottom-width: 0px !important;padding-top: 10px !important;padding-bottom: 0px !important;}\u00a0\u00bb]<\/p>\n<h3><span style=\"color: #ffffff; font-weight: 400;\">21 ao\u00fbt 2025<\/span><\/h3>\n<p>[\/vc_column_text][\/vc_column][vc_column width=\u00a0\u00bb1\/2&Prime;][vc_custom_heading text=\u00a0\u00bbParticipez \u00e0 un \u00e9change enrichissant avec des personnalit\u00e9s de premier plan dans la gestion d\u2019actifs,<br \/>\npr\u00e9occup\u00e9es par les d\u00e9veloppements technologiques, g\u00e9opolitiques et technologiques historiques en cours.\u00a0\u00bb font_container=\u00a0\u00bbtag:p|text_align:left|color:%23a3eaff\u00a0\u00bb use_theme_fonts=\u00a0\u00bbyes\u00a0\u00bb css=\u00a0\u00bb.vc_custom_1749234716112{margin-bottom: 0px !important;border-bottom-width: 0px !important;padding-bottom: 0px !important;}\u00a0\u00bb][\/vc_column][\/vc_row][vc_row overlay_dotted=\u00a0\u00bb\u00a0\u00bb css=\u00a0\u00bb.vc_custom_1719602398506{margin-bottom: 100px !important;}\u00a0\u00bb][vc_column][vc_row_inner css=\u00a0\u00bb.vc_custom_1745952905502{padding-bottom: 50px !important;}\u00a0\u00bb][vc_column_inner][vc_custom_heading text=\u00a0\u00bbContenu\u00a0\u00bb use_theme_fonts=\u00a0\u00bbyes\u00a0\u00bb][vc_column_text]<strong>Dans un contexte mondial marqu\u00e9 par une volatilit\u00e9 accrue, des tensions g\u00e9opolitiques croissantes et une incertitude \u00e9conomique persistante, les investisseurs doivent relever des d\u00e9fis majeurs pour pr\u00e9server la performance \u00e0 long terme. Cet \u00e9v\u00e9nement propose des perspectives cl\u00e9s sur la mani\u00e8re d\u2019aligner les d\u00e9cisions tactiques \u00e0 une vision strat\u00e9gique afin de b\u00e2tir des portefeuilles plus r\u00e9silients.<\/strong><\/p>\n<p><strong>Assistez \u00e0 la conf\u00e9rence et prenez part \u00e0 une discussion stimulante avec des experts du milieu, afin de mieux comprendre les enjeux actuels et d\u2019explorer des approches d\u2019investissement adapt\u00e9es \u00e0 cette nouvelle r\u00e9alit\u00e9.<\/strong>[\/vc_column_text][\/vc_column_inner][\/vc_row_inner][\/vc_column][\/vc_row][vc_row full_width=\u00a0\u00bbstretch_row\u00a0\u00bb overlay_dotted=\u00a0\u00bb\u00a0\u00bb css=\u00a0\u00bb.vc_custom_1746024095000{margin-bottom: 100px !important;background-image: url(https:\/\/fiamtl.com\/wp-content\/uploads\/2025\/04\/bg-conference-2025-scaled.png?id=11040) !important;background-position: center !important;background-repeat: no-repeat !important;background-size: contain !important;}\u00a0\u00bb][vc_column][vc_row_inner equal_height=\u00a0\u00bbyes\u00a0\u00bb css=\u00a0\u00bb.vc_custom_1745962664809{padding-top: 25px !important;padding-bottom: 25px !important;}\u00a0\u00bb el_class=\u00a0\u00bbcustom-participants-block\u00a0\u00bb][vc_column_inner width=\u00a0\u00bb1\/2&Prime;][vc_single_image image=\u00a0\u00bb11090&Prime; img_size=\u00a0\u00bbfull\u00a0\u00bb el_class=\u00a0\u00bbimggatherings\u00a0\u00bb][\/vc_column_inner][vc_column_inner el_class=\u00a0\u00bbfiche-speaker\u00a0\u00bb width=\u00a0\u00bb1\/4&Prime; css=\u00a0\u00bb.vc_custom_1745953883642{margin-bottom: 50px !important;}\u00a0\u00bb][vc_single_image image=\u00a0\u00bb10855&Prime; img_size=\u00a0\u00bbfull\u00a0\u00bb el_id=\u00a0\u00bbfrancois-rivard-2025-fr\u00a0\u00bb][vc_custom_heading text=\u00a0\u00bbFran\u00e7ois Rivard\u00a0\u00bb font_container=\u00a0\u00bbtag:h3|text_align:center|color:%2311374e\u00a0\u00bb use_theme_fonts=\u00a0\u00bbyes\u00a0\u00bb][vc_custom_heading text=\u00a0\u00bbChef de la direction, Innocap\u00a0\u00bb font_container=\u00a0\u00bbtag:p|text_align:center|color:%2311374e\u00a0\u00bb use_theme_fonts=\u00a0\u00bbyes\u00a0\u00bb css=\u00a0\u00bb.vc_custom_1746039954433{margin-right: 15px !important;margin-left: 15px !important;}\u00a0\u00bb][vc_custom_heading text=\u00a0\u00bbPr\u00e9sident des Rencontres FIAM et Ma\u00eetre de c\u00e9r\u00e9monie\u00a0\u00bb font_container=\u00a0\u00bbtag:p|text_align:center|color:%23ffffff\u00a0\u00bb use_theme_fonts=\u00a0\u00bbyes\u00a0\u00bb css=\u00a0\u00bb.vc_custom_1746711074603{padding-bottom: 14px !important;}\u00a0\u00bb][\/vc_column_inner][vc_column_inner el_class=\u00a0\u00bbfiche-speaker\u00a0\u00bb width=\u00a0\u00bb1\/4&Prime; css=\u00a0\u00bb.vc_custom_1745953871523{margin-bottom: 50px !important;}\u00a0\u00bb][vc_single_image image=\u00a0\u00bb10863&Prime; img_size=\u00a0\u00bbfull\u00a0\u00bb el_id=\u00a0\u00bbvincent-delisle-2025-fr\u00a0\u00bb][vc_custom_heading text=\u00a0\u00bbVincent Delisle\u00a0\u00bb font_container=\u00a0\u00bbtag:h3|text_align:center|color:%2311374e\u00a0\u00bb use_theme_fonts=\u00a0\u00bbyes\u00a0\u00bb][vc_custom_heading text=\u00a0\u00bbPremier vice-pr\u00e9sident et chef des March\u00e9s liquides, La Caisse\u00a0\u00bb font_container=\u00a0\u00bbtag:p|text_align:center|color:%2311374e\u00a0\u00bb use_theme_fonts=\u00a0\u00bbyes\u00a0\u00bb css=\u00a0\u00bb.vc_custom_1753130547748{margin-right: 15px !important;margin-left: 15px !important;}\u00a0\u00bb][vc_custom_heading text=\u00a0\u00bbPr\u00e9sident d&rsquo;honneur\u00a0\u00bb font_container=\u00a0\u00bbtag:p|text_align:center|color:%23ffffff\u00a0\u00bb use_theme_fonts=\u00a0\u00bbyes\u00a0\u00bb css=\u00a0\u00bb.vc_custom_1746711032710{padding-bottom: 14px !important;}\u00a0\u00bb][\/vc_column_inner][vc_column_inner el_class=\u00a0\u00bbfiche-speaker\u00a0\u00bb width=\u00a0\u00bb1\/4&Prime; css=\u00a0\u00bb.vc_custom_1745953878731{margin-bottom: 50px !important;}\u00a0\u00bb][vc_single_image image=\u00a0\u00bb10857&Prime; img_size=\u00a0\u00bbfull\u00a0\u00bb el_id=\u00a0\u00bbmarko-papic-2025-fr\u00a0\u00bb][vc_custom_heading text=\u00a0\u00bbMarko Papi\u0107\u00a0\u00bb font_container=\u00a0\u00bbtag:h3|text_align:center|color:%2311374e\u00a0\u00bb use_theme_fonts=\u00a0\u00bbyes\u00a0\u00bb][vc_custom_heading text=\u00a0\u00bbChief Strategist, Global GeoMacro Strategist, BCA Research\u00a0\u00bb font_container=\u00a0\u00bbtag:p|text_align:center|color:%2311374e\u00a0\u00bb use_theme_fonts=\u00a0\u00bbyes\u00a0\u00bb css=\u00a0\u00bb.vc_custom_1746711299445{margin-right: 15px !important;margin-left: 15px !important;}\u00a0\u00bb][vc_custom_heading text=\u00a0\u00bbConf\u00e9rencier invit\u00e9\u00a0\u00bb font_container=\u00a0\u00bbtag:p|text_align:center|color:%23ffffff\u00a0\u00bb use_theme_fonts=\u00a0\u00bbyes\u00a0\u00bb css=\u00a0\u00bb.vc_custom_1746711087542{padding-bottom: 14px !important;}\u00a0\u00bb][\/vc_column_inner][vc_column_inner el_class=\u00a0\u00bbfiche-speaker\u00a0\u00bb width=\u00a0\u00bb1\/4&Prime; css=\u00a0\u00bb.vc_custom_1745954241191{margin-bottom: 50px !important;}\u00a0\u00bb][vc_single_image image=\u00a0\u00bb10859&Prime; img_size=\u00a0\u00bbfull\u00a0\u00bb el_id=\u00a0\u00bbjustin-lord-2025-fr\u00a0\u00bb][vc_custom_heading text=\u00a0\u00bbJustin Lord\u00a0\u00bb font_container=\u00a0\u00bbtag:h3|text_align:center|color:%2311374e\u00a0\u00bb use_theme_fonts=\u00a0\u00bbyes\u00a0\u00bb css=\u00a0\u00bb.vc_custom_1745954305134{margin-right: 15px !important;margin-left: 15px !important;}\u00a0\u00bb][vc_custom_heading text=\u00a0\u00bbChef des Placements (CIO), responsable mondial des march\u00e9s publics, AIMCo\u00a0\u00bb font_container=\u00a0\u00bbtag:p|text_align:center|color:%2311374e\u00a0\u00bb use_theme_fonts=\u00a0\u00bbyes\u00a0\u00bb][vc_custom_heading text=\u00a0\u00bbPan\u00e9liste\u00a0\u00bb font_container=\u00a0\u00bbtag:p|text_align:center|color:%23ffffff\u00a0\u00bb use_theme_fonts=\u00a0\u00bbyes\u00a0\u00bb css=\u00a0\u00bb.vc_custom_1746711096324{padding-bottom: 14px !important;}\u00a0\u00bb][\/vc_column_inner][vc_column_inner el_class=\u00a0\u00bbfiche-speaker\u00a0\u00bb width=\u00a0\u00bb1\/4&Prime; css=\u00a0\u00bb.vc_custom_1750864557980{margin-bottom: 50px !important;}\u00a0\u00bb][vc_single_image image=\u00a0\u00bb11413&Prime; img_size=\u00a0\u00bbfull\u00a0\u00bb el_id=\u00a0\u00bbalec-phillips-2025-fr\u00a0\u00bb][vc_custom_heading text=\u00a0\u00bbAlec Phillips\u00a0\u00bb font_container=\u00a0\u00bbtag:h3|text_align:center|color:%2311374e\u00a0\u00bb use_theme_fonts=\u00a0\u00bbyes\u00a0\u00bb][vc_custom_heading text=\u00a0\u00bb\u00c9conomiste en chef, politique \u00e9conomique, Goldman Sachs\u00a0\u00bb font_container=\u00a0\u00bbtag:p|text_align:center|color:%2311374e\u00a0\u00bb use_theme_fonts=\u00a0\u00bbyes\u00a0\u00bb css=\u00a0\u00bb.vc_custom_1750874150575{margin-right: 15px !important;margin-left: 15px !important;}\u00a0\u00bb][vc_custom_heading text=\u00a0\u00bbPan\u00e9liste\u00a0\u00bb font_container=\u00a0\u00bbtag:p|text_align:center|color:%23ffffff\u00a0\u00bb use_theme_fonts=\u00a0\u00bbyes\u00a0\u00bb css=\u00a0\u00bb.vc_custom_1750104599011{padding-bottom: 14px !important;}\u00a0\u00bb][\/vc_column_inner][vc_column_inner el_class=\u00a0\u00bbfiche-speaker\u00a0\u00bb width=\u00a0\u00bb1\/4&Prime; css=\u00a0\u00bb.vc_custom_1745954244719{margin-bottom: 50px !important;}\u00a0\u00bb][vc_single_image image=\u00a0\u00bb10861&Prime; img_size=\u00a0\u00bbfull\u00a0\u00bb el_id=\u00a0\u00bbranjan-bhaduri-2025-fr\u00a0\u00bb][vc_custom_heading text=\u00a0\u00bbDr. Ranjan Bhaduri\u00a0\u00bb font_container=\u00a0\u00bbtag:h3|text_align:center|color:%2311374e\u00a0\u00bb use_theme_fonts=\u00a0\u00bbyes\u00a0\u00bb][vc_custom_heading text=\u00a0\u00bbFondateur et chef de la direction, Bodhi Research Group\u00a0\u00bb font_container=\u00a0\u00bbtag:p|text_align:center|color:%2311374e\u00a0\u00bb use_theme_fonts=\u00a0\u00bbyes\u00a0\u00bb css=\u00a0\u00bb.vc_custom_1746039996727{margin-right: 15px !important;margin-left: 15px !important;}\u00a0\u00bb][vc_custom_heading text=\u00a0\u00bbMod\u00e9rateur\u00a0\u00bb font_container=\u00a0\u00bbtag:p|text_align:center|color:%23ffffff\u00a0\u00bb use_theme_fonts=\u00a0\u00bbyes\u00a0\u00bb css=\u00a0\u00bb.vc_custom_1746711104586{padding-bottom: 14px !important;}\u00a0\u00bb][\/vc_column_inner][\/vc_row_inner][vc_row_inner][vc_column_inner width=\u00a0\u00bb1\/3&Prime; offset=\u00a0\u00bbvc_col-sm-offset-4&Prime;][vc_btn title=\u00a0\u00bbVOIR LE PROGRAMME\u00a0\u00bb style=\u00a0\u00bbgradient-custom\u00a0\u00bb gradient_custom_color_1=\u00a0\u00bb#2bc0d4&Prime; gradient_custom_color_2=\u00a0\u00bb#0054c6&Prime; align=\u00a0\u00bbcenter\u00a0\u00bb el_class=\u00a0\u00bbgradient-btn-m2025&Prime; link=\u00a0\u00bburl:https%3A%2F%2Ffiamtl.com%2Ffr%2Fevenements-2025%2Fconference-mechoui-2025%2Fprogramme%2F|title:Programme\u00a0\u00bb][\/vc_column_inner][\/vc_row_inner][\/vc_column][\/vc_row]<\/p>\n<\/section>","protected":false},"excerpt":{"rendered":"[vc_row full_width=\u00a0\u00bbstretch_row\u00a0\u00bb overlay_dotted=\u00a0\u00bb\u00a0\u00bb][vc_column][\/vc_column][\/vc_row][vc_row full_width=\u00a0\u00bbstretch_row\u00a0\u00bb equal_height=\u00a0\u00bbyes\u00a0\u00bb overlay_dotted=\u00a0\u00bb\u00a0\u00bb el_class=\u00a0\u00bbgradient-bg-m2025 txt-secondary banner-text\u00a0\u00bb css=\u00a0\u00bb.vc_custom_1745941292721{margin-bottom: 50px !important;padding-top: 50px !important;padding-bottom: 50px !important;}\u00a0\u00bb][vc_column width=\u00a0\u00bb1\/2&Prime;][vc_custom_heading text=\u00a0\u00bbDiscussion exclusive\u00a0\u00bb font_container=\u00a0\u00bbtag:h2|text_align:left|color:%23a3eaff\u00a0\u00bb use_theme_fonts=\u00a0\u00bbyes\u00a0\u00bb css=\u00a0\u00bb.vc_custom_1749234700087{margin-top: 0px !important;margin-bottom: 0px !important;border-top-width: 0px !important;border-bottom-width: 0px !important;padding-top: [&#8230;]","protected":false},"author":1,"featured_media":0,"parent":10941,"menu_order":0,"comment_status":"closed","ping_status":"closed","template":"","meta":{"_eb_attr":"","footnotes":""},"class_list":["post-11087","page","type-page","status-publish","hentry"],"_links":{"self":[{"href":"https:\/\/fiamtl.com\/fr\/wp-json\/wp\/v2\/pages\/11087","targetHints":{"allow":["GET"]}}],"collection":[{"href":"https:\/\/fiamtl.com\/fr\/wp-json\/wp\/v2\/pages"}],"about":[{"href":"https:\/\/fiamtl.com\/fr\/wp-json\/wp\/v2\/types\/page"}],"author":[{"embeddable":true,"href":"https:\/\/fiamtl.com\/fr\/wp-json\/wp\/v2\/users\/1"}],"replies":[{"embeddable":true,"href":"https:\/\/fiamtl.com\/fr\/wp-json\/wp\/v2\/comments?post=11087"}],"version-history":[{"count":0,"href":"https:\/\/fiamtl.com\/fr\/wp-json\/wp\/v2\/pages\/11087\/revisions"}],"up":[{"embeddable":true,"href":"https:\/\/fiamtl.com\/fr\/wp-json\/wp\/v2\/pages\/10941"}],"wp:attachment":[{"href":"https:\/\/fiamtl.com\/fr\/wp-json\/wp\/v2\/media?parent=11087"}],"curies":[{"name":"wp","href":"https:\/\/api.w.org\/{rel}","templated":true}]}}