{"id":11075,"date":"2025-04-30T14:23:37","date_gmt":"2025-04-30T18:23:37","guid":{"rendered":"https:\/\/fiamtl.com\/directions\/"},"modified":"2025-06-06T14:43:27","modified_gmt":"2025-06-06T18:43:27","slug":"directions","status":"publish","type":"page","link":"https:\/\/fiamtl.com\/fr\/evenements-2025\/conference-mechoui-2025\/directions\/","title":{"rendered":"Directions"},"content":{"rendered":"<section class=\"wpb-content-wrapper\"><p>[vc_row full_width=\u00a0\u00bbstretch_row_content_no_spaces\u00a0\u00bb overlay_dotted=\u00a0\u00bb\u00a0\u00bb el_class=\u00a0\u00bbcustom-banner\u00a0\u00bb css=\u00a0\u00bb.vc_custom_1746037335889{background-image: url(https:\/\/fiamtl.com\/wp-content\/uploads\/2025\/04\/banner_direction-2025-scaled.jpg?id=11070) !important;background-position: center !important;background-repeat: no-repeat !important;background-size: cover !important;}\u00a0\u00bb][vc_column][vc_empty_space][\/vc_column][\/vc_row][vc_row full_width=\u00a0\u00bbstretch_row\u00a0\u00bb equal_height=\u00a0\u00bbyes\u00a0\u00bb content_placement=\u00a0\u00bbmiddle\u00a0\u00bb overlay_dotted=\u00a0\u00bb\u00a0\u00bb el_class=\u00a0\u00bbgradient-bg-m2025 txt-secondary banner-text\u00a0\u00bb css=\u00a0\u00bb.vc_custom_1746035247695{margin-bottom: 50px !important;padding-top: 50px !important;padding-bottom: 50px !important;}\u00a0\u00bb][vc_column width=\u00a0\u00bb1\/2&Prime; css=\u00a0\u00bb.vc_custom_1749235360442{margin-top: 0px !important;margin-bottom: 0px !important;border-top-width: 0px !important;border-bottom-width: 0px !important;padding-top: 0px !important;padding-bottom: 0px !important;}\u00a0\u00bb][vc_custom_heading text=\u00a0\u00bbDirections\u00a0\u00bb font_container=\u00a0\u00bbtag:h2|text_align:left|color:%239be8ff\u00a0\u00bb use_theme_fonts=\u00a0\u00bbyes\u00a0\u00bb css=\u00a0\u00bb.vc_custom_1749235352193{margin-top: 0px !important;margin-bottom: 0px !important;border-top-width: 0px !important;border-bottom-width: 0px !important;padding-top: 0px !important;padding-bottom: 0px !important;}\u00a0\u00bb][vc_column_text css=\u00a0\u00bb.vc_custom_1749235401631{margin-bottom: 0px !important;border-bottom-width: 0px !important;padding-top: 10px !important;padding-bottom: 0px !important;}\u00a0\u00bb]<\/p>\n<h3><span style=\"color: #ffffff; font-weight: 400;\">21 ao\u00fbt 2025<\/span><\/h3>\n<p>[\/vc_column_text][\/vc_column][vc_column width=\u00a0\u00bb1\/2&Prime;][\/vc_column][\/vc_row][vc_row overlay_dotted=\u00a0\u00bb\u00a0\u00bb css=\u00a0\u00bb.vc_custom_1719497503356{margin-bottom: 100px !important;}\u00a0\u00bb][vc_column][vc_single_image image=\u00a0\u00bb11076&Prime; img_size=\u00a0\u00bbfull\u00a0\u00bb alignment=\u00a0\u00bbcenter\u00a0\u00bb css=\u00a0\u00bb.vc_custom_1746038303119{margin-bottom: 50px !important;}\u00a0\u00bb][vc_custom_heading text=\u00a0\u00bbVoiture \/ Taxi \/ Uber\u00a0\u00bb font_container=\u00a0\u00bbtag:h2|text_align:left|color:%232bc0d4&Prime; use_theme_fonts=\u00a0\u00bbyes\u00a0\u00bb el_class=\u00a0\u00bbfs-24 fw-smbold\u00a0\u00bb css=\u00a0\u00bb.vc_custom_1746038310692{margin-bottom: 25px !important;}\u00a0\u00bb][vc_column_text el_class=\u00a0\u00bbfs-18&Prime; css=\u00a0\u00bb.vc_custom_1746038320756{margin-bottom: 50px !important;}\u00a0\u00bb]Pour \u00e9viter la complexit\u00e9 des transports en commun et la marche requise, privil\u00e9giez le confort et la simplicit\u00e9 en optant <strong>pour la voiture, le taxi ou un Uber pour vous rendre \u00e0 l\u2019\u00e9v\u00e9nement.<\/strong>[\/vc_column_text][vc_custom_heading text=\u00a0\u00bbStation de m\u00e9tro\u00a0\u00bb font_container=\u00a0\u00bbtag:h2|text_align:left|color:%232bc0d4&Prime; use_theme_fonts=\u00a0\u00bbyes\u00a0\u00bb el_class=\u00a0\u00bbfs-24 fw-smbold\u00a0\u00bb css=\u00a0\u00bb.vc_custom_1746038328460{margin-bottom: 25px !important;}\u00a0\u00bb][vc_column_text el_class=\u00a0\u00bbfs-18&Prime; css=\u00a0\u00bb.vc_custom_1746038339731{margin-bottom: 0px !important;}\u00a0\u00bb]Nous vous recommandons d\u2019<strong>\u00e9viter l\u2019utilisation du m\u00e9tro<\/strong>, car vous devrez marcher pendant environ 30 minutes pour vous rendre \u00e0 l\u2019\u00e9v\u00e9nement. Pour \u00e9viter toute surprise, veuillez planifier votre itin\u00e9raire \u00e0 l\u2019avance.[\/vc_column_text][\/vc_column][\/vc_row]<\/p>\n<\/section>","protected":false},"excerpt":{"rendered":"[vc_row full_width=\u00a0\u00bbstretch_row_content_no_spaces\u00a0\u00bb overlay_dotted=\u00a0\u00bb\u00a0\u00bb el_class=\u00a0\u00bbcustom-banner\u00a0\u00bb css=\u00a0\u00bb.vc_custom_1746037335889{background-image: url(https:\/\/fiamtl.com\/wp-content\/uploads\/2025\/04\/banner_direction-2025-scaled.jpg?id=11070) !important;background-position: center !important;background-repeat: no-repeat !important;background-size: cover !important;}\u00a0\u00bb][vc_column][vc_empty_space][\/vc_column][\/vc_row][vc_row full_width=\u00a0\u00bbstretch_row\u00a0\u00bb equal_height=\u00a0\u00bbyes\u00a0\u00bb content_placement=\u00a0\u00bbmiddle\u00a0\u00bb overlay_dotted=\u00a0\u00bb\u00a0\u00bb el_class=\u00a0\u00bbgradient-bg-m2025 txt-secondary banner-text\u00a0\u00bb css=\u00a0\u00bb.vc_custom_1746035247695{margin-bottom: 50px !important;padding-top: 50px !important;padding-bottom: 50px !important;}\u00a0\u00bb][vc_column width=\u00a0\u00bb1\/2&Prime; css=\u00a0\u00bb.vc_custom_1749235360442{margin-top: 0px [&#8230;]","protected":false},"author":1,"featured_media":0,"parent":10941,"menu_order":0,"comment_status":"closed","ping_status":"closed","template":"","meta":{"_eb_attr":"","footnotes":""},"class_list":["post-11075","page","type-page","status-publish","hentry"],"_links":{"self":[{"href":"https:\/\/fiamtl.com\/fr\/wp-json\/wp\/v2\/pages\/11075","targetHints":{"allow":["GET"]}}],"collection":[{"href":"https:\/\/fiamtl.com\/fr\/wp-json\/wp\/v2\/pages"}],"about":[{"href":"https:\/\/fiamtl.com\/fr\/wp-json\/wp\/v2\/types\/page"}],"author":[{"embeddable":true,"href":"https:\/\/fiamtl.com\/fr\/wp-json\/wp\/v2\/users\/1"}],"replies":[{"embeddable":true,"href":"https:\/\/fiamtl.com\/fr\/wp-json\/wp\/v2\/comments?post=11075"}],"version-history":[{"count":0,"href":"https:\/\/fiamtl.com\/fr\/wp-json\/wp\/v2\/pages\/11075\/revisions"}],"up":[{"embeddable":true,"href":"https:\/\/fiamtl.com\/fr\/wp-json\/wp\/v2\/pages\/10941"}],"wp:attachment":[{"href":"https:\/\/fiamtl.com\/fr\/wp-json\/wp\/v2\/media?parent=11075"}],"curies":[{"name":"wp","href":"https:\/\/api.w.org\/{rel}","templated":true}]}}