{"id":10941,"date":"2025-04-29T16:07:08","date_gmt":"2025-04-29T20:07:08","guid":{"rendered":"https:\/\/fiamtl.com\/conference-mechoui-2025\/"},"modified":"2026-01-26T16:50:41","modified_gmt":"2026-01-26T21:50:41","slug":"conference-mechoui-2025","status":"publish","type":"page","link":"https:\/\/fiamtl.com\/fr\/evenements-2025\/conference-mechoui-2025\/","title":{"rendered":"Les rencontres FIAM 2025"},"content":{"rendered":"<section class=\"wpb-content-wrapper\"><p>[vc_row full_width=\u00a0\u00bbstretch_row\u00a0\u00bb overlay_dotted=\u00a0\u00bb\u00a0\u00bb][vc_column]\n\t\t\t<!-- START M\u00e9choui 2025 FR REVOLUTION SLIDER 6.6.13 --><p class=\"rs-p-wp-fix\"><\/p>\n\t\t\t<rs-module-wrap id=\"rev_slider_18_1_wrapper\" data-source=\"gallery\" style=\"visibility:hidden;background:transparent;padding:0;margin:0px auto;margin-top:0;margin-bottom:0;\">\n\t\t\t\t<rs-module id=\"rev_slider_18_1\" style=\"\" data-version=\"6.6.13\">\n\t\t\t\t\t<rs-slides style=\"overflow: hidden; position: absolute;\">\n\t\t\t\t\t\t<rs-slide style=\"position: absolute;\" data-key=\"rs-48\" data-title=\"MECHOUI CONFRENCE 2024\" data-duration=\"4500ms\" data-in=\"o:0;\" data-out=\"a:false;\">\n\t\t\t\t\t\t\t<img decoding=\"async\" src=\"\/\/fiamtl.com\/wp-content\/plugins\/revslider\/public\/assets\/assets\/dummy.png\" alt=\"\" title=\"Banniere-mechoui-2025\" width=\"2560\" height=\"894\" class=\"rev-slidebg tp-rs-img rs-lazyload\" data-lazyload=\"\/\/fiamtl.com\/wp-content\/uploads\/2025\/04\/Banniere-mechoui-2025-scaled.png\" data-no-retina>\n<!--\n\t\t\t\t\t\t\t--><rs-layer\n\t\t\t\t\t\t\t\tid=\"slider-18-slide-48-layer-2\" \n\t\t\t\t\t\t\t\tdata-type=\"image\"\n\t\t\t\t\t\t\t\tdata-xy=\"x:c,l,c,c;xo:-240px,15px,0,0;y:b;yo:48px;\"\n\t\t\t\t\t\t\t\tdata-text=\"w:normal;s:20,16,7,6;l:0,20,9,8;\"\n\t\t\t\t\t\t\t\tdata-dim=\"w:675px,50%,80%,80%;h:235px,auto,auto,auto;\"\n\t\t\t\t\t\t\t\tdata-rsp_o=\"off\"\n\t\t\t\t\t\t\t\tdata-rsp_bd=\"off\"\n\t\t\t\t\t\t\t\tdata-frame_999=\"o:0;st:w;sR:4200;\"\n\t\t\t\t\t\t\t\tstyle=\"z-index:5;\"\n\t\t\t\t\t\t\t><img decoding=\"async\" src=\"\/\/fiamtl.com\/wp-content\/plugins\/revslider\/public\/assets\/assets\/dummy.png\" alt=\"\" class=\"tp-rs-img rs-lazyload\" width=\"1190\" height=\"414\" data-lazyload=\"\/\/fiamtl.com\/wp-content\/uploads\/2025\/05\/performer-dans-l-incertitude-7-mai.png\" data-no-retina> \n\t\t\t\t\t\t\t<\/rs-layer><!--\n\n\t\t\t\t\t\t\t--><rs-layer\n\t\t\t\t\t\t\t\tid=\"slider-18-slide-48-layer-5\" \n\t\t\t\t\t\t\t\tdata-type=\"image\"\n\t\t\t\t\t\t\t\tdata-xy=\"x:c;yo:48px;\"\n\t\t\t\t\t\t\t\tdata-text=\"w:normal;s:20,16,7,6;l:0,20,9,8;\"\n\t\t\t\t\t\t\t\tdata-dim=\"w:593px,50%,#2\/3#,80%;h:275px,auto,auto,auto;\"\n\t\t\t\t\t\t\t\tdata-rsp_o=\"off\"\n\t\t\t\t\t\t\t\tdata-rsp_bd=\"off\"\n\t\t\t\t\t\t\t\tdata-frame_999=\"o:0;st:w;sR:4200;\"\n\t\t\t\t\t\t\t\tstyle=\"z-index:4;\"\n\t\t\t\t\t\t\t><img decoding=\"async\" src=\"\/\/fiamtl.com\/wp-content\/plugins\/revslider\/public\/assets\/assets\/dummy.png\" alt=\"\" class=\"tp-rs-img rs-lazyload\" width=\"890\" height=\"413\" data-lazyload=\"\/\/fiamtl.com\/wp-content\/uploads\/2025\/04\/logo-mechoui-2025-fr.png\" data-no-retina> \n\t\t\t\t\t\t\t<\/rs-layer><!--\n-->\t\t\t\t\t\t<\/rs-slide>\n\t\t\t\t\t<\/rs-slides>\n\t\t\t\t\t<rs-static-layers><!--\n\n\t\t\t\t\t\t\t--><rs-layer\n\t\t\t\t\t\t\t\tid=\"slider-18-slide-18-layer-1\" \n\t\t\t\t\t\t\t\tclass=\"rs-layer-static\"\n\t\t\t\t\t\t\t\tdata-type=\"text\"\n\t\t\t\t\t\t\t\tdata-rsp_ch=\"on\"\n\t\t\t\t\t\t\t\tdata-xy=\"xo:50px,41px,31px,19px;yo:550px,454px,344px,212px;\"\n\t\t\t\t\t\t\t\tdata-text=\"w:normal;s:28,23,17,10;l:30,24,18,11;fw:700;\"\n\t\t\t\t\t\t\t\tdata-vbility=\"f,f,f,f\"\n\t\t\t\t\t\t\t\tdata-onslides=\"s:1;\"\n\t\t\t\t\t\t\t\tdata-frame_999=\"o:0;st:w;sR:13200;\"\n\t\t\t\t\t\t\t\tstyle=\"z-index:8;font-family:'Arial', 'Helvetica', 'sans-serif';\"\n\t\t\t\t\t\t\t>Thursday, August 22nd 2024 \n\t\t\t\t\t\t\t<\/rs-layer><!--\n\n\t\t\t\t\t\t\t--><rs-layer\n\t\t\t\t\t\t\t\tid=\"slider-18-slide-18-layer-3\" \n\t\t\t\t\t\t\t\tclass=\"rs-layer-static\"\n\t\t\t\t\t\t\t\tdata-type=\"text\"\n\t\t\t\t\t\t\t\tdata-rsp_ch=\"on\"\n\t\t\t\t\t\t\t\tdata-xy=\"xo:50px,41px,31px,19px;yo:600px,495px,376px,231px;\"\n\t\t\t\t\t\t\t\tdata-text=\"w:normal;s:20,16,12,7;l:30,24,18,11;\"\n\t\t\t\t\t\t\t\tdata-vbility=\"f,f,f,f\"\n\t\t\t\t\t\t\t\tdata-onslides=\"s:1;\"\n\t\t\t\t\t\t\t\tdata-frame_999=\"o:0;st:w;sR:13200;\"\n\t\t\t\t\t\t\t\tstyle=\"z-index:9;font-family:'Arial', 'Helvetica', 'sans-serif';\"\n\t\t\t\t\t\t\t>2:30 pm: Presentations<br \/>\n4:30 pm: Networking<br \/>\n6:00 pm to 10:00 pm: M\u00e9choui \n\t\t\t\t\t\t\t<\/rs-layer><!--\n\n\t\t\t\t\t\t\t--><rs-layer\n\t\t\t\t\t\t\t\tid=\"slider-18-slide-18-layer-7\" \n\t\t\t\t\t\t\t\tclass=\"rs-layer-static\"\n\t\t\t\t\t\t\t\tdata-type=\"shape\"\n\t\t\t\t\t\t\t\tdata-rsp_ch=\"on\"\n\t\t\t\t\t\t\t\tdata-xy=\"x:c;y:b;\"\n\t\t\t\t\t\t\t\tdata-text=\"w:normal;s:20,16,12,7;l:0,20,15,9;\"\n\t\t\t\t\t\t\t\tdata-dim=\"w:100%;h:200px,165px,125px,77px;\"\n\t\t\t\t\t\t\t\tdata-vbility=\"f,f,f,f\"\n\t\t\t\t\t\t\t\tdata-basealign=\"slide\"\n\t\t\t\t\t\t\t\tdata-onslides=\"s:1;\"\n\t\t\t\t\t\t\t\tdata-frame_999=\"o:0;st:w;sR:13200;\"\n\t\t\t\t\t\t\t\tstyle=\"z-index:7;background:linear-gradient(90deg, rgba(0,84,198,1) 0%, rgba(0,42,99,1) 100%);\"\n\t\t\t\t\t\t\t> \n\t\t\t\t\t\t\t<\/rs-layer><!--\n\n\t\t\t\t\t\t\t--><rs-layer\n\t\t\t\t\t\t\t\tid=\"slider-18-slide-18-layer-9\" \n\t\t\t\t\t\t\t\tclass=\"rs-layer-static\"\n\t\t\t\t\t\t\t\tdata-type=\"text\"\n\t\t\t\t\t\t\t\tdata-color=\"#9be8ff\"\n\t\t\t\t\t\t\t\tdata-rsp_ch=\"on\"\n\t\t\t\t\t\t\t\tdata-xy=\"xo:550px,454px,344px,212px;yo:540px,445px,338px,208px;\"\n\t\t\t\t\t\t\t\tdata-text=\"w:normal;s:38,31,23,14;l:46,37,28,17;fw:700;\"\n\t\t\t\t\t\t\t\tdata-vbility=\"f,f,f,f\"\n\t\t\t\t\t\t\t\tdata-onslides=\"s:1;\"\n\t\t\t\t\t\t\t\tdata-frame_999=\"o:0;st:w;sR:13200;\"\n\t\t\t\t\t\t\t\tstyle=\"z-index:10;font-family:'Montserrat';\"\n\t\t\t\t\t\t\t>EXCLUSIVE DISCUSSION \n\t\t\t\t\t\t\t<\/rs-layer><!--\n\n\t\t\t\t\t\t\t--><rs-layer\n\t\t\t\t\t\t\t\tid=\"slider-18-slide-18-layer-10\" \n\t\t\t\t\t\t\t\tclass=\"rs-layer-static\"\n\t\t\t\t\t\t\t\tdata-type=\"text\"\n\t\t\t\t\t\t\t\tdata-color=\"#9be8ff\"\n\t\t\t\t\t\t\t\tdata-rsp_ch=\"on\"\n\t\t\t\t\t\t\t\tdata-xy=\"xo:550px,454px,344px,212px;yo:585px,483px,366px,225px;\"\n\t\t\t\t\t\t\t\tdata-text=\"w:normal;s:18,14,10,6;l:22,18,13,8;\"\n\t\t\t\t\t\t\t\tdata-dim=\"w:650px,536px,407px,251px;\"\n\t\t\t\t\t\t\t\tdata-vbility=\"f,f,f,f\"\n\t\t\t\t\t\t\t\tdata-onslides=\"s:1;\"\n\t\t\t\t\t\t\t\tdata-frame_999=\"o:0;st:w;sR:13200;\"\n\t\t\t\t\t\t\t\tstyle=\"z-index:11;font-family:'Montserrat';\"\n\t\t\t\t\t\t\t>Come and share insight and learning on the pressing issues and challenges arising from significant geopolitical trends and events alongside the rapid advancement of AI and other technologies. Let\u2019s discuss resilience strategies that investment leaders can adopt in the face of systemic risks that could result from the convergence of several unexpected events. \n\t\t\t\t\t\t\t<\/rs-layer><!--\n\t\t\t\t\t--><\/rs-static-layers>\n\t\t\t\t<\/rs-module>\n\t\t\t\t<script>\n\t\t\t\t\tsetREVStartSize({c: 'rev_slider_18_1',rl:[1240,1024,778,480],el:[670,572,449,440],gw:[1200,992,490,480],gh:[670,572,449,440],type:'standard',justify:'',layout:'fullwidth',mh:\"0\"});if (window.RS_MODULES!==undefined && window.RS_MODULES.modules!==undefined && window.RS_MODULES.modules[\"revslider181\"]!==undefined) {window.RS_MODULES.modules[\"revslider181\"].once = false;window.revapi18 = undefined;if (window.RS_MODULES.checkMinimal!==undefined) window.RS_MODULES.checkMinimal()}\n\t\t\t\t<\/script>\n\t\t\t<\/rs-module-wrap>\n\t\t\t<!-- END REVOLUTION SLIDER -->\n[\/vc_column][\/vc_row][vc_row full_width=\u00a0\u00bbstretch_row\u00a0\u00bb equal_height=\u00a0\u00bbyes\u00a0\u00bb overlay_dotted=\u00a0\u00bb\u00a0\u00bb el_class=\u00a0\u00bbgradient-bg-m2025 txt-secondary banner-text\u00a0\u00bb css=\u00a0\u00bb.vc_custom_1745941292721{margin-bottom: 50px !important;padding-top: 50px !important;padding-bottom: 50px !important;}\u00a0\u00bb][vc_column][vc_column_text css=\u00a0\u00bb.vc_custom_1749234277237{margin-bottom: 0px !important;border-bottom-width: 0px !important;padding-bottom: 0px !important;}\u00a0\u00bb]<\/p>\r\n<h3>Les Rencontres FIAM 2025 s\u2019imposent comme un rendez\u2011vous incontournable pour celles et ceux qui souhaitent rester \u00e0 l\u2019avant\u2011garde des enjeux financiers de demain.<\/h3>\r\n<p>[\/vc_column_text][\/vc_column][\/vc_row][vc_row overlay_dotted=\u00a0\u00bb\u00a0\u00bb css=\u00a0\u00bb.vc_custom_1719602398506{margin-bottom: 100px !important;}\u00a0\u00bb][vc_column][vc_row_inner equal_height=\u00a0\u00bbyes\u00a0\u00bb content_placement=\u00a0\u00bbmiddle\u00a0\u00bb disable_element=\u00a0\u00bbyes\u00a0\u00bb css=\u00a0\u00bb.vc_custom_1756302577589{margin-bottom: 50px !important;background-color: #2bc0d4 !important;border-radius: 20px !important;}\u00a0\u00bb][vc_column_inner width=\u00a0\u00bb1\/4&Prime; offset=\u00a0\u00bbvc_col-sm-offset-1&Prime;][vc_custom_heading text=\u00a0\u00bbL\u2019\u00e9v\u00e9nement d\u00e9butera dans\u00a0\u00bb font_container=\u00a0\u00bbtag:h2|text_align:left|color:%23ffffff\u00a0\u00bb use_theme_fonts=\u00a0\u00bbyes\u00a0\u00bb][\/vc_column_inner][vc_column_inner width=\u00a0\u00bb7\/12&Prime;][vc_gutenberg]<\/p>\r\n<div class=\"wp-block-countdown-block-countdown\">\r\n<div class=\"eb-parent-wrapper eb-parent-eb-countdown-zu2yf \">\r\n<div class=\"eb-countdown-zu2yf eb-cd-wrapper default\">\r\n<div class=\"eb-cd-inner\" data-deadline-time=\"1755799200000\" data-is-evergreen-time=\"false\" data-evergreen-time-hours=\"11\" data-evergreen-time-minutes=\"59\" data-evergreen-recurring=\"false\" data-evergreen-restart-time=\"0\" data-evergreen-deadline-time=\"1746556752264\">\r\n<div class=\"box cd-box-day\"><span class=\"eb-cd-digit\">00<\/span><span class=\"eb-cd-label\">Jours<\/span><\/div>\r\n<div class=\"box cd-box-hour\"><span class=\"eb-cd-digit\">00<\/span><span class=\"eb-cd-label\">Heures<\/span><\/div>\r\n<div class=\"box cd-box-minute\"><span class=\"eb-cd-digit\">00<\/span><span class=\"eb-cd-label\">Minutes<\/span><\/div>\r\n<div class=\"box cd-box-second\"><span class=\"eb-cd-digit\">00<\/span><span class=\"eb-cd-label\">Secondes<\/span><\/div>\r\n<\/div>\r\n<\/div>\r\n<\/div>\r\n<\/div>\r\n<p>[\/vc_gutenberg][\/vc_column_inner][\/vc_row_inner][vc_row_inner css=\u00a0\u00bb.vc_custom_1745952918999{padding-top: 50px !important;}\u00a0\u00bb][vc_column_inner width=\u00a0\u00bb1\/2&Prime;][vc_custom_heading text=\u00a0\u00bbDate\u00a0\u00bb font_container=\u00a0\u00bbtag:h2|text_align:left|color:%232bc0d4&Prime; use_theme_fonts=\u00a0\u00bbyes\u00a0\u00bb][vc_column_text]<strong>Jeudi le 21 ao\u00fbt 2025<\/strong><br \/>14h00 \u00e0 22h00 (ET)[\/vc_column_text][\/vc_column_inner][vc_column_inner width=\u00a0\u00bb1\/2&Prime;][vc_custom_heading text=\u00a0\u00bbCommanditaires\u00a0\u00bb font_container=\u00a0\u00bbtag:h2|text_align:left|color:%232bc0d4&Prime; use_theme_fonts=\u00a0\u00bbyes\u00a0\u00bb][vc_column_text]<\/p>\r\n<p class=\"p1\">Merci \u00e0 nos commanditaires platine, or, argent et bronze.<\/p>\r\n<p>[\/vc_column_text]<div class=\"clearfix vc_custom_1769464076654 lvsy-btn-69fa1f4399fbc btn-hover-one gradient-btn-m2025\" ><a href=\"https:\/\/fiamtl.com\/fr\/evenements-2025\/conference-mechoui-2025\/commanditaires\/\" class=\"lvsy-btn lvsy-btn-black\">VOIR LES COMMANDITAIRES<\/a><\/div>[\/vc_column_inner][\/vc_row_inner][vc_single_image image=\u00a0\u00bb10898&Prime; img_size=\u00a0\u00bbfull\u00a0\u00bb alignment=\u00a0\u00bbcenter\u00a0\u00bb][vc_row_inner css=\u00a0\u00bb.vc_custom_1757597449813{margin-bottom: 50px !important;}\u00a0\u00bb][vc_column_inner el_class=\u00a0\u00bbtext-center\u00a0\u00bb][vc_column_text]<\/p>\r\n<div style=\"width: 1170px;\" class=\"wp-video\"><video class=\"wp-video-shortcode\" id=\"video-10941-1\" width=\"1170\" height=\"658\" poster=\"https:\/\/fiamtl.com\/wp-content\/uploads\/2025\/09\/04_MONTAGE_VIDEO_PROMO_2025-scaled.jpg\" preload=\"metadata\" controls=\"controls\"><source type=\"video\/mp4\" src=\"https:\/\/fiamtl.com\/wp-content\/uploads\/2025\/09\/04_MONTAGE_VIDEO_PROMO_2025.mp4?_=1\" \/><source type=\"video\/webm\" src=\"https:\/\/fiamtl.com\/wp-content\/uploads\/2025\/09\/04_MONTAGE_VIDEO_PROMO_2025.webm?_=1\" \/><source type=\"video\/ogg\" src=\"https:\/\/fiamtl.com\/wp-content\/uploads\/2025\/09\/04_MONTAGE_VIDEO_PROMO_2025.ogv?_=1\" \/><a href=\"https:\/\/fiamtl.com\/wp-content\/uploads\/2025\/09\/04_MONTAGE_VIDEO_PROMO_2025.mp4\">https:\/\/fiamtl.com\/wp-content\/uploads\/2025\/09\/04_MONTAGE_VIDEO_PROMO_2025.mp4<\/a><\/video><\/div>\r\n<p>[\/vc_column_text]<div class=\"clearfix vc_custom_1769464148465 lvsy-btn-69fa1f439a21e btn-hover-one gradient-btn-m2025\" ><a href=\"https:\/\/fiamtl.com\/fr\/evenements-2025\/conference-mechoui-2025\/galerie-photos\/\" class=\"lvsy-btn lvsy-btn-black\">VOIR LES PHOTOS<\/a><\/div>[\/vc_column_inner][\/vc_row_inner][vc_row_inner css=\u00a0\u00bb.vc_custom_1745952905502{padding-bottom: 50px !important;}\u00a0\u00bb][vc_column_inner][vc_column_text]<\/p>\r\n<p><strong>Dans un contexte mondial marqu\u00e9 par l\u2019incertitude, les tensions g\u00e9opolitiques et les avanc\u00e9es technologiques, les Rencontres FIAM (Conf\u00e9rence\u2011M\u00e9choui) 2025 offrent un moment cl\u00e9 pour r\u00e9fl\u00e9chir aux transformations profondes qui red\u00e9finissent l\u2019univers de l\u2019investissement. Cet \u00e9v\u00e9nement a rassembl\u00e9 des experts de premier plan en gestion d\u2019actifs, ainsi que des directeurs des investissements de grandes institutions, tous engag\u00e9s \u00e0 analyser les nouvelles dynamiques \u00e9conomiques et \u00e0 proposer des approches novatrices et durables.<\/strong><\/p>\r\n<p><strong>Au programme : discussions strat\u00e9giques, analyses critiques et partages d\u2019exp\u00e9riences entre d\u00e9cideurs, gestionnaires et partenaires du secteur.<\/strong><\/p>\r\n<p>[\/vc_column_text][vc_column_text]<\/p>\r\n<h3>Revivez les moments forts de la conf\u00e9rence avec notre conf\u00e9rencier principal <strong>Marko Papi\u0107<\/strong>.<\/h3>\r\n<p>[\/vc_column_text][\/vc_column_inner][\/vc_row_inner][vc_row_inner css=\u00a0\u00bb.vc_custom_1757597449813{margin-bottom: 50px !important;}\u00a0\u00bb][vc_column_inner][vc_video link=\u00a0\u00bbhttps:\/\/youtu.be\/VmOOTP90oTE\u00a0\u00bb align=\u00a0\u00bbcenter\u00a0\u00bb][\/vc_column_inner][\/vc_row_inner][\/vc_column][\/vc_row][vc_row full_width=\u00a0\u00bbstretch_row\u00a0\u00bb overlay_dotted=\u00a0\u00bb\u00a0\u00bb el_class=\u00a0\u00bbtxt-white\u00a0\u00bb css=\u00a0\u00bb.vc_custom_1746044005387{padding-top: 75px !important;background: #11374e url(https:\/\/fiamtl.com\/wp-content\/uploads\/2025\/04\/bg-conference-2025-scaled.png?id=11041) !important;}\u00a0\u00bb el_id=\u00a0\u00bbconference\u00a0\u00bb][vc_column][vc_custom_heading text=\u00a0\u00bbConf\u00e9rence\u00a0\u00bb font_container=\u00a0\u00bbtag:h2|text_align:left|color:%232bc0d4&Prime; use_theme_fonts=\u00a0\u00bbyes\u00a0\u00bb][vc_row_inner css=\u00a0\u00bb.vc_custom_1745953168288{padding-bottom: 25px !important;}\u00a0\u00bb][vc_column_inner width=\u00a0\u00bb1\/2&Prime;][vc_column_text]Le volet conf\u00e9rence propose une immersion au coeur de l\u2019expertise des leaders du secteur de l\u2019investissement. Les conf\u00e9renciers invit\u00e9s y pr\u00e9senteront leurs analyses des grandes tendances qui transforment les march\u00e9s et partageront des perspectives concr\u00e8tes pour mieux comprendre les enjeux actuels.[\/vc_column_text][\/vc_column_inner][vc_column_inner width=\u00a0\u00bb1\/2&Prime;][vc_column_text]Le volet interactif, sous forme de panel, vous convie \u00e0 des changes stimulants avec des experts de haut niveau en gestion d\u2019actifs. Ensemble, ils \u00e9changeront sur les grandes transformations g\u00e9opolitiques, \u00e9conomiques et technologiques qui red\u00e9finissent les r\u00e8gles de l\u2019investissement et appellent \u00e0 repenser les approches traditionnelles.[\/vc_column_text]<div class=\"clearfix vc_custom_1756302605397 lvsy-btn-69fa1f439a258 btn-hover-one gradient-btn-m2025\" ><a href=\"https:\/\/fiamtl.com\/fr\/evenements-2025\/conference-mechoui-2025\/conference\/\" class=\"lvsy-btn lvsy-btn-black\">EN SAVOIR PLUS<\/a><\/div>[\/vc_column_inner][\/vc_row_inner][vc_row_inner equal_height=\u00a0\u00bbyes\u00a0\u00bb css=\u00a0\u00bb.vc_custom_1745963323146{padding-top: 25px !important;padding-bottom: 25px !important;}\u00a0\u00bb el_class=\u00a0\u00bbcustom-participants-block\u00a0\u00bb][vc_column_inner el_class=\u00a0\u00bbfiche-speaker\u00a0\u00bb width=\u00a0\u00bb1\/3&Prime; css=\u00a0\u00bb.vc_custom_1745953883642{margin-bottom: 50px !important;}\u00a0\u00bb][vc_single_image image=\u00a0\u00bb10856&Prime; img_size=\u00a0\u00bbfull\u00a0\u00bb el_id=\u00a0\u00bbfrancois-rivard-2025-fr\u00a0\u00bb][vc_custom_heading text=\u00a0\u00bbFran\u00e7ois Rivard\u00a0\u00bb font_container=\u00a0\u00bbtag:h3|text_align:center|color:%2311374e\u00a0\u00bb use_theme_fonts=\u00a0\u00bbyes\u00a0\u00bb][vc_custom_heading text=\u00a0\u00bbChef de la direction, Innocap\u00a0\u00bb font_container=\u00a0\u00bbtag:p|text_align:center|color:%2311374e\u00a0\u00bb use_theme_fonts=\u00a0\u00bbyes\u00a0\u00bb css=\u00a0\u00bb.vc_custom_1745959502474{margin-right: 15px !important;margin-left: 15px !important;}\u00a0\u00bb][vc_custom_heading text=\u00a0\u00bbPr\u00e9sident des Rencontres FIAM et Ma\u00eetre de c\u00e9r\u00e9monie\u00a0\u00bb font_container=\u00a0\u00bbtag:p|text_align:center|color:%23ffffff\u00a0\u00bb use_theme_fonts=\u00a0\u00bbyes\u00a0\u00bb css=\u00a0\u00bb.vc_custom_1746643595125{padding-bottom: 14px !important;}\u00a0\u00bb][\/vc_column_inner][vc_column_inner el_class=\u00a0\u00bbfiche-speaker\u00a0\u00bb width=\u00a0\u00bb1\/3&Prime; css=\u00a0\u00bb.vc_custom_1745953871523{margin-bottom: 50px !important;}\u00a0\u00bb][vc_single_image image=\u00a0\u00bb10864&Prime; img_size=\u00a0\u00bbfull\u00a0\u00bb el_id=\u00a0\u00bbvincent-delisle-2025-fr\u00a0\u00bb][vc_custom_heading text=\u00a0\u00bbVincent Delisle\u00a0\u00bb font_container=\u00a0\u00bbtag:h3|text_align:center|color:%2311374e\u00a0\u00bb use_theme_fonts=\u00a0\u00bbyes\u00a0\u00bb][vc_custom_heading text=\u00a0\u00bbPremier vice-pr\u00e9sident et chef des March\u00e9s liquides, La Caisse\u00a0\u00bb font_container=\u00a0\u00bbtag:p|text_align:center|color:%2311374e\u00a0\u00bb use_theme_fonts=\u00a0\u00bbyes\u00a0\u00bb css=\u00a0\u00bb.vc_custom_1753130095120{margin-right: 15px !important;margin-left: 15px !important;}\u00a0\u00bb][vc_custom_heading text=\u00a0\u00bbPr\u00e9sident d&rsquo;honneur\u00a0\u00bb font_container=\u00a0\u00bbtag:p|text_align:center|color:%23ffffff\u00a0\u00bb use_theme_fonts=\u00a0\u00bbyes\u00a0\u00bb css=\u00a0\u00bb.vc_custom_1746643603465{padding-bottom: 14px !important;}\u00a0\u00bb][\/vc_column_inner][vc_column_inner el_class=\u00a0\u00bbfiche-speaker\u00a0\u00bb width=\u00a0\u00bb1\/3&Prime; css=\u00a0\u00bb.vc_custom_1745953878731{margin-bottom: 50px !important;}\u00a0\u00bb][vc_single_image image=\u00a0\u00bb10858&Prime; img_size=\u00a0\u00bbfull\u00a0\u00bb el_id=\u00a0\u00bbmarko-papic-2025-fr\u00a0\u00bb][vc_custom_heading text=\u00a0\u00bbMarko Papi\u0107\u00a0\u00bb font_container=\u00a0\u00bbtag:h3|text_align:center|color:%2311374e\u00a0\u00bb use_theme_fonts=\u00a0\u00bbyes\u00a0\u00bb][vc_custom_heading text=\u00a0\u00bbStrat\u00e8ge en chef, g\u00e9o-macro mondial, BCA Research\u00a0\u00bb font_container=\u00a0\u00bbtag:p|text_align:center|color:%2311374e\u00a0\u00bb use_theme_fonts=\u00a0\u00bbyes\u00a0\u00bb css=\u00a0\u00bb.vc_custom_1745959494890{margin-right: 15px !important;margin-left: 15px !important;}\u00a0\u00bb][vc_custom_heading text=\u00a0\u00bbConf\u00e9rencier invit\u00e9\u00a0\u00bb font_container=\u00a0\u00bbtag:p|text_align:center|color:%23ffffff\u00a0\u00bb use_theme_fonts=\u00a0\u00bbyes\u00a0\u00bb css=\u00a0\u00bb.vc_custom_1746643619618{padding-bottom: 14px !important;}\u00a0\u00bb][\/vc_column_inner][vc_column_inner el_class=\u00a0\u00bbfiche-speaker\u00a0\u00bb width=\u00a0\u00bb1\/3&Prime; css=\u00a0\u00bb.vc_custom_1745954241191{margin-bottom: 50px !important;}\u00a0\u00bb][vc_single_image image=\u00a0\u00bb10860&Prime; img_size=\u00a0\u00bbfull\u00a0\u00bb el_id=\u00a0\u00bbjustin-lord-2025-fr\u00a0\u00bb][vc_custom_heading text=\u00a0\u00bbJustin Lord\u00a0\u00bb font_container=\u00a0\u00bbtag:h3|text_align:center|color:%2311374e\u00a0\u00bb use_theme_fonts=\u00a0\u00bbyes\u00a0\u00bb css=\u00a0\u00bb.vc_custom_1745954305134{margin-right: 15px !important;margin-left: 15px !important;}\u00a0\u00bb][vc_custom_heading text=\u00a0\u00bbChef des Placements (CIO), responsable mondial des march\u00e9s publics, AIMCo\u00a0\u00bb font_container=\u00a0\u00bbtag:p|text_align:center|color:%2311374e\u00a0\u00bb use_theme_fonts=\u00a0\u00bbyes\u00a0\u00bb][vc_custom_heading text=\u00a0\u00bbPan\u00e9liste\u00a0\u00bb font_container=\u00a0\u00bbtag:p|text_align:center|color:%23ffffff\u00a0\u00bb use_theme_fonts=\u00a0\u00bbyes\u00a0\u00bb css=\u00a0\u00bb.vc_custom_1746643626951{padding-bottom: 14px !important;}\u00a0\u00bb][\/vc_column_inner][vc_column_inner el_class=\u00a0\u00bbfiche-speaker\u00a0\u00bb width=\u00a0\u00bb1\/3&Prime; css=\u00a0\u00bb.vc_custom_1750864942127{margin-bottom: 50px !important;}\u00a0\u00bb][vc_single_image image=\u00a0\u00bb11413&Prime; img_size=\u00a0\u00bbfull\u00a0\u00bb el_id=\u00a0\u00bbalec-phillips-2025-fr\u00a0\u00bb][vc_custom_heading text=\u00a0\u00bbAlec Phillips\u00a0\u00bb font_container=\u00a0\u00bbtag:h3|text_align:center|color:%2311374e\u00a0\u00bb use_theme_fonts=\u00a0\u00bbyes\u00a0\u00bb][vc_custom_heading text=\u00a0\u00bb\u00c9conomiste en chef, politique \u00e9conomique, Goldman Sachs\u00a0\u00bb font_container=\u00a0\u00bbtag:p|text_align:center|color:%2311374e\u00a0\u00bb use_theme_fonts=\u00a0\u00bbyes\u00a0\u00bb css=\u00a0\u00bb.vc_custom_1750874105911{margin-right: 15px !important;margin-left: 15px !important;}\u00a0\u00bb][vc_custom_heading text=\u00a0\u00bbPan\u00e9liste\u00a0\u00bb font_container=\u00a0\u00bbtag:p|text_align:center|color:%23ffffff\u00a0\u00bb use_theme_fonts=\u00a0\u00bbyes\u00a0\u00bb css=\u00a0\u00bb.vc_custom_1750104637565{padding-bottom: 14px !important;}\u00a0\u00bb][\/vc_column_inner][vc_column_inner el_class=\u00a0\u00bbfiche-speaker\u00a0\u00bb width=\u00a0\u00bb1\/3&Prime; css=\u00a0\u00bb.vc_custom_1745954244719{margin-bottom: 50px !important;}\u00a0\u00bb][vc_single_image image=\u00a0\u00bb10862&Prime; img_size=\u00a0\u00bbfull\u00a0\u00bb el_id=\u00a0\u00bbranjan-bhaduri-2025-fr\u00a0\u00bb][vc_custom_heading text=\u00a0\u00bbDr. Ranjan Bhaduri\u00a0\u00bb font_container=\u00a0\u00bbtag:h3|text_align:center|color:%2311374e\u00a0\u00bb use_theme_fonts=\u00a0\u00bbyes\u00a0\u00bb][vc_custom_heading text=\u00a0\u00bbFondateur et chef de la direction, Bodhi ResearchGroup\u00a0\u00bb font_container=\u00a0\u00bbtag:p|text_align:center|color:%2311374e\u00a0\u00bb use_theme_fonts=\u00a0\u00bbyes\u00a0\u00bb css=\u00a0\u00bb.vc_custom_1745959526480{margin-right: 15px !important;margin-left: 15px !important;}\u00a0\u00bb][vc_custom_heading text=\u00a0\u00bbMod\u00e9rateur\u00a0\u00bb font_container=\u00a0\u00bbtag:p|text_align:center|color:%23ffffff\u00a0\u00bb use_theme_fonts=\u00a0\u00bbyes\u00a0\u00bb css=\u00a0\u00bb.vc_custom_1746643633031{padding-bottom: 14px !important;}\u00a0\u00bb][\/vc_column_inner][\/vc_row_inner][\/vc_column][\/vc_row][vc_row full_width=\u00a0\u00bbstretch_row\u00a0\u00bb overlay_dotted=\u00a0\u00bb\u00a0\u00bb el_class=\u00a0\u00bbtxt-white\u00a0\u00bb css=\u00a0\u00bb.vc_custom_1746044019906{padding-top: 35px !important;padding-bottom: 40px !important;background: #11374e url(https:\/\/fiamtl.com\/wp-content\/uploads\/2025\/04\/bg-conference-2025-scaled.png?id=11041) !important;}\u00a0\u00bb el_id=\u00a0\u00bbnetworking\u00a0\u00bb][vc_column][vc_row_inner css=\u00a0\u00bb.vc_custom_1745953158647{padding-top: 25px !important;}\u00a0\u00bb][vc_column_inner width=\u00a0\u00bb1\/2&Prime;][vc_single_image image=\u00a0\u00bb10876&Prime; img_size=\u00a0\u00bbfull\u00a0\u00bb][\/vc_column_inner][vc_column_inner width=\u00a0\u00bb1\/2&Prime;][vc_custom_heading text=\u00a0\u00bbR\u00e9seautage et M\u00e9choui\u00a0\u00bb font_container=\u00a0\u00bbtag:h2|text_align:left|color:%232bc0d4&Prime; use_theme_fonts=\u00a0\u00bbyes\u00a0\u00bb][vc_column_text]Le volet r\u00e9seautage propose un segment estival sp\u00e9cialement con\u00e7u pour favoriser les \u00e9changes entre professionnels de l\u2019industrie. Dans une atmosph\u00e8re conviviale et festive, cet \u00e9v\u00e9nement unique permet de renforcer les liens, \u00e9largir son r\u00e9seau et cr\u00e9er des occasions de collaboration durable au sein du plus grand rassemblement estival de FIAM.[\/vc_column_text]<div class=\"clearfix vc_custom_1756302627420 lvsy-btn-69fa1f439a288 btn-hover-one gradient-btn-m2025\" ><a href=\"https:\/\/fiamtl.com\/fr\/evenements-2025\/conference-mechoui-2025\/mechoui\/\" class=\"lvsy-btn lvsy-btn-black\">EN SAVOIR PLUS<\/a><\/div>[\/vc_column_inner][\/vc_row_inner][\/vc_column][\/vc_row]<\/p><\/section>","protected":false},"excerpt":{"rendered":"[vc_row full_width=\u00a0\u00bbstretch_row\u00a0\u00bb overlay_dotted=\u00a0\u00bb\u00a0\u00bb][vc_column][\/vc_column][\/vc_row][vc_row full_width=\u00a0\u00bbstretch_row\u00a0\u00bb equal_height=\u00a0\u00bbyes\u00a0\u00bb overlay_dotted=\u00a0\u00bb\u00a0\u00bb el_class=\u00a0\u00bbgradient-bg-m2025 txt-secondary banner-text\u00a0\u00bb css=\u00a0\u00bb.vc_custom_1745941292721{margin-bottom: 50px !important;padding-top: 50px !important;padding-bottom: 50px !important;}\u00a0\u00bb][vc_column][vc_column_text css=\u00a0\u00bb.vc_custom_1749234277237{margin-bottom: 0px !important;border-bottom-width: 0px !important;padding-bottom: 0px !important;}\u00a0\u00bb] Les Rencontres FIAM 2025 s\u2019imposent comme un [&#8230;]","protected":false},"author":1,"featured_media":0,"parent":11722,"menu_order":0,"comment_status":"closed","ping_status":"closed","template":"","meta":{"_eb_attr":"","footnotes":""},"class_list":["post-10941","page","type-page","status-publish","hentry"],"_links":{"self":[{"href":"https:\/\/fiamtl.com\/fr\/wp-json\/wp\/v2\/pages\/10941","targetHints":{"allow":["GET"]}}],"collection":[{"href":"https:\/\/fiamtl.com\/fr\/wp-json\/wp\/v2\/pages"}],"about":[{"href":"https:\/\/fiamtl.com\/fr\/wp-json\/wp\/v2\/types\/page"}],"author":[{"embeddable":true,"href":"https:\/\/fiamtl.com\/fr\/wp-json\/wp\/v2\/users\/1"}],"replies":[{"embeddable":true,"href":"https:\/\/fiamtl.com\/fr\/wp-json\/wp\/v2\/comments?post=10941"}],"version-history":[{"count":0,"href":"https:\/\/fiamtl.com\/fr\/wp-json\/wp\/v2\/pages\/10941\/revisions"}],"up":[{"embeddable":true,"href":"https:\/\/fiamtl.com\/fr\/wp-json\/wp\/v2\/pages\/11722"}],"wp:attachment":[{"href":"https:\/\/fiamtl.com\/fr\/wp-json\/wp\/v2\/media?parent=10941"}],"curies":[{"name":"wp","href":"https:\/\/api.w.org\/{rel}","templated":true}]}}