{"id":10763,"date":"2024-11-06T16:16:39","date_gmt":"2024-11-06T21:16:39","guid":{"rendered":"https:\/\/fiamtl.com\/?page_id=10763"},"modified":"2024-11-06T16:29:27","modified_gmt":"2024-11-06T21:29:27","slug":"temoignages-mentors","status":"publish","type":"page","link":"https:\/\/fiamtl.com\/fr\/evenements-2024\/temoignages-mentors\/","title":{"rendered":"T\u00e9moignages des mentors"},"content":{"rendered":"<section class=\"wpb-content-wrapper\"><p>[vc_row full_width=\u00a0\u00bbstretch_row\u00a0\u00bb overlay_dotted=\u00a0\u00bb\u00a0\u00bb el_class=\u00a0\u00bbcustom-banner\u00a0\u00bb css=\u00a0\u00bb.vc_custom_1728323686711{background-image: url(https:\/\/fiamtl.com\/wp-content\/uploads\/2024\/10\/hackathon-banner-bg-2024-scaled.jpg?id=10380) !important;background-position: center !important;background-repeat: no-repeat !important;background-size: cover !important;}\u00a0\u00bb][vc_column width=\u00a0\u00bb2\/3&Prime; offset=\u00a0\u00bbvc_col-sm-offset-2&Prime; css=\u00a0\u00bb.vc_custom_1728323724707{padding-top: 110px !important;padding-bottom: 110px !important;}\u00a0\u00bb][vc_single_image image=\u00a0\u00bb10473&Prime; img_size=\u00a0\u00bbfull\u00a0\u00bb alignment=\u00a0\u00bbcenter\u00a0\u00bb css=\u00a0\u00bb.vc_custom_1728398286450{margin-top: 0px !important;margin-bottom: 0px !important;}\u00a0\u00bb][\/vc_column][\/vc_row][vc_row full_width=\u00a0\u00bbstretch_row\u00a0\u00bb equal_height=\u00a0\u00bbyes\u00a0\u00bb overlay_dotted=\u00a0\u00bb\u00a0\u00bb el_class=\u00a0\u00bbgradient-bg-head-hackathon txt-secondary banner-text txt-blanc\u00a0\u00bb css=\u00a0\u00bb.vc_custom_1728333012715{padding-top: 50px !important;padding-bottom: 50px !important;}\u00a0\u00bb][vc_column width=\u00a0\u00bb5\/12&Prime;][vc_column_text]<\/p>\n<h2>T\u00e9moignages<br \/>\ndes mentors<\/h2>\n<p>[\/vc_column_text][\/vc_column][vc_column width=\u00a0\u00bb1\/2&Prime; offset=\u00a0\u00bbvc_col-sm-offset-1&Prime;][vc_column_text css=\u00a0\u00bb.vc_custom_1730927837238{margin-bottom: 0px !important;}\u00a0\u00bb]Vous trouverez ci-dessous les commentaires des mentors qui ont accept\u00e9 de partager leurs r\u00e9flexions sur l&rsquo;\u00e9v\u00e9nement et les r\u00e9alisations des participants. Ces commentaires donnent une perspective unique sur la fa\u00e7on dont les \u00e9quipes ont relev\u00e9 le d\u00e9fi et sur l&rsquo;impact que ces talents peuvent avoir sur l&rsquo;avenir de la gestion d&rsquo;actifs.[\/vc_column_text][\/vc_column][\/vc_row][vc_section css=\u00a0\u00bb.vc_custom_1728313267840{padding-top: 50px !important;padding-bottom: 50px !important;}\u00a0\u00bb][vc_row overlay_dotted=\u00a0\u00bb\u00a0\u00bb][vc_column][vc_custom_heading text=\u00a0\u00bbThe Challenge Overview\u00a0\u00bb font_container=\u00a0\u00bbtag:h3|text_align:left|color:%23002333&Prime; use_theme_fonts=\u00a0\u00bbyes\u00a0\u00bb el_class=\u00a0\u00bbfs-35&Prime;][vc_column_text]The Industry Mentors played a crucial role in the success of this inaugural event. Unlike the judges, who had just 10 minutes to evaluate each team during the final pitch presentations, the mentors spent extended time with the teams over the two-day hackathon, guiding them as they tailored their solutions for real-world applications. Each team had at least one mentor, providing hands-on support and insights.<\/p>\n<p>The mentors&rsquo; feedback is particularly valuable because they are seasoned industry professionals and understand the complexities of applying AI and big data to asset management. Their endorsement is a testament to the talent and potential of this new generation in tackling real asset management challenges. Many mentors shared their positive impressions informally, and we later invited them to provide public feedback for our website.<\/p>\n<p>Below, you\u2019ll find comments from those mentors who agreed to share their thoughts on the event and the participants&rsquo; accomplishments. Their insights give a unique perspective on how well the teams addressed the challenge and the impact this talent can have on the future of asset management.[\/vc_column_text][vc_separator color=\u00a0\u00bbcustom\u00a0\u00bb accent_color=\u00a0\u00bb#4bb5c2&Prime; css=\u00a0\u00bb.vc_custom_1730927716340{padding-top: 35px !important;padding-bottom: 35px !important;}\u00a0\u00bb][vc_column_text]\u201cI was a coach in this first year edition of the hackathon and from my vantage point I found it was a great initiative well executed. I am proud to have been part of it. I would have dreamed as a student in quantitative methods to have the opportunity to participate in this type of event.<\/p>\n<p>I proposed to the team I was coaching to publicly discuss their investment thesis, process and implementation. Building a random forest EPS surprise prediction with a Hidden Markov model regime detection and alpha based dynamic weighting (that was designed and coded during the competition) take talent, an understanding of financial markets and a good dose of courage and stamina. What the McGillians team produced is absolutely worth advertising.\u201d[\/vc_column_text][vc_column_text]<\/p>\n<h4 style=\"text-align: left; margin-bottom: 0px;\">Pierre-Philippe Ste-Marie<\/h4>\n<h4 style=\"text-align: left; font-weight: 400; margin-bottom: 0px;\">Visiting Researcher<br \/>\nBodhi Research Group<\/h4>\n<p>[\/vc_column_text][vc_separator color=\u00a0\u00bbcustom\u00a0\u00bb accent_color=\u00a0\u00bb#4bb5c2&Prime; css=\u00a0\u00bb.vc_custom_1730927716340{padding-top: 35px !important;padding-bottom: 35px !important;}\u00a0\u00bb][vc_column_text]\u201cI had the pleasure and privilege of participating in the first asset management hackathon as a mentor to the Quantum Alpha team. I would like to thank all the organizers for the quality of the event and the level of the preselected teams.<\/p>\n<p>Quantum Alpha, the team I had the privilege of coaching, showed a learning curve in the field of portfolio management that was quite impressive given the time allowed to finish the competition. They applied highly advanced machine learning models to build better return expectations and tried to implement robust and diversified portfolio construction approaches. I am proud of the results achieved by the Quantum Alpha team and remain confident that this experience will help them in their professional and academic careers.\u201d[\/vc_column_text][vc_column_text]<\/p>\n<h4 style=\"text-align: left; margin-bottom: 0px;\">Sofiane Tafat, Ph.D.<\/h4>\n<h4 style=\"text-align: left; font-weight: 400; margin-bottom: 0px;\">Senior Advisor, Quantitative Research<br \/>\nResearch and Responsible Investment Department<br \/>\nDesjardins Group<\/h4>\n<p>[\/vc_column_text][vc_separator color=\u00a0\u00bbcustom\u00a0\u00bb accent_color=\u00a0\u00bb#4bb5c2&Prime; css=\u00a0\u00bb.vc_custom_1730927716340{padding-top: 35px !important;padding-bottom: 35px !important;}\u00a0\u00bb][vc_column_text]\u201cI had the privilege of mentoring Team Alpine Edge during the inaugural McGill-FIAM Asset Management Hackathon. Alpine Edge was comprised of students from different institutions, studying different disciplines, and from varied backgrounds. I witnessed the team come together under intense competitive and time pressures to deliver an impressive end product.<\/p>\n<p>As a portfolio manager of North American small and mid cap equity mandates, I know well both the opportunities and constraints inherent in less liquid markets. Team Alpine Edge\u2019s approach synthesized macroeconomic, sectoral, and stock specific considerations to deliver a model that generated compelling stock picks, portfolios, and risk-adjusted returns. Moreover, the team\u2019s recognition of the need to limit turnover and manage position sizes to respect liquidity limitations lent credibility regarding the practicality of their approach.<\/p>\n<p>While I was officially a mentor in the Hackathon, I felt I learned as much from the team as they did from me. I am proud of the effort they put forth and know that they will grow from the experiences garnered in this event.\u201d[\/vc_column_text][vc_column_text]<\/p>\n<h4 style=\"text-align: left; margin-bottom: 0px;\">Stephen Hui, CFA<\/h4>\n<h4 style=\"text-align: left; font-weight: 400; margin-bottom: 0px;\">Partner &amp; Portfolio Manager<br \/>\nPembroke Management Ltd.<\/h4>\n<p>[\/vc_column_text][vc_separator color=\u00a0\u00bbcustom\u00a0\u00bb accent_color=\u00a0\u00bb#4bb5c2&Prime; css=\u00a0\u00bb.vc_custom_1730927716340{padding-top: 35px !important;padding-bottom: 35px !important;}\u00a0\u00bb][vc_column_text]\u201cBeing a coach at the event was an incredibly rewarding experience, offering the opportunity to witness brilliant students working hard to develop creative and impactful quantitative solutions. Their energy, originality, and dedication were truly inspiring.<\/p>\n<p>I had the privilege of working with two teams. First, I served as the main coach for Phidox. The team combined a variety of innovative ideas, such as incorporating LLM-based opinions into portfolio positions and using genetic algorithms for feature selection. I was particularly impressed with the genetic algorithm component\u2014it was not only well-coded but also demonstrated strong potential as a viable solution for feature selection in the field. In fact, I plan to explore the merits of this approach further in my own research. What stood out most about Phidox was their eagerness to learn, coupled with a clear focus on delivering practical and valuable outcomes.<\/p>\n<p>My second engagement was as a co-coach with SOTA, and I was genuinely impressed by the sheer amount of work they accomplished. Their solution integrated at least six major components, each thoughtfully executed: time-series feature creation, causal inference for feature selection, a tree-based panel model, Black-Litterman adjustments, robust optimization, and the use of LLMs and 10-Q\/10-K filings for feature extraction. Delving into the details made me realize that their grasp of key challenges in the field far exceeded my expectations of their maturity on each subjects, reflecting the exceptional quality of the candidates<\/p>\n<p>Very proud of what both team were able to produced and I believe not much more would have been needed to be able to end up in that top 3\u2026Next time !\u201d[\/vc_column_text][vc_column_text]<\/p>\n<h4 style=\"text-align: left; margin-bottom: 0px;\">Olivier Gandouet<\/h4>\n<h4 style=\"text-align: left; font-weight: 400; margin-bottom: 0px;\">Vice President Quantitative Equity<br \/>\nTD Asset Management<\/h4>\n<p>[\/vc_column_text][vc_separator color=\u00a0\u00bbcustom\u00a0\u00bb accent_color=\u00a0\u00bb#4bb5c2&Prime; css=\u00a0\u00bb.vc_custom_1730927716340{padding-top: 35px !important;padding-bottom: 35px !important;}\u00a0\u00bb][vc_column_text]\u00ab J&rsquo;ai eu le privil\u00e8ge de participer en tant que mentor venant de l\u2019industrie lors du hackathon de gestion d&rsquo;actifs, o\u00f9 j&rsquo;ai encadr\u00e9 l&rsquo;\u00e9quipe QUARCC. Leur motivation et leur engagement \u00e9taient \u00e9vidents d\u00e8s le d\u00e9but de la comp\u00e9tition. Les membres de QUARCC ont non seulement d\u00e9montr\u00e9 une solide compr\u00e9hension th\u00e9orique, mais ils ont \u00e9galement fait preuve d&rsquo;une cr\u00e9ativit\u00e9 remarquable dans l&rsquo;\u00e9laboration de leur mod\u00e8le.<\/p>\n<p>Les membres de l\u2019\u00e9quipe sont les fondateurs du Quantitative Research and Competitions Club (QUARCC) \u00e0 l&rsquo;universit\u00e9 Concordia. Ils ont l&rsquo;intention d&rsquo;utiliser les gains de ce hackathon pour financer les activit\u00e9s futures du club.<\/p>\n<p>Je suis extr\u00eamement fier des r\u00e9sultats qu&rsquo;ils ont obtenus, remportant la deuxi\u00e8me place de la comp\u00e9tition. Leur attitude exemplaire et leur esprit d&rsquo;\u00e9quipe me laissent confiant que cette exp\u00e9rience sera un atout pr\u00e9cieux dans leurs carri\u00e8res professionnelles et acad\u00e9miques. \u00bb[\/vc_column_text][vc_column_text]<\/p>\n<h4 style=\"text-align: left; margin-bottom: 0px;\">Louis-Philippe Bonenfant<\/h4>\n<h4 style=\"text-align: left; font-weight: 400; margin-bottom: 0px;\">Analyste principal, Gestion fondamentale syst\u00e9matique<br \/>\nCDPQ<\/h4>\n<p>[\/vc_column_text][\/vc_column][\/vc_row][\/vc_section]<\/p>\n<\/section>","protected":false},"excerpt":{"rendered":"[vc_row full_width=\u00a0\u00bbstretch_row\u00a0\u00bb overlay_dotted=\u00a0\u00bb\u00a0\u00bb el_class=\u00a0\u00bbcustom-banner\u00a0\u00bb css=\u00a0\u00bb.vc_custom_1728323686711{background-image: url(https:\/\/fiamtl.com\/wp-content\/uploads\/2024\/10\/hackathon-banner-bg-2024-scaled.jpg?id=10380) !important;background-position: center !important;background-repeat: no-repeat !important;background-size: cover !important;}\u00a0\u00bb][vc_column width=\u00a0\u00bb2\/3&Prime; offset=\u00a0\u00bbvc_col-sm-offset-2&Prime; css=\u00a0\u00bb.vc_custom_1728323724707{padding-top: 110px !important;padding-bottom: 110px !important;}\u00a0\u00bb][vc_single_image image=\u00a0\u00bb10473&Prime; img_size=\u00a0\u00bbfull\u00a0\u00bb alignment=\u00a0\u00bbcenter\u00a0\u00bb css=\u00a0\u00bb.vc_custom_1728398286450{margin-top: 0px !important;margin-bottom: 0px !important;}\u00a0\u00bb][\/vc_column][\/vc_row][vc_row full_width=\u00a0\u00bbstretch_row\u00a0\u00bb equal_height=\u00a0\u00bbyes\u00a0\u00bb [&#8230;]","protected":false},"author":1,"featured_media":0,"parent":8267,"menu_order":0,"comment_status":"closed","ping_status":"closed","template":"","meta":{"_eb_attr":"","footnotes":""},"class_list":["post-10763","page","type-page","status-publish","hentry"],"_links":{"self":[{"href":"https:\/\/fiamtl.com\/fr\/wp-json\/wp\/v2\/pages\/10763","targetHints":{"allow":["GET"]}}],"collection":[{"href":"https:\/\/fiamtl.com\/fr\/wp-json\/wp\/v2\/pages"}],"about":[{"href":"https:\/\/fiamtl.com\/fr\/wp-json\/wp\/v2\/types\/page"}],"author":[{"embeddable":true,"href":"https:\/\/fiamtl.com\/fr\/wp-json\/wp\/v2\/users\/1"}],"replies":[{"embeddable":true,"href":"https:\/\/fiamtl.com\/fr\/wp-json\/wp\/v2\/comments?post=10763"}],"version-history":[{"count":0,"href":"https:\/\/fiamtl.com\/fr\/wp-json\/wp\/v2\/pages\/10763\/revisions"}],"up":[{"embeddable":true,"href":"https:\/\/fiamtl.com\/fr\/wp-json\/wp\/v2\/pages\/8267"}],"wp:attachment":[{"href":"https:\/\/fiamtl.com\/fr\/wp-json\/wp\/v2\/media?parent=10763"}],"curies":[{"name":"wp","href":"https:\/\/api.w.org\/{rel}","templated":true}]}}