{"id":10455,"date":"2024-10-08T16:19:10","date_gmt":"2024-10-08T20:19:10","guid":{"rendered":"https:\/\/fiamtl.com\/?page_id=10455"},"modified":"2024-10-11T13:28:36","modified_gmt":"2024-10-11T17:28:36","slug":"programme","status":"publish","type":"page","link":"https:\/\/fiamtl.com\/fr\/evenements-2024\/hackathon-2024\/programme\/","title":{"rendered":"Programme"},"content":{"rendered":"<section class=\"wpb-content-wrapper\"><p>[vc_row full_width=\u00a0\u00bbstretch_row\u00a0\u00bb overlay_dotted=\u00a0\u00bb\u00a0\u00bb el_class=\u00a0\u00bbcustom-banner\u00a0\u00bb css=\u00a0\u00bb.vc_custom_1728323686711{background-image: url(https:\/\/fiamtl.com\/wp-content\/uploads\/2024\/10\/hackathon-banner-bg-2024-scaled.jpg?id=10380) !important;background-position: center !important;background-repeat: no-repeat !important;background-size: cover !important;}\u00a0\u00bb][vc_column width=\u00a0\u00bb2\/3&Prime; offset=\u00a0\u00bbvc_col-sm-offset-2&Prime; css=\u00a0\u00bb.vc_custom_1728323724707{padding-top: 110px !important;padding-bottom: 110px !important;}\u00a0\u00bb][vc_single_image image=\u00a0\u00bb10473&Prime; img_size=\u00a0\u00bbfull\u00a0\u00bb alignment=\u00a0\u00bbcenter\u00a0\u00bb css=\u00a0\u00bb.vc_custom_1728398415552{margin-top: 0px !important;margin-bottom: 0px !important;}\u00a0\u00bb][\/vc_column][\/vc_row][vc_row full_width=\u00a0\u00bbstretch_row\u00a0\u00bb equal_height=\u00a0\u00bbyes\u00a0\u00bb overlay_dotted=\u00a0\u00bb\u00a0\u00bb el_class=\u00a0\u00bbgradient-bg-head-hackathon txt-secondary banner-text txt-blanc\u00a0\u00bb css=\u00a0\u00bb.vc_custom_1728333012715{padding-top: 50px !important;padding-bottom: 50px !important;}\u00a0\u00bb][vc_column width=\u00a0\u00bb5\/12&Prime;][vc_column_text]<\/p>\n<h3>Programme<\/h3>\n<p>[\/vc_column_text][\/vc_column][vc_column width=\u00a0\u00bb1\/2&Prime; offset=\u00a0\u00bbvc_col-sm-offset-1&Prime;][vc_column_text css=\u00a0\u00bb.vc_custom_1728401537892{margin-bottom: 0px !important;}\u00a0\u00bb]L\u00e0 o\u00f9 l\u2019innovation et la collaboration convergent pour fa\u00e7onner l\u2019avenir de la finance. Le programme du concours offre aux \u00e9quipes participantes une exp\u00e9rience palpitante en leur permettant de mettre \u00e0 profit leur cr\u00e9ativit\u00e9 et leur expertise technique.[\/vc_column_text][\/vc_column][\/vc_row][vc_section css=\u00a0\u00bb.vc_custom_1728397067506{padding-top: 50px !important;}\u00a0\u00bb][vc_row][vc_column][vc_custom_heading text=\u00a0\u00bbJour 1&Prime; font_container=\u00a0\u00bbtag:h2|text_align:left|color:%23002333&Prime; use_theme_fonts=\u00a0\u00bbyes\u00a0\u00bb el_class=\u00a0\u00bbfs-35&Prime;][\/vc_column][\/vc_row][vc_row][vc_column][vc_column_text css=\u00a0\u00bb.vc_custom_1728417989187{margin-bottom: 25px !important;}\u00a0\u00bb]<\/p>\n<h4 style=\"margin-bottom: 14px;\">8 h 00 \u00e0 9 h 00<\/h4>\n<h5 style=\"margin-bottom: 10px;\">Arriv\u00e9e et inscription des participants<\/h5>\n<p>Commencez votre journ\u00e9e par un petit-d\u00e9jeuner de bienvenue[\/vc_column_text][vc_empty_space height=\u00a0\u00bb3px\u00a0\u00bb el_class=\u00a0\u00bbgradient-line\u00a0\u00bb css=\u00a0\u00bb.vc_custom_1728396543043{margin-bottom: 20px !important;}\u00a0\u00bb][vc_column_text css=\u00a0\u00bb.vc_custom_1728418003384{margin-bottom: 25px !important;}\u00a0\u00bb]<\/p>\n<h4 style=\"margin-bottom: 14px;\">9 h 00 \u00e0 9 h 45<\/h4>\n<h5 style=\"margin-bottom: 10px;\">C\u00e9r\u00e9monie d\u2019ouverture du Hackathon<\/h5>\n<p>Mot de bienvenue et pr\u00e9sentation des \u00e9quipes, des mentors, du jury, des commanditaires, lancement du d\u00e9fi et formation des \u00e9quipes[\/vc_column_text][vc_empty_space height=\u00a0\u00bb3px\u00a0\u00bb el_class=\u00a0\u00bbgradient-line\u00a0\u00bb css=\u00a0\u00bb.vc_custom_1728396543043{margin-bottom: 20px !important;}\u00a0\u00bb][vc_column_text css=\u00a0\u00bb.vc_custom_1728418018227{margin-bottom: 25px !important;}\u00a0\u00bb]<\/p>\n<h4 style=\"margin-bottom: 14px;\">9 h 45 \u00e0 12 h 00<\/h4>\n<h5 style=\"margin-bottom: 10px;\">D\u00e9but du Hackathon<\/h5>\n<p>Plongez dans le d\u00e9veloppement de vos strat\u00e9gies de portefeuille[\/vc_column_text][vc_empty_space height=\u00a0\u00bb3px\u00a0\u00bb el_class=\u00a0\u00bbgradient-line\u00a0\u00bb css=\u00a0\u00bb.vc_custom_1728396543043{margin-bottom: 20px !important;}\u00a0\u00bb][vc_column_text css=\u00a0\u00bb.vc_custom_1728418033441{margin-bottom: 25px !important;}\u00a0\u00bb]<\/p>\n<h4 style=\"margin-bottom: 14px;\">12 h 00 \u00e0 13 h 00<\/h4>\n<h5 style=\"margin-bottom: 10px;\">D\u00eener<\/h5>\n<p>Nourriture et rafra\u00eechissements sont servis[\/vc_column_text][vc_empty_space height=\u00a0\u00bb3px\u00a0\u00bb el_class=\u00a0\u00bbgradient-line\u00a0\u00bb css=\u00a0\u00bb.vc_custom_1728396543043{margin-bottom: 20px !important;}\u00a0\u00bb][vc_column_text css=\u00a0\u00bb.vc_custom_1728418047402{margin-bottom: 25px !important;}\u00a0\u00bb]<\/p>\n<h4 style=\"margin-bottom: 14px;\">13 h 00 \u00e0 13 h 45<\/h4>\n<h5 style=\"margin-bottom: 10px;\">Pr\u00e9sentation des leaders de l\u2019industrie avec Jean-Fran\u00e7ois B\u00e9rub\u00e9, Vice-Pr\u00e9sident, Strat\u00e9gies quantitatives et science des donn\u00e9es, CDPQ<\/h5>\n<p>Science des donn\u00e9es : changer le cadre pour les investisseurs institutionnels[\/vc_column_text][vc_empty_space height=\u00a0\u00bb3px\u00a0\u00bb el_class=\u00a0\u00bbgradient-line\u00a0\u00bb css=\u00a0\u00bb.vc_custom_1728396543043{margin-bottom: 20px !important;}\u00a0\u00bb][vc_column_text css=\u00a0\u00bb.vc_custom_1728418062714{margin-bottom: 25px !important;}\u00a0\u00bb]<\/p>\n<h4 style=\"margin-bottom: 14px;\">13 h 45 \u00e0 16 h 30<\/h4>\n<h5 style=\"margin-bottom: 10px;\">Session de d\u00e9veloppement avec suivi des mentors<\/h5>\n<p>Progr\u00e8s et retroaction[\/vc_column_text][vc_empty_space height=\u00a0\u00bb3px\u00a0\u00bb el_class=\u00a0\u00bbgradient-line\u00a0\u00bb css=\u00a0\u00bb.vc_custom_1728396543043{margin-bottom: 20px !important;}\u00a0\u00bb][vc_column_text css=\u00a0\u00bb.vc_custom_1728662833407{margin-bottom: 25px !important;}\u00a0\u00bb]<\/p>\n<h4 style=\"margin-bottom: 14px;\">16 h 30 \u00e0 17 h 00<\/h4>\n<h5 style=\"margin-bottom: 10px;\">Pr\u00e9sentation des leaders de l\u2019industrie avec Julien Palardy, Directeur g\u00e9n\u00e9ral, responsable des investissements quantitatifs et passifs, TD Asset Management<\/h5>\n<p>\u00c0 quoi ressemble l\u2019investissement quantique dans la vie r\u00e9elle ?[\/vc_column_text][vc_empty_space height=\u00a0\u00bb3px\u00a0\u00bb el_class=\u00a0\u00bbgradient-line\u00a0\u00bb css=\u00a0\u00bb.vc_custom_1728396543043{margin-bottom: 20px !important;}\u00a0\u00bb][vc_column_text css=\u00a0\u00bb.vc_custom_1728418088293{margin-bottom: 25px !important;}\u00a0\u00bb]<\/p>\n<h4 style=\"margin-bottom: 14px;\">17 h 00<\/h4>\n<h5 style=\"margin-bottom: 10px;\">Fin du premier jour<\/h5>\n<p>Synth\u00e8se et remarques finales[\/vc_column_text][vc_empty_space height=\u00a0\u00bb3px\u00a0\u00bb el_class=\u00a0\u00bbgradient-line\u00a0\u00bb css=\u00a0\u00bb.vc_custom_1728396543043{margin-bottom: 20px !important;}\u00a0\u00bb][vc_column_text css=\u00a0\u00bb.vc_custom_1728401668136{margin-bottom: 25px !important;}\u00a0\u00bb]<\/p>\n<h4 style=\"margin-bottom: 14px;\">On se revoit demain !<\/h4>\n<p>[\/vc_column_text][\/vc_column][\/vc_row][\/vc_section][vc_section css=\u00a0\u00bb.vc_custom_1728313267840{padding-top: 50px !important;padding-bottom: 50px !important;}\u00a0\u00bb][vc_row][vc_column][vc_custom_heading text=\u00a0\u00bbJour 2&Prime; font_container=\u00a0\u00bbtag:h2|text_align:left|color:%23002333&Prime; use_theme_fonts=\u00a0\u00bbyes\u00a0\u00bb el_class=\u00a0\u00bbfs-35&Prime;][\/vc_column][\/vc_row][vc_row][vc_column][vc_column_text css=\u00a0\u00bb.vc_custom_1728418104399{margin-bottom: 25px !important;}\u00a0\u00bb]<\/p>\n<h4 style=\"margin-bottom: 14px;\">8 h 00 \u00e0 9 h 00<\/h4>\n<h5 style=\"margin-bottom: 10px;\">Arriv\u00e9e et enregistrement des participants<\/h5>\n<p>Commencez votre journ\u00e9e par un petit-d\u00e9jeuner de bienvenue[\/vc_column_text][vc_empty_space height=\u00a0\u00bb3px\u00a0\u00bb el_class=\u00a0\u00bbgradient-line\u00a0\u00bb css=\u00a0\u00bb.vc_custom_1728396543043{margin-bottom: 20px !important;}\u00a0\u00bb][vc_column_text css=\u00a0\u00bb.vc_custom_1728418116223{margin-bottom: 25px !important;}\u00a0\u00bb]<\/p>\n<h4 style=\"margin-bottom: 14px;\">9 h 00 \u00e0 9 h 45<\/h4>\n<h5 style=\"margin-bottom: 10px;\">Pr\u00e9sentation des leaders de l\u2019industrie avec Gilbert Haddad, Chef des strat\u00e9gies avanc\u00e9es et de la recherche, Fidelity Investments<\/h5>\n<p>L\u2019IA au service de la gestion d\u2019actifs[\/vc_column_text][vc_empty_space height=\u00a0\u00bb3px\u00a0\u00bb el_class=\u00a0\u00bbgradient-line\u00a0\u00bb css=\u00a0\u00bb.vc_custom_1728396543043{margin-bottom: 20px !important;}\u00a0\u00bb][vc_column_text css=\u00a0\u00bb.vc_custom_1728418132877{margin-bottom: 25px !important;}\u00a0\u00bb]<\/p>\n<h4 style=\"margin-bottom: 14px;\">9 h 45 \u00e0 12 h 00<\/h4>\n<h5 style=\"margin-bottom: 10px;\">Session de d\u00e9veloppement avec suivi des mentors<\/h5>\n<p>Progr\u00e8s et retroaction[\/vc_column_text][vc_empty_space height=\u00a0\u00bb3px\u00a0\u00bb el_class=\u00a0\u00bbgradient-line\u00a0\u00bb css=\u00a0\u00bb.vc_custom_1728396543043{margin-bottom: 20px !important;}\u00a0\u00bb][vc_column_text css=\u00a0\u00bb.vc_custom_1728418167445{margin-bottom: 25px !important;}\u00a0\u00bb]<\/p>\n<h4 style=\"margin-bottom: 14px;\">12 h 00 \u00e0 13 h 00<\/h4>\n<h5 style=\"margin-bottom: 10px;\">D\u00eener<\/h5>\n<p>Nourriture et rafra\u00eechissements sont servis[\/vc_column_text][vc_empty_space height=\u00a0\u00bb3px\u00a0\u00bb el_class=\u00a0\u00bbgradient-line\u00a0\u00bb css=\u00a0\u00bb.vc_custom_1728396543043{margin-bottom: 20px !important;}\u00a0\u00bb][vc_column_text css=\u00a0\u00bb.vc_custom_1728418181957{margin-bottom: 25px !important;}\u00a0\u00bb]<\/p>\n<h4 style=\"margin-bottom: 14px;\">13 h 00 \u00e0 15 h 00<\/h4>\n<h5 style=\"margin-bottom: 10px;\">Compte \u00e0 rebours final : Fin du d\u00e9veloppement<\/h5>\n<p>Pr\u00e9paration des pr\u00e9sentations finales[\/vc_column_text][vc_empty_space height=\u00a0\u00bb3px\u00a0\u00bb el_class=\u00a0\u00bbgradient-line\u00a0\u00bb css=\u00a0\u00bb.vc_custom_1728396543043{margin-bottom: 20px !important;}\u00a0\u00bb][vc_column_text css=\u00a0\u00bb.vc_custom_1728418197181{margin-bottom: 25px !important;}\u00a0\u00bb]<\/p>\n<h4 style=\"margin-bottom: 14px;\">15 h 00 \u00e0 16 h 30<\/h4>\n<h5 style=\"margin-bottom: 10px;\">L\u2019heure du jugement : Pr\u00e9sentation au jury<\/h5>\n<p>Toutes les \u00e9quipes pr\u00e9senteront leurs solutions finales au jury[\/vc_column_text][vc_empty_space height=\u00a0\u00bb3px\u00a0\u00bb el_class=\u00a0\u00bbgradient-line\u00a0\u00bb css=\u00a0\u00bb.vc_custom_1728396543043{margin-bottom: 20px !important;}\u00a0\u00bb][vc_column_text css=\u00a0\u00bb.vc_custom_1728418211388{margin-bottom: 25px !important;}\u00a0\u00bb]<\/p>\n<h4 style=\"margin-bottom: 14px;\">16 h 30 \u00e0 17 h 30<\/h4>\n<h5 style=\"margin-bottom: 10px;\">D\u00e9lib\u00e9ration des r\u00e9sultats finaux<\/h5>\n<p>D\u00e9but du cocktail, o\u00f9 les participants peuvent se d\u00e9tendre et se ressourcer pendant que le jury d\u00e9lib\u00e8re et se pr\u00e9pare \u00e0 annoncer les r\u00e9sultats finaux.[\/vc_column_text][vc_empty_space height=\u00a0\u00bb3px\u00a0\u00bb el_class=\u00a0\u00bbgradient-line\u00a0\u00bb css=\u00a0\u00bb.vc_custom_1728396543043{margin-bottom: 20px !important;}\u00a0\u00bb][vc_column_text css=\u00a0\u00bb.vc_custom_1728418227140{margin-bottom: 25px !important;}\u00a0\u00bb]<\/p>\n<h4 style=\"margin-bottom: 14px;\">17 h 30 \u00e0 19 h 00<\/h4>\n<h5 style=\"margin-bottom: 10px;\">Le moment de triomphe : annonce des gagnants et c\u00e9r\u00e9monie de remise des prix.<\/h5>\n<p>Annonce des \u00e9quipes gagnantes, suivie de la c\u00e9r\u00e9monie de remise des prix, des photos d\u2019\u00e9quipe et des remerciements, avec des cadeaux remis \u00e0 tous les participants en reconnaissance de leurs efforts.[\/vc_column_text][\/vc_column][\/vc_row][\/vc_section][vc_section full_width=\u00a0\u00bbstretch_row\u00a0\u00bb el_class=\u00a0\u00bbgradient-bg-hackathon2024&Prime; css=\u00a0\u00bb.vc_custom_1728313301205{padding-top: 50px !important;padding-bottom: 50px !important;}\u00a0\u00bb][vc_row equal_height=\u00a0\u00bbyes\u00a0\u00bb overlay_dotted=\u00a0\u00bb\u00a0\u00bb][vc_column width=\u00a0\u00bb1\/3&Prime; text_alignment=\u00a0\u00bbtext-center\u00a0\u00bb][vc_custom_heading text=\u00a0\u00bbOrganisateur de l\u2019\u00e9v\u00e9nement\u00a0\u00bb font_container=\u00a0\u00bbtag:h4|text_align:center|color:%23ffffff\u00a0\u00bb use_theme_fonts=\u00a0\u00bbyes\u00a0\u00bb][vc_single_image image=\u00a0\u00bb10491&Prime; img_size=\u00a0\u00bbfull\u00a0\u00bb alignment=\u00a0\u00bbcenter\u00a0\u00bb css=\u00a0\u00bb.vc_custom_1728401422915{margin-bottom: 14px !important;}\u00a0\u00bb][vc_custom_heading text=\u00a0\u00bbRuss Goyenko\u00a0\u00bb font_container=\u00a0\u00bbtag:h6|text_align:center|color:%23ffffff\u00a0\u00bb use_theme_fonts=\u00a0\u00bbyes\u00a0\u00bb css=\u00a0\u00bb.vc_custom_1728401036509{margin-bottom: 0px !important;}\u00a0\u00bb][vc_column_text el_class=\u00a0\u00bbhackathon-personne\u00a0\u00bb]Professeur associ\u00e9, Finance<br \/>\nUniversit\u00e9 McGill[\/vc_column_text][\/vc_column][vc_column width=\u00a0\u00bb1\/3&Prime; text_alignment=\u00a0\u00bbtext-center\u00a0\u00bb][vc_custom_heading text=\u00a0\u00bbOrganisateur de l\u2019\u00e9v\u00e9nement\u00a0\u00bb font_container=\u00a0\u00bbtag:h4|text_align:center|color:%23ffffff\u00a0\u00bb use_theme_fonts=\u00a0\u00bbyes\u00a0\u00bb][vc_single_image image=\u00a0\u00bb10494&Prime; img_size=\u00a0\u00bbfull\u00a0\u00bb alignment=\u00a0\u00bbcenter\u00a0\u00bb css=\u00a0\u00bb.vc_custom_1728401438482{margin-bottom: 15px !important;}\u00a0\u00bb][vc_custom_heading text=\u00a0\u00bbClaude Perron\u00a0\u00bb font_container=\u00a0\u00bbtag:h6|text_align:center\u00a0\u00bb use_theme_fonts=\u00a0\u00bbyes\u00a0\u00bb css=\u00a0\u00bb.vc_custom_1728401041677{margin-bottom: 0px !important;}\u00a0\u00bb][vc_column_text el_class=\u00a0\u00bbhackathon-personne\u00a0\u00bb]Fondateur de FIAM<br \/>\nFIAM[\/vc_column_text][\/vc_column][vc_column width=\u00a0\u00bb1\/3&Prime; text_alignment=\u00a0\u00bbtext-center\u00a0\u00bb][vc_custom_heading text=\u00a0\u00bbH\u00f4te de l\u2019\u00e9v\u00e9nement\u00a0\u00bb font_container=\u00a0\u00bbtag:h4|text_align:center|color:%23ffffff\u00a0\u00bb use_theme_fonts=\u00a0\u00bbyes\u00a0\u00bb][vc_single_image image=\u00a0\u00bb10496&Prime; img_size=\u00a0\u00bbfull\u00a0\u00bb alignment=\u00a0\u00bbcenter\u00a0\u00bb css=\u00a0\u00bb.vc_custom_1728401443016{margin-bottom: 15px !important;}\u00a0\u00bb][vc_custom_heading text=\u00a0\u00bbSebastian Boisjoly\u00a0\u00bb font_container=\u00a0\u00bbtag:h6|text_align:center|color:%23ffffff\u00a0\u00bb use_theme_fonts=\u00a0\u00bbyes\u00a0\u00bb css=\u00a0\u00bb.vc_custom_1728401046052{margin-bottom: 0px !important;}\u00a0\u00bb][vc_column_text el_class=\u00a0\u00bbhackathon-personne\u00a0\u00bb]Vice-pr\u00e9sident,<br \/>\nFintech et Innovations technologiques[\/vc_column_text][\/vc_column][\/vc_row][vc_row overlay_dotted=\u00a0\u00bb\u00a0\u00bb css=\u00a0\u00bb.vc_custom_1728419959817{margin-top: 33px !important;}\u00a0\u00bb][vc_column offset=\u00a0\u00bbvc_col-sm-offset-0&Prime;][vc_custom_heading text=\u00a0\u00bbLeaders de l\u2019industrie\u00a0\u00bb font_container=\u00a0\u00bbtag:h4|text_align:center|color:%23ffffff\u00a0\u00bb use_theme_fonts=\u00a0\u00bbyes\u00a0\u00bb][\/vc_column][\/vc_row][vc_row equal_height=\u00a0\u00bbyes\u00a0\u00bb overlay_dotted=\u00a0\u00bb\u00a0\u00bb][vc_column width=\u00a0\u00bb1\/3&Prime; text_alignment=\u00a0\u00bbtext-center\u00a0\u00bb][vc_single_image image=\u00a0\u00bb10498&Prime; img_size=\u00a0\u00bbfull\u00a0\u00bb alignment=\u00a0\u00bbcenter\u00a0\u00bb css=\u00a0\u00bb.vc_custom_1728401453055{margin-bottom: 15px !important;}\u00a0\u00bb][vc_custom_heading text=\u00a0\u00bbJean-Fran\u00e7ois B\u00e9rub\u00e9\u00a0\u00bb font_container=\u00a0\u00bbtag:h6|text_align:center\u00a0\u00bb use_theme_fonts=\u00a0\u00bbyes\u00a0\u00bb css=\u00a0\u00bb.vc_custom_1728401050972{margin-bottom: 0px !important;}\u00a0\u00bb][vc_column_text el_class=\u00a0\u00bbhackathon-personne\u00a0\u00bb]CDPQ[\/vc_column_text][\/vc_column][vc_column width=\u00a0\u00bb1\/3&Prime; text_alignment=\u00a0\u00bbtext-center\u00a0\u00bb][vc_single_image image=\u00a0\u00bb10500&Prime; img_size=\u00a0\u00bbfull\u00a0\u00bb alignment=\u00a0\u00bbcenter\u00a0\u00bb css=\u00a0\u00bb.vc_custom_1728401462369{margin-bottom: 15px !important;}\u00a0\u00bb][vc_custom_heading text=\u00a0\u00bbJulien Palardy\u00a0\u00bb font_container=\u00a0\u00bbtag:h6|text_align:center\u00a0\u00bb use_theme_fonts=\u00a0\u00bbyes\u00a0\u00bb css=\u00a0\u00bb.vc_custom_1728667554092{margin-bottom: 0px !important;}\u00a0\u00bb][vc_column_text el_class=\u00a0\u00bbhackathon-personne\u00a0\u00bb]TD Asset Management[\/vc_column_text][\/vc_column][vc_column width=\u00a0\u00bb1\/3&Prime; text_alignment=\u00a0\u00bbtext-center\u00a0\u00bb][vc_single_image image=\u00a0\u00bb10500&Prime; img_size=\u00a0\u00bbfull\u00a0\u00bb alignment=\u00a0\u00bbcenter\u00a0\u00bb css=\u00a0\u00bb.vc_custom_1728401462369{margin-bottom: 15px !important;}\u00a0\u00bb][vc_custom_heading text=\u00a0\u00bbGilbert Haddad\u00a0\u00bb font_container=\u00a0\u00bbtag:h6|text_align:center\u00a0\u00bb use_theme_fonts=\u00a0\u00bbyes\u00a0\u00bb css=\u00a0\u00bb.vc_custom_1728667568441{margin-bottom: 0px !important;}\u00a0\u00bb][vc_column_text el_class=\u00a0\u00bbhackathon-personne\u00a0\u00bb]Fidelity Investments[\/vc_column_text][\/vc_column][\/vc_row][\/vc_section]<\/p>\n<\/section>","protected":false},"excerpt":{"rendered":"[vc_row full_width=\u00a0\u00bbstretch_row\u00a0\u00bb overlay_dotted=\u00a0\u00bb\u00a0\u00bb el_class=\u00a0\u00bbcustom-banner\u00a0\u00bb css=\u00a0\u00bb.vc_custom_1728323686711{background-image: url(https:\/\/fiamtl.com\/wp-content\/uploads\/2024\/10\/hackathon-banner-bg-2024-scaled.jpg?id=10380) !important;background-position: center !important;background-repeat: no-repeat !important;background-size: cover !important;}\u00a0\u00bb][vc_column width=\u00a0\u00bb2\/3&Prime; offset=\u00a0\u00bbvc_col-sm-offset-2&Prime; css=\u00a0\u00bb.vc_custom_1728323724707{padding-top: 110px !important;padding-bottom: 110px !important;}\u00a0\u00bb][vc_single_image image=\u00a0\u00bb10473&Prime; img_size=\u00a0\u00bbfull\u00a0\u00bb alignment=\u00a0\u00bbcenter\u00a0\u00bb css=\u00a0\u00bb.vc_custom_1728398415552{margin-top: 0px !important;margin-bottom: 0px !important;}\u00a0\u00bb][\/vc_column][\/vc_row][vc_row full_width=\u00a0\u00bbstretch_row\u00a0\u00bb equal_height=\u00a0\u00bbyes\u00a0\u00bb [&#8230;]","protected":false},"author":1,"featured_media":0,"parent":10439,"menu_order":0,"comment_status":"closed","ping_status":"closed","template":"","meta":{"_eb_attr":"","footnotes":""},"class_list":["post-10455","page","type-page","status-publish","hentry"],"_links":{"self":[{"href":"https:\/\/fiamtl.com\/fr\/wp-json\/wp\/v2\/pages\/10455","targetHints":{"allow":["GET"]}}],"collection":[{"href":"https:\/\/fiamtl.com\/fr\/wp-json\/wp\/v2\/pages"}],"about":[{"href":"https:\/\/fiamtl.com\/fr\/wp-json\/wp\/v2\/types\/page"}],"author":[{"embeddable":true,"href":"https:\/\/fiamtl.com\/fr\/wp-json\/wp\/v2\/users\/1"}],"replies":[{"embeddable":true,"href":"https:\/\/fiamtl.com\/fr\/wp-json\/wp\/v2\/comments?post=10455"}],"version-history":[{"count":0,"href":"https:\/\/fiamtl.com\/fr\/wp-json\/wp\/v2\/pages\/10455\/revisions"}],"up":[{"embeddable":true,"href":"https:\/\/fiamtl.com\/fr\/wp-json\/wp\/v2\/pages\/10439"}],"wp:attachment":[{"href":"https:\/\/fiamtl.com\/fr\/wp-json\/wp\/v2\/media?parent=10455"}],"curies":[{"name":"wp","href":"https:\/\/api.w.org\/{rel}","templated":true}]}}